{"id":1037,"date":"2025-08-01T07:46:48","date_gmt":"2025-08-01T07:46:48","guid":{"rendered":"https:\/\/flexservicescare.nl\/?page_id=1037"},"modified":"2025-08-01T08:26:53","modified_gmt":"2025-08-01T08:26:53","slug":"privacyverklaring","status":"publish","type":"page","link":"https:\/\/flexservicescare.nl\/pl\/privacyverklaring\/","title":{"rendered":"O\u015bwiadczenie o ochronie prywatno\u015bci"},"content":{"rendered":"<section class=\"bde-section-1037-136 bde-section\">\n  \n  \n\t\n\n\n\n<div class=\"section-container\"><h1 class=\"bde-heading-1037-124 bde-heading\">\nO\u015bwiadczenie o ochronie prywatno\u015bci\n<\/h1><\/div>\n<\/section><section class=\"bde-section-1037-100 bde-section\">\n  \n  \n\t\n\n\n\n<div class=\"section-container\"><div class=\"bde-columns-1037-101 bde-columns\"><div class=\"bde-column-1037-102 bde-column\">\n  \n  \n\t\n\n\n\n<div class=\"bde-text-1037-104 bde-text\">\nFlex Services B.V. odpowiada za przetwarzanie danych osobowych zgodnie z niniejszym o\u015bwiadczeniem o ochronie prywatno\u015bci.\n<\/div><h1 class=\"bde-heading-1037-137 bde-heading\">\nPrzetwarzane przez nas dane osobowe\n<\/h1><div class=\"bde-text-1037-112 bde-text\">\nFlex Services B.V. przetwarza Twoje dane osobowe, poniewa\u017c korzystasz z naszych us\u0142ug i\/lub sam nam je przekazujesz. Poni\u017cej znajduje si\u0119 przegl\u0105d przetwarzanych przez nas danych osobowych:<br><br>- Imi\u0119 i nazwisko<br>- Numer telefonu<br>- Adres e-mail<br>- Plik CV<br>- Adres IP<br>- Szczeg\u00f3\u0142y lokalizacji<br>- Dane dotycz\u0105ce aktywno\u015bci u\u017cytkownika na naszej stronie internetowej<br>- Dane dotycz\u0105ce zachowania u\u017cytkownika podczas przegl\u0105dania r\u00f3\u017cnych stron internetowych (np. poniewa\u017c firma ta jest cz\u0119\u015bci\u0105 sieci reklamowej).<br>- Przegl\u0105darka internetowa i typ urz\u0105dzenia\n<\/div><h1 class=\"bde-heading-1037-125 bde-heading\">\nPrzetwarzane przez nas szczeg\u00f3lne i\/lub wra\u017cliwe dane osobowe\n<\/h1><div class=\"bde-text-1037-115 bde-text\">\nNasza witryna i\/lub us\u0142uga nie ma na celu gromadzenia danych os\u00f3b odwiedzaj\u0105cych witryn\u0119, kt\u00f3re nie uko\u0144czy\u0142y 16 roku \u017cycia. Chyba \u017ce maj\u0105 zgod\u0119 rodzic\u00f3w lub opiekun\u00f3w. Nie mo\u017cemy jednak zweryfikowa\u0107, czy odwiedzaj\u0105cy ma wi\u0119cej ni\u017c 16 lat. Dlatego zalecamy rodzicom, aby byli zaanga\u017cowani w dzia\u0142ania online swoich dzieci, aby unikn\u0105\u0107 gromadzenia danych dzieci bez zgody rodzic\u00f3w. Je\u015bli jeste\u015b przekonany, \u017ce zebrali\u015bmy dane osobowe osoby niepe\u0142noletniej bez takiej zgody, skontaktuj si\u0119 z nami pod adresem info@flexservicescare.nl, a my usuniemy te informacje.\n<\/div><h1 class=\"bde-heading-1037-127 bde-heading\">\nW jakim celu i na jakiej podstawie przetwarzamy dane osobowe?\n<\/h1><div class=\"bde-text-1037-116 bde-text\">\nFlex Services B.V. przetwarza dane osobowe u\u017cytkownika w nast\u0119puj\u0105cych celach:<br><br>- Wysy\u0142anie naszego biuletynu i\/lub ulotki reklamowej;<br>- Dzwonienie lub wysy\u0142anie wiadomo\u015bci e-mail, je\u015bli jest to konieczne do \u015bwiadczenia naszych us\u0142ug;<br>- Dostarczanie u\u017cytkownikowi towar\u00f3w i us\u0142ug;<br>- Flex Services B.V. analizuje zachowanie u\u017cytkownika w witrynie w celu ulepszenia witryny i dostosowania oferty produkt\u00f3w i us\u0142ug do preferencji u\u017cytkownika;<br>- Flex Services B.V. \u015bledzi zachowanie u\u017cytkownika podczas przegl\u0105dania r\u00f3\u017cnych witryn internetowych, aby pom\u00f3c nam dostosowa\u0107 nasze produkty i us\u0142ugi do potrzeb u\u017cytkownika;<br>- Flex Services B.V. przetwarza r\u00f3wnie\u017c dane osobowe, je\u015bli jest do tego prawnie zobowi\u0105zana, np. dane potrzebne do z\u0142o\u017cenia zeznania podatkowego;\n<\/div><h1 class=\"bde-heading-1037-128 bde-heading\">\nZautomatyzowane podejmowanie decyzji\n<\/h1><div class=\"bde-text-1037-118 bde-text\">\nFlex Services B.V. podejmuje decyzje w sprawach, kt\u00f3re mog\u0105 (znacz\u0105co) wp\u0142ywa\u0107 na osoby fizyczne, na podstawie zautomatyzowanego przetwarzania. S\u0105 to decyzje podejmowane przez programy lub systemy komputerowe bez udzia\u0142u cz\u0142owieka (np. pracownika Flex Services BV). Flex Services B.V. korzysta z nast\u0119puj\u0105cych program\u00f3w lub system\u00f3w komputerowych: <br><br>- Google Analytics;<br>- Darmowy pakiet;\n<\/div><h1 class=\"bde-heading-1037-129 bde-heading\">\nJak d\u0142ugo przechowujemy dane osobowe\n<\/h1><div class=\"bde-text-1037-121 bde-text\">\nFlex Services B.V. nie przechowuje danych osobowych u\u017cytkownika d\u0142u\u017cej, ni\u017c jest to bezwzgl\u0119dnie konieczne do realizacji cel\u00f3w, dla kt\u00f3rych dane te s\u0105 gromadzone. Stosujemy ustawowy okres przechowywania.\n<\/div><h1 class=\"bde-heading-1037-126 bde-heading\">\nUdost\u0119pnianie danych osobowych stronom trzecim\n<\/h1><div class=\"bde-text-1037-122 bde-text\">\nFlex Services B.V. nie sprzedaje danych u\u017cytkownika stronom trzecim i udost\u0119pnia je tylko wtedy, gdy jest to konieczne do wykonania umowy z u\u017cytkownikiem lub do spe\u0142nienia obowi\u0105zku ustawowego. Zawieramy umow\u0119 o przetwarzaniu danych z firmami przetwarzaj\u0105cymi dane na nasze polecenie, aby zapewni\u0107 taki sam poziom bezpiecze\u0144stwa i poufno\u015bci danych. Flex Services B.V. pozostaje odpowiedzialna za to przetwarzanie.\n<\/div><h1 class=\"bde-heading-1037-130 bde-heading\">\nPliki cookie lub podobne techniki, z kt\u00f3rych korzystamy\n<\/h1><div class=\"bde-text-1037-131 bde-text\">\nFlex Services B.V. wykorzystuje funkcjonalne, analityczne i \u015bledz\u0105ce pliki cookie. Plik cookie to niewielki plik tekstowy, kt\u00f3ry jest zapisywany w przegl\u0105darce komputera, tabletu lub smartfona przy pierwszej wizycie na tej stronie. Flex Services B.V. wykorzystuje pliki cookie o czysto technicznej funkcjonalno\u015bci. Zapewniaj\u0105 one prawid\u0142owe dzia\u0142anie strony internetowej i na przyk\u0142ad zapami\u0119tywanie preferencji u\u017cytkownika. Te pliki cookie s\u0105 r\u00f3wnie\u017c wykorzystywane do prawid\u0142owego dzia\u0142ania witryny i jej optymalizacji. Ponadto umieszczamy pliki cookie, kt\u00f3re \u015bledz\u0105 zachowanie u\u017cytkownika podczas przegl\u0105dania, dzi\u0119ki czemu mo\u017cemy oferowa\u0107 dostosowane tre\u015bci i reklamy. Podczas pierwszej wizyty u\u017cytkownika na naszej stronie internetowej poinformowali\u015bmy go o tych plikach cookie i poprosili\u015bmy o zgod\u0119 na ich umieszczenie. U\u017cytkownik mo\u017ce zrezygnowa\u0107 z plik\u00f3w cookie, ustawiaj\u0105c przegl\u0105dark\u0119 internetow\u0105 tak, aby przesta\u0142a przechowywa\u0107 pliki cookie. Ponadto u\u017cytkownik mo\u017ce r\u00f3wnie\u017c usun\u0105\u0107 wszelkie wcze\u015bniej zapisane informacje za pomoc\u0105 ustawie\u0144 przegl\u0105darki. Wyja\u015bnienie znajduje si\u0119 na stronie: https:\/\/veiliginternetten.nl\/themes\/situatie\/cookies-wat-zijn-het-en-wat-doe-ik-ermee\/<br><br>Pliki cookie s\u0105 r\u00f3wnie\u017c ustawiane na tej stronie przez strony trzecie. Nale\u017c\u0105 do nich na przyk\u0142ad reklamodawcy i\/lub firmy z bran\u017cy medi\u00f3w spo\u0142eczno\u015bciowych. Poni\u017cej znajduje si\u0119 ich przegl\u0105d:<br> <br>- Google Analytics;<br>- Meta Pixel.\n<\/div><h1 class=\"bde-heading-1037-133 bde-heading\">\nPliki cookie lub podobne techniki, z kt\u00f3rych korzystamy\n<\/h1><div class=\"bde-text-1037-132 bde-text\">\nU\u017cytkownik ma prawo do przegl\u0105dania, poprawiania lub usuwania swoich danych osobowych. U\u017cytkownik ma r\u00f3wnie\u017c prawo do wycofania ewentualnej zgody na przetwarzanie danych lub wniesienia sprzeciwu wobec przetwarzania jego danych osobowych przez Flex Services B.V., a tak\u017ce prawo do przenoszenia danych. Oznacza to, \u017ce u\u017cytkownik mo\u017ce zwr\u00f3ci\u0107 si\u0119 do nas z wnioskiem o przes\u0142anie jego danych osobowych przechowywanych przez nas w pliku komputerowym do niego lub do innej wskazanej przez niego organizacji. U\u017cytkownik mo\u017ce przes\u0142a\u0107 na adres info@flexservicescare.nl wniosek o sprawdzenie, poprawienie, usuni\u0119cie, przeniesienie danych osobowych lub wniosek o wycofanie zgody lub sprzeciw wobec przetwarzania danych osobowych. Aby upewni\u0107 si\u0119, \u017ce wniosek o wgl\u0105d zosta\u0142 z\u0142o\u017cony przez u\u017cytkownika, prosimy o przes\u0142anie wraz z wnioskiem kopii dowodu to\u017csamo\u015bci. W kopii tej nale\u017cy zamaza\u0107 zdj\u0119cie paszportowe, MRZ (strefa odczytu maszynowego, pasek cyfr na dole paszportu), numer paszportu i numer BSN (Citizen Service Number). Ma to na celu ochron\u0119 prywatno\u015bci. Odpowiemy na Twoj\u0105 pro\u015bb\u0119 tak szybko, jak to mo\u017cliwe, ale nie p\u00f3\u017aniej ni\u017c w ci\u0105gu czterech tygodni. Flex Services B.V. pragnie r\u00f3wnie\u017c zwr\u00f3ci\u0107 uwag\u0119, \u017ce u\u017cytkownik ma mo\u017cliwo\u015b\u0107 z\u0142o\u017cenia skargi do krajowego organu nadzorczego, Urz\u0119du ds. danych osobowych. Mo\u017cna to zrobi\u0107 za po\u015brednictwem nast\u0119puj\u0105cego \u0142\u0105cza: https:\/\/autoriteitpersoonsgegevens.nl\/nl\/contact-met-de-autoriteit-persoonsgegevens\/tip-ons\n<\/div><h1 class=\"bde-heading-1037-135 bde-heading\">\nPliki cookie lub podobne techniki, z kt\u00f3rych korzystamy\n<\/h1><div class=\"bde-text-1037-134 bde-text\">\nFlex Services B.V. powa\u017cnie traktuje ochron\u0119 danych u\u017cytkownik\u00f3w i podejmuje odpowiednie \u015brodki, aby zapobiec ich niew\u0142a\u015bciwemu wykorzystaniu, utracie, nieupowa\u017cnionemu dost\u0119powi, niepo\u017c\u0105danemu ujawnieniu i nieupowa\u017cnionej modyfikacji. Je\u015bli u\u017cytkownik ma wra\u017cenie, \u017ce jego dane nie s\u0105 odpowiednio zabezpieczone lub istniej\u0105 oznaki niew\u0142a\u015bciwego wykorzystania, prosimy o kontakt z naszym dzia\u0142em obs\u0142ugi klienta lub za po\u015brednictwem strony info@flexservicescare.nl.\n<\/div>\n<\/div><\/div><\/div>\n<\/section>","protected":false},"excerpt":{"rendered":"<p>Privacyverklaring Flex Services B.V. is verantwoordelijk voor de verwerking van persoonsgegevens zoals weergegeven in deze privacyverklaring. Persoonsgegevens die wij verwerken Flex Services B.V. verwerkt uw persoonsgegevens doordat u gebruik maakt van onze diensten en\/of omdat u deze zelf aan ons verstrekt. Hieronder vindt u een overzicht van de persoonsgegevens die wij verwerken:\u2013 Voor- en achternaam\u2013 [&hellip;]<\/p>","protected":false},"author":1,"featured_media":0,"parent":0,"menu_order":0,"comment_status":"closed","ping_status":"closed","template":"","meta":{"_breakdance_hide_in_design_set":false,"_breakdance_tags":"","footnotes":""},"class_list":["post-1037","page","type-page","status-publish","hentry"],"_links":{"self":[{"href":"https:\/\/flexservicescare.nl\/pl\/wp-json\/wp\/v2\/pages\/1037","targetHints":{"allow":["GET"]}}],"collection":[{"href":"https:\/\/flexservicescare.nl\/pl\/wp-json\/wp\/v2\/pages"}],"about":[{"href":"https:\/\/flexservicescare.nl\/pl\/wp-json\/wp\/v2\/types\/page"}],"author":[{"embeddable":true,"href":"https:\/\/flexservicescare.nl\/pl\/wp-json\/wp\/v2\/users\/1"}],"replies":[{"embeddable":true,"href":"https:\/\/flexservicescare.nl\/pl\/wp-json\/wp\/v2\/comments?post=1037"}],"version-history":[{"count":0,"href":"https:\/\/flexservicescare.nl\/pl\/wp-json\/wp\/v2\/pages\/1037\/revisions"}],"wp:attachment":[{"href":"https:\/\/flexservicescare.nl\/pl\/wp-json\/wp\/v2\/media?parent=1037"}],"curies":[{"name":"wp","href":"https:\/\/api.w.org\/{rel}","templated":true}]}}