{"id":13,"date":"2025-01-24T09:46:48","date_gmt":"2025-01-24T09:46:48","guid":{"rendered":"http:\/\/flexservicescare.nl\/services-inner\/"},"modified":"2025-03-03T15:49:21","modified_gmt":"2025-03-03T15:49:21","slug":"medewerker-open-teelt","status":"publish","type":"page","link":"https:\/\/flexservicescare.nl\/pl\/medewerker-open-teelt\/","title":{"rendered":"Otwarta kultywacja pracownik\u00f3w\u00a0"},"content":{"rendered":"<section id=\"bd-fancy-section2\" class=\"bde-section-13-280 bde-section\">\n              \n  \n  \n\t\n\n  <div class=\"section-background-overlay\"><\/div>\n\n\n<div class=\"section-container\"><h1 class=\"bde-dual-heading-13-281 bde-dual-heading\">\n\n\n            <span data-style=\"primary\" class=\"dual-heading--primary\">Aplikuj na nasze <\/span>\n\n            <span data-style=\"secondary\" class=\"dual-heading--secondary\">oferty<\/span>\n\n            <span data-style=\"primary\" class=\"dual-heading--primary\">i znajd\u017a wymarzon\u0105 prac\u0119!<\/span>\n\n\n\n<\/h1><\/div>\n<\/section><section class=\"bde-section-13-170 bde-section\">\n  \n  \n\t\n\n\n\n<div class=\"section-container\"><div class=\"bde-columns-13-197 bde-columns\"><div class=\"bde-column-13-198 bde-column\">\n  \n  \n\t\n\n\n\n<h2 class=\"bde-heading-13-199 bde-heading\">\nOtwarta kultywacja pracownik\u00f3w\n<\/h2><div class=\"bde-text-13-200 bde-text\">\nSzukasz urozmaiconej pracy w szk\u00f3\u0142ce? Poszukujemy entuzjastycznych pracownik\u00f3w do naszego otwartego dzia\u0142u uprawy w Boskoop. \n<\/div><div class=\"bde-text-13-279 bde-text\">\nBoskoop\n<\/div>\n<\/div><div class=\"bde-column-13-201 bde-column\">\n  \n  \n\t\n\n\n\n<div class=\"bde-button-13-261 bde-button\">\n    \n                                    \n    \n    \n    \n    \n            \n                    \n            \n            \n\n    \n    \n    \n    \n    \n    <a class=\"breakdance-link button-atom button-atom--custom bde-button__button\" href=\"https:\/\/flexservicescare.nl\/pl\/solliciteren\/\" target=\"_blank\" data-type=\"url\"  >\n\n    \n        <span class=\"button-atom__text\">Aplikuj bezpo\u015brednio<\/span>\n\n        \n        \n                <\/a>\n\n    \n\n\n<\/div><div class=\"bde-button-13-203 bde-button\">\n    \n                                    \n    \n    \n    \n    \n            \n                    \n            \n            \n\n    \n    \n    \n    \n    \n    <a class=\"breakdance-link button-atom button-atom--custom bde-button__button\" href=\"https:\/\/flexservicescare.nl\/pl\/vacatures\/\" target=\"_self\" data-type=\"url\"  >\n\n    \n        <span class=\"button-atom__text\">Wszystkie wolne miejsca pracy<\/span>\n\n        \n        \n                <\/a>\n\n    \n\n\n<\/div>\n<\/div><\/div><div class=\"bde-columns-13-243 bde-columns\"><div class=\"bde-column-13-244 bde-column\">\n  \n  \n\t\n\n\n\n<h3 class=\"bde-heading-13-245 bde-heading\">\nCo b\u0119dziesz robi\u0107?\n<\/h3><ul class=\"bde-basic-list-13-246 bde-basic-list\">\n  <li  >    \n          Maszyna do obs\u0142ugi i zalewania\n      <\/li>\n  <li  >    \n          Zbieranie zanieczyszcze\u0144 i utrzymywanie obszaru roboczego w czysto\u015bci\n      <\/li>\n  <li  >    \n          Wi\u0105zanie ro\u015blin\n      <\/li>\n  <li  >    \n          W\u00f3zki do komisjonowania produkt\u00f3w\n      <\/li>\n  <li  >    \n          Czyszczenie ro\u015blin\n      <\/li>\n  <li  >    \n          Przycinanie patyk\u00f3w i sadzonek\n      <\/li>\n<\/ul>\n<\/div><div class=\"bde-column-13-247 bde-column\">\n  \n  \n\t\n\n\n\n<h3 class=\"bde-heading-13-248 bde-heading\">\nKim jeste\u015b?\n<\/h3><ul class=\"bde-basic-list-13-249 bde-basic-list\">\n  <li  >    \n          Jeste\u015b zmotywowany i lubisz wsp\u00f3\u0142pracowa\u0107\n      <\/li>\n  <li  >    \n          Jeste\u015b ch\u0119tny do nauki i ch\u0119tnie uczysz si\u0119 nowych rzeczy\n      <\/li>\n  <li  >    \n          Bierzesz na siebie odpowiedzialno\u015b\u0107 i lubisz prac\u0119 na \u015bwie\u017cym powietrzu\n      <\/li>\n  <li  >    \n          Mieszkasz w regionie Boskoop, Rotterdam, Capelle aan den IJssel lub Schiedam.\n      <\/li>\n  <li  >    \n          Do\u015bwiadczenie w pracy w przedszkolu jest dodatkowym atutem, ale nie jest wymagane.\n      <\/li>\n<\/ul>\n<\/div><\/div><\/div>\n<\/section><section class=\"bde-section-13-282 bde-section\">\n  \n  \n\t\n\n\n\n<div class=\"section-container\"><div class=\"bde-columns-13-283 bde-columns\"><div class=\"bde-column-13-284 bde-column\">\n  \n  \n\t\n\n\n\n<h3 class=\"bde-heading-13-285 bde-heading\">\nCo oferujemy\n<\/h3>\n<\/div><\/div><div class=\"bde-columns-13-286 bde-columns\"><div class=\"bde-column-13-287 bde-column\">\n  \n  \n\t\n\n\n\n<div class=\"bde-icon-box-13-273 bde-icon-box\">\n\n    \n            <div class=\"ee-iconbox-icon breakdance-icon-atom\" >\n    \n                    <svg xmlns=\"http:\/\/www.w3.org\/2000\/svg\" viewbox=\"0 0 512 512\"><!-- Font Awesome Free 5.15.1 by @fontawesome - https:\/\/fontawesome.com License - https:\/\/fontawesome.com\/license\/free (Icons: CC BY 4.0, Fonts: SIL OFL 1.1, Code: MIT License) --><path d=\"M173.898 439.404l-166.4-166.4c-9.997-9.997-9.997-26.206 0-36.204l36.203-36.204c9.997-9.998 26.207-9.998 36.204 0L192 312.69 432.095 72.596c9.997-9.997 26.207-9.997 36.204 0l36.203 36.204c9.997 9.997 9.997 26.206 0 36.204l-294.4 294.401c-9.998 9.997-26.207 9.997-36.204-.001z\"\/><\/svg>\n        \n        \n        \n            <\/div>\n    \n\n<div class=\"ee-iconbox-content\">\n      <p class=\"ee-iconbox-title bde-h3\" >Wynagrodzenie w wysoko\u015bci 14,06 euro za godzin\u0119<\/p>\n      <\/div>\n\n<\/div><div class=\"bde-icon-box-13-274 bde-icon-box\">\n\n    \n            <div class=\"ee-iconbox-icon breakdance-icon-atom\" >\n    \n                    <svg xmlns=\"http:\/\/www.w3.org\/2000\/svg\" viewbox=\"0 0 512 512\"><!-- Font Awesome Free 5.15.1 by @fontawesome - https:\/\/fontawesome.com License - https:\/\/fontawesome.com\/license\/free (Icons: CC BY 4.0, Fonts: SIL OFL 1.1, Code: MIT License) --><path d=\"M173.898 439.404l-166.4-166.4c-9.997-9.997-9.997-26.206 0-36.204l36.203-36.204c9.997-9.998 26.207-9.998 36.204 0L192 312.69 432.095 72.596c9.997-9.997 26.207-9.997 36.204 0l36.203 36.204c9.997 9.997 9.997 26.206 0 36.204l-294.4 294.401c-9.998 9.997-26.207 9.997-36.204-.001z\"\/><\/svg>\n        \n        \n        \n            <\/div>\n    \n\n<div class=\"ee-iconbox-content\">\n      <p class=\"ee-iconbox-title bde-h3\" >Praca w pe\u0142nym wymiarze godzin od poniedzia\u0142ku do pi\u0105tku<\/p>\n      <\/div>\n\n<\/div><div class=\"bde-icon-box-13-275 bde-icon-box\">\n\n    \n            <div class=\"ee-iconbox-icon breakdance-icon-atom\" >\n    \n                    <svg xmlns=\"http:\/\/www.w3.org\/2000\/svg\" viewbox=\"0 0 512 512\"><!-- Font Awesome Free 5.15.1 by @fontawesome - https:\/\/fontawesome.com License - https:\/\/fontawesome.com\/license\/free (Icons: CC BY 4.0, Fonts: SIL OFL 1.1, Code: MIT License) --><path d=\"M173.898 439.404l-166.4-166.4c-9.997-9.997-9.997-26.206 0-36.204l36.203-36.204c9.997-9.998 26.207-9.998 36.204 0L192 312.69 432.095 72.596c9.997-9.997 26.207-9.997 36.204 0l36.203 36.204c9.997 9.997 9.997 26.206 0 36.204l-294.4 294.401c-9.998 9.997-26.207 9.997-36.204-.001z\"\/><\/svg>\n        \n        \n        \n            <\/div>\n    \n\n<div class=\"ee-iconbox-content\">\n      <p class=\"ee-iconbox-title bde-h3\" >Cotygodniowa wyp\u0142ata<\/p>\n      <\/div>\n\n<\/div>\n<\/div><div class=\"bde-column-13-291 bde-column\">\n  \n  \n\t\n\n\n\n<div class=\"bde-icon-box-13-276 bde-icon-box\">\n\n    \n            <div class=\"ee-iconbox-icon breakdance-icon-atom\" >\n    \n                    <svg xmlns=\"http:\/\/www.w3.org\/2000\/svg\" viewbox=\"0 0 512 512\"><!-- Font Awesome Free 5.15.1 by @fontawesome - https:\/\/fontawesome.com License - https:\/\/fontawesome.com\/license\/free (Icons: CC BY 4.0, Fonts: SIL OFL 1.1, Code: MIT License) --><path d=\"M173.898 439.404l-166.4-166.4c-9.997-9.997-9.997-26.206 0-36.204l36.203-36.204c9.997-9.998 26.207-9.998 36.204 0L192 312.69 432.095 72.596c9.997-9.997 26.207-9.997 36.204 0l36.203 36.204c9.997 9.997 9.997 26.206 0 36.204l-294.4 294.401c-9.998 9.997-26.207 9.997-36.204-.001z\"\/><\/svg>\n        \n        \n        \n            <\/div>\n    \n\n<div class=\"ee-iconbox-content\">\n      <p class=\"ee-iconbox-title bde-h3\" >Opcje transportu<\/p>\n      <\/div>\n\n<\/div><div class=\"bde-icon-box-13-277 bde-icon-box\">\n\n    \n            <div class=\"ee-iconbox-icon breakdance-icon-atom\" >\n    \n                    <svg xmlns=\"http:\/\/www.w3.org\/2000\/svg\" viewbox=\"0 0 512 512\"><!-- Font Awesome Free 5.15.1 by @fontawesome - https:\/\/fontawesome.com License - https:\/\/fontawesome.com\/license\/free (Icons: CC BY 4.0, Fonts: SIL OFL 1.1, Code: MIT License) --><path d=\"M173.898 439.404l-166.4-166.4c-9.997-9.997-9.997-26.206 0-36.204l36.203-36.204c9.997-9.998 26.207-9.998 36.204 0L192 312.69 432.095 72.596c9.997-9.997 26.207-9.997 36.204 0l36.203 36.204c9.997 9.997 9.997 26.206 0 36.204l-294.4 294.401c-9.998 9.997-26.207 9.997-36.204-.001z\"\/><\/svg>\n        \n        \n        \n            <\/div>\n    \n\n<div class=\"ee-iconbox-content\">\n      <p class=\"ee-iconbox-title bde-h3\" >Przyjemne \u015brodowisko pracy<\/p>\n      <\/div>\n\n<\/div><div class=\"bde-icon-box-13-278 bde-icon-box\">\n\n    \n            <div class=\"ee-iconbox-icon breakdance-icon-atom\" >\n    \n                    <svg xmlns=\"http:\/\/www.w3.org\/2000\/svg\" viewbox=\"0 0 512 512\"><!-- Font Awesome Free 5.15.1 by @fontawesome - https:\/\/fontawesome.com License - https:\/\/fontawesome.com\/license\/free (Icons: CC BY 4.0, Fonts: SIL OFL 1.1, Code: MIT License) --><path d=\"M173.898 439.404l-166.4-166.4c-9.997-9.997-9.997-26.206 0-36.204l36.203-36.204c9.997-9.998 26.207-9.998 36.204 0L192 312.69 432.095 72.596c9.997-9.997 26.207-9.997 36.204 0l36.203 36.204c9.997 9.997 9.997 26.206 0 36.204l-294.4 294.401c-9.998 9.997-26.207 9.997-36.204-.001z\"\/><\/svg>\n        \n        \n        \n            <\/div>\n    \n\n<div class=\"ee-iconbox-content\">\n      <p class=\"ee-iconbox-title bde-h3\" >Mo\u017cliwo\u015bci rozwoju osobistego i awansu<\/p>\n      <\/div>\n\n<\/div>\n<\/div><\/div><\/div>\n<\/section><section class=\"bde-section-13-260 bde-section\">\n  \n  \n\t\n\n\n\n<div class=\"section-container\"><div class=\"bde-text-13-262 bde-text\">\nCzy to brzmi jak praca dla Ciebie? <br>Aplikuj szybko i przyjed\u017a do pracy w naszym \u017c\u0142obku w Boskoop!\n<\/div><div class=\"bde-button-13-202 bde-button\">\n    \n                                    \n    \n    \n    \n    \n            \n                    \n            \n            \n\n    \n    \n    \n    \n    \n    <a class=\"breakdance-link button-atom button-atom--custom bde-button__button\" href=\"https:\/\/flexservicescare.nl\/pl\/solliciteren\/\" target=\"_blank\" data-type=\"url\"  >\n\n    \n        <span class=\"button-atom__text\">Aplikuj bezpo\u015brednio<\/span>\n\n        \n        \n                <\/a>\n\n    \n\n\n<\/div><\/div>\n<\/section>","protected":false},"excerpt":{"rendered":"<p>Reageer op onze vacatures en vind jouw droom baan! Medewerker Open Teelt Ben jij op zoek naar een afwisselende baan in de kwekerij? Wij zoeken enthousiaste medewerkers voor onze open teeltafdeling in\u00a0Boskoop. Boskoop Solliciteer direct Alle vacatures Wat ga je doen? Potmachine bedienen en oppotten Vuilrapen en het schoonhouden van het werkgebied Binden van planten [&hellip;]<\/p>","protected":false},"author":1,"featured_media":0,"parent":0,"menu_order":0,"comment_status":"closed","ping_status":"closed","template":"","meta":{"_breakdance_hide_in_design_set":false,"_breakdance_tags":"","footnotes":""},"class_list":["post-13","page","type-page","status-publish","hentry"],"_links":{"self":[{"href":"https:\/\/flexservicescare.nl\/pl\/wp-json\/wp\/v2\/pages\/13","targetHints":{"allow":["GET"]}}],"collection":[{"href":"https:\/\/flexservicescare.nl\/pl\/wp-json\/wp\/v2\/pages"}],"about":[{"href":"https:\/\/flexservicescare.nl\/pl\/wp-json\/wp\/v2\/types\/page"}],"author":[{"embeddable":true,"href":"https:\/\/flexservicescare.nl\/pl\/wp-json\/wp\/v2\/users\/1"}],"replies":[{"embeddable":true,"href":"https:\/\/flexservicescare.nl\/pl\/wp-json\/wp\/v2\/comments?post=13"}],"version-history":[{"count":0,"href":"https:\/\/flexservicescare.nl\/pl\/wp-json\/wp\/v2\/pages\/13\/revisions"}],"wp:attachment":[{"href":"https:\/\/flexservicescare.nl\/pl\/wp-json\/wp\/v2\/media?parent=13"}],"curies":[{"name":"wp","href":"https:\/\/api.w.org\/{rel}","templated":true}]}}