{"id":499,"date":"2025-02-27T11:34:47","date_gmt":"2025-02-27T11:34:47","guid":{"rendered":"http:\/\/flexservicescare.nl\/?page_id=499"},"modified":"2025-03-03T15:53:31","modified_gmt":"2025-03-03T15:53:31","slug":"betonzager","status":"publish","type":"page","link":"https:\/\/flexservicescare.nl\/pl\/betonzager\/","title":{"rendered":"Przecinarka do betonu"},"content":{"rendered":"<section id=\"bd-fancy-section2\" class=\"bde-section-499-168 bde-section\">\n              \n  \n  \n\t\n\n  <div class=\"section-background-overlay\"><\/div>\n\n\n<div class=\"section-container\"><h1 class=\"bde-dual-heading-499-169 bde-dual-heading\">\n\n\n            <span data-style=\"primary\" class=\"dual-heading--primary\">Aplikuj na nasze <\/span>\n\n            <span data-style=\"secondary\" class=\"dual-heading--secondary\">oferty<\/span>\n\n            <span data-style=\"primary\" class=\"dual-heading--primary\">i znajd\u017a wymarzon\u0105 prac\u0119!<\/span>\n\n\n\n<\/h1><\/div>\n<\/section><section class=\"bde-section-499-102 bde-section\">\n  \n  \n\t\n\n\n\n<div class=\"section-container\"><div class=\"bde-columns-499-103 bde-columns\"><div class=\"bde-column-499-104 bde-column\">\n  \n  \n\t\n\n\n\n<h2 class=\"bde-heading-499-105 bde-heading\">\nPrzecinarka do betonu\n<\/h2><div class=\"bde-text-499-106 bde-text\">\nPoszukujemy do\u015bwiadczonego cie\u015bli do betonu, kt\u00f3ry do\u0142\u0105czy do naszego zespo\u0142u. Jako przecinacz betonu b\u0119dziesz odpowiedzialny za ci\u0119cie betonu na r\u00f3\u017cnych placach budowy. B\u0119dziesz pracowa\u0107 z profesjonalnymi maszynami i zapewnia\u0107 wykonanie prac zwi\u0105zanych z ci\u0119ciem z du\u017c\u0105 precyzj\u0105.\n<\/div><div class=\"bde-text-499-167 bde-text\">\nNieuwerkerk aan den IJssel\n<\/div>\n<\/div><div class=\"bde-column-499-107 bde-column\">\n  \n  \n\t\n\n\n\n<div class=\"bde-button-499-108 bde-button\">\n    \n                                    \n    \n    \n    \n    \n            \n                    \n            \n            \n\n    \n    \n    \n    \n    \n    <a class=\"breakdance-link button-atom button-atom--custom bde-button__button\" href=\"https:\/\/flexservicescare.nl\/pl\/solliciteren\/\" target=\"_blank\" data-type=\"url\"  >\n\n    \n        <span class=\"button-atom__text\">Aplikuj bezpo\u015brednio<\/span>\n\n        \n        \n                <\/a>\n\n    \n\n\n<\/div><div class=\"bde-button-499-109 bde-button\">\n    \n                                    \n    \n    \n    \n    \n            \n                    \n            \n            \n\n    \n    \n    \n    \n    \n    <a class=\"breakdance-link button-atom button-atom--custom bde-button__button\" href=\"https:\/\/flexservicescare.nl\/pl\/vacatures\/\" target=\"_self\" data-type=\"url\"  >\n\n    \n        <span class=\"button-atom__text\">Wszystkie wolne miejsca pracy<\/span>\n\n        \n        \n                <\/a>\n\n    \n\n\n<\/div>\n<\/div><\/div><div class=\"bde-columns-499-110 bde-columns\"><div class=\"bde-column-499-111 bde-column\">\n  \n  \n\t\n\n\n\n<h3 class=\"bde-heading-499-112 bde-heading\">\nCo b\u0119dziesz robi\u0107?\n<\/h3><ul class=\"bde-basic-list-499-113 bde-basic-list\">\n  <li  >    \n          Wykonywanie prac zwi\u0105zanych z pi\u0142owaniem, g\u0142\u00f3wnie betonu<br>\n      <\/li>\n  <li  >    \n          Obs\u0142uga maszyn do ci\u0119cia betonu i zapewnienie konserwacji sprz\u0119tu\n      <\/li>\n  <li  >    \n          Przestrzeganie wszystkich przepis\u00f3w bezpiecze\u0144stwa\n      <\/li>\n  <li  >    \n          Sprawdzanie jako\u015bci ci\u0119cia i zapewnianie dok\u0142adno\u015bci\n      <\/li>\n  <li  >    \n          Pomoc w utrzymaniu czysto\u015bci w miejscu pracy i utylizacji materia\u0142\u00f3w\n      <\/li>\n<\/ul>\n<\/div><div class=\"bde-column-499-153 bde-column\">\n  \n  \n\t\n\n\n\n<h3 class=\"bde-heading-499-154 bde-heading\">\nKim jeste\u015b?\n<\/h3><ul class=\"bde-basic-list-499-155 bde-basic-list\">\n  <li  >    \n          Masz do\u015bwiadczenie jako pilarz do betonu\u00a0\n      <\/li>\n  <li  >    \n          Posiadasz wiedz\u0119 na temat ci\u0119cia betonu i pracy z r\u00f3\u017cnymi maszynami do ci\u0119cia.\n      <\/li>\n  <li  >    \n          Jeste\u015b odpowiedzialny i potrafisz pracowa\u0107 samodzielnie\n      <\/li>\n  <li  >    \n          Bezpiecze\u0144stwo jest dla ciebie wa\u017cne i zawsze przestrzegasz obowi\u0105zuj\u0105cych przepis\u00f3w\n      <\/li>\n  <li  >    \n          Jeste\u015b elastyczny, zorientowany na rozwi\u0105zania i potrafisz dobrze wsp\u00f3\u0142pracowa\u0107.\n      <\/li>\n<\/ul>\n<\/div><\/div><\/div>\n<\/section><section class=\"bde-section-499-170 bde-section\">\n  \n  \n\t\n\n\n\n<div class=\"section-container\"><div class=\"bde-columns-499-171 bde-columns\"><div class=\"bde-column-499-172 bde-column\">\n  \n  \n\t\n\n\n\n<h3 class=\"bde-heading-499-173 bde-heading\">\nCo oferujemy\n<\/h3>\n<\/div><\/div><div class=\"bde-columns-499-174 bde-columns\"><div class=\"bde-column-499-175 bde-column\">\n  \n  \n\t\n\n\n\n<div class=\"bde-icon-box-499-123 bde-icon-box\">\n\n    \n            <div class=\"ee-iconbox-icon breakdance-icon-atom\" >\n    \n                    <svg xmlns=\"http:\/\/www.w3.org\/2000\/svg\" viewbox=\"0 0 512 512\"><!-- Font Awesome Free 5.15.1 by @fontawesome - https:\/\/fontawesome.com License - https:\/\/fontawesome.com\/license\/free (Icons: CC BY 4.0, Fonts: SIL OFL 1.1, Code: MIT License) --><path d=\"M173.898 439.404l-166.4-166.4c-9.997-9.997-9.997-26.206 0-36.204l36.203-36.204c9.997-9.998 26.207-9.998 36.204 0L192 312.69 432.095 72.596c9.997-9.997 26.207-9.997 36.204 0l36.203 36.204c9.997 9.997 9.997 26.206 0 36.204l-294.4 294.401c-9.998 9.997-26.207 9.997-36.204-.001z\"\/><\/svg>\n        \n        \n        \n            <\/div>\n    \n\n<div class=\"ee-iconbox-content\">\n      <p class=\"ee-iconbox-title bde-h3\" >Konkurencyjne wynagrodzenie w zale\u017cno\u015bci od do\u015bwiadczenia<\/p>\n      <\/div>\n\n<\/div><div class=\"bde-icon-box-499-124 bde-icon-box\">\n\n    \n            <div class=\"ee-iconbox-icon breakdance-icon-atom\" >\n    \n                    <svg xmlns=\"http:\/\/www.w3.org\/2000\/svg\" viewbox=\"0 0 512 512\"><!-- Font Awesome Free 5.15.1 by @fontawesome - https:\/\/fontawesome.com License - https:\/\/fontawesome.com\/license\/free (Icons: CC BY 4.0, Fonts: SIL OFL 1.1, Code: MIT License) --><path d=\"M173.898 439.404l-166.4-166.4c-9.997-9.997-9.997-26.206 0-36.204l36.203-36.204c9.997-9.998 26.207-9.998 36.204 0L192 312.69 432.095 72.596c9.997-9.997 26.207-9.997 36.204 0l36.203 36.204c9.997 9.997 9.997 26.206 0 36.204l-294.4 294.401c-9.998 9.997-26.207 9.997-36.204-.001z\"\/><\/svg>\n        \n        \n        \n            <\/div>\n    \n\n<div class=\"ee-iconbox-content\">\n      <p class=\"ee-iconbox-title bde-h3\" >Praca w pe\u0142nym wymiarze godzin ze sta\u0142ymi godzinami pracy<\/p>\n      <\/div>\n\n<\/div><div class=\"bde-icon-box-499-125 bde-icon-box\">\n\n    \n            <div class=\"ee-iconbox-icon breakdance-icon-atom\" >\n    \n                    <svg xmlns=\"http:\/\/www.w3.org\/2000\/svg\" viewbox=\"0 0 512 512\"><!-- Font Awesome Free 5.15.1 by @fontawesome - https:\/\/fontawesome.com License - https:\/\/fontawesome.com\/license\/free (Icons: CC BY 4.0, Fonts: SIL OFL 1.1, Code: MIT License) --><path d=\"M173.898 439.404l-166.4-166.4c-9.997-9.997-9.997-26.206 0-36.204l36.203-36.204c9.997-9.998 26.207-9.998 36.204 0L192 312.69 432.095 72.596c9.997-9.997 26.207-9.997 36.204 0l36.203 36.204c9.997 9.997 9.997 26.206 0 36.204l-294.4 294.401c-9.998 9.997-26.207 9.997-36.204-.001z\"\/><\/svg>\n        \n        \n        \n            <\/div>\n    \n\n<div class=\"ee-iconbox-content\">\n      <p class=\"ee-iconbox-title bde-h3\" >Zr\u00f3\u017cnicowane stanowisko w r\u00f3\u017cnych projektach<\/p>\n      <\/div>\n\n<\/div>\n<\/div><div class=\"bde-column-499-179 bde-column\">\n  \n  \n\t\n\n\n\n<div class=\"bde-icon-box-499-127 bde-icon-box\">\n\n    \n            <div class=\"ee-iconbox-icon breakdance-icon-atom\" >\n    \n                    <svg xmlns=\"http:\/\/www.w3.org\/2000\/svg\" viewbox=\"0 0 512 512\"><!-- Font Awesome Free 5.15.1 by @fontawesome - https:\/\/fontawesome.com License - https:\/\/fontawesome.com\/license\/free (Icons: CC BY 4.0, Fonts: SIL OFL 1.1, Code: MIT License) --><path d=\"M173.898 439.404l-166.4-166.4c-9.997-9.997-9.997-26.206 0-36.204l36.203-36.204c9.997-9.998 26.207-9.998 36.204 0L192 312.69 432.095 72.596c9.997-9.997 26.207-9.997 36.204 0l36.203 36.204c9.997 9.997 9.997 26.206 0 36.204l-294.4 294.401c-9.998 9.997-26.207 9.997-36.204-.001z\"\/><\/svg>\n        \n        \n        \n            <\/div>\n    \n\n<div class=\"ee-iconbox-content\">\n      <p class=\"ee-iconbox-title bde-h3\" >Przestrze\u0144 dla osobistego wzrostu i rozwoju<\/p>\n      <\/div>\n\n<\/div><div class=\"bde-icon-box-499-128 bde-icon-box\">\n\n    \n            <div class=\"ee-iconbox-icon breakdance-icon-atom\" >\n    \n                    <svg xmlns=\"http:\/\/www.w3.org\/2000\/svg\" viewbox=\"0 0 512 512\"><!-- Font Awesome Free 5.15.1 by @fontawesome - https:\/\/fontawesome.com License - https:\/\/fontawesome.com\/license\/free (Icons: CC BY 4.0, Fonts: SIL OFL 1.1, Code: MIT License) --><path d=\"M173.898 439.404l-166.4-166.4c-9.997-9.997-9.997-26.206 0-36.204l36.203-36.204c9.997-9.998 26.207-9.998 36.204 0L192 312.69 432.095 72.596c9.997-9.997 26.207-9.997 36.204 0l36.203 36.204c9.997 9.997 9.997 26.206 0 36.204l-294.4 294.401c-9.998 9.997-26.207 9.997-36.204-.001z\"\/><\/svg>\n        \n        \n        \n            <\/div>\n    \n\n<div class=\"ee-iconbox-content\">\n      <p class=\"ee-iconbox-title bde-h3\" >Przyjemne \u015brodowisko pracy ze zmotywowanymi wsp\u00f3\u0142pracownikami<\/p>\n      <\/div>\n\n<\/div>\n<\/div><\/div><\/div>\n<\/section><section class=\"bde-section-499-130 bde-section\">\n  \n  \n\t\n\n\n\n<div class=\"section-container\"><div class=\"bde-text-499-131 bde-text\">\nCzy to w\u0142a\u015bnie Ciebie szukamy?<br> Aplikuj szybko i do\u0142\u0105cz do naszego zespo\u0142u!<br>\n<\/div><div class=\"bde-button-499-132 bde-button\">\n    \n                                    \n    \n    \n    \n    \n            \n                    \n            \n            \n\n    \n    \n    \n    \n    \n    <a class=\"breakdance-link button-atom button-atom--custom bde-button__button\" href=\"https:\/\/flexservicescare.nl\/pl\/solliciteren\/\" target=\"_blank\" data-type=\"url\"  >\n\n    \n        <span class=\"button-atom__text\">Aplikuj bezpo\u015brednio<\/span>\n\n        \n        \n                <\/a>\n\n    \n\n\n<\/div><\/div>\n<\/section>","protected":false},"excerpt":{"rendered":"<p>Reageer op onze vacatures en vind jouw droom baan! Betonzager Wij zijn op zoek naar een ervaren betonzager die ons team komt versterken. Als betonzager ben je verantwoordelijk voor het zagen van beton verschillende bouwlocaties. Je werkt met professionele machines en zorgt voor de uitvoering van zaagwerkzaamheden met een hoge mate van precisie. Nieuwerkerk aan [&hellip;]<\/p>","protected":false},"author":1,"featured_media":0,"parent":0,"menu_order":0,"comment_status":"closed","ping_status":"closed","template":"","meta":{"_breakdance_hide_in_design_set":false,"_breakdance_tags":"","footnotes":""},"class_list":["post-499","page","type-page","status-publish","hentry"],"_links":{"self":[{"href":"https:\/\/flexservicescare.nl\/pl\/wp-json\/wp\/v2\/pages\/499","targetHints":{"allow":["GET"]}}],"collection":[{"href":"https:\/\/flexservicescare.nl\/pl\/wp-json\/wp\/v2\/pages"}],"about":[{"href":"https:\/\/flexservicescare.nl\/pl\/wp-json\/wp\/v2\/types\/page"}],"author":[{"embeddable":true,"href":"https:\/\/flexservicescare.nl\/pl\/wp-json\/wp\/v2\/users\/1"}],"replies":[{"embeddable":true,"href":"https:\/\/flexservicescare.nl\/pl\/wp-json\/wp\/v2\/comments?post=499"}],"version-history":[{"count":0,"href":"https:\/\/flexservicescare.nl\/pl\/wp-json\/wp\/v2\/pages\/499\/revisions"}],"wp:attachment":[{"href":"https:\/\/flexservicescare.nl\/pl\/wp-json\/wp\/v2\/media?parent=499"}],"curies":[{"name":"wp","href":"https:\/\/api.w.org\/{rel}","templated":true}]}}