{"id":533,"date":"2025-02-27T13:07:08","date_gmt":"2025-02-27T13:07:08","guid":{"rendered":"http:\/\/flexservicescare.nl\/?page_id=533"},"modified":"2025-03-03T15:50:18","modified_gmt":"2025-03-03T15:50:18","slug":"diamantboorder","status":"publish","type":"page","link":"https:\/\/flexservicescare.nl\/pl\/diamantboorder\/","title":{"rendered":"Wiert\u0142o diamentowe"},"content":{"rendered":"<section id=\"bd-fancy-section2\" class=\"bde-section-533-135 bde-section\">\n              \n  \n  \n\t\n\n  <div class=\"section-background-overlay\"><\/div>\n\n\n<div class=\"section-container\"><h1 class=\"bde-dual-heading-533-136 bde-dual-heading\">\n\n\n            <span data-style=\"primary\" class=\"dual-heading--primary\">Aplikuj na nasze <\/span>\n\n            <span data-style=\"secondary\" class=\"dual-heading--secondary\">oferty<\/span>\n\n            <span data-style=\"primary\" class=\"dual-heading--primary\">i znajd\u017a wymarzon\u0105 prac\u0119!<\/span>\n\n\n\n<\/h1><\/div>\n<\/section><section class=\"bde-section-533-102 bde-section\">\n  \n  \n\t\n\n\n\n<div class=\"section-container\"><div class=\"bde-columns-533-103 bde-columns\"><div class=\"bde-column-533-104 bde-column\">\n  \n  \n\t\n\n\n\n<h2 class=\"bde-heading-533-105 bde-heading\">\nWiert\u0142o diamentowe \n<\/h2><div class=\"bde-text-533-106 bde-text\">\nPoszukujemy do\u015bwiadczonego wiertacza diamentowego, kt\u00f3ry do\u0142\u0105czy do naszego zespo\u0142u. Na tym stanowisku b\u0119dziesz odpowiedzialny za wykonywanie wierce\u0144 diamentowych, g\u0142\u00f3wnie w betonie. Jako wiertacz diamentowy b\u0119dziesz pracowa\u0107 zar\u00f3wno samodzielnie, jak i w zespole, zapewniaj\u0105c bezpieczne i dok\u0142adne wykonywanie prac wiertniczych.\n<\/div><div class=\"bde-text-533-132 bde-text\">\nNieuwerkerk aan den IJssel\n<\/div>\n<\/div><div class=\"bde-column-533-107 bde-column\">\n  \n  \n\t\n\n\n\n<div class=\"bde-button-533-108 bde-button\">\n    \n                                    \n    \n    \n    \n    \n            \n                    \n            \n            \n\n    \n    \n    \n    \n    \n    <a class=\"breakdance-link button-atom button-atom--custom bde-button__button\" href=\"https:\/\/flexservicescare.nl\/pl\/solliciteren\/\" target=\"_blank\" data-type=\"url\"  >\n\n    \n        <span class=\"button-atom__text\">Aplikuj bezpo\u015brednio<\/span>\n\n        \n        \n                <\/a>\n\n    \n\n\n<\/div><div class=\"bde-button-533-109 bde-button\">\n    \n                                    \n    \n    \n    \n    \n            \n                    \n            \n            \n\n    \n    \n    \n    \n    \n    <a class=\"breakdance-link button-atom button-atom--custom bde-button__button\" href=\"https:\/\/flexservicescare.nl\/pl\/vacatures\/\" target=\"_self\" data-type=\"url\"  >\n\n    \n        <span class=\"button-atom__text\">Wszystkie wolne miejsca pracy<\/span>\n\n        \n        \n                <\/a>\n\n    \n\n\n<\/div>\n<\/div><\/div><div class=\"bde-columns-533-110 bde-columns\"><div class=\"bde-column-533-111 bde-column\">\n  \n  \n\t\n\n\n\n<h3 class=\"bde-heading-533-112 bde-heading\">\nCo b\u0119dziesz robi\u0107?\n<\/h3><ul class=\"bde-basic-list-533-113 bde-basic-list\">\n  <li  >    \n          Wykonywanie wierce\u0144 diamentowych g\u0142\u00f3wnie w betonie\n      <\/li>\n  <li  >    \n          Zapewnienie bezpiecznego \u015brodowiska pracy poprzez przestrzeganie przepis\u00f3w bezpiecze\u0144stwa\n      <\/li>\n  <li  >    \n          Sprawdzanie jako\u015bci pracy\n      <\/li>\n  <li  >    \n          Pomoc w usuwaniu materia\u0142\u00f3w i sprz\u0105taniu miejsca pracy\n      <\/li>\n<\/ul>\n<\/div><div class=\"bde-column-533-114 bde-column\">\n  \n  \n\t\n\n\n\n<h3 class=\"bde-heading-533-115 bde-heading\">\nKim jeste\u015b?\n<\/h3><ul class=\"bde-basic-list-533-116 bde-basic-list\">\n  <li  >    \n          Masz do\u015bwiadczenie jako szlifierz diament\u00f3w\n      <\/li>\n  <li  >    \n          Posiadasz wiedz\u0119 na temat wierte\u0142 diamentowych i ich obs\u0142ugi.\n      <\/li>\n  <li  >    \n          Masz oko do szczeg\u00f3\u0142\u00f3w i pracujesz dok\u0142adnie\n      <\/li>\n  <li  >    \n          Bezpieczna praca jest dla Ciebie zawsze najwy\u017cszym priorytetem\n      <\/li>\n  <li  >    \n          Jeste\u015b elastyczny i potrafisz pracowa\u0107 samodzielnie\n      <\/li>\n  <li  >    \n          Mieszkanie w regionie Nieuwerkerk a.d. Ijssel jest dodatkowym atutem\n      <\/li>\n<\/ul>\n<\/div><\/div><\/div>\n<\/section><section class=\"bde-section-533-137 bde-section\">\n  \n  \n\t\n\n\n\n<div class=\"section-container\"><div class=\"bde-columns-533-138 bde-columns\"><div class=\"bde-column-533-139 bde-column\">\n  \n  \n\t\n\n\n\n<h3 class=\"bde-heading-533-140 bde-heading\">\nCo oferujemy\n<\/h3>\n<\/div><\/div><div class=\"bde-columns-533-141 bde-columns\"><div class=\"bde-column-533-142 bde-column\">\n  \n  \n\t\n\n\n\n<div class=\"bde-icon-box-533-123 bde-icon-box\">\n\n    \n            <div class=\"ee-iconbox-icon breakdance-icon-atom\" >\n    \n                    <svg xmlns=\"http:\/\/www.w3.org\/2000\/svg\" viewbox=\"0 0 512 512\"><!-- Font Awesome Free 5.15.1 by @fontawesome - https:\/\/fontawesome.com License - https:\/\/fontawesome.com\/license\/free (Icons: CC BY 4.0, Fonts: SIL OFL 1.1, Code: MIT License) --><path d=\"M173.898 439.404l-166.4-166.4c-9.997-9.997-9.997-26.206 0-36.204l36.203-36.204c9.997-9.998 26.207-9.998 36.204 0L192 312.69 432.095 72.596c9.997-9.997 26.207-9.997 36.204 0l36.203 36.204c9.997 9.997 9.997 26.206 0 36.204l-294.4 294.401c-9.998 9.997-26.207 9.997-36.204-.001z\"\/><\/svg>\n        \n        \n        \n            <\/div>\n    \n\n<div class=\"ee-iconbox-content\">\n      <p class=\"ee-iconbox-title bde-h3\" >Konkurencyjne wynagrodzenie w zale\u017cno\u015bci od do\u015bwiadczenia<\/p>\n      <\/div>\n\n<\/div><div class=\"bde-icon-box-533-124 bde-icon-box\">\n\n    \n            <div class=\"ee-iconbox-icon breakdance-icon-atom\" >\n    \n                    <svg xmlns=\"http:\/\/www.w3.org\/2000\/svg\" viewbox=\"0 0 512 512\"><!-- Font Awesome Free 5.15.1 by @fontawesome - https:\/\/fontawesome.com License - https:\/\/fontawesome.com\/license\/free (Icons: CC BY 4.0, Fonts: SIL OFL 1.1, Code: MIT License) --><path d=\"M173.898 439.404l-166.4-166.4c-9.997-9.997-9.997-26.206 0-36.204l36.203-36.204c9.997-9.998 26.207-9.998 36.204 0L192 312.69 432.095 72.596c9.997-9.997 26.207-9.997 36.204 0l36.203 36.204c9.997 9.997 9.997 26.206 0 36.204l-294.4 294.401c-9.998 9.997-26.207 9.997-36.204-.001z\"\/><\/svg>\n        \n        \n        \n            <\/div>\n    \n\n<div class=\"ee-iconbox-content\">\n      <p class=\"ee-iconbox-title bde-h3\" >Praca w pe\u0142nym wymiarze godzin od poniedzia\u0142ku do pi\u0105tku<\/p>\n      <\/div>\n\n<\/div><div class=\"bde-icon-box-533-125 bde-icon-box\">\n\n    \n            <div class=\"ee-iconbox-icon breakdance-icon-atom\" >\n    \n                    <svg xmlns=\"http:\/\/www.w3.org\/2000\/svg\" viewbox=\"0 0 512 512\"><!-- Font Awesome Free 5.15.1 by @fontawesome - https:\/\/fontawesome.com License - https:\/\/fontawesome.com\/license\/free (Icons: CC BY 4.0, Fonts: SIL OFL 1.1, Code: MIT License) --><path d=\"M173.898 439.404l-166.4-166.4c-9.997-9.997-9.997-26.206 0-36.204l36.203-36.204c9.997-9.998 26.207-9.998 36.204 0L192 312.69 432.095 72.596c9.997-9.997 26.207-9.997 36.204 0l36.203 36.204c9.997 9.997 9.997 26.206 0 36.204l-294.4 294.401c-9.998 9.997-26.207 9.997-36.204-.001z\"\/><\/svg>\n        \n        \n        \n            <\/div>\n    \n\n<div class=\"ee-iconbox-content\">\n      <p class=\"ee-iconbox-title bde-h3\" >Mo\u017cliwo\u015bci wzrostu i rozwoju w firmie<\/p>\n      <\/div>\n\n<\/div>\n<\/div><div class=\"bde-column-533-146 bde-column\">\n  \n  \n\t\n\n\n\n<div class=\"bde-icon-box-533-126 bde-icon-box\">\n\n    \n            <div class=\"ee-iconbox-icon breakdance-icon-atom\" >\n    \n                    <svg xmlns=\"http:\/\/www.w3.org\/2000\/svg\" viewbox=\"0 0 512 512\"><!-- Font Awesome Free 5.15.1 by @fontawesome - https:\/\/fontawesome.com License - https:\/\/fontawesome.com\/license\/free (Icons: CC BY 4.0, Fonts: SIL OFL 1.1, Code: MIT License) --><path d=\"M173.898 439.404l-166.4-166.4c-9.997-9.997-9.997-26.206 0-36.204l36.203-36.204c9.997-9.998 26.207-9.998 36.204 0L192 312.69 432.095 72.596c9.997-9.997 26.207-9.997 36.204 0l36.203 36.204c9.997 9.997 9.997 26.206 0 36.204l-294.4 294.401c-9.998 9.997-26.207 9.997-36.204-.001z\"\/><\/svg>\n        \n        \n        \n            <\/div>\n    \n\n<div class=\"ee-iconbox-content\">\n      <p class=\"ee-iconbox-title bde-h3\" >Przyjemne \u015brodowisko pracy z zespo\u0142em zmotywowanych wsp\u00f3\u0142pracownik\u00f3w<\/p>\n      <\/div>\n\n<\/div><div class=\"bde-icon-box-533-127 bde-icon-box\">\n\n    \n            <div class=\"ee-iconbox-icon breakdance-icon-atom\" >\n    \n                    <svg xmlns=\"http:\/\/www.w3.org\/2000\/svg\" viewbox=\"0 0 512 512\"><!-- Font Awesome Free 5.15.1 by @fontawesome - https:\/\/fontawesome.com License - https:\/\/fontawesome.com\/license\/free (Icons: CC BY 4.0, Fonts: SIL OFL 1.1, Code: MIT License) --><path d=\"M173.898 439.404l-166.4-166.4c-9.997-9.997-9.997-26.206 0-36.204l36.203-36.204c9.997-9.998 26.207-9.998 36.204 0L192 312.69 432.095 72.596c9.997-9.997 26.207-9.997 36.204 0l36.203 36.204c9.997 9.997 9.997 26.206 0 36.204l-294.4 294.401c-9.998 9.997-26.207 9.997-36.204-.001z\"\/><\/svg>\n        \n        \n        \n            <\/div>\n    \n\n<div class=\"ee-iconbox-content\">\n      <p class=\"ee-iconbox-title bde-h3\" >R\u00f3\u017cnorodne projekty zapewniaj\u0105ce urozmaicenie pracy<\/p>\n      <\/div>\n\n<\/div>\n<\/div><\/div><\/div>\n<\/section><section class=\"bde-section-533-128 bde-section\">\n  \n  \n\t\n\n\n\n<div class=\"section-container\"><div class=\"bde-text-533-129 bde-text\">\nCzy jeste\u015b wiertaczem diament\u00f3w, kt\u00f3rego szukamy?<br>Aplikuj szybko i do\u0142\u0105cz do naszego zespo\u0142u!\n<\/div><div class=\"bde-button-533-130 bde-button\">\n    \n                                    \n    \n    \n    \n    \n            \n                    \n            \n            \n\n    \n    \n    \n    \n    \n    <a class=\"breakdance-link button-atom button-atom--custom bde-button__button\" href=\"https:\/\/flexservicescare.nl\/pl\/solliciteren\/\" target=\"_blank\" data-type=\"url\"  >\n\n    \n        <span class=\"button-atom__text\">Aplikuj bezpo\u015brednio<\/span>\n\n        \n        \n                <\/a>\n\n    \n\n\n<\/div><\/div>\n<\/section>","protected":false},"excerpt":{"rendered":"<p>Reageer op onze vacatures en vind jouw droom baan! Diamantboorder Wij zijn op zoek naar een ervaren diamantboorder\u00a0om ons team te versterken. In deze rol ben je verantwoordelijk voor het uitvoeren van diamantboorwerkzaamheden in voornamelijk beton. Als diamantboorder werk je zowel zelfstandig als in teamverband en zorg je ervoor dat de boorwerkzaamheden veilig en nauwkeurig [&hellip;]<\/p>","protected":false},"author":1,"featured_media":0,"parent":0,"menu_order":0,"comment_status":"closed","ping_status":"closed","template":"","meta":{"_breakdance_hide_in_design_set":false,"_breakdance_tags":"","footnotes":""},"class_list":["post-533","page","type-page","status-publish","hentry"],"_links":{"self":[{"href":"https:\/\/flexservicescare.nl\/pl\/wp-json\/wp\/v2\/pages\/533","targetHints":{"allow":["GET"]}}],"collection":[{"href":"https:\/\/flexservicescare.nl\/pl\/wp-json\/wp\/v2\/pages"}],"about":[{"href":"https:\/\/flexservicescare.nl\/pl\/wp-json\/wp\/v2\/types\/page"}],"author":[{"embeddable":true,"href":"https:\/\/flexservicescare.nl\/pl\/wp-json\/wp\/v2\/users\/1"}],"replies":[{"embeddable":true,"href":"https:\/\/flexservicescare.nl\/pl\/wp-json\/wp\/v2\/comments?post=533"}],"version-history":[{"count":0,"href":"https:\/\/flexservicescare.nl\/pl\/wp-json\/wp\/v2\/pages\/533\/revisions"}],"wp:attachment":[{"href":"https:\/\/flexservicescare.nl\/pl\/wp-json\/wp\/v2\/media?parent=533"}],"curies":[{"name":"wp","href":"https:\/\/api.w.org\/{rel}","templated":true}]}}