{"id":536,"date":"2025-02-27T13:07:44","date_gmt":"2025-02-27T13:07:44","guid":{"rendered":"http:\/\/flexservicescare.nl\/?page_id=536"},"modified":"2025-03-03T15:49:01","modified_gmt":"2025-03-03T15:49:01","slug":"kwaliteitsmedewerker","status":"publish","type":"page","link":"https:\/\/flexservicescare.nl\/pl\/kwaliteitsmedewerker\/","title":{"rendered":"Specjalista ds. jako\u015bci"},"content":{"rendered":"<section id=\"bd-fancy-section2\" class=\"bde-section-536-134 bde-section\">\n              \n  \n  \n\t\n\n  <div class=\"section-background-overlay\"><\/div>\n\n\n<div class=\"section-container\"><h1 class=\"bde-dual-heading-536-135 bde-dual-heading\">\n\n\n            <span data-style=\"primary\" class=\"dual-heading--primary\">Aplikuj na nasze <\/span>\n\n            <span data-style=\"secondary\" class=\"dual-heading--secondary\">oferty<\/span>\n\n            <span data-style=\"primary\" class=\"dual-heading--primary\">i znajd\u017a wymarzon\u0105 prac\u0119!<\/span>\n\n\n\n<\/h1><\/div>\n<\/section><section class=\"bde-section-536-100 bde-section\">\n  \n  \n\t\n\n\n\n<div class=\"section-container\"><div class=\"bde-columns-536-101 bde-columns\"><div class=\"bde-column-536-102 bde-column\">\n  \n  \n\t\n\n\n\n<h2 class=\"bde-heading-536-103 bde-heading\">\nSpecjalista ds. jako\u015bci\n<\/h2><div class=\"bde-text-536-104 bde-text\">\nPoszukujemy pracownika ds. jako\u015bci do naszego zak\u0142adu metalowego w Sliedrecht. Na tym stanowisku b\u0119dziesz odpowiedzialny za zapewnienie jako\u015bci wytwarzanych przez nas produkt\u00f3w. B\u0119dziesz przeprowadza\u0107 kontrole jako\u015bci, rozpoznawa\u0107 wszelkie odchylenia i upewnia\u0107 si\u0119, \u017ce wszystkie produkty spe\u0142niaj\u0105 okre\u015blone wymagania.\n<\/div><div class=\"bde-text-536-129 bde-text\">\nSliedrecht\n<\/div>\n<\/div><div class=\"bde-column-536-105 bde-column\">\n  \n  \n\t\n\n\n\n<div class=\"bde-button-536-106 bde-button\">\n    \n                                    \n    \n    \n    \n    \n            \n                    \n            \n            \n\n    \n    \n    \n    \n    \n    <a class=\"breakdance-link button-atom button-atom--custom bde-button__button\" href=\"https:\/\/flexservicescare.nl\/pl\/solliciteren\/\" target=\"_blank\" data-type=\"url\"  >\n\n    \n        <span class=\"button-atom__text\">Aplikuj bezpo\u015brednio<\/span>\n\n        \n        \n                <\/a>\n\n    \n\n\n<\/div><div class=\"bde-button-536-107 bde-button\">\n    \n                                    \n    \n    \n    \n    \n            \n                    \n            \n            \n\n    \n    \n    \n    \n    \n    <a class=\"breakdance-link button-atom button-atom--custom bde-button__button\" href=\"https:\/\/flexservicescare.nl\/pl\/vacatures\/\" target=\"_self\" data-type=\"url\"  >\n\n    \n        <span class=\"button-atom__text\">Wszystkie wolne miejsca pracy<\/span>\n\n        \n        \n                <\/a>\n\n    \n\n\n<\/div>\n<\/div><\/div><div class=\"bde-columns-536-108 bde-columns\"><div class=\"bde-column-536-109 bde-column\">\n  \n  \n\t\n\n\n\n<h3 class=\"bde-heading-536-110 bde-heading\">\nCo b\u0119dziesz robi\u0107?\n<\/h3><ul class=\"bde-basic-list-536-111 bde-basic-list\">\n  <li  >    \n          Przeprowadzanie kontroli jako\u015bci produkt\u00f3w\n      <\/li>\n  <li  >    \n          Identyfikacja problem\u00f3w z jako\u015bci\u0105\n      <\/li>\n  <li  >    \n          Przestrzeganie wytycznych dotycz\u0105cych bezpiecze\u0144stwa i jako\u015bci\n      <\/li>\n<\/ul>\n<\/div><div class=\"bde-column-536-112 bde-column\">\n  \n  \n\t\n\n\n\n<h3 class=\"bde-heading-536-113 bde-heading\">\nKim jeste\u015b?\n<\/h3><ul class=\"bde-basic-list-536-114 bde-basic-list\">\n  <li  >    \n          Dobrze pos\u0142ugujesz si\u0119 j\u0119zykiem niderlandzkim\n      <\/li>\n  <li  >    \n          Masz oko do szczeg\u00f3\u0142\u00f3w i pracujesz dok\u0142adnie\n      <\/li>\n  <li  >    \n          Potrafisz pracowa\u0107 samodzielnie i bra\u0107 na siebie odpowiedzialno\u015b\u0107\n      <\/li>\n  <li  >    \n          Mieszkanie w regionie Sliedrecht lub okolicach jest dodatkowym atutem\n      <\/li>\n<\/ul>\n<\/div><\/div><\/div>\n<\/section><section class=\"bde-section-536-136 bde-section\">\n  \n  \n\t\n\n\n\n<div class=\"section-container\"><div class=\"bde-columns-536-137 bde-columns\"><div class=\"bde-column-536-138 bde-column\">\n  \n  \n\t\n\n\n\n<h3 class=\"bde-heading-536-139 bde-heading\">\nCo oferujemy\n<\/h3>\n<\/div><\/div><div class=\"bde-columns-536-140 bde-columns\"><div class=\"bde-column-536-141 bde-column\">\n  \n  \n\t\n\n\n\n<div class=\"bde-icon-box-536-121 bde-icon-box\">\n\n    \n            <div class=\"ee-iconbox-icon breakdance-icon-atom\" >\n    \n                    <svg xmlns=\"http:\/\/www.w3.org\/2000\/svg\" viewbox=\"0 0 512 512\"><!-- Font Awesome Free 5.15.1 by @fontawesome - https:\/\/fontawesome.com License - https:\/\/fontawesome.com\/license\/free (Icons: CC BY 4.0, Fonts: SIL OFL 1.1, Code: MIT License) --><path d=\"M173.898 439.404l-166.4-166.4c-9.997-9.997-9.997-26.206 0-36.204l36.203-36.204c9.997-9.998 26.207-9.998 36.204 0L192 312.69 432.095 72.596c9.997-9.997 26.207-9.997 36.204 0l36.203 36.204c9.997 9.997 9.997 26.206 0 36.204l-294.4 294.401c-9.998 9.997-26.207 9.997-36.204-.001z\"\/><\/svg>\n        \n        \n        \n            <\/div>\n    \n\n<div class=\"ee-iconbox-content\">\n      <p class=\"ee-iconbox-title bde-h3\" >Wynagrodzenie w wysoko\u015bci 14,91 euro za godzin\u0119<\/p>\n      <\/div>\n\n<\/div><div class=\"bde-icon-box-536-122 bde-icon-box\">\n\n    \n            <div class=\"ee-iconbox-icon breakdance-icon-atom\" >\n    \n                    <svg xmlns=\"http:\/\/www.w3.org\/2000\/svg\" viewbox=\"0 0 512 512\"><!-- Font Awesome Free 5.15.1 by @fontawesome - https:\/\/fontawesome.com License - https:\/\/fontawesome.com\/license\/free (Icons: CC BY 4.0, Fonts: SIL OFL 1.1, Code: MIT License) --><path d=\"M173.898 439.404l-166.4-166.4c-9.997-9.997-9.997-26.206 0-36.204l36.203-36.204c9.997-9.998 26.207-9.998 36.204 0L192 312.69 432.095 72.596c9.997-9.997 26.207-9.997 36.204 0l36.203 36.204c9.997 9.997 9.997 26.206 0 36.204l-294.4 294.401c-9.998 9.997-26.207 9.997-36.204-.001z\"\/><\/svg>\n        \n        \n        \n            <\/div>\n    \n\n<div class=\"ee-iconbox-content\">\n      <p class=\"ee-iconbox-title bde-h3\" >Praca w pe\u0142nym wymiarze godzin ze zr\u00f3\u017cnicowanym zakresem obowi\u0105zk\u00f3w<\/p>\n      <\/div>\n\n<\/div><div class=\"bde-icon-box-536-123 bde-icon-box\">\n\n    \n            <div class=\"ee-iconbox-icon breakdance-icon-atom\" >\n    \n                    <svg xmlns=\"http:\/\/www.w3.org\/2000\/svg\" viewbox=\"0 0 512 512\"><!-- Font Awesome Free 5.15.1 by @fontawesome - https:\/\/fontawesome.com License - https:\/\/fontawesome.com\/license\/free (Icons: CC BY 4.0, Fonts: SIL OFL 1.1, Code: MIT License) --><path d=\"M173.898 439.404l-166.4-166.4c-9.997-9.997-9.997-26.206 0-36.204l36.203-36.204c9.997-9.998 26.207-9.998 36.204 0L192 312.69 432.095 72.596c9.997-9.997 26.207-9.997 36.204 0l36.203 36.204c9.997 9.997 9.997 26.206 0 36.204l-294.4 294.401c-9.998 9.997-26.207 9.997-36.204-.001z\"\/><\/svg>\n        \n        \n        \n            <\/div>\n    \n\n<div class=\"ee-iconbox-content\">\n      <p class=\"ee-iconbox-title bde-h3\" >Praca w profesjonalnym \u015brodowisku pracy<\/p>\n      <\/div>\n\n<\/div>\n<\/div><div class=\"bde-column-536-145 bde-column\">\n  \n  \n\t\n\n\n\n<div class=\"bde-icon-box-536-124 bde-icon-box\">\n\n    \n            <div class=\"ee-iconbox-icon breakdance-icon-atom\" >\n    \n                    <svg xmlns=\"http:\/\/www.w3.org\/2000\/svg\" viewbox=\"0 0 512 512\"><!-- Font Awesome Free 5.15.1 by @fontawesome - https:\/\/fontawesome.com License - https:\/\/fontawesome.com\/license\/free (Icons: CC BY 4.0, Fonts: SIL OFL 1.1, Code: MIT License) --><path d=\"M173.898 439.404l-166.4-166.4c-9.997-9.997-9.997-26.206 0-36.204l36.203-36.204c9.997-9.998 26.207-9.998 36.204 0L192 312.69 432.095 72.596c9.997-9.997 26.207-9.997 36.204 0l36.203 36.204c9.997 9.997 9.997 26.206 0 36.204l-294.4 294.401c-9.998 9.997-26.207 9.997-36.204-.001z\"\/><\/svg>\n        \n        \n        \n            <\/div>\n    \n\n<div class=\"ee-iconbox-content\">\n      <p class=\"ee-iconbox-title bde-h3\" >Przestrze\u0144 dla osobistego wzrostu i rozwoju<\/p>\n      <\/div>\n\n<\/div><div class=\"bde-icon-box-536-125 bde-icon-box\">\n\n    \n            <div class=\"ee-iconbox-icon breakdance-icon-atom\" >\n    \n                    <svg xmlns=\"http:\/\/www.w3.org\/2000\/svg\" viewbox=\"0 0 512 512\"><!-- Font Awesome Free 5.15.1 by @fontawesome - https:\/\/fontawesome.com License - https:\/\/fontawesome.com\/license\/free (Icons: CC BY 4.0, Fonts: SIL OFL 1.1, Code: MIT License) --><path d=\"M173.898 439.404l-166.4-166.4c-9.997-9.997-9.997-26.206 0-36.204l36.203-36.204c9.997-9.998 26.207-9.998 36.204 0L192 312.69 432.095 72.596c9.997-9.997 26.207-9.997 36.204 0l36.203 36.204c9.997 9.997 9.997 26.206 0 36.204l-294.4 294.401c-9.998 9.997-26.207 9.997-36.204-.001z\"\/><\/svg>\n        \n        \n        \n            <\/div>\n    \n\n<div class=\"ee-iconbox-content\">\n      <p class=\"ee-iconbox-title bde-h3\" >Kolegialny zesp\u00f3\u0142 i przyjemne miejsce pracy<\/p>\n      <\/div>\n\n<\/div>\n<\/div><\/div><\/div>\n<\/section><section class=\"bde-section-536-126 bde-section\">\n  \n  \n\t\n\n\n\n<div class=\"section-container\"><div class=\"bde-text-536-127 bde-text\">\nCzy jeste\u015b specjalist\u0105 ds. jako\u015bci, kt\u00f3rego szukamy? <br>Zg\u0142o\u015b si\u0119 szybko i przyjed\u017a do pracy w naszej fabryce metalu w Sliedrecht!\u00a0\n<\/div><div class=\"bde-button-536-128 bde-button\">\n    \n                                    \n    \n    \n    \n    \n            \n                    \n            \n            \n\n    \n    \n    \n    \n    \n    <a class=\"breakdance-link button-atom button-atom--custom bde-button__button\" href=\"https:\/\/flexservicescare.nl\/pl\/solliciteren\/\" target=\"_blank\" data-type=\"url\"  >\n\n    \n        <span class=\"button-atom__text\">Aplikuj bezpo\u015brednio<\/span>\n\n        \n        \n                <\/a>\n\n    \n\n\n<\/div><\/div>\n<\/section>","protected":false},"excerpt":{"rendered":"<p>Reageer op onze vacatures en vind jouw droom baan! Kwaliteitsmedewerker Wij zijn op zoek naar een kwaliteitsmedewerker voor onze metaalfabriek in Sliedrecht. In deze rol ben je verantwoordelijk voor het waarborgen van de kwaliteit van de producten die wij produceren. Je voert kwaliteitscontroles uit, herkent eventuele afwijkingen en zorgt ervoor dat alle producten voldoen aan [&hellip;]<\/p>","protected":false},"author":1,"featured_media":0,"parent":0,"menu_order":0,"comment_status":"closed","ping_status":"closed","template":"","meta":{"_breakdance_hide_in_design_set":false,"_breakdance_tags":"","footnotes":""},"class_list":["post-536","page","type-page","status-publish","hentry"],"_links":{"self":[{"href":"https:\/\/flexservicescare.nl\/pl\/wp-json\/wp\/v2\/pages\/536","targetHints":{"allow":["GET"]}}],"collection":[{"href":"https:\/\/flexservicescare.nl\/pl\/wp-json\/wp\/v2\/pages"}],"about":[{"href":"https:\/\/flexservicescare.nl\/pl\/wp-json\/wp\/v2\/types\/page"}],"author":[{"embeddable":true,"href":"https:\/\/flexservicescare.nl\/pl\/wp-json\/wp\/v2\/users\/1"}],"replies":[{"embeddable":true,"href":"https:\/\/flexservicescare.nl\/pl\/wp-json\/wp\/v2\/comments?post=536"}],"version-history":[{"count":0,"href":"https:\/\/flexservicescare.nl\/pl\/wp-json\/wp\/v2\/pages\/536\/revisions"}],"wp:attachment":[{"href":"https:\/\/flexservicescare.nl\/pl\/wp-json\/wp\/v2\/media?parent=536"}],"curies":[{"name":"wp","href":"https:\/\/api.w.org\/{rel}","templated":true}]}}