{"id":581,"date":"2025-02-27T14:43:06","date_gmt":"2025-02-27T14:43:06","guid":{"rendered":"http:\/\/flexservicescare.nl\/?page_id=581"},"modified":"2025-03-03T16:13:28","modified_gmt":"2025-03-03T16:13:28","slug":"assemblage","status":"publish","type":"page","link":"https:\/\/flexservicescare.nl\/pl\/assemblage\/","title":{"rendered":"Monta\u017c"},"content":{"rendered":"<section id=\"bd-fancy-section2\" class=\"bde-section-581-132 bde-section\">\n              \n  \n  \n\t\n\n  <div class=\"section-background-overlay\"><\/div>\n\n\n<div class=\"section-container\"><h1 class=\"bde-dual-heading-581-133 bde-dual-heading\">\n\n\n            <span data-style=\"primary\" class=\"dual-heading--primary\">Aplikuj na nasze <\/span>\n\n            <span data-style=\"secondary\" class=\"dual-heading--secondary\">oferty<\/span>\n\n            <span data-style=\"primary\" class=\"dual-heading--primary\">i znajd\u017a wymarzon\u0105 prac\u0119!<\/span>\n\n\n\n<\/h1><\/div>\n<\/section><section class=\"bde-section-581-102 bde-section\">\n  \n  \n\t\n\n\n\n<div class=\"section-container\"><div class=\"bde-columns-581-103 bde-columns\"><div class=\"bde-column-581-104 bde-column\">\n  \n  \n\t\n\n\n\n<h2 class=\"bde-heading-581-105 bde-heading\">\nPracownik monta\u017cu \/ kompozytor\n<\/h2><div class=\"bde-text-581-106 bde-text\">\nPoszukujemy pracownika monta\u017cu\/sk\u0142adacza do naszego zak\u0142adu metalowego w Sliedrecht. Na tym stanowisku b\u0119dziesz odpowiedzialny za sk\u0142adanie, montowanie i \u0142\u0105czenie cz\u0119\u015bci metalowych. B\u0119dziesz pracowa\u0107 z r\u00f3\u017cnymi technikami \u0142\u0105czenia i wyka\u0144czania cz\u0119\u015bci metalowych. B\u0119dziesz r\u00f3wnie\u017c dba\u0107 o to, aby produkty spe\u0142nia\u0142y okre\u015blone wymagania i standardy jako\u015bci.\n<\/div><div class=\"bde-text-581-107 bde-text\">\nSliedrecht\n<\/div>\n<\/div><div class=\"bde-column-581-108 bde-column\">\n  \n  \n\t\n\n\n\n<div class=\"bde-button-581-109 bde-button\">\n    \n                                    \n    \n    \n    \n    \n            \n                    \n            \n            \n\n    \n    \n    \n    \n    \n    <a class=\"breakdance-link button-atom button-atom--custom bde-button__button\" href=\"https:\/\/flexservicescare.nl\/pl\/solliciteren\/\" target=\"_blank\" data-type=\"url\"  >\n\n    \n        <span class=\"button-atom__text\">Aplikuj bezpo\u015brednio<\/span>\n\n        \n        \n                <\/a>\n\n    \n\n\n<\/div><div class=\"bde-button-581-110 bde-button\">\n    \n                                    \n    \n    \n    \n    \n            \n                    \n            \n            \n\n    \n    \n    \n    \n    \n    <a class=\"breakdance-link button-atom button-atom--custom bde-button__button\" href=\"https:\/\/flexservicescare.nl\/pl\/vacatures\/\" target=\"_self\" data-type=\"url\"  >\n\n    \n        <span class=\"button-atom__text\">Wszystkie wolne miejsca pracy<\/span>\n\n        \n        \n                <\/a>\n\n    \n\n\n<\/div>\n<\/div><\/div><div class=\"bde-columns-581-111 bde-columns\"><div class=\"bde-column-581-112 bde-column\">\n  \n  \n\t\n\n\n\n<h3 class=\"bde-heading-581-113 bde-heading\">\nCo b\u0119dziesz robi\u0107?\n<\/h3><ul class=\"bde-basic-list-581-114 bde-basic-list\">\n  <li  >    \n          Monta\u017c i dopasowywanie cz\u0119\u015bci metalowych zgodnie z rysunkami technicznymi i specyfikacjami\n      <\/li>\n  <li  >    \n          Identyfikowanie wszelkich problem\u00f3w podczas procesu monta\u017cu i wprowadzanie odpowiednich korekt.\n      <\/li>\n  <li  >    \n          Zapewnienie bezpiecznego miejsca pracy poprzez przestrzeganie wszystkich procedur bezpiecze\u0144stwa.\n      <\/li>\n<\/ul>\n<\/div><div class=\"bde-column-581-115 bde-column\">\n  \n  \n\t\n\n\n\n<h3 class=\"bde-heading-581-116 bde-heading\">\nKim jeste\u015b?\n<\/h3><ul class=\"bde-basic-list-581-117 bde-basic-list\">\n  <li  >    \n          Dobra znajomo\u015b\u0107 j\u0119zyka niderlandzkiego i\/lub angielskiego\n      <\/li>\n  <li  >    \n          Masz oko do szczeg\u00f3\u0142\u00f3w i pracujesz dok\u0142adnie podczas monta\u017cu i dopasowywania cz\u0119\u015bci metalowych.\n      <\/li>\n  <li  >    \n          Potrafisz pracowa\u0107 samodzielnie, ale w razie potrzeby skutecznie wsp\u00f3\u0142pracujesz w zespole.\n      <\/li>\n  <li  >    \n          Mieszkanie w regionie Sliedrecht lub okolicach jest dodatkowym atutem\n      <\/li>\n<\/ul>\n<\/div><\/div><\/div>\n<\/section><section class=\"bde-section-581-134 bde-section\">\n  \n  \n\t\n\n\n\n<div class=\"section-container\"><div class=\"bde-columns-581-135 bde-columns\"><div class=\"bde-column-581-136 bde-column\">\n  \n  \n\t\n\n\n\n<h3 class=\"bde-heading-581-137 bde-heading\">\nCo oferujemy\n<\/h3>\n<\/div><\/div><div class=\"bde-columns-581-138 bde-columns\"><div class=\"bde-column-581-139 bde-column\">\n  \n  \n\t\n\n\n\n<div class=\"bde-icon-box-581-124 bde-icon-box\">\n\n    \n            <div class=\"ee-iconbox-icon breakdance-icon-atom\" >\n    \n                    <svg xmlns=\"http:\/\/www.w3.org\/2000\/svg\" viewbox=\"0 0 512 512\"><!-- Font Awesome Free 5.15.1 by @fontawesome - https:\/\/fontawesome.com License - https:\/\/fontawesome.com\/license\/free (Icons: CC BY 4.0, Fonts: SIL OFL 1.1, Code: MIT License) --><path d=\"M173.898 439.404l-166.4-166.4c-9.997-9.997-9.997-26.206 0-36.204l36.203-36.204c9.997-9.998 26.207-9.998 36.204 0L192 312.69 432.095 72.596c9.997-9.997 26.207-9.997 36.204 0l36.203 36.204c9.997 9.997 9.997 26.206 0 36.204l-294.4 294.401c-9.998 9.997-26.207 9.997-36.204-.001z\"\/><\/svg>\n        \n        \n        \n            <\/div>\n    \n\n<div class=\"ee-iconbox-content\">\n      <p class=\"ee-iconbox-title bde-h3\" >Wynagrodzenie w wysoko\u015bci 17,15 euro za godzin\u0119 (w tym dodatek zmianowy) <\/p>\n      <\/div>\n\n<\/div><div class=\"bde-icon-box-581-125 bde-icon-box\">\n\n    \n            <div class=\"ee-iconbox-icon breakdance-icon-atom\" >\n    \n                    <svg xmlns=\"http:\/\/www.w3.org\/2000\/svg\" viewbox=\"0 0 512 512\"><!-- Font Awesome Free 5.15.1 by @fontawesome - https:\/\/fontawesome.com License - https:\/\/fontawesome.com\/license\/free (Icons: CC BY 4.0, Fonts: SIL OFL 1.1, Code: MIT License) --><path d=\"M173.898 439.404l-166.4-166.4c-9.997-9.997-9.997-26.206 0-36.204l36.203-36.204c9.997-9.998 26.207-9.998 36.204 0L192 312.69 432.095 72.596c9.997-9.997 26.207-9.997 36.204 0l36.203 36.204c9.997 9.997 9.997 26.206 0 36.204l-294.4 294.401c-9.998 9.997-26.207 9.997-36.204-.001z\"\/><\/svg>\n        \n        \n        \n            <\/div>\n    \n\n<div class=\"ee-iconbox-content\">\n      <p class=\"ee-iconbox-title bde-h3\" >Praca w profesjonalnym i dobrze wyposa\u017conym \u015brodowisku pracy<\/p>\n      <\/div>\n\n<\/div><div class=\"bde-icon-box-581-126 bde-icon-box\">\n\n    \n            <div class=\"ee-iconbox-icon breakdance-icon-atom\" >\n    \n                    <svg xmlns=\"http:\/\/www.w3.org\/2000\/svg\" viewbox=\"0 0 512 512\"><!-- Font Awesome Free 5.15.1 by @fontawesome - https:\/\/fontawesome.com License - https:\/\/fontawesome.com\/license\/free (Icons: CC BY 4.0, Fonts: SIL OFL 1.1, Code: MIT License) --><path d=\"M173.898 439.404l-166.4-166.4c-9.997-9.997-9.997-26.206 0-36.204l36.203-36.204c9.997-9.998 26.207-9.998 36.204 0L192 312.69 432.095 72.596c9.997-9.997 26.207-9.997 36.204 0l36.203 36.204c9.997 9.997 9.997 26.206 0 36.204l-294.4 294.401c-9.998 9.997-26.207 9.997-36.204-.001z\"\/><\/svg>\n        \n        \n        \n            <\/div>\n    \n\n<div class=\"ee-iconbox-content\">\n      <p class=\"ee-iconbox-title bde-h3\" >Przestrze\u0144 dla osobistego wzrostu i rozwoju<\/p>\n      <\/div>\n\n<\/div>\n<\/div><div class=\"bde-column-581-143 bde-column\">\n  \n  \n\t\n\n\n\n<div class=\"bde-icon-box-581-127 bde-icon-box\">\n\n    \n            <div class=\"ee-iconbox-icon breakdance-icon-atom\" >\n    \n                    <svg xmlns=\"http:\/\/www.w3.org\/2000\/svg\" viewbox=\"0 0 512 512\"><!-- Font Awesome Free 5.15.1 by @fontawesome - https:\/\/fontawesome.com License - https:\/\/fontawesome.com\/license\/free (Icons: CC BY 4.0, Fonts: SIL OFL 1.1, Code: MIT License) --><path d=\"M173.898 439.404l-166.4-166.4c-9.997-9.997-9.997-26.206 0-36.204l36.203-36.204c9.997-9.998 26.207-9.998 36.204 0L192 312.69 432.095 72.596c9.997-9.997 26.207-9.997 36.204 0l36.203 36.204c9.997 9.997 9.997 26.206 0 36.204l-294.4 294.401c-9.998 9.997-26.207 9.997-36.204-.001z\"\/><\/svg>\n        \n        \n        \n            <\/div>\n    \n\n<div class=\"ee-iconbox-content\">\n      <p class=\"ee-iconbox-title bde-h3\" >Mo\u017cliwo\u015b\u0107 rozwijania swoich umiej\u0119tno\u015bci w zakresie monta\u017cu i kompozycji oraz rozwoju w zawodzie<\/p>\n      <\/div>\n\n<\/div><div class=\"bde-icon-box-581-128 bde-icon-box\">\n\n    \n            <div class=\"ee-iconbox-icon breakdance-icon-atom\" >\n    \n                    <svg xmlns=\"http:\/\/www.w3.org\/2000\/svg\" viewbox=\"0 0 512 512\"><!-- Font Awesome Free 5.15.1 by @fontawesome - https:\/\/fontawesome.com License - https:\/\/fontawesome.com\/license\/free (Icons: CC BY 4.0, Fonts: SIL OFL 1.1, Code: MIT License) --><path d=\"M173.898 439.404l-166.4-166.4c-9.997-9.997-9.997-26.206 0-36.204l36.203-36.204c9.997-9.998 26.207-9.998 36.204 0L192 312.69 432.095 72.596c9.997-9.997 26.207-9.997 36.204 0l36.203 36.204c9.997 9.997 9.997 26.206 0 36.204l-294.4 294.401c-9.998 9.997-26.207 9.997-36.204-.001z\"\/><\/svg>\n        \n        \n        \n            <\/div>\n    \n\n<div class=\"ee-iconbox-content\">\n      <p class=\"ee-iconbox-title bde-h3\" >Praca zmianowa<\/p>\n      <\/div>\n\n<\/div>\n<\/div><\/div><\/div>\n<\/section><section class=\"bde-section-581-129 bde-section\">\n  \n  \n\t\n\n\n\n<div class=\"section-container\"><div class=\"bde-text-581-130 bde-text\">\nCzy jeste\u015b monta\u017cyst\u0105\/kompozytorem, kt\u00f3rego szukamy? <br>Zg\u0142o\u015b si\u0119 szybko i przyjed\u017a do pracy w naszej fabryce metalu w Sliedrecht!\n<\/div><div class=\"bde-button-581-131 bde-button\">\n    \n                                    \n    \n    \n    \n    \n            \n                    \n            \n            \n\n    \n    \n    \n    \n    \n    <a class=\"breakdance-link button-atom button-atom--custom bde-button__button\" href=\"https:\/\/flexservicescare.nl\/pl\/solliciteren\/\" target=\"_blank\" data-type=\"url\"  >\n\n    \n        <span class=\"button-atom__text\">Aplikuj bezpo\u015brednio<\/span>\n\n        \n        \n                <\/a>\n\n    \n\n\n<\/div><\/div>\n<\/section>","protected":false},"excerpt":{"rendered":"<p>Reageer op onze vacatures en vind jouw droom baan! Assemblage Medewerker \/ Samensteller Wij zijn op zoek naar een assemblage medewerker \/ samensteller voor onze metaalfabriek in Sliedrecht. In deze rol ben je verantwoordelijk voor het assembleren, monteren en samenstellen van metalen onderdelen. Je werkt met verschillende technieken om metalen onderdelen te verbinden en af [&hellip;]<\/p>","protected":false},"author":1,"featured_media":0,"parent":0,"menu_order":0,"comment_status":"closed","ping_status":"closed","template":"","meta":{"_breakdance_hide_in_design_set":false,"_breakdance_tags":"","footnotes":""},"class_list":["post-581","page","type-page","status-publish","hentry"],"_links":{"self":[{"href":"https:\/\/flexservicescare.nl\/pl\/wp-json\/wp\/v2\/pages\/581","targetHints":{"allow":["GET"]}}],"collection":[{"href":"https:\/\/flexservicescare.nl\/pl\/wp-json\/wp\/v2\/pages"}],"about":[{"href":"https:\/\/flexservicescare.nl\/pl\/wp-json\/wp\/v2\/types\/page"}],"author":[{"embeddable":true,"href":"https:\/\/flexservicescare.nl\/pl\/wp-json\/wp\/v2\/users\/1"}],"replies":[{"embeddable":true,"href":"https:\/\/flexservicescare.nl\/pl\/wp-json\/wp\/v2\/comments?post=581"}],"version-history":[{"count":0,"href":"https:\/\/flexservicescare.nl\/pl\/wp-json\/wp\/v2\/pages\/581\/revisions"}],"wp:attachment":[{"href":"https:\/\/flexservicescare.nl\/pl\/wp-json\/wp\/v2\/media?parent=581"}],"curies":[{"name":"wp","href":"https:\/\/api.w.org\/{rel}","templated":true}]}}