{"id":588,"date":"2025-02-28T08:47:58","date_gmt":"2025-02-28T08:47:58","guid":{"rendered":"http:\/\/flexservicescare.nl\/?page_id=588"},"modified":"2025-03-03T15:43:40","modified_gmt":"2025-03-03T15:43:40","slug":"schoonmaker-parttime","status":"publish","type":"page","link":"https:\/\/flexservicescare.nl\/pl\/schoonmaker-parttime\/","title":{"rendered":"Osoba sprz\u0105taj\u0105ca w niepe\u0142nym wymiarze godzin\u00a0"},"content":{"rendered":"<section id=\"bd-fancy-section2\" class=\"bde-section-588-133 bde-section\">\n              \n  \n  \n\t\n\n  <div class=\"section-background-overlay\"><\/div>\n\n\n<div class=\"section-container\"><h1 class=\"bde-dual-heading-588-134 bde-dual-heading\">\n\n\n            <span data-style=\"primary\" class=\"dual-heading--primary\">Aplikuj na nasze <\/span>\n\n            <span data-style=\"secondary\" class=\"dual-heading--secondary\">oferty<\/span>\n\n            <span data-style=\"primary\" class=\"dual-heading--primary\">i znajd\u017a wymarzon\u0105 prac\u0119!<\/span>\n\n\n\n<\/h1><\/div>\n<\/section><section class=\"bde-section-588-102 bde-section\">\n  \n  \n\t\n\n\n\n<div class=\"section-container\"><div class=\"bde-columns-588-103 bde-columns\"><div class=\"bde-column-588-104 bde-column\">\n  \n  \n\t\n\n\n\n<h2 class=\"bde-heading-588-105 bde-heading\">\nPracownik Sprz\u0105taj\u0105cy na P\u00f3\u0142 Etatu \n<\/h2><div class=\"bde-text-588-106 bde-text\">\nSzukamy niezawodnego i zmotywowanego pracownika sprz\u0105taj\u0105cego do r\u00f3\u017cnych prac porz\u0105dkowych w regionach Gouda, Drechtsteden, Gorinchem, Rotterdam i okolicach. B\u0119dziesz pracowa\u0107 w r\u00f3\u017cnych miejscach, takich jak szko\u0142y, biura, firmy i inne przestrzenie publiczne. Na tym stanowisku b\u0119dziesz odpowiedzialny za utrzymanie czysto\u015bci i higieny w miejscach pracy i nauki.\n<\/div><div class=\"bde-text-588-107 bde-text\">\nGouda, Drechtsteden, Gorinchem, Rotterdam i okolice\n<\/div>\n<\/div><div class=\"bde-column-588-108 bde-column\">\n  \n  \n\t\n\n\n\n<div class=\"bde-button-588-109 bde-button\">\n    \n                                    \n    \n    \n    \n    \n            \n                    \n            \n            \n\n    \n    \n    \n    \n    \n    <a class=\"breakdance-link button-atom button-atom--custom bde-button__button\" href=\"https:\/\/flexservicescare.nl\/pl\/solliciteren\/\" target=\"_blank\" data-type=\"url\"  >\n\n    \n        <span class=\"button-atom__text\">Aplikuj bezpo\u015brednio<\/span>\n\n        \n        \n                <\/a>\n\n    \n\n\n<\/div><div class=\"bde-button-588-110 bde-button\">\n    \n                                    \n    \n    \n    \n    \n            \n                    \n            \n            \n\n    \n    \n    \n    \n    \n    <a class=\"breakdance-link button-atom button-atom--custom bde-button__button\" href=\"https:\/\/flexservicescare.nl\/pl\/vacatures\/\" target=\"_self\" data-type=\"url\"  >\n\n    \n        <span class=\"button-atom__text\">Wszystkie wolne miejsca pracy<\/span>\n\n        \n        \n                <\/a>\n\n    \n\n\n<\/div>\n<\/div><\/div><div class=\"bde-columns-588-111 bde-columns\"><div class=\"bde-column-588-112 bde-column\">\n  \n  \n\t\n\n\n\n<h3 class=\"bde-heading-588-113 bde-heading\">\nCo b\u0119dziesz robi\u0107?\n<\/h3><div class=\"bde-text-588-132 bde-text\">\nJako pracownik sprz\u0105taj\u0105cy jeste\u015b odpowiedzialny za utrzymanie czysto\u015bci w r\u00f3\u017cnych miejscach pracy, takich jak szko\u0142y, biura i inne obiekty. Poniewa\u017c ka\u017cde miejsce jest inne, dostosowujesz swoje dzia\u0142ania do konkretnych wymaga\u0144 danej lokalizacji. Dbasz o to, aby otoczenie by\u0142o zawsze czyste, higieniczne i bezpieczne, przestrzegaj\u0105c obowi\u0105zuj\u0105cych zasad higieny i bezpiecze\u0144stwa.\n<\/div>\n<\/div><div class=\"bde-column-588-115 bde-column\">\n  \n  \n\t\n\n\n\n<h3 class=\"bde-heading-588-116 bde-heading\">\nKim jeste\u015b?\n<\/h3><ul class=\"bde-basic-list-588-117 bde-basic-list\">\n  <li  >    \n          Masz do\u015bwiadczenie w sprz\u0105taniu\n      <\/li>\n  <li  >    \n          Jeste\u015b niezawodny, dok\u0142adny i dbasz o szczeg\u00f3\u0142y.\n      <\/li>\n  <li  >    \n          Potrafisz pracowa\u0107 samodzielnie, ale tak\u017ce dobrze wsp\u00f3\u0142pracowa\u0107 w zespole.\n      <\/li>\n  <li  >    \n          Masz elastyczne podej\u015bcie do pracy i chcesz pracowa\u0107 w r\u00f3\u017cnych regionach.\n      <\/li>\n  <li  >    \n          Biegle pos\u0142ugujesz si\u0119 j\u0119zykiem niderlandzkim i\/lub angielskim\n      <\/li>\n  <li  >    \n          Mieszkanie w Gouda, Drechtsteden, Gorinchem, Rotterdamie lub okolicach jest dodatkowym atutem.\n      <\/li>\n<\/ul>\n<\/div><\/div><\/div>\n<\/section><section class=\"bde-section-588-118 bde-section\">\n  \n  \n\t\n\n\n\n<div class=\"section-container\"><div class=\"bde-columns-588-119 bde-columns\"><div class=\"bde-column-588-122 bde-column\">\n  \n  \n\t\n\n\n\n<h3 class=\"bde-heading-588-123 bde-heading\">\nCo oferujemy\n<\/h3>\n<\/div><\/div><div class=\"bde-columns-588-135 bde-columns\"><div class=\"bde-column-588-136 bde-column\">\n  \n  \n\t\n\n\n\n<div class=\"bde-icon-box-588-138 bde-icon-box\">\n\n    \n            <div class=\"ee-iconbox-icon breakdance-icon-atom\" >\n    \n                    <svg xmlns=\"http:\/\/www.w3.org\/2000\/svg\" viewbox=\"0 0 512 512\"><!-- Font Awesome Free 5.15.1 by @fontawesome - https:\/\/fontawesome.com License - https:\/\/fontawesome.com\/license\/free (Icons: CC BY 4.0, Fonts: SIL OFL 1.1, Code: MIT License) --><path d=\"M173.898 439.404l-166.4-166.4c-9.997-9.997-9.997-26.206 0-36.204l36.203-36.204c9.997-9.998 26.207-9.998 36.204 0L192 312.69 432.095 72.596c9.997-9.997 26.207-9.997 36.204 0l36.203 36.204c9.997 9.997 9.997 26.206 0 36.204l-294.4 294.401c-9.998 9.997-26.207 9.997-36.204-.001z\"\/><\/svg>\n        \n        \n        \n            <\/div>\n    \n\n<div class=\"ee-iconbox-content\">\n      <p class=\"ee-iconbox-title bde-h3\" >Stanowisko w niepe\u0142nym wymiarze godzin z elastycznymi godzinami pracy<\/p>\n      <\/div>\n\n<\/div><div class=\"bde-icon-box-588-139 bde-icon-box\">\n\n    \n            <div class=\"ee-iconbox-icon breakdance-icon-atom\" >\n    \n                    <svg xmlns=\"http:\/\/www.w3.org\/2000\/svg\" viewbox=\"0 0 512 512\"><!-- Font Awesome Free 5.15.1 by @fontawesome - https:\/\/fontawesome.com License - https:\/\/fontawesome.com\/license\/free (Icons: CC BY 4.0, Fonts: SIL OFL 1.1, Code: MIT License) --><path d=\"M173.898 439.404l-166.4-166.4c-9.997-9.997-9.997-26.206 0-36.204l36.203-36.204c9.997-9.998 26.207-9.998 36.204 0L192 312.69 432.095 72.596c9.997-9.997 26.207-9.997 36.204 0l36.203 36.204c9.997 9.997 9.997 26.206 0 36.204l-294.4 294.401c-9.998 9.997-26.207 9.997-36.204-.001z\"\/><\/svg>\n        \n        \n        \n            <\/div>\n    \n\n<div class=\"ee-iconbox-content\">\n      <p class=\"ee-iconbox-title bde-h3\" >Wynagrodzenie w wysoko\u015bci 14,58 euro za godzin\u0119<\/p>\n      <\/div>\n\n<\/div><div class=\"bde-icon-box-588-140 bde-icon-box\">\n\n    \n            <div class=\"ee-iconbox-icon breakdance-icon-atom\" >\n    \n                    <svg xmlns=\"http:\/\/www.w3.org\/2000\/svg\" viewbox=\"0 0 512 512\"><!-- Font Awesome Free 5.15.1 by @fontawesome - https:\/\/fontawesome.com License - https:\/\/fontawesome.com\/license\/free (Icons: CC BY 4.0, Fonts: SIL OFL 1.1, Code: MIT License) --><path d=\"M173.898 439.404l-166.4-166.4c-9.997-9.997-9.997-26.206 0-36.204l36.203-36.204c9.997-9.998 26.207-9.998 36.204 0L192 312.69 432.095 72.596c9.997-9.997 26.207-9.997 36.204 0l36.203 36.204c9.997 9.997 9.997 26.206 0 36.204l-294.4 294.401c-9.998 9.997-26.207 9.997-36.204-.001z\"\/><\/svg>\n        \n        \n        \n            <\/div>\n    \n\n<div class=\"ee-iconbox-content\">\n      <p class=\"ee-iconbox-title bde-h3\" >Praca w przyjemnym \u015brodowisku pracy z r\u00f3\u017cnorodnymi lokalizacjami<\/p>\n      <\/div>\n\n<\/div>\n<\/div><div class=\"bde-column-588-143 bde-column\">\n  \n  \n\t\n\n\n\n<div class=\"bde-icon-box-588-148 bde-icon-box\">\n\n    \n            <div class=\"ee-iconbox-icon breakdance-icon-atom\" >\n    \n                    <svg xmlns=\"http:\/\/www.w3.org\/2000\/svg\" viewbox=\"0 0 512 512\"><!-- Font Awesome Free 5.15.1 by @fontawesome - https:\/\/fontawesome.com License - https:\/\/fontawesome.com\/license\/free (Icons: CC BY 4.0, Fonts: SIL OFL 1.1, Code: MIT License) --><path d=\"M173.898 439.404l-166.4-166.4c-9.997-9.997-9.997-26.206 0-36.204l36.203-36.204c9.997-9.998 26.207-9.998 36.204 0L192 312.69 432.095 72.596c9.997-9.997 26.207-9.997 36.204 0l36.203 36.204c9.997 9.997 9.997 26.206 0 36.204l-294.4 294.401c-9.998 9.997-26.207 9.997-36.204-.001z\"\/><\/svg>\n        \n        \n        \n            <\/div>\n    \n\n<div class=\"ee-iconbox-content\">\n      <p class=\"ee-iconbox-title bde-h3\" >Mo\u017cliwo\u015bci osobistego wzrostu i rozwoju<\/p>\n      <\/div>\n\n<\/div><div class=\"bde-icon-box-588-149 bde-icon-box\">\n\n    \n            <div class=\"ee-iconbox-icon breakdance-icon-atom\" >\n    \n                    <svg xmlns=\"http:\/\/www.w3.org\/2000\/svg\" viewbox=\"0 0 512 512\"><!-- Font Awesome Free 5.15.1 by @fontawesome - https:\/\/fontawesome.com License - https:\/\/fontawesome.com\/license\/free (Icons: CC BY 4.0, Fonts: SIL OFL 1.1, Code: MIT License) --><path d=\"M173.898 439.404l-166.4-166.4c-9.997-9.997-9.997-26.206 0-36.204l36.203-36.204c9.997-9.998 26.207-9.998 36.204 0L192 312.69 432.095 72.596c9.997-9.997 26.207-9.997 36.204 0l36.203 36.204c9.997 9.997 9.997 26.206 0 36.204l-294.4 294.401c-9.998 9.997-26.207 9.997-36.204-.001z\"\/><\/svg>\n        \n        \n        \n            <\/div>\n    \n\n<div class=\"ee-iconbox-content\">\n      <p class=\"ee-iconbox-title bde-h3\" >Zr\u00f3\u017cnicowana praca w r\u00f3\u017cnych typach miejsc sprz\u0105tania, takich jak szko\u0142y, biura i przestrzenie publiczne.<\/p>\n      <\/div>\n\n<\/div>\n<\/div><\/div><\/div>\n<\/section><section class=\"bde-section-588-129 bde-section\">\n  \n  \n\t\n\n\n\n<div class=\"section-container\"><div class=\"bde-text-588-130 bde-text\">\nCzy jeste\u015b pracownikiem sprz\u0105taj\u0105cym, kt\u00f3rego szukamy?<br>Aplikuj szybko i do\u0142\u0105cz do nas w regionie!\n<\/div><div class=\"bde-button-588-131 bde-button\">\n    \n                                    \n    \n    \n    \n    \n            \n                    \n            \n            \n\n    \n    \n    \n    \n    \n    <a class=\"breakdance-link button-atom button-atom--custom bde-button__button\" href=\"https:\/\/flexservicescare.nl\/pl\/solliciteren\/\" target=\"_blank\" data-type=\"url\"  >\n\n    \n        <span class=\"button-atom__text\">Aplikuj bezpo\u015brednio<\/span>\n\n        \n        \n                <\/a>\n\n    \n\n\n<\/div><\/div>\n<\/section>","protected":false},"excerpt":{"rendered":"<p>Reageer op onze vacatures en vind jouw droom baan! Schoonmaakmedewerker Parttime Wij zijn op zoek naar een betrouwbare en gemotiveerde schoonmaakmedewerker voor diverse schoonmaakwerkzaamheden in de regio Gouda, Drechtsteden, Gorinchem, Rotterdam en omliggende gebieden. Je zult werken op verschillende locaties zoals scholen, kantoren, bedrijven en andere openbare ruimtes. In deze functie ben je verantwoordelijk voor [&hellip;]<\/p>","protected":false},"author":1,"featured_media":0,"parent":0,"menu_order":0,"comment_status":"closed","ping_status":"closed","template":"","meta":{"_breakdance_hide_in_design_set":false,"_breakdance_tags":"","footnotes":""},"class_list":["post-588","page","type-page","status-publish","hentry"],"_links":{"self":[{"href":"https:\/\/flexservicescare.nl\/pl\/wp-json\/wp\/v2\/pages\/588","targetHints":{"allow":["GET"]}}],"collection":[{"href":"https:\/\/flexservicescare.nl\/pl\/wp-json\/wp\/v2\/pages"}],"about":[{"href":"https:\/\/flexservicescare.nl\/pl\/wp-json\/wp\/v2\/types\/page"}],"author":[{"embeddable":true,"href":"https:\/\/flexservicescare.nl\/pl\/wp-json\/wp\/v2\/users\/1"}],"replies":[{"embeddable":true,"href":"https:\/\/flexservicescare.nl\/pl\/wp-json\/wp\/v2\/comments?post=588"}],"version-history":[{"count":0,"href":"https:\/\/flexservicescare.nl\/pl\/wp-json\/wp\/v2\/pages\/588\/revisions"}],"wp:attachment":[{"href":"https:\/\/flexservicescare.nl\/pl\/wp-json\/wp\/v2\/media?parent=588"}],"curies":[{"name":"wp","href":"https:\/\/api.w.org\/{rel}","templated":true}]}}