{"id":619,"date":"2025-02-28T08:49:59","date_gmt":"2025-02-28T08:49:59","guid":{"rendered":"http:\/\/flexservicescare.nl\/?page_id=619"},"modified":"2025-03-03T16:07:48","modified_gmt":"2025-03-03T16:07:48","slug":"glazenwasser","status":"publish","type":"page","link":"https:\/\/flexservicescare.nl\/pl\/glazenwasser\/","title":{"rendered":"Myjka do okien"},"content":{"rendered":"<section id=\"bd-fancy-section2\" class=\"bde-section-619-100 bde-section\">\n              \n  \n  \n\t\n\n  <div class=\"section-background-overlay\"><\/div>\n\n\n<div class=\"section-container\"><h1 class=\"bde-dual-heading-619-101 bde-dual-heading\">\n\n\n            <span data-style=\"primary\" class=\"dual-heading--primary\">Aplikuj na nasze <\/span>\n\n            <span data-style=\"secondary\" class=\"dual-heading--secondary\">oferty<\/span>\n\n            <span data-style=\"primary\" class=\"dual-heading--primary\">i znajd\u017a wymarzon\u0105 prac\u0119!<\/span>\n\n\n\n<\/h1><\/div>\n<\/section><section class=\"bde-section-619-102 bde-section\">\n  \n  \n\t\n\n\n\n<div class=\"section-container\"><div class=\"bde-columns-619-103 bde-columns\"><div class=\"bde-column-619-104 bde-column\">\n  \n  \n\t\n\n\n\n<h2 class=\"bde-heading-619-105 bde-heading\">\nMyjka do okien Pe\u0142ny etat\n<\/h2><div class=\"bde-text-619-106 bde-text\">\nPoszukujemy niezawodnego i zmotywowanego pracownika do mycia okien w pe\u0142nym wymiarze godzin w r\u00f3\u017cnych lokalizacjach na terenie Holandii Po\u0142udniowej. W tej roli b\u0119dziesz odpowiedzialny za mycie okien i innych szklanych powierzchni w r\u00f3\u017cnych lokalizacjach, takich jak biura, sklepy, szko\u0142y i domy. B\u0119dziesz pracowa\u0107 z profesjonalnym sprz\u0119tem i dba\u0107 o to, aby okna i szklane powierzchnie by\u0142y zawsze idealnie czyste.\n<\/div><div class=\"bde-text-619-107 bde-text\">\nHolandia Po\u0142udniowa\n<\/div>\n<\/div><div class=\"bde-column-619-108 bde-column\">\n  \n  \n\t\n\n\n\n<div class=\"bde-button-619-109 bde-button\">\n    \n                                    \n    \n    \n    \n    \n            \n                    \n            \n            \n\n    \n    \n    \n    \n    \n    <a class=\"breakdance-link button-atom button-atom--custom bde-button__button\" href=\"https:\/\/flexservicescare.nl\/pl\/solliciteren\/\" target=\"_blank\" data-type=\"url\"  >\n\n    \n        <span class=\"button-atom__text\">Aplikuj bezpo\u015brednio<\/span>\n\n        \n        \n                <\/a>\n\n    \n\n\n<\/div><div class=\"bde-button-619-110 bde-button\">\n    \n                                    \n    \n    \n    \n    \n            \n                    \n            \n            \n\n    \n    \n    \n    \n    \n    <a class=\"breakdance-link button-atom button-atom--custom bde-button__button\" href=\"https:\/\/flexservicescare.nl\/pl\/vacatures\/\" target=\"_self\" data-type=\"url\"  >\n\n    \n        <span class=\"button-atom__text\">Wszystkie wolne miejsca pracy<\/span>\n\n        \n        \n                <\/a>\n\n    \n\n\n<\/div>\n<\/div><\/div><div class=\"bde-columns-619-111 bde-columns\"><div class=\"bde-column-619-112 bde-column\">\n  \n  \n\t\n\n\n\n<h3 class=\"bde-heading-619-113 bde-heading\">\nCo b\u0119dziesz robi\u0107?\n<\/h3><div class=\"bde-text-619-133 bde-text\">\nJako pe\u0142noetatowy pracownik do mycia okien b\u0119dziesz odpowiedzialny za mycie okien i innych szklanych powierzchni w r\u00f3\u017cnych lokalizacjach w South Holland. B\u0119dziesz u\u017cywa\u0107 profesjonalnego sprz\u0119tu do mycia szyb i \u015brodk\u00f3w czyszcz\u0105cych, aby zapewni\u0107, \u017ce wszystko jest dok\u0142adnie i bez smug czyste. Pracujesz zgodnie z obowi\u0105zuj\u0105cymi przepisami bezpiecze\u0144stwa i zawsze dbasz o porz\u0105dek w miejscu pracy. Zwracasz r\u00f3wnie\u017c uwag\u0119 na wszelkie uszkodzenia i zg\u0142aszasz je klientowi.\n<\/div>\n<\/div><div class=\"bde-column-619-115 bde-column\">\n  \n  \n\t\n\n\n\n<h3 class=\"bde-heading-619-116 bde-heading\">\nKim jeste\u015b?\n<\/h3><ul class=\"bde-basic-list-619-117 bde-basic-list\">\n  <li  >    \n          Masz do\u015bwiadczenie w myciu okien, ale nie jest to wym\u00f3g konieczny.\n      <\/li>\n  <li  >    \n          Masz oko do szczeg\u00f3\u0142\u00f3w i pracujesz dok\u0142adnie\n      <\/li>\n  <li  >    \n          Potrafisz pracowa\u0107 samodzielnie i masz elastyczne podej\u015bcie do pracy.\n      <\/li>\n  <li  >    \n          Nie boisz si\u0119 wysoko\u015bci i jeste\u015b fizycznie zdolny do wykonywania pracy na wysoko\u015bci.\n      <\/li>\n  <li  >    \n          Biegle pos\u0142ugujesz si\u0119 j\u0119zykiem niderlandzkim i\/lub angielskim\n      <\/li>\n  <li  >    \n          Mieszkanie w South Holland lub okolicy jest dodatkowym atutem\n      <\/li>\n<\/ul>\n<\/div><\/div><\/div>\n<\/section><section class=\"bde-section-619-134 bde-section\">\n  \n  \n\t\n\n\n\n<div class=\"section-container\"><div class=\"bde-columns-619-135 bde-columns\"><div class=\"bde-column-619-136 bde-column\">\n  \n  \n\t\n\n\n\n<h3 class=\"bde-heading-619-137 bde-heading\">\nCo oferujemy\n<\/h3>\n<\/div><\/div><div class=\"bde-columns-619-138 bde-columns\"><div class=\"bde-column-619-139 bde-column\">\n  \n  \n\t\n\n\n\n<div class=\"bde-icon-box-619-124 bde-icon-box\">\n\n    \n            <div class=\"ee-iconbox-icon breakdance-icon-atom\" >\n    \n                    <svg xmlns=\"http:\/\/www.w3.org\/2000\/svg\" viewbox=\"0 0 512 512\"><!-- Font Awesome Free 5.15.1 by @fontawesome - https:\/\/fontawesome.com License - https:\/\/fontawesome.com\/license\/free (Icons: CC BY 4.0, Fonts: SIL OFL 1.1, Code: MIT License) --><path d=\"M173.898 439.404l-166.4-166.4c-9.997-9.997-9.997-26.206 0-36.204l36.203-36.204c9.997-9.998 26.207-9.998 36.204 0L192 312.69 432.095 72.596c9.997-9.997 26.207-9.997 36.204 0l36.203 36.204c9.997 9.997 9.997 26.206 0 36.204l-294.4 294.401c-9.998 9.997-26.207 9.997-36.204-.001z\"\/><\/svg>\n        \n        \n        \n            <\/div>\n    \n\n<div class=\"ee-iconbox-content\">\n      <p class=\"ee-iconbox-title bde-h3\" >Stanowisko w pe\u0142nym wymiarze godzin ze sta\u0142ymi godzinami pracy<\/p>\n      <\/div>\n\n<\/div><div class=\"bde-icon-box-619-125 bde-icon-box\">\n\n    \n            <div class=\"ee-iconbox-icon breakdance-icon-atom\" >\n    \n                    <svg xmlns=\"http:\/\/www.w3.org\/2000\/svg\" viewbox=\"0 0 512 512\"><!-- Font Awesome Free 5.15.1 by @fontawesome - https:\/\/fontawesome.com License - https:\/\/fontawesome.com\/license\/free (Icons: CC BY 4.0, Fonts: SIL OFL 1.1, Code: MIT License) --><path d=\"M173.898 439.404l-166.4-166.4c-9.997-9.997-9.997-26.206 0-36.204l36.203-36.204c9.997-9.998 26.207-9.998 36.204 0L192 312.69 432.095 72.596c9.997-9.997 26.207-9.997 36.204 0l36.203 36.204c9.997 9.997 9.997 26.206 0 36.204l-294.4 294.401c-9.998 9.997-26.207 9.997-36.204-.001z\"\/><\/svg>\n        \n        \n        \n            <\/div>\n    \n\n<div class=\"ee-iconbox-content\">\n      <p class=\"ee-iconbox-title bde-h3\" >Konkurencyjne wynagrodzenie w zale\u017cno\u015bci od do\u015bwiadczenia<\/p>\n      <\/div>\n\n<\/div><div class=\"bde-icon-box-619-126 bde-icon-box\">\n\n    \n            <div class=\"ee-iconbox-icon breakdance-icon-atom\" >\n    \n                    <svg xmlns=\"http:\/\/www.w3.org\/2000\/svg\" viewbox=\"0 0 512 512\"><!-- Font Awesome Free 5.15.1 by @fontawesome - https:\/\/fontawesome.com License - https:\/\/fontawesome.com\/license\/free (Icons: CC BY 4.0, Fonts: SIL OFL 1.1, Code: MIT License) --><path d=\"M173.898 439.404l-166.4-166.4c-9.997-9.997-9.997-26.206 0-36.204l36.203-36.204c9.997-9.998 26.207-9.998 36.204 0L192 312.69 432.095 72.596c9.997-9.997 26.207-9.997 36.204 0l36.203 36.204c9.997 9.997 9.997 26.206 0 36.204l-294.4 294.401c-9.998 9.997-26.207 9.997-36.204-.001z\"\/><\/svg>\n        \n        \n        \n            <\/div>\n    \n\n<div class=\"ee-iconbox-content\">\n      <p class=\"ee-iconbox-title bde-h3\" >Praca w profesjonalnym i dobrze wyposa\u017conym \u015brodowisku pracy<\/p>\n      <\/div>\n\n<\/div>\n<\/div><div class=\"bde-column-619-143 bde-column\">\n  \n  \n\t\n\n\n\n<div class=\"bde-icon-box-619-127 bde-icon-box\">\n\n    \n            <div class=\"ee-iconbox-icon breakdance-icon-atom\" >\n    \n                    <svg xmlns=\"http:\/\/www.w3.org\/2000\/svg\" viewbox=\"0 0 512 512\"><!-- Font Awesome Free 5.15.1 by @fontawesome - https:\/\/fontawesome.com License - https:\/\/fontawesome.com\/license\/free (Icons: CC BY 4.0, Fonts: SIL OFL 1.1, Code: MIT License) --><path d=\"M173.898 439.404l-166.4-166.4c-9.997-9.997-9.997-26.206 0-36.204l36.203-36.204c9.997-9.998 26.207-9.998 36.204 0L192 312.69 432.095 72.596c9.997-9.997 26.207-9.997 36.204 0l36.203 36.204c9.997 9.997 9.997 26.206 0 36.204l-294.4 294.401c-9.998 9.997-26.207 9.997-36.204-.001z\"\/><\/svg>\n        \n        \n        \n            <\/div>\n    \n\n<div class=\"ee-iconbox-content\">\n      <p class=\"ee-iconbox-title bde-h3\" >Przestrze\u0144 dla osobistego wzrostu i rozwoju<\/p>\n      <\/div>\n\n<\/div><div class=\"bde-icon-box-619-128 bde-icon-box\">\n\n    \n            <div class=\"ee-iconbox-icon breakdance-icon-atom\" >\n    \n                    <svg xmlns=\"http:\/\/www.w3.org\/2000\/svg\" viewbox=\"0 0 512 512\"><!-- Font Awesome Free 5.15.1 by @fontawesome - https:\/\/fontawesome.com License - https:\/\/fontawesome.com\/license\/free (Icons: CC BY 4.0, Fonts: SIL OFL 1.1, Code: MIT License) --><path d=\"M173.898 439.404l-166.4-166.4c-9.997-9.997-9.997-26.206 0-36.204l36.203-36.204c9.997-9.998 26.207-9.998 36.204 0L192 312.69 432.095 72.596c9.997-9.997 26.207-9.997 36.204 0l36.203 36.204c9.997 9.997 9.997 26.206 0 36.204l-294.4 294.401c-9.998 9.997-26.207 9.997-36.204-.001z\"\/><\/svg>\n        \n        \n        \n            <\/div>\n    \n\n<div class=\"ee-iconbox-content\">\n      <p class=\"ee-iconbox-title bde-h3\" >R\u00f3\u017cnorodna praca w r\u00f3\u017cnych lokalizacjach w ca\u0142ej Holandii Po\u0142udniowej<\/p>\n      <\/div>\n\n<\/div>\n<\/div><\/div><\/div>\n<\/section><section class=\"bde-section-619-130 bde-section\">\n  \n  \n\t\n\n\n\n<div class=\"section-container\"><div class=\"bde-text-619-131 bde-text\">\nCzy jeste\u015b pe\u0142noetatowym pracownikiem do mycia okien, kt\u00f3rego szukamy? <br>Aplikuj szybko i do\u0142\u0105cz do nas w South Holland!\n<\/div><div class=\"bde-button-619-132 bde-button\">\n    \n                                    \n    \n    \n    \n    \n            \n                    \n            \n            \n\n    \n    \n    \n    \n    \n    <a class=\"breakdance-link button-atom button-atom--custom bde-button__button\" href=\"https:\/\/flexservicescare.nl\/pl\/solliciteren\/\" target=\"_blank\" data-type=\"url\"  >\n\n    \n        <span class=\"button-atom__text\">Aplikuj bezpo\u015brednio<\/span>\n\n        \n        \n                <\/a>\n\n    \n\n\n<\/div><\/div>\n<\/section>","protected":false},"excerpt":{"rendered":"<p>Reageer op onze vacatures en vind jouw droom baan! Glazenwasser Fulltime Wij zijn op zoek naar een betrouwbare en gemotiveerde fulltime glazenwasser voor diverse locaties door heel Zuid-Holland. In deze rol ben je verantwoordelijk voor het reinigen van ramen en andere glasoppervlakken op verschillende locaties, zoals kantoren, winkels, scholen en woningen. Je werkt met professionele [&hellip;]<\/p>","protected":false},"author":1,"featured_media":0,"parent":0,"menu_order":0,"comment_status":"closed","ping_status":"closed","template":"","meta":{"_breakdance_hide_in_design_set":false,"_breakdance_tags":"","footnotes":""},"class_list":["post-619","page","type-page","status-publish","hentry"],"_links":{"self":[{"href":"https:\/\/flexservicescare.nl\/pl\/wp-json\/wp\/v2\/pages\/619","targetHints":{"allow":["GET"]}}],"collection":[{"href":"https:\/\/flexservicescare.nl\/pl\/wp-json\/wp\/v2\/pages"}],"about":[{"href":"https:\/\/flexservicescare.nl\/pl\/wp-json\/wp\/v2\/types\/page"}],"author":[{"embeddable":true,"href":"https:\/\/flexservicescare.nl\/pl\/wp-json\/wp\/v2\/users\/1"}],"replies":[{"embeddable":true,"href":"https:\/\/flexservicescare.nl\/pl\/wp-json\/wp\/v2\/comments?post=619"}],"version-history":[{"count":0,"href":"https:\/\/flexservicescare.nl\/pl\/wp-json\/wp\/v2\/pages\/619\/revisions"}],"wp:attachment":[{"href":"https:\/\/flexservicescare.nl\/pl\/wp-json\/wp\/v2\/media?parent=619"}],"curies":[{"name":"wp","href":"https:\/\/api.w.org\/{rel}","templated":true}]}}