{"id":628,"date":"2025-02-27T16:22:53","date_gmt":"2025-02-27T16:22:53","guid":{"rendered":"http:\/\/flexservicescare.nl\/?page_id=628"},"modified":"2025-03-03T16:14:37","modified_gmt":"2025-03-03T16:14:37","slug":"orderpicker","status":"publish","type":"page","link":"https:\/\/flexservicescare.nl\/pl\/orderpicker\/","title":{"rendered":"Order picker"},"content":{"rendered":"<section id=\"bd-fancy-section2\" class=\"bde-section-628-100 bde-section\">\n              \n  \n  \n\t\n\n  <div class=\"section-background-overlay\"><\/div>\n\n\n<div class=\"section-container\"><h1 class=\"bde-dual-heading-628-101 bde-dual-heading\">\n\n\n            <span data-style=\"primary\" class=\"dual-heading--primary\">Aplikuj na nasze <\/span>\n\n            <span data-style=\"secondary\" class=\"dual-heading--secondary\">oferty<\/span>\n\n            <span data-style=\"primary\" class=\"dual-heading--primary\">i znajd\u017a wymarzon\u0105 prac\u0119!<\/span>\n\n\n\n<\/h1><\/div>\n<\/section><section class=\"bde-section-628-118 bde-section\">\n  \n  \n\t\n\n\n\n<div class=\"section-container\"><div class=\"bde-columns-628-119 bde-columns\"><div class=\"bde-column-628-120 bde-column\">\n  \n  \n\t\n\n\n\n<h2 class=\"bde-heading-628-121 bde-heading\">\nPracownik magazynu \/ Kompletator zam\u00f3wie\u0144 Pe\u0142ny etat\n<\/h2><div class=\"bde-text-628-122 bde-text\">\nPoszukujemy do\u015bwiadczonego pracownika magazynu \/ kompletatora zam\u00f3wie\u0144 do dynamicznie rozwijaj\u0105cego si\u0119 magazynu w South Holland. Na tym stanowisku b\u0119dziesz odpowiedzialny za kompletowanie zam\u00f3wie\u0144, ksi\u0119gowanie towar\u00f3w na wej\u015bciu i wyj\u015bciu oraz utrzymywanie porz\u0105dku w magazynie. B\u0119dziesz dba\u0107 o to, aby odpowiednie produkty dociera\u0142y na czas i we w\u0142a\u015bciwe miejsce, gotowe do wysy\u0142ki lub przetworzenia. Do\u015bwiadczenie w pracy magazynowej i kompletacji zam\u00f3wie\u0144 jest wymagane, do\u015bwiadczenie w obs\u0142udze w\u00f3zka wid\u0142owego jest dodatkowym atutem.\n<\/div><div class=\"bde-text-628-123 bde-text\">\nHolandia Po\u0142udniowa\n<\/div>\n<\/div><div class=\"bde-column-628-124 bde-column\">\n  \n  \n\t\n\n\n\n<div class=\"bde-button-628-125 bde-button\">\n    \n                                    \n    \n    \n    \n    \n            \n                    \n            \n            \n\n    \n    \n    \n    \n    \n    <a class=\"breakdance-link button-atom button-atom--custom bde-button__button\" href=\"https:\/\/flexservicescare.nl\/pl\/solliciteren\/\" target=\"_blank\" data-type=\"url\"  >\n\n    \n        <span class=\"button-atom__text\">Aplikuj bezpo\u015brednio<\/span>\n\n        \n        \n                <\/a>\n\n    \n\n\n<\/div><div class=\"bde-button-628-126 bde-button\">\n    \n                                    \n    \n    \n    \n    \n            \n                    \n            \n            \n\n    \n    \n    \n    \n    \n    <a class=\"breakdance-link button-atom button-atom--custom bde-button__button\" href=\"https:\/\/flexservicescare.nl\/pl\/vacatures\/\" target=\"_self\" data-type=\"url\"  >\n\n    \n        <span class=\"button-atom__text\">Wszystkie wolne miejsca pracy<\/span>\n\n        \n        \n                <\/a>\n\n    \n\n\n<\/div>\n<\/div><\/div><div class=\"bde-columns-628-127 bde-columns\"><div class=\"bde-column-628-128 bde-column\">\n  \n  \n\t\n\n\n\n<h3 class=\"bde-heading-628-129 bde-heading\">\nCo b\u0119dziesz robi\u0107?\n<\/h3><div class=\"bde-text-628-130 bde-text\">\nJako pracownik magazynu\/order picker jeste\u015b odpowiedzialny za kompletowanie i zbieranie towar\u00f3w zgodnie z okre\u015blonymi zam\u00f3wieniami. Ksi\u0119gujesz towary w systemie i zapewniasz, \u017ce magazyn zawsze pozostaje uporz\u0105dkowany i zorganizowany. Zajmujesz si\u0119 tak\u017ce za\u0142adunkiem i roz\u0142adunkiem ci\u0119\u017car\u00f3wek i kontener\u00f3w, a je\u015bli posiadasz certyfikat w\u00f3zka wid\u0142owego, obs\u0142ugujesz w\u00f3zek wid\u0142owy w celu przemieszczania produkt\u00f3w. Identyfikujesz braki magazynowe i zg\u0142aszasz je prze\u0142o\u017conemu w odpowiednim czasie, aby magazyn by\u0142 dobrze zaopatrzony.\n<\/div>\n<\/div><div class=\"bde-column-628-131 bde-column\">\n  \n  \n\t\n\n\n\n<h3 class=\"bde-heading-628-132 bde-heading\">\nKim jeste\u015b?\n<\/h3><ul class=\"bde-basic-list-628-133 bde-basic-list\">\n  <li  >    \n          Dobrze m\u00f3wisz i rozumiesz j\u0119zyk niderlandzki\n      <\/li>\n  <li  >    \n          Masz do\u015bwiadczenie jako pracownik magazynu lub osoba kompletuj\u0105ca zam\u00f3wienia\n      <\/li>\n  <li  >    \n          Do\u015bwiadczenie w obs\u0142udze w\u00f3zka wid\u0142owego jest dodatkowym atutem (certyfikat jest dodatkowym atutem)\n      <\/li>\n  <li  >    \n          Pracujesz dok\u0142adnie, szybko i dbasz o szczeg\u00f3\u0142y.\n      <\/li>\n  <li  >    \n          Jeste\u015b fizycznie zdolny do wykonywania pracy i potrafisz pracowa\u0107 samodzielnie.\n      <\/li>\n  <li  >    \n          Mieszkanie w South Holland lub okolicy jest dodatkowym atutem\n      <\/li>\n<\/ul>\n<\/div><\/div><\/div>\n<\/section><section class=\"bde-section-628-148 bde-section\">\n  \n  \n\t\n\n\n\n<div class=\"section-container\"><div class=\"bde-columns-628-149 bde-columns\"><div class=\"bde-column-628-150 bde-column\">\n  \n  \n\t\n\n\n\n<h3 class=\"bde-heading-628-151 bde-heading\">\nCo oferujemy\n<\/h3>\n<\/div><\/div><div class=\"bde-columns-628-152 bde-columns\"><div class=\"bde-column-628-153 bde-column\">\n  \n  \n\t\n\n\n\n<div class=\"bde-icon-box-628-140 bde-icon-box\">\n\n    \n            <div class=\"ee-iconbox-icon breakdance-icon-atom\" >\n    \n                    <svg xmlns=\"http:\/\/www.w3.org\/2000\/svg\" viewbox=\"0 0 512 512\"><!-- Font Awesome Free 5.15.1 by @fontawesome - https:\/\/fontawesome.com License - https:\/\/fontawesome.com\/license\/free (Icons: CC BY 4.0, Fonts: SIL OFL 1.1, Code: MIT License) --><path d=\"M173.898 439.404l-166.4-166.4c-9.997-9.997-9.997-26.206 0-36.204l36.203-36.204c9.997-9.998 26.207-9.998 36.204 0L192 312.69 432.095 72.596c9.997-9.997 26.207-9.997 36.204 0l36.203 36.204c9.997 9.997 9.997 26.206 0 36.204l-294.4 294.401c-9.998 9.997-26.207 9.997-36.204-.001z\"\/><\/svg>\n        \n        \n        \n            <\/div>\n    \n\n<div class=\"ee-iconbox-content\">\n      <p class=\"ee-iconbox-title bde-h3\" >Stanowisko w pe\u0142nym wymiarze godzin z konkurencyjnym wynagrodzeniem, w zale\u017cno\u015bci od do\u015bwiadczenia<\/p>\n      <\/div>\n\n<\/div><div class=\"bde-icon-box-628-142 bde-icon-box\">\n\n    \n            <div class=\"ee-iconbox-icon breakdance-icon-atom\" >\n    \n                    <svg xmlns=\"http:\/\/www.w3.org\/2000\/svg\" viewbox=\"0 0 512 512\"><!-- Font Awesome Free 5.15.1 by @fontawesome - https:\/\/fontawesome.com License - https:\/\/fontawesome.com\/license\/free (Icons: CC BY 4.0, Fonts: SIL OFL 1.1, Code: MIT License) --><path d=\"M173.898 439.404l-166.4-166.4c-9.997-9.997-9.997-26.206 0-36.204l36.203-36.204c9.997-9.998 26.207-9.998 36.204 0L192 312.69 432.095 72.596c9.997-9.997 26.207-9.997 36.204 0l36.203 36.204c9.997 9.997 9.997 26.206 0 36.204l-294.4 294.401c-9.998 9.997-26.207 9.997-36.204-.001z\"\/><\/svg>\n        \n        \n        \n            <\/div>\n    \n\n<div class=\"ee-iconbox-content\">\n      <p class=\"ee-iconbox-title bde-h3\" >Praca w profesjonalnym i dobrze wyposa\u017conym \u015brodowisku pracy<\/p>\n      <\/div>\n\n<\/div><div class=\"bde-icon-box-628-143 bde-icon-box\">\n\n    \n            <div class=\"ee-iconbox-icon breakdance-icon-atom\" >\n    \n                    <svg xmlns=\"http:\/\/www.w3.org\/2000\/svg\" viewbox=\"0 0 512 512\"><!-- Font Awesome Free 5.15.1 by @fontawesome - https:\/\/fontawesome.com License - https:\/\/fontawesome.com\/license\/free (Icons: CC BY 4.0, Fonts: SIL OFL 1.1, Code: MIT License) --><path d=\"M173.898 439.404l-166.4-166.4c-9.997-9.997-9.997-26.206 0-36.204l36.203-36.204c9.997-9.998 26.207-9.998 36.204 0L192 312.69 432.095 72.596c9.997-9.997 26.207-9.997 36.204 0l36.203 36.204c9.997 9.997 9.997 26.206 0 36.204l-294.4 294.401c-9.998 9.997-26.207 9.997-36.204-.001z\"\/><\/svg>\n        \n        \n        \n            <\/div>\n    \n\n<div class=\"ee-iconbox-content\">\n      <p class=\"ee-iconbox-title bde-h3\" >Przestrze\u0144 dla osobistego wzrostu i rozwoju<\/p>\n      <\/div>\n\n<\/div>\n<\/div><div class=\"bde-column-628-156 bde-column\">\n  \n  \n\t\n\n\n\n<div class=\"bde-icon-box-628-144 bde-icon-box\">\n\n    \n            <div class=\"ee-iconbox-icon breakdance-icon-atom\" >\n    \n                    <svg xmlns=\"http:\/\/www.w3.org\/2000\/svg\" viewbox=\"0 0 512 512\"><!-- Font Awesome Free 5.15.1 by @fontawesome - https:\/\/fontawesome.com License - https:\/\/fontawesome.com\/license\/free (Icons: CC BY 4.0, Fonts: SIL OFL 1.1, Code: MIT License) --><path d=\"M173.898 439.404l-166.4-166.4c-9.997-9.997-9.997-26.206 0-36.204l36.203-36.204c9.997-9.998 26.207-9.998 36.204 0L192 312.69 432.095 72.596c9.997-9.997 26.207-9.997 36.204 0l36.203 36.204c9.997 9.997 9.997 26.206 0 36.204l-294.4 294.401c-9.998 9.997-26.207 9.997-36.204-.001z\"\/><\/svg>\n        \n        \n        \n            <\/div>\n    \n\n<div class=\"ee-iconbox-content\">\n      <p class=\"ee-iconbox-title bde-h3\" >Kolegialny zesp\u00f3\u0142 i przyjemne miejsce pracy<\/p>\n      <\/div>\n\n<\/div><div class=\"bde-icon-box-628-141 bde-icon-box\">\n\n    \n            <div class=\"ee-iconbox-icon breakdance-icon-atom\" >\n    \n                    <svg xmlns=\"http:\/\/www.w3.org\/2000\/svg\" viewbox=\"0 0 512 512\"><!-- Font Awesome Free 5.15.1 by @fontawesome - https:\/\/fontawesome.com License - https:\/\/fontawesome.com\/license\/free (Icons: CC BY 4.0, Fonts: SIL OFL 1.1, Code: MIT License) --><path d=\"M173.898 439.404l-166.4-166.4c-9.997-9.997-9.997-26.206 0-36.204l36.203-36.204c9.997-9.998 26.207-9.998 36.204 0L192 312.69 432.095 72.596c9.997-9.997 26.207-9.997 36.204 0l36.203 36.204c9.997 9.997 9.997 26.206 0 36.204l-294.4 294.401c-9.998 9.997-26.207 9.997-36.204-.001z\"\/><\/svg>\n        \n        \n        \n            <\/div>\n    \n\n<div class=\"ee-iconbox-content\">\n      <p class=\"ee-iconbox-title bde-h3\" >Mo\u017cliwo\u015b\u0107 uzyskania certyfikatu w\u00f3zka wid\u0142owego (je\u015bli jeszcze go nie posiada)<\/p>\n      <\/div>\n\n<\/div>\n<\/div><\/div><\/div>\n<\/section><section class=\"bde-section-628-145 bde-section\">\n  \n  \n\t\n\n\n\n<div class=\"section-container\"><div class=\"bde-text-628-146 bde-text\">\nCzy jeste\u015b pracownikiem magazynu \/ kompletatorem zam\u00f3wie\u0144, kt\u00f3rego szukamy? <br>Aplikuj szybko i przyjed\u017a do pracy w naszym magazynie w South Holland!\n<\/div><div class=\"bde-button-628-147 bde-button\">\n    \n                                    \n    \n    \n    \n    \n            \n                    \n            \n            \n\n    \n    \n    \n    \n    \n    <a class=\"breakdance-link button-atom button-atom--custom bde-button__button\" href=\"https:\/\/flexservicescare.nl\/pl\/solliciteren\/\" target=\"_blank\" data-type=\"url\"  >\n\n    \n        <span class=\"button-atom__text\">Aplikuj bezpo\u015brednio<\/span>\n\n        \n        \n                <\/a>\n\n    \n\n\n<\/div><\/div>\n<\/section>","protected":false},"excerpt":{"rendered":"<p>Reageer op onze vacatures en vind jouw droom baan! Magazijnmedewerker \/ Orderpicker Fulltime Wij zijn op zoek naar een ervaren magazijnmedewerker \/ orderpicker voor een dynamisch magazijn in Zuid-Holland. In deze rol ben je verantwoordelijk voor het verzamelen van orders, het in- en uitboeken van goederen en het onderhouden van een ordelijk magazijn. Je zorgt [&hellip;]<\/p>","protected":false},"author":1,"featured_media":0,"parent":0,"menu_order":0,"comment_status":"closed","ping_status":"closed","template":"","meta":{"_breakdance_hide_in_design_set":false,"_breakdance_tags":"","footnotes":""},"class_list":["post-628","page","type-page","status-publish","hentry"],"_links":{"self":[{"href":"https:\/\/flexservicescare.nl\/pl\/wp-json\/wp\/v2\/pages\/628","targetHints":{"allow":["GET"]}}],"collection":[{"href":"https:\/\/flexservicescare.nl\/pl\/wp-json\/wp\/v2\/pages"}],"about":[{"href":"https:\/\/flexservicescare.nl\/pl\/wp-json\/wp\/v2\/types\/page"}],"author":[{"embeddable":true,"href":"https:\/\/flexservicescare.nl\/pl\/wp-json\/wp\/v2\/users\/1"}],"replies":[{"embeddable":true,"href":"https:\/\/flexservicescare.nl\/pl\/wp-json\/wp\/v2\/comments?post=628"}],"version-history":[{"count":0,"href":"https:\/\/flexservicescare.nl\/pl\/wp-json\/wp\/v2\/pages\/628\/revisions"}],"wp:attachment":[{"href":"https:\/\/flexservicescare.nl\/pl\/wp-json\/wp\/v2\/media?parent=628"}],"curies":[{"name":"wp","href":"https:\/\/api.w.org\/{rel}","templated":true}]}}