{"id":632,"date":"2025-02-28T08:12:50","date_gmt":"2025-02-28T08:12:50","guid":{"rendered":"http:\/\/flexservicescare.nl\/?page_id=632"},"modified":"2025-03-03T15:58:02","modified_gmt":"2025-03-03T15:58:02","slug":"schilder","status":"publish","type":"page","link":"https:\/\/flexservicescare.nl\/pl\/schilder\/","title":{"rendered":"Malarz"},"content":{"rendered":"<section id=\"bd-fancy-section2\" class=\"bde-section-632-100 bde-section\">\n              \n  \n  \n\t\n\n  <div class=\"section-background-overlay\"><\/div>\n\n\n<div class=\"section-container\"><h1 class=\"bde-dual-heading-632-101 bde-dual-heading\">\n\n\n            <span data-style=\"primary\" class=\"dual-heading--primary\">Aplikuj na nasze <\/span>\n\n            <span data-style=\"secondary\" class=\"dual-heading--secondary\">oferty<\/span>\n\n            <span data-style=\"primary\" class=\"dual-heading--primary\">i znajd\u017a wymarzon\u0105 prac\u0119!<\/span>\n\n\n\n<\/h1><\/div>\n<\/section><section class=\"bde-section-632-102 bde-section\">\n  \n  \n\t\n\n\n\n<div class=\"section-container\"><div class=\"bde-columns-632-103 bde-columns\"><div class=\"bde-column-632-104 bde-column\">\n  \n  \n\t\n\n\n\n<h2 class=\"bde-heading-632-105 bde-heading\">\nMalarz Pe\u0142ny etat\n<\/h2><div class=\"bde-text-632-106 bde-text\">\nPoszukujemy malarza, kt\u00f3ry wie, jak zabra\u0107 si\u0119 do pracy i dobrze zna sztuk\u0119 malowania. Na tym pe\u0142noetatowym stanowisku b\u0119dziesz pracowa\u0107 nad r\u00f3\u017cnymi projektami, zar\u00f3wno wewn\u0105trz, jak i na zewn\u0105trz, dla r\u00f3\u017cnych klient\u00f3w. B\u0119dziesz dba\u0107 o to, aby prace malarskie by\u0142y wykonywane z najwy\u017csz\u0105 jako\u015bci\u0105 i dok\u0142adno\u015bci\u0105; zapewnisz doskona\u0142y efekt ko\u0144cowy!\n<\/div><div class=\"bde-text-632-107 bde-text\">\nHolandia Po\u0142udniowa\n<\/div>\n<\/div><div class=\"bde-column-632-108 bde-column\">\n  \n  \n\t\n\n\n\n<div class=\"bde-button-632-109 bde-button\">\n    \n                                    \n    \n    \n    \n    \n            \n                    \n            \n            \n\n    \n    \n    \n    \n    \n    <a class=\"breakdance-link button-atom button-atom--custom bde-button__button\" href=\"https:\/\/flexservicescare.nl\/pl\/solliciteren\/\" target=\"_blank\" data-type=\"url\"  >\n\n    \n        <span class=\"button-atom__text\">Aplikuj bezpo\u015brednio<\/span>\n\n        \n        \n                <\/a>\n\n    \n\n\n<\/div><div class=\"bde-button-632-110 bde-button\">\n    \n                                    \n    \n    \n    \n    \n            \n                    \n            \n            \n\n    \n    \n    \n    \n    \n    <a class=\"breakdance-link button-atom button-atom--custom bde-button__button\" href=\"https:\/\/flexservicescare.nl\/pl\/vacatures\/\" target=\"_self\" data-type=\"url\"  >\n\n    \n        <span class=\"button-atom__text\">Wszystkie wolne miejsca pracy<\/span>\n\n        \n        \n                <\/a>\n\n    \n\n\n<\/div>\n<\/div><\/div><div class=\"bde-columns-632-111 bde-columns\"><div class=\"bde-column-632-112 bde-column\">\n  \n  \n\t\n\n\n\n<h3 class=\"bde-heading-632-113 bde-heading\">\nCo b\u0119dziesz robi\u0107?\n<\/h3><div class=\"bde-text-632-114 bde-text\">\nJako malarz b\u0119dziesz odpowiedzialny za wykonywanie r\u00f3\u017cnych zada\u0144 malarskich, zar\u00f3wno wewn\u0105trz, jak i na zewn\u0105trz budynk\u00f3w. Zapewniasz, \u017ce wszystkie powierzchnie s\u0105 pomalowane i wyko\u0144czone w profesjonalny spos\u00f3b, z dba\u0142o\u015bci\u0105 o szczeg\u00f3\u0142y i jako\u015b\u0107. Pracujesz samodzielnie lub w zespole, w zale\u017cno\u015bci od projektu, i zawsze utrzymujesz miejsce pracy w czysto\u015bci i bezpiecze\u0144stwie. Upewniasz si\u0119, \u017ce prace malarskie s\u0105 schludne i trwa\u0142e, a efekt ko\u0144cowy spe\u0142nia ustalone standardy.\n<\/div>\n<\/div><div class=\"bde-column-632-115 bde-column\">\n  \n  \n\t\n\n\n\n<h3 class=\"bde-heading-632-116 bde-heading\">\nKim jeste\u015b?\n<\/h3><ul class=\"bde-basic-list-632-117 bde-basic-list\">\n  <li  >    \n          \tMasz do\u015bwiadczenie jako malarz \n      <\/li>\n  <li  >    \n          \tPotrafisz pracowa\u0107 zar\u00f3wno samodzielnie, jak i w zespole.\n      <\/li>\n  <li  >    \n          Masz oko do szczeg\u00f3\u0142\u00f3w i pracujesz dok\u0142adnie\n      <\/li>\n  <li  >    \n          Jeste\u015b elastyczny i nie masz problemu ze zmian\u0105 miejsca pracy.\n      <\/li>\n  <li  >    \n          Dobra znajomo\u015b\u0107 j\u0119zyka niderlandzkiego i\/lub angielskiego\n      <\/li>\n  <li  >    \n          Mieszkanie w regionie Rotterdamu jest dodatkowym atutem\n      <\/li>\n<\/ul>\n<\/div><\/div><\/div>\n<\/section><section class=\"bde-section-632-132 bde-section\">\n  \n  \n\t\n\n\n\n<div class=\"section-container\"><div class=\"bde-columns-632-133 bde-columns\"><div class=\"bde-column-632-134 bde-column\">\n  \n  \n\t\n\n\n\n<h3 class=\"bde-heading-632-135 bde-heading\">\nCo oferujemy\n<\/h3>\n<\/div><\/div><div class=\"bde-columns-632-136 bde-columns\"><div class=\"bde-column-632-137 bde-column\">\n  \n  \n\t\n\n\n\n<div class=\"bde-icon-box-632-124 bde-icon-box\">\n\n    \n            <div class=\"ee-iconbox-icon breakdance-icon-atom\" >\n    \n                    <svg xmlns=\"http:\/\/www.w3.org\/2000\/svg\" viewbox=\"0 0 512 512\"><!-- Font Awesome Free 5.15.1 by @fontawesome - https:\/\/fontawesome.com License - https:\/\/fontawesome.com\/license\/free (Icons: CC BY 4.0, Fonts: SIL OFL 1.1, Code: MIT License) --><path d=\"M173.898 439.404l-166.4-166.4c-9.997-9.997-9.997-26.206 0-36.204l36.203-36.204c9.997-9.998 26.207-9.998 36.204 0L192 312.69 432.095 72.596c9.997-9.997 26.207-9.997 36.204 0l36.203 36.204c9.997 9.997 9.997 26.206 0 36.204l-294.4 294.401c-9.998 9.997-26.207 9.997-36.204-.001z\"\/><\/svg>\n        \n        \n        \n            <\/div>\n    \n\n<div class=\"ee-iconbox-content\">\n      <p class=\"ee-iconbox-title bde-h3\" >\tKonkurencyjne wynagrodzenie w zale\u017cno\u015bci od do\u015bwiadczenia<\/p>\n      <\/div>\n\n<\/div><div class=\"bde-icon-box-632-125 bde-icon-box\">\n\n    \n            <div class=\"ee-iconbox-icon breakdance-icon-atom\" >\n    \n                    <svg xmlns=\"http:\/\/www.w3.org\/2000\/svg\" viewbox=\"0 0 512 512\"><!-- Font Awesome Free 5.15.1 by @fontawesome - https:\/\/fontawesome.com License - https:\/\/fontawesome.com\/license\/free (Icons: CC BY 4.0, Fonts: SIL OFL 1.1, Code: MIT License) --><path d=\"M173.898 439.404l-166.4-166.4c-9.997-9.997-9.997-26.206 0-36.204l36.203-36.204c9.997-9.998 26.207-9.998 36.204 0L192 312.69 432.095 72.596c9.997-9.997 26.207-9.997 36.204 0l36.203 36.204c9.997 9.997 9.997 26.206 0 36.204l-294.4 294.401c-9.998 9.997-26.207 9.997-36.204-.001z\"\/><\/svg>\n        \n        \n        \n            <\/div>\n    \n\n<div class=\"ee-iconbox-content\">\n      <p class=\"ee-iconbox-title bde-h3\" >Praca w profesjonalnym \u015brodowisku z r\u00f3\u017cnorodnymi zadaniami malarskimi<\/p>\n      <\/div>\n\n<\/div>\n<\/div><div class=\"bde-column-632-141 bde-column\">\n  \n  \n\t\n\n\n\n<div class=\"bde-icon-box-632-126 bde-icon-box\">\n\n    \n            <div class=\"ee-iconbox-icon breakdance-icon-atom\" >\n    \n                    <svg xmlns=\"http:\/\/www.w3.org\/2000\/svg\" viewbox=\"0 0 512 512\"><!-- Font Awesome Free 5.15.1 by @fontawesome - https:\/\/fontawesome.com License - https:\/\/fontawesome.com\/license\/free (Icons: CC BY 4.0, Fonts: SIL OFL 1.1, Code: MIT License) --><path d=\"M173.898 439.404l-166.4-166.4c-9.997-9.997-9.997-26.206 0-36.204l36.203-36.204c9.997-9.998 26.207-9.998 36.204 0L192 312.69 432.095 72.596c9.997-9.997 26.207-9.997 36.204 0l36.203 36.204c9.997 9.997 9.997 26.206 0 36.204l-294.4 294.401c-9.998 9.997-26.207 9.997-36.204-.001z\"\/><\/svg>\n        \n        \n        \n            <\/div>\n    \n\n<div class=\"ee-iconbox-content\">\n      <p class=\"ee-iconbox-title bde-h3\" >Przestrze\u0144 dla osobistego wzrostu i rozwoju<\/p>\n      <\/div>\n\n<\/div><div class=\"bde-icon-box-632-127 bde-icon-box\">\n\n    \n            <div class=\"ee-iconbox-icon breakdance-icon-atom\" >\n    \n                    <svg xmlns=\"http:\/\/www.w3.org\/2000\/svg\" viewbox=\"0 0 512 512\"><!-- Font Awesome Free 5.15.1 by @fontawesome - https:\/\/fontawesome.com License - https:\/\/fontawesome.com\/license\/free (Icons: CC BY 4.0, Fonts: SIL OFL 1.1, Code: MIT License) --><path d=\"M173.898 439.404l-166.4-166.4c-9.997-9.997-9.997-26.206 0-36.204l36.203-36.204c9.997-9.998 26.207-9.998 36.204 0L192 312.69 432.095 72.596c9.997-9.997 26.207-9.997 36.204 0l36.203 36.204c9.997 9.997 9.997 26.206 0 36.204l-294.4 294.401c-9.998 9.997-26.207 9.997-36.204-.001z\"\/><\/svg>\n        \n        \n        \n            <\/div>\n    \n\n<div class=\"ee-iconbox-content\">\n      <p class=\"ee-iconbox-title bde-h3\" >Przyjemna atmosfera pracy i kole\u017ce\u0144skie \u015brodowisko zespo\u0142owe<\/p>\n      <\/div>\n\n<\/div>\n<\/div><\/div><\/div>\n<\/section><section class=\"bde-section-632-129 bde-section\">\n  \n  \n\t\n\n\n\n<div class=\"section-container\"><div class=\"bde-text-632-130 bde-text\">\nCzy jeste\u015b malarzem, kt\u00f3rego szukamy?<br> Aplikuj szybko i do\u0142\u0105cz do nas!\n<\/div><div class=\"bde-button-632-131 bde-button\">\n    \n                                    \n    \n    \n    \n    \n            \n                    \n            \n            \n\n    \n    \n    \n    \n    \n    <a class=\"breakdance-link button-atom button-atom--custom bde-button__button\" href=\"https:\/\/flexservicescare.nl\/pl\/solliciteren\/\" target=\"_blank\" data-type=\"url\"  >\n\n    \n        <span class=\"button-atom__text\">Aplikuj bezpo\u015brednio<\/span>\n\n        \n        \n                <\/a>\n\n    \n\n\n<\/div><\/div>\n<\/section>","protected":false},"excerpt":{"rendered":"<p>Reageer op onze vacatures en vind jouw droom baan! Schilder Fulltime Wij zijn op zoek naar een schilder die van aanpakken weet en die het vak van schilderen goed beheerst. In deze fulltime functie werk je aan diverse projecten, zowel binnen als buiten, voor verschillende klanten. Je zorgt ervoor dat de schilderwerkzaamheden met de hoogste [&hellip;]<\/p>","protected":false},"author":1,"featured_media":0,"parent":0,"menu_order":0,"comment_status":"closed","ping_status":"closed","template":"","meta":{"_breakdance_hide_in_design_set":false,"_breakdance_tags":"","footnotes":""},"class_list":["post-632","page","type-page","status-publish","hentry"],"_links":{"self":[{"href":"https:\/\/flexservicescare.nl\/pl\/wp-json\/wp\/v2\/pages\/632","targetHints":{"allow":["GET"]}}],"collection":[{"href":"https:\/\/flexservicescare.nl\/pl\/wp-json\/wp\/v2\/pages"}],"about":[{"href":"https:\/\/flexservicescare.nl\/pl\/wp-json\/wp\/v2\/types\/page"}],"author":[{"embeddable":true,"href":"https:\/\/flexservicescare.nl\/pl\/wp-json\/wp\/v2\/users\/1"}],"replies":[{"embeddable":true,"href":"https:\/\/flexservicescare.nl\/pl\/wp-json\/wp\/v2\/comments?post=632"}],"version-history":[{"count":0,"href":"https:\/\/flexservicescare.nl\/pl\/wp-json\/wp\/v2\/pages\/632\/revisions"}],"wp:attachment":[{"href":"https:\/\/flexservicescare.nl\/pl\/wp-json\/wp\/v2\/media?parent=632"}],"curies":[{"name":"wp","href":"https:\/\/api.w.org\/{rel}","templated":true}]}}