{"id":1037,"date":"2025-08-01T07:46:48","date_gmt":"2025-08-01T07:46:48","guid":{"rendered":"https:\/\/flexservicescare.nl\/?page_id=1037"},"modified":"2025-08-01T08:26:53","modified_gmt":"2025-08-01T08:26:53","slug":"privacyverklaring","status":"publish","type":"page","link":"https:\/\/flexservicescare.nl\/ro\/privacyverklaring\/","title":{"rendered":"Declara\u021bie de confiden\u021bialitate"},"content":{"rendered":"<section class=\"bde-section-1037-136 bde-section\">\n  \n  \n\t\n\n\n\n<div class=\"section-container\"><h1 class=\"bde-heading-1037-124 bde-heading\">\nDeclara\u021bie de confiden\u021bialitate\n<\/h1><\/div>\n<\/section><section class=\"bde-section-1037-100 bde-section\">\n  \n  \n\t\n\n\n\n<div class=\"section-container\"><div class=\"bde-columns-1037-101 bde-columns\"><div class=\"bde-column-1037-102 bde-column\">\n  \n  \n\t\n\n\n\n<div class=\"bde-text-1037-104 bde-text\">\nFlex Services B.V. este responsabil\u0103 pentru prelucrarea datelor cu caracter personal, astfel cum se reflect\u0103 \u00een prezenta declara\u021bie de confiden\u021bialitate.\n<\/div><h1 class=\"bde-heading-1037-137 bde-heading\">\nDatele cu caracter personal pe care le prelucr\u0103m\n<\/h1><div class=\"bde-text-1037-112 bde-text\">\nFlex Services B.V. prelucreaz\u0103 datele dumneavoastr\u0103 cu caracter personal pentru c\u0103 utiliza\u021bi serviciile noastre \u0219i\/sau pentru c\u0103 ni le furniza\u021bi chiar dumneavoastr\u0103. Mai jos este prezentat\u0103 o prezentare general\u0103 a datelor cu caracter personal pe care le prelucr\u0103m:<br><br>- Numele \u0219i prenumele<br>- Num\u0103r de telefon<br>- Adresa de e-mail<br>- Fi\u0219ier CV<br>- Adresa IP<br>- Detalii despre loca\u021bie<br>- Date privind activit\u0103\u021bile dumneavoastr\u0103 pe site-ul nostru web<br>- Date privind comportamentul dvs. de navigare pe diferite site-uri web (de exemplu, deoarece aceast\u0103 companie face parte dintr-o re\u021bea de publicitate)<br>- Browser de internet \u0219i tip de dispozitiv\n<\/div><h1 class=\"bde-heading-1037-125 bde-heading\">\nDate cu caracter personal speciale \u0219i\/sau sensibile pe care le prelucr\u0103m\n<\/h1><div class=\"bde-text-1037-115 bde-text\">\nSite-ul \u0219i\/sau serviciul nostru nu inten\u021bioneaz\u0103 s\u0103 colecteze date privind vizitatorii site-ului care au sub 16 ani. Cu excep\u021bia cazului \u00een care ace\u0219tia au acordul p\u0103rin\u021bilor sau al tutorelui. Cu toate acestea, nu putem verifica dac\u0103 un vizitator are mai mult de 16 ani. Prin urmare, sf\u0103tuim p\u0103rin\u021bii s\u0103 se implice \u00een activit\u0103\u021bile online ale copiilor lor pentru a evita colectarea de date privind copiii f\u0103r\u0103 consim\u021b\u0103m\u00e2ntul p\u0103rin\u021bilor. Dac\u0103 sunte\u021bi convins c\u0103 am colectat date personale despre un minor f\u0103r\u0103 un astfel de consim\u021b\u0103m\u00e2nt, v\u0103 rug\u0103m s\u0103 ne contacta\u021bi la info@flexservicescare.nl \u0219i vom \u0219terge aceste informa\u021bii.\n<\/div><h1 class=\"bde-heading-1037-127 bde-heading\">\n\u00cen ce scop \u0219i pe ce baz\u0103 prelucr\u0103m datele cu caracter personal\n<\/h1><div class=\"bde-text-1037-116 bde-text\">\nFlex Services B.V. prelucreaz\u0103 datele dumneavoastr\u0103 cu caracter personal \u00een urm\u0103toarele scopuri:<br><br>- Trimiterea buletinului informativ \u0219i\/sau a bro\u0219urii noastre publicitare;<br>- S\u0103 v\u0103 sun\u0103m sau s\u0103 v\u0103 trimitem un e-mail, dac\u0103 este necesar pentru a ne furniza serviciile;<br>- Pentru a v\u0103 furniza bunuri \u0219i servicii;<br>- Flex Services B.V. analizeaz\u0103 comportamentul dumneavoastr\u0103 pe site pentru a \u00eembun\u0103t\u0103\u021bi site-ul \u0219i pentru a adapta oferta de produse \u0219i servicii la preferin\u021bele dumneavoastr\u0103;<br>- Flex Services B.V. urm\u0103re\u0219te comportamentul dumneavoastr\u0103 de navigare pe diferite site-uri web pentru a ne ajuta s\u0103 ne adapt\u0103m produsele \u0219i serviciile la nevoile dumneavoastr\u0103;<br>- Flex Services B.V. prelucreaz\u0103, de asemenea, date cu caracter personal dac\u0103 suntem obliga\u021bi prin lege s\u0103 facem acest lucru, cum ar fi datele de care avem nevoie pentru declara\u021bia noastr\u0103 fiscal\u0103;\n<\/div><h1 class=\"bde-heading-1037-128 bde-heading\">\nAutomatizarea procesului decizional\n<\/h1><div class=\"bde-text-1037-118 bde-text\">\nFlex Services B.V. ia decizii cu privire la chestiuni care pot afecta (semnificativ) persoanele fizice pe baza prelucr\u0103rii automatizate. Acestea sunt decizii luate de programe sau sisteme informatice, f\u0103r\u0103 implicarea unei fiin\u021be umane (de exemplu, un angajat al Flex Services B.V.). Flex Services B.V. utilizeaz\u0103 urm\u0103toarele programe sau sisteme informatice: <br><br>- Google Analytics;<br>- Pachet gratuit;\n<\/div><h1 class=\"bde-heading-1037-129 bde-heading\">\nC\u00e2t timp p\u0103str\u0103m datele cu caracter personal\n<\/h1><div class=\"bde-text-1037-121 bde-text\">\nFlex Services B.V. nu p\u0103streaz\u0103 datele dumneavoastr\u0103 cu caracter personal mai mult dec\u00e2t este strict necesar pentru \u00eendeplinirea scopurilor pentru care au fost colectate datele dumneavoastr\u0103. Aplic\u0103m perioada legal\u0103 de p\u0103strare.\n<\/div><h1 class=\"bde-heading-1037-126 bde-heading\">\nSchimbul de date cu caracter personal cu p\u0103r\u021bi ter\u021be\n<\/h1><div class=\"bde-text-1037-122 bde-text\">\nFlex Services B.V. nu vinde datele dvs. c\u0103tre ter\u021bi \u0219i le furnizeaz\u0103 numai dac\u0103 este necesar pentru a executa contractul nostru cu dvs. sau pentru a respecta o obliga\u021bie legal\u0103. \u00cencheiem un acord de prelucrare cu societ\u0103\u021bile care prelucreaz\u0103 datele dumneavoastr\u0103 la instruc\u021biunile noastre pentru a asigura acela\u0219i nivel de securitate \u0219i confiden\u021bialitate a datelor dumneavoastr\u0103. Flex Services B.V. r\u0103m\u00e2ne responsabil\u0103 pentru aceast\u0103 prelucrare.\n<\/div><h1 class=\"bde-heading-1037-130 bde-heading\">\nCookie-uri sau tehnici similare pe care le utiliz\u0103m\n<\/h1><div class=\"bde-text-1037-131 bde-text\">\nFlex Services B.V. utilizeaz\u0103 module cookie func\u021bionale, analitice \u0219i de urm\u0103rire. Un cookie este un fi\u0219ier text de mici dimensiuni care este stocat \u00een browserul computerului, tabletei sau smartphone-ului dvs. prima dat\u0103 c\u00e2nd vizita\u021bi acest site web. Flex Services B.V. utilizeaz\u0103 module cookie cu o func\u021bionalitate pur tehnic\u0103. Acestea asigur\u0103 func\u021bionarea corect\u0103 a site-ului web \u0219i, de exemplu, memorarea preferin\u021belor dumneavoastr\u0103. Aceste module cookie sunt, de asemenea, utilizate pentru a face site-ul web s\u0103 func\u021bioneze corect \u0219i pentru a-l optimiza. \u00cen plus, plas\u0103m module cookie care urm\u0103resc comportamentul dvs. de navigare, astfel \u00eenc\u00e2t s\u0103 putem oferi con\u021binut \u0219i reclame personalizate. La prima dvs. vizit\u0103 pe site-ul nostru, v-am informat deja despre aceste module cookie \u0219i v-am cerut permisiunea de a le plasa. Pute\u021bi renun\u021ba la cookie-uri prin setarea browserului dvs. de internet pentru a opri stocarea cookie-urilor. \u00cen plus, pute\u021bi \u0219terge orice informa\u021bii stocate anterior prin intermediul set\u0103rilor browserului dumneavoastr\u0103. Pentru o explica\u021bie, consulta\u021bi: https:\/\/veiliginternetten.nl\/themes\/situatie\/cookies-wat-zijn-het-en-wat-doe-ik-ermee\/<br><br>Cookie-urile sunt, de asemenea, instalate pe acest site de c\u0103tre ter\u021be p\u0103r\u021bi. Acestea includ, de exemplu, agen\u021bii de publicitate \u0219i\/sau companiile de social media. Mai jos este prezentat\u0103 o prezentare general\u0103:<br> <br>- Google Analytics;<br>- Meta Pixel.\n<\/div><h1 class=\"bde-heading-1037-133 bde-heading\">\nCookie-uri sau tehnici similare pe care le utiliz\u0103m\n<\/h1><div class=\"bde-text-1037-132 bde-text\">\nAve\u021bi dreptul de a vizualiza, corecta sau \u0219terge datele dumneavoastr\u0103 cu caracter personal. De asemenea, ave\u021bi dreptul de a v\u0103 retrage eventualul consim\u021b\u0103m\u00e2nt pentru prelucrarea datelor sau de a v\u0103 opune prelucr\u0103rii datelor dvs. cu caracter personal de c\u0103tre Flex Services B.V. \u0219i ave\u021bi dreptul la portabilitatea datelor. Acest lucru \u00eenseamn\u0103 c\u0103 ne pute\u021bi trimite o solicitare de a trimite datele cu caracter personal pe care le de\u021binem despre dvs. \u00eentr-un fi\u0219ier informatic c\u0103tre dvs. sau c\u0103tre o alt\u0103 organiza\u021bie numit\u0103 de dvs. Pute\u021bi trimite o cerere de inspec\u021bie, corectare, \u0219tergere, transfer de date cu caracter personal sau o cerere de retragere a consim\u021b\u0103m\u00e2ntului sau de opozi\u021bie la prelucrarea datelor dumneavoastr\u0103 cu caracter personal la info@flexservicescare.nl. Pentru a ne asigura c\u0103 cererea de inspec\u021bie este f\u0103cut\u0103 de dumneavoastr\u0103, v\u0103 solicit\u0103m s\u0103 trimite\u021bi o copie a actului dumneavoastr\u0103 de identitate \u00eempreun\u0103 cu cererea. \u00cen aceast\u0103 copie, \u00eennegri\u021bi fotografia din pa\u0219aport, MRZ (zona de citire automat\u0103, banda de numere din partea de jos a pa\u0219aportului), num\u0103rul pa\u0219aportului \u0219i num\u0103rul de serviciu pentru cet\u0103\u021beni (BSN). Acest lucru este menit s\u0103 v\u0103 protejeze via\u021ba privat\u0103. Vom r\u0103spunde solicit\u0103rii dumneavoastr\u0103 c\u00e2t mai cur\u00e2nd posibil, dar \u00een termen de patru s\u0103pt\u0103m\u00e2ni. Flex Services B.V. dore\u0219te, de asemenea, s\u0103 v\u0103 semnaleze c\u0103 ave\u021bi posibilitatea de a depune o pl\u00e2ngere la autoritatea na\u021bional\u0103 de supraveghere, Autoritatea pentru date cu caracter personal. Pute\u021bi face acest lucru prin intermediul urm\u0103torului link: https:\/\/autoriteitpersoonsgegevens.nl\/nl\/contact-met-de-autoriteit-persoonsgegevens\/tip-ons\n<\/div><h1 class=\"bde-heading-1037-135 bde-heading\">\nCookie-uri sau tehnici similare pe care le utiliz\u0103m\n<\/h1><div class=\"bde-text-1037-134 bde-text\">\nFlex Services B.V. ia \u00een serios protec\u021bia datelor dumneavoastr\u0103 \u0219i ia m\u0103suri adecvate pentru a preveni utilizarea abuziv\u0103, pierderea, accesul neautorizat, divulgarea nedorit\u0103 \u0219i modificarea neautorizat\u0103. Dac\u0103 ave\u021bi impresia c\u0103 datele dvs. nu sunt securizate corespunz\u0103tor sau exist\u0103 indicii de utilizare abuziv\u0103, v\u0103 rug\u0103m s\u0103 contacta\u021bi serviciul nostru pentru clien\u021bi sau prin intermediul info@flexservicescare.nl.\n<\/div>\n<\/div><\/div><\/div>\n<\/section>","protected":false},"excerpt":{"rendered":"<p>Privacyverklaring Flex Services B.V. is verantwoordelijk voor de verwerking van persoonsgegevens zoals weergegeven in deze privacyverklaring. Persoonsgegevens die wij verwerken Flex Services B.V. verwerkt uw persoonsgegevens doordat u gebruik maakt van onze diensten en\/of omdat u deze zelf aan ons verstrekt. Hieronder vindt u een overzicht van de persoonsgegevens die wij verwerken:\u2013 Voor- en achternaam\u2013 [&hellip;]<\/p>","protected":false},"author":1,"featured_media":0,"parent":0,"menu_order":0,"comment_status":"closed","ping_status":"closed","template":"","meta":{"_breakdance_hide_in_design_set":false,"_breakdance_tags":"","footnotes":""},"class_list":["post-1037","page","type-page","status-publish","hentry"],"_links":{"self":[{"href":"https:\/\/flexservicescare.nl\/ro\/wp-json\/wp\/v2\/pages\/1037","targetHints":{"allow":["GET"]}}],"collection":[{"href":"https:\/\/flexservicescare.nl\/ro\/wp-json\/wp\/v2\/pages"}],"about":[{"href":"https:\/\/flexservicescare.nl\/ro\/wp-json\/wp\/v2\/types\/page"}],"author":[{"embeddable":true,"href":"https:\/\/flexservicescare.nl\/ro\/wp-json\/wp\/v2\/users\/1"}],"replies":[{"embeddable":true,"href":"https:\/\/flexservicescare.nl\/ro\/wp-json\/wp\/v2\/comments?post=1037"}],"version-history":[{"count":0,"href":"https:\/\/flexservicescare.nl\/ro\/wp-json\/wp\/v2\/pages\/1037\/revisions"}],"wp:attachment":[{"href":"https:\/\/flexservicescare.nl\/ro\/wp-json\/wp\/v2\/media?parent=1037"}],"curies":[{"name":"wp","href":"https:\/\/api.w.org\/{rel}","templated":true}]}}