{"id":13,"date":"2025-01-24T09:46:48","date_gmt":"2025-01-24T09:46:48","guid":{"rendered":"http:\/\/flexservicescare.nl\/services-inner\/"},"modified":"2025-03-03T15:49:21","modified_gmt":"2025-03-03T15:49:21","slug":"medewerker-open-teelt","status":"publish","type":"page","link":"https:\/\/flexservicescare.nl\/ro\/medewerker-open-teelt\/","title":{"rendered":"Cultivarea deschis\u0103 a angaja\u021bilor\u00a0"},"content":{"rendered":"<section id=\"bd-fancy-section2\" class=\"bde-section-13-280 bde-section\">\n              \n  \n  \n\t\n\n  <div class=\"section-background-overlay\"><\/div>\n\n\n<div class=\"section-container\"><h1 class=\"bde-dual-heading-13-281 bde-dual-heading\">\n\n\n            <span data-style=\"primary\" class=\"dual-heading--primary\">R\u0103spunde la posturile noastre <\/span>\n\n            <span data-style=\"secondary\" class=\"dual-heading--secondary\">ofertele noastre de munc\u0103<\/span>\n\n            <span data-style=\"primary\" class=\"dual-heading--primary\">\u0219i g\u0103se\u0219te-\u021bi jobul de vis!<\/span>\n\n\n\n<\/h1><\/div>\n<\/section><section class=\"bde-section-13-170 bde-section\">\n  \n  \n\t\n\n\n\n<div class=\"section-container\"><div class=\"bde-columns-13-197 bde-columns\"><div class=\"bde-column-13-198 bde-column\">\n  \n  \n\t\n\n\n\n<h2 class=\"bde-heading-13-199 bde-heading\">\nCultivarea deschis\u0103 a angaja\u021bilor\n<\/h2><div class=\"bde-text-13-200 bde-text\">\nSunte\u021bi \u00een c\u0103utarea unui loc de munc\u0103 variat \u00een pepinier\u0103? C\u0103ut\u0103m angaja\u021bi entuzia\u0219ti pentru departamentul nostru de cultur\u0103 deschis\u0103 din Boskoop. \n<\/div><div class=\"bde-text-13-279 bde-text\">\nBoskoop\n<\/div>\n<\/div><div class=\"bde-column-13-201 bde-column\">\n  \n  \n\t\n\n\n\n<div class=\"bde-button-13-261 bde-button\">\n    \n                                    \n    \n    \n    \n    \n            \n                    \n            \n            \n\n    \n    \n    \n    \n    \n    <a class=\"breakdance-link button-atom button-atom--custom bde-button__button\" href=\"https:\/\/flexservicescare.nl\/ro\/solliciteren\/\" target=\"_blank\" data-type=\"url\"  >\n\n    \n        <span class=\"button-atom__text\">Aplica\u021bi direct<\/span>\n\n        \n        \n                <\/a>\n\n    \n\n\n<\/div><div class=\"bde-button-13-203 bde-button\">\n    \n                                    \n    \n    \n    \n    \n            \n                    \n            \n            \n\n    \n    \n    \n    \n    \n    <a class=\"breakdance-link button-atom button-atom--custom bde-button__button\" href=\"https:\/\/flexservicescare.nl\/ro\/vacatures\/\" target=\"_self\" data-type=\"url\"  >\n\n    \n        <span class=\"button-atom__text\">Toate posturile vacante<\/span>\n\n        \n        \n                <\/a>\n\n    \n\n\n<\/div>\n<\/div><\/div><div class=\"bde-columns-13-243 bde-columns\"><div class=\"bde-column-13-244 bde-column\">\n  \n  \n\t\n\n\n\n<h3 class=\"bde-heading-13-245 bde-heading\">\nCe vei face?\n<\/h3><ul class=\"bde-basic-list-13-246 bde-basic-list\">\n  <li  >    \n          Ma\u0219in\u0103 de manevrat \u0219i ol\u0103rit\n      <\/li>\n  <li  >    \n          Ridicarea murd\u0103riei \u0219i men\u021binerea cur\u0103\u021beniei \u00een zona de lucru\n      <\/li>\n  <li  >    \n          Legarea plantelor\n      <\/li>\n  <li  >    \n          Preg\u0103titoare de comenzi pentru preg\u0103tirea produselor\n      <\/li>\n  <li  >    \n          Cur\u0103\u021barea plantelor\n      <\/li>\n  <li  >    \n          T\u0103ierea cu b\u0103\u021b \u0219i t\u0103ierea buta\u0219ilor\n      <\/li>\n<\/ul>\n<\/div><div class=\"bde-column-13-247 bde-column\">\n  \n  \n\t\n\n\n\n<h3 class=\"bde-heading-13-248 bde-heading\">\nCine e\u0219ti tu?\n<\/h3><ul class=\"bde-basic-list-13-249 bde-basic-list\">\n  <li  >    \n          Sunte\u021bi motiva\u021bi \u0219i v\u0103 place s\u0103 lucra\u021bi \u00eempreun\u0103\n      <\/li>\n  <li  >    \n          E\u0219ti dornic s\u0103 \u00eenve\u021bi \u0219i dispus s\u0103 \u00eenve\u021bi lucruri noi\n      <\/li>\n  <li  >    \n          V\u0103 asuma\u021bi responsabilit\u0103\u021bi \u0219i v\u0103 place s\u0103 lucra\u021bi \u00een aer liber\n      <\/li>\n  <li  >    \n          Locui\u021bi \u00een regiunea Boskoop, Rotterdam, Capelle aan den IJssel sau Schiedam\n      <\/li>\n  <li  >    \n          Experien\u021ba \u00een gr\u0103dini\u021b\u0103 constituie un avantaj, dar nu este o cerin\u021b\u0103\n      <\/li>\n<\/ul>\n<\/div><\/div><\/div>\n<\/section><section class=\"bde-section-13-282 bde-section\">\n  \n  \n\t\n\n\n\n<div class=\"section-container\"><div class=\"bde-columns-13-283 bde-columns\"><div class=\"bde-column-13-284 bde-column\">\n  \n  \n\t\n\n\n\n<h3 class=\"bde-heading-13-285 bde-heading\">\nCe oferim\n<\/h3>\n<\/div><\/div><div class=\"bde-columns-13-286 bde-columns\"><div class=\"bde-column-13-287 bde-column\">\n  \n  \n\t\n\n\n\n<div class=\"bde-icon-box-13-273 bde-icon-box\">\n\n    \n            <div class=\"ee-iconbox-icon breakdance-icon-atom\" >\n    \n                    <svg xmlns=\"http:\/\/www.w3.org\/2000\/svg\" viewbox=\"0 0 512 512\"><!-- Font Awesome Free 5.15.1 by @fontawesome - https:\/\/fontawesome.com License - https:\/\/fontawesome.com\/license\/free (Icons: CC BY 4.0, Fonts: SIL OFL 1.1, Code: MIT License) --><path d=\"M173.898 439.404l-166.4-166.4c-9.997-9.997-9.997-26.206 0-36.204l36.203-36.204c9.997-9.998 26.207-9.998 36.204 0L192 312.69 432.095 72.596c9.997-9.997 26.207-9.997 36.204 0l36.203 36.204c9.997 9.997 9.997 26.206 0 36.204l-294.4 294.401c-9.998 9.997-26.207 9.997-36.204-.001z\"\/><\/svg>\n        \n        \n        \n            <\/div>\n    \n\n<div class=\"ee-iconbox-content\">\n      <p class=\"ee-iconbox-title bde-h3\" >Un salariu de 14,06 EUR pe or\u0103<\/p>\n      <\/div>\n\n<\/div><div class=\"bde-icon-box-13-274 bde-icon-box\">\n\n    \n            <div class=\"ee-iconbox-icon breakdance-icon-atom\" >\n    \n                    <svg xmlns=\"http:\/\/www.w3.org\/2000\/svg\" viewbox=\"0 0 512 512\"><!-- Font Awesome Free 5.15.1 by @fontawesome - https:\/\/fontawesome.com License - https:\/\/fontawesome.com\/license\/free (Icons: CC BY 4.0, Fonts: SIL OFL 1.1, Code: MIT License) --><path d=\"M173.898 439.404l-166.4-166.4c-9.997-9.997-9.997-26.206 0-36.204l36.203-36.204c9.997-9.998 26.207-9.998 36.204 0L192 312.69 432.095 72.596c9.997-9.997 26.207-9.997 36.204 0l36.203 36.204c9.997 9.997 9.997 26.206 0 36.204l-294.4 294.401c-9.998 9.997-26.207 9.997-36.204-.001z\"\/><\/svg>\n        \n        \n        \n            <\/div>\n    \n\n<div class=\"ee-iconbox-content\">\n      <p class=\"ee-iconbox-title bde-h3\" >Munc\u0103 cu norm\u0103 \u00eentreag\u0103 de luni p\u00e2n\u0103 vineri<\/p>\n      <\/div>\n\n<\/div><div class=\"bde-icon-box-13-275 bde-icon-box\">\n\n    \n            <div class=\"ee-iconbox-icon breakdance-icon-atom\" >\n    \n                    <svg xmlns=\"http:\/\/www.w3.org\/2000\/svg\" viewbox=\"0 0 512 512\"><!-- Font Awesome Free 5.15.1 by @fontawesome - https:\/\/fontawesome.com License - https:\/\/fontawesome.com\/license\/free (Icons: CC BY 4.0, Fonts: SIL OFL 1.1, Code: MIT License) --><path d=\"M173.898 439.404l-166.4-166.4c-9.997-9.997-9.997-26.206 0-36.204l36.203-36.204c9.997-9.998 26.207-9.998 36.204 0L192 312.69 432.095 72.596c9.997-9.997 26.207-9.997 36.204 0l36.203 36.204c9.997 9.997 9.997 26.206 0 36.204l-294.4 294.401c-9.998 9.997-26.207 9.997-36.204-.001z\"\/><\/svg>\n        \n        \n        \n            <\/div>\n    \n\n<div class=\"ee-iconbox-content\">\n      <p class=\"ee-iconbox-title bde-h3\" >Plata s\u0103pt\u0103m\u00e2nal\u0103<\/p>\n      <\/div>\n\n<\/div>\n<\/div><div class=\"bde-column-13-291 bde-column\">\n  \n  \n\t\n\n\n\n<div class=\"bde-icon-box-13-276 bde-icon-box\">\n\n    \n            <div class=\"ee-iconbox-icon breakdance-icon-atom\" >\n    \n                    <svg xmlns=\"http:\/\/www.w3.org\/2000\/svg\" viewbox=\"0 0 512 512\"><!-- Font Awesome Free 5.15.1 by @fontawesome - https:\/\/fontawesome.com License - https:\/\/fontawesome.com\/license\/free (Icons: CC BY 4.0, Fonts: SIL OFL 1.1, Code: MIT License) --><path d=\"M173.898 439.404l-166.4-166.4c-9.997-9.997-9.997-26.206 0-36.204l36.203-36.204c9.997-9.998 26.207-9.998 36.204 0L192 312.69 432.095 72.596c9.997-9.997 26.207-9.997 36.204 0l36.203 36.204c9.997 9.997 9.997 26.206 0 36.204l-294.4 294.401c-9.998 9.997-26.207 9.997-36.204-.001z\"\/><\/svg>\n        \n        \n        \n            <\/div>\n    \n\n<div class=\"ee-iconbox-content\">\n      <p class=\"ee-iconbox-title bde-h3\" >Op\u021biuni de transport<\/p>\n      <\/div>\n\n<\/div><div class=\"bde-icon-box-13-277 bde-icon-box\">\n\n    \n            <div class=\"ee-iconbox-icon breakdance-icon-atom\" >\n    \n                    <svg xmlns=\"http:\/\/www.w3.org\/2000\/svg\" viewbox=\"0 0 512 512\"><!-- Font Awesome Free 5.15.1 by @fontawesome - https:\/\/fontawesome.com License - https:\/\/fontawesome.com\/license\/free (Icons: CC BY 4.0, Fonts: SIL OFL 1.1, Code: MIT License) --><path d=\"M173.898 439.404l-166.4-166.4c-9.997-9.997-9.997-26.206 0-36.204l36.203-36.204c9.997-9.998 26.207-9.998 36.204 0L192 312.69 432.095 72.596c9.997-9.997 26.207-9.997 36.204 0l36.203 36.204c9.997 9.997 9.997 26.206 0 36.204l-294.4 294.401c-9.998 9.997-26.207 9.997-36.204-.001z\"\/><\/svg>\n        \n        \n        \n            <\/div>\n    \n\n<div class=\"ee-iconbox-content\">\n      <p class=\"ee-iconbox-title bde-h3\" >Un mediu de lucru pl\u0103cut<\/p>\n      <\/div>\n\n<\/div><div class=\"bde-icon-box-13-278 bde-icon-box\">\n\n    \n            <div class=\"ee-iconbox-icon breakdance-icon-atom\" >\n    \n                    <svg xmlns=\"http:\/\/www.w3.org\/2000\/svg\" viewbox=\"0 0 512 512\"><!-- Font Awesome Free 5.15.1 by @fontawesome - https:\/\/fontawesome.com License - https:\/\/fontawesome.com\/license\/free (Icons: CC BY 4.0, Fonts: SIL OFL 1.1, Code: MIT License) --><path d=\"M173.898 439.404l-166.4-166.4c-9.997-9.997-9.997-26.206 0-36.204l36.203-36.204c9.997-9.998 26.207-9.998 36.204 0L192 312.69 432.095 72.596c9.997-9.997 26.207-9.997 36.204 0l36.203 36.204c9.997 9.997 9.997 26.206 0 36.204l-294.4 294.401c-9.998 9.997-26.207 9.997-36.204-.001z\"\/><\/svg>\n        \n        \n        \n            <\/div>\n    \n\n<div class=\"ee-iconbox-content\">\n      <p class=\"ee-iconbox-title bde-h3\" >Posibilit\u0103\u021bi de dezvoltare personal\u0103 \u0219i de avansare<\/p>\n      <\/div>\n\n<\/div>\n<\/div><\/div><\/div>\n<\/section><section class=\"bde-section-13-260 bde-section\">\n  \n  \n\t\n\n\n\n<div class=\"section-container\"><div class=\"bde-text-13-262 bde-text\">\n\u021ai se pare c\u0103 acesta este jobul potrivit pentru tine? <br>Aplica\u021bi rapid \u0219i veni\u021bi s\u0103 lucra\u021bi la pepiniera noastr\u0103 din Boskoop!\n<\/div><div class=\"bde-button-13-202 bde-button\">\n    \n                                    \n    \n    \n    \n    \n            \n                    \n            \n            \n\n    \n    \n    \n    \n    \n    <a class=\"breakdance-link button-atom button-atom--custom bde-button__button\" href=\"https:\/\/flexservicescare.nl\/ro\/solliciteren\/\" target=\"_blank\" data-type=\"url\"  >\n\n    \n        <span class=\"button-atom__text\">Aplica\u021bi direct<\/span>\n\n        \n        \n                <\/a>\n\n    \n\n\n<\/div><\/div>\n<\/section>","protected":false},"excerpt":{"rendered":"<p>Reageer op onze vacatures en vind jouw droom baan! Medewerker Open Teelt Ben jij op zoek naar een afwisselende baan in de kwekerij? Wij zoeken enthousiaste medewerkers voor onze open teeltafdeling in\u00a0Boskoop. Boskoop Solliciteer direct Alle vacatures Wat ga je doen? Potmachine bedienen en oppotten Vuilrapen en het schoonhouden van het werkgebied Binden van planten [&hellip;]<\/p>","protected":false},"author":1,"featured_media":0,"parent":0,"menu_order":0,"comment_status":"closed","ping_status":"closed","template":"","meta":{"_breakdance_hide_in_design_set":false,"_breakdance_tags":"","footnotes":""},"class_list":["post-13","page","type-page","status-publish","hentry"],"_links":{"self":[{"href":"https:\/\/flexservicescare.nl\/ro\/wp-json\/wp\/v2\/pages\/13","targetHints":{"allow":["GET"]}}],"collection":[{"href":"https:\/\/flexservicescare.nl\/ro\/wp-json\/wp\/v2\/pages"}],"about":[{"href":"https:\/\/flexservicescare.nl\/ro\/wp-json\/wp\/v2\/types\/page"}],"author":[{"embeddable":true,"href":"https:\/\/flexservicescare.nl\/ro\/wp-json\/wp\/v2\/users\/1"}],"replies":[{"embeddable":true,"href":"https:\/\/flexservicescare.nl\/ro\/wp-json\/wp\/v2\/comments?post=13"}],"version-history":[{"count":0,"href":"https:\/\/flexservicescare.nl\/ro\/wp-json\/wp\/v2\/pages\/13\/revisions"}],"wp:attachment":[{"href":"https:\/\/flexservicescare.nl\/ro\/wp-json\/wp\/v2\/media?parent=13"}],"curies":[{"name":"wp","href":"https:\/\/api.w.org\/{rel}","templated":true}]}}