{"id":20,"date":"2025-01-24T09:46:49","date_gmt":"2025-01-24T09:46:49","guid":{"rendered":"http:\/\/flexservicescare.nl\/contact\/"},"modified":"2025-04-07T07:55:05","modified_gmt":"2025-04-07T07:55:05","slug":"contact","status":"publish","type":"page","link":"https:\/\/flexservicescare.nl\/ro\/contact\/","title":{"rendered":"Persoan\u0103 de contact"},"content":{"rendered":"<section id=\"bd-fancy-section2\" class=\"bde-section-20-202 bde-section\">\n  \n  \n\t\n\n\n\n<div class=\"section-container\"><h1 class=\"bde-dual-heading-20-143 bde-dual-heading\">\n\n\n            <span data-style=\"primary\" class=\"dual-heading--primary\">S\u0103 ne \u00eent\u00e2lnim<\/span>\n\n\n\n<\/h1><h1 class=\"bde-dual-heading-20-203 bde-dual-heading\">\n\n\n            <span data-style=\"primary\" class=\"dual-heading--primary\">V\u0103 rug\u0103m s\u0103 ne<\/span>\n\n            <span data-style=\"secondary\" class=\"dual-heading--secondary\">contacta\u021bi<\/span>\n\n            <span data-style=\"primary\" class=\"dual-heading--primary\">dac\u0103 ave\u021bi \u00eentreb\u0103ri sau vizita\u021bi-ne!<\/span>\n\n\n\n<\/h1><\/div>\n<\/section><section class=\"bde-section-20-145 bde-section\">\n  \n  \n\t\n\n\n\n<div class=\"section-container\"><div class=\"bde-div-20-188 bde-div\">\n  \n  \n\t\n\n\n\n<div class=\"bde-icon-box-20-189 bde-icon-box\">\n\n    \n            <div class=\"ee-iconbox-icon breakdance-icon-atom\" >\n    \n                    <svg xmlns=\"http:\/\/www.w3.org\/2000\/svg\" width=\"20\" height=\"26\" viewbox=\"0 0 20 26\" fill=\"none\">\n<path d=\"M10 1.3019e-08C7.36507 -0.000137006 4.83657 1.08128 2.96405 3.00922C1.09154 4.93715 0.0263493 7.55579 0 10.296C0 17.4199 8.8125 25.3499 9.1875 25.6879C9.41392 25.8893 9.70206 26 10 26C10.2979 26 10.5861 25.8893 10.8125 25.6879C11.25 25.3499 20 17.4199 20 10.296C19.9736 7.55579 18.9085 4.93715 17.0359 3.00922C15.1634 1.08128 12.6349 -0.000137006 10 1.3019e-08ZM10 22.9449C7.9125 20.8779 2.5 15.145 2.5 10.296C2.5 8.22728 3.29018 6.24333 4.6967 4.78055C6.10322 3.31777 8.01088 2.49599 10 2.49599C11.9891 2.49599 13.8968 3.31777 15.3033 4.78055C16.7098 6.24333 17.5 8.22728 17.5 10.296C17.5 15.106 12.0875 20.8779 10 22.9449Z\" fill=\"white\"\/>\n<path d=\"M10 5C9.0111 5 8.0444 5.26392 7.22215 5.75839C6.3999 6.25285 5.75904 6.95566 5.3806 7.77792C5.00217 8.60019 4.90315 9.50499 5.09608 10.3779C5.289 11.2508 5.76521 12.0526 6.46447 12.682C7.16373 13.3113 8.05464 13.7399 9.02455 13.9135C9.99445 14.0872 10.9998 13.998 11.9134 13.6575C12.827 13.3169 13.6079 12.7401 14.1573 12.0001C14.7068 11.26 15 10.39 15 9.5C15 8.30652 14.4732 7.16193 13.5355 6.31802C12.5979 5.47411 11.3261 5 10 5ZM10 11.4286C9.57618 11.4286 9.16189 11.3155 8.80949 11.1035C8.4571 10.8916 8.18245 10.5904 8.02026 10.238C7.85807 9.88563 7.81564 9.49786 7.89832 9.12375C7.981 8.74965 8.18509 8.40601 8.48477 8.13629C8.78446 7.86658 9.16628 7.6829 9.58195 7.60848C9.99762 7.53407 10.4285 7.57226 10.82 7.71823C11.2116 7.8642 11.5463 8.11139 11.7817 8.42854C12.0172 8.74569 12.1429 9.11856 12.1429 9.5C12.1429 10.0115 11.9171 10.502 11.5152 10.8637C11.1134 11.2254 10.5683 11.4286 10 11.4286Z\" fill=\"white\"\/>\n<\/svg>\n        \n        \n        \n            <\/div>\n    \n\n<div class=\"ee-iconbox-content\">\n      <p class=\"ee-iconbox-title bde-h3\" >Adresa<\/p>\n        <div class=\"ee-iconbox-text\" >Vierambachtsstraat 27A, 3022AC Rotterdam<\/div>\n    <\/div>\n\n<\/div><div class=\"bde-icon-box-20-199 bde-icon-box\">\n\n    \n            <div class=\"ee-iconbox-icon breakdance-icon-atom\" >\n    \n                    <svg xmlns=\"http:\/\/www.w3.org\/2000\/svg\" id=\"icon-phone\" viewbox=\"0 0 32 32\">\n<path d=\"M22 20c-2 2-2 4-4 4s-4-2-6-4-4-4-4-6 2-2 4-4-4-8-6-8-6 6-6 6c0 4 4.109 12.109 8 16s12 8 16 8c0 0 6-4 6-6s-6-8-8-6z\"\/>\n<\/svg>\n        \n        \n        \n            <\/div>\n    \n\n<div class=\"ee-iconbox-content\">\n      <p class=\"ee-iconbox-title bde-h3\" >Suna\u021bi-ne<\/p>\n        <div class=\"ee-iconbox-text\" >010-3410105<\/div>\n    <\/div>\n\n<\/div><div class=\"bde-icon-box-20-200 bde-icon-box\">\n\n    \n            <div class=\"ee-iconbox-icon breakdance-icon-atom\" >\n    \n                    <svg xmlns=\"http:\/\/www.w3.org\/2000\/svg\" viewbox=\"0 0 512 512\"><!--! Font Awesome Free 6.5.1 by @fontawesome - https:\/\/fontawesome.com License - https:\/\/fontawesome.com\/license\/free (Icons: CC BY 4.0, Fonts: SIL OFL 1.1, Code: MIT License) Copyright 2023 Fonticons, Inc. --><path d=\"M64 112c-8.8 0-16 7.2-16 16v22.1L220.5 291.7c20.7 17 50.4 17 71.1 0L464 150.1V128c0-8.8-7.2-16-16-16H64zM48 212.2V384c0 8.8 7.2 16 16 16H448c8.8 0 16-7.2 16-16V212.2L322 328.8c-38.4 31.5-93.7 31.5-132 0L48 212.2zM0 128C0 92.7 28.7 64 64 64H448c35.3 0 64 28.7 64 64V384c0 35.3-28.7 64-64 64H64c-35.3 0-64-28.7-64-64V128z\"\/><\/svg>\n        \n        \n        \n            <\/div>\n    \n\n<div class=\"ee-iconbox-content\">\n      <p class=\"ee-iconbox-title bde-h3\" >E-mail<\/p>\n        <div class=\"ee-iconbox-text\" >Info@flexservicescare.nl<\/div>\n    <\/div>\n\n<\/div>\n<\/div><div class=\"bde-columns-20-146 bde-columns\"><div class=\"bde-column-20-147 bde-column\">\n  \n  \n\t\n\n\n\n<div class=\"bde-google-map-20-157 bde-google-map\">\n\r\n<iframe width=\"100%\" height=\"100%\" style=\"border:0\" loading=\"lazy\" title=\"Dosar\" src=\"https:\/\/maps.google.com\/maps?q=Vierambachtsstraat+27A+3022AC+Rotterdam&t=m&z=14&output=embed&iwloc=near\" allowfullscreen><\/iframe>\n\n<\/div>\n<\/div><div class=\"bde-column-20-165 bde-column\">\n  \n  \n\t\n\n\n\n<div class=\"bde-form-builder-20-168 bde-form-builder\">\n\n\n<form id=\"contact168\" class=\"breakdance-form breakdance-form--vertical\" data-options=\"{&quot;slug&quot;:&quot;custom&quot;,&quot;name&quot;:&quot;Contact&quot;,&quot;ajaxUrl&quot;:&quot;https:\\\/\\\/flexservicescare.nl\\\/wp-admin\\\/admin-ajax.php&quot;,&quot;clearOnSuccess&quot;:true,&quot;hideOnSuccess&quot;:false,&quot;successMessage&quot;:&quot;We hebben je bericht ontvangen!&quot;,&quot;errorMessage&quot;:&quot;Er is iets mis gegaan&quot;,&quot;redirect&quot;:false,&quot;redirectUrl&quot;:&quot;&quot;,&quot;customJavaScript&quot;:&quot;&quot;,&quot;recaptcha&quot;:{&quot;key&quot;:&quot;&quot;,&quot;enabled&quot;:false},&quot;honeypot_enabled&quot;:false,&quot;popupsOnSuccess&quot;:[],&quot;popupsOnError&quot;:[]}\" data-steps=\"0\" action=\"\" >\n  \n  \n  \n<div class=\"breakdance-form-field breakdance-form-field--text\" >\n    \n    \n            <label class=\"breakdance-form-field__label\" for=\"Naam\">\n            Nume \u0219i prenume<span class=\"breakdance-form-field__required\">*<\/span>\n        <\/label>\n    \n    <input\n    class=\"breakdance-form-field__input\"\n    id=\"Naam\"\n    aria-describedby=\"Naam\"\n    type=\"text\"\n    name=\"fields[Naam]\"\n    placeholder=\"Nume\"\n    value=\"\"\n                \n        \n        \n    required\n>\n\n\n    \n    \n<\/div>\n\n\n<div class=\"breakdance-form-field breakdance-form-field--email\" >\n    \n    \n            <label class=\"breakdance-form-field__label\" for=\"email\">\n            E-mail<span class=\"breakdance-form-field__required\">*<\/span>\n        <\/label>\n    \n    <input\n    class=\"breakdance-form-field__input\"\n    id=\"email\"\n    aria-describedby=\"email\"\n    type=\"email\"\n    name=\"fields[email]\"\n    placeholder=\"E-mail\"\n    value=\"\"\n                \n        \n        \n    required\n>\n\n\n    \n    \n<\/div>\n\n\n<div class=\"breakdance-form-field breakdance-form-field--tel\" >\n    \n    \n            <label class=\"breakdance-form-field__label\" for=\"bdidnk\">\n            Num\u0103r de telefon\n        <\/label>\n    \n    <input\n    class=\"breakdance-form-field__input\"\n    id=\"bdidnk\"\n    aria-describedby=\"bdidnk\"\n    type=\"tel\"\n    name=\"fields[bdidnk]\"\n    placeholder=\"Num\u0103r de telefon\"\n    value=\"\"\n                \n        \n        \n    \n    \n    \n>\n\n\n    \n    \n<\/div>\n\n\n<div class=\"breakdance-form-field breakdance-form-field--checkbox\" >\n    \n    \n    \n    <fieldset role=\"group\"\n    aria-label=\"alegere\"\n    >\n       <legend class=\"breakdance-form-field__label\">alegere<\/legend>\n          <div class=\"breakdance-form-checkbox\">\n          <input\n              type=\"checkbox\"\n              name=\"fields[mhltwo][]\"\n              value=\"Ik ben werknemer\"\n              id=\"mhltwo-1\"\n              \n                        >\n          <label class=\"breakdance-form-checkbox__text\" for=\"mhltwo-1\">Sunt angajat<\/label>\n      <\/div>\n        <div class=\"breakdance-form-checkbox\">\n          <input\n              type=\"checkbox\"\n              name=\"fields[mhltwo][]\"\n              value=\"Ik ben werkgever\"\n              id=\"mhltwo-2\"\n              \n                        >\n          <label class=\"breakdance-form-checkbox__text\" for=\"mhltwo-2\">Sunt angajator<\/label>\n      <\/div>\n  <\/fieldset>\n\n\n\n    \n    \n<\/div>\n\n\n<div class=\"breakdance-form-field breakdance-form-field--textarea\" >\n    \n    \n            <label class=\"breakdance-form-field__label\" for=\"Bericht\">\n            Mesaj<span class=\"breakdance-form-field__required\">*<\/span>\n        <\/label>\n    \n    <textarea\n    class=\"breakdance-form-field__input\"\n    id=\"Bericht\"\n    aria-describedby=\"Bericht\"\n    type=\"textarea\"\n    name=\"fields[Bericht]\"\n        placeholder=\"Mesaj\"\n    required\n>\n<\/textarea>\n\n\n    \n    \n<\/div>\n\n\n  \n\n<div class=\"breakdance-form-field breakdance-form-footer\">\n    \n    \n                                    \n    \n    \n    \n    \n            \n            <button type=\"submit\" class=\"button-atom button-atom--primary breakdance-form-button breakdance-form-button__submit\"  >\n    \n        <span class=\"button-atom__text\">Trimite<\/span>\n\n        \n        \n            <\/button>\n    \n    <input type=\"hidden\" name=\"form_id\" value=\"168\">\n    <input type=\"hidden\" name=\"post_id\" value=\"20\">\n<\/div>\n\n  \n<input type=\"hidden\" name=\"trp-form-language\" value=\"ro\"\/><\/form>\n\n\n\n<\/div>\n<\/div><\/div><\/div>\n<\/section><section class=\"bde-section-20-136 bde-section\">\n  \n  \n\t\n\n\n\n<div class=\"section-container\"><div class=\"bde-div-20-137 bde-div\">\n  \n  \n\t\n\n\n\n<div class=\"bde-div-20-138 bde-div\">\n  \n  \n\t\n\n\n\n<h3 class=\"bde-dual-heading-20-139 bde-dual-heading\">\n\n\n            <span data-style=\"primary\" class=\"dual-heading--primary\">Urm\u0103re\u0219te-ne pe re\u021belele sociale<\/span>\n\n            <span data-style=\"secondary\" class=\"dual-heading--secondary\">@flexservicescare<\/span>\n\n\n\n<\/h3>\n<\/div><div class=\"bde-social-icons-20-140 bde-social-icons\">\n                  \n            \n            \n\n    \n    \n    \n    \n    \n    <a class=\"breakdance-link bde-social-icons__icon-wrapper bde-social-icons__icon-facebook\" href=\"https:\/\/www.facebook.com\/FlexServicesCare.nl\/?locale=nl_NL\" target=\"_blank\" data-type=\"url\" aria-label=\"facebook\" >\n\n             <svg xmlns=\"http:\/\/www.w3.org\/2000\/svg\" width=\"100%\" viewbox=\"0 0 24 24\">\n            <path d=\"M9 8h-3v4h3v12h5v-12h3.642l.358-4h-4v-1.667c0-.955.192-1.333 1.115-1.333h2.885v-5h-3.808c-3.596 0-5.192 1.583-5.192 4.615v3.385z\"\/>\n       <\/svg>\n              <\/a>\n\n                    \n            \n            \n\n    \n    \n    \n    \n    \n    <a class=\"breakdance-link bde-social-icons__icon-wrapper bde-social-icons__icon-instagram\" href=\"https:\/\/www.instagram.com\/flexservicescare\/\" target=\"_blank\" data-type=\"url\" aria-label=\"instagram\" >\n\n             <svg xmlns=\"http:\/\/www.w3.org\/2000\/svg\" width=\"100%\" viewbox=\"0 0 24 24\">\n            <path d=\"M12 2.163c3.204 0 3.584.012 4.85.07 3.252.148 4.771 1.691 4.919 4.919.058 1.265.069 1.645.069 4.849 0 3.205-.012 3.584-.069 4.849-.149 3.225-1.664 4.771-4.919 4.919-1.266.058-1.644.07-4.85.07-3.204 0-3.584-.012-4.849-.07-3.26-.149-4.771-1.699-4.919-4.92-.058-1.265-.07-1.644-.07-4.849 0-3.204.013-3.583.07-4.849.149-3.227 1.664-4.771 4.919-4.919 1.266-.057 1.645-.069 4.849-.069zm0-2.163c-3.259 0-3.667.014-4.947.072-4.358.2-6.78 2.618-6.98 6.98-.059 1.281-.073 1.689-.073 4.948 0 3.259.014 3.668.072 4.948.2 4.358 2.618 6.78 6.98 6.98 1.281.058 1.689.072 4.948.072 3.259 0 3.668-.014 4.948-.072 4.354-.2 6.782-2.618 6.979-6.98.059-1.28.073-1.689.073-4.948 0-3.259-.014-3.667-.072-4.947-.196-4.354-2.617-6.78-6.979-6.98-1.281-.059-1.69-.073-4.949-.073zm0 5.838c-3.403 0-6.162 2.759-6.162 6.162s2.759 6.163 6.162 6.163 6.162-2.759 6.162-6.163c0-3.403-2.759-6.162-6.162-6.162zm0 10.162c-2.209 0-4-1.79-4-4 0-2.209 1.791-4 4-4s4 1.791 4 4c0 2.21-1.791 4-4 4zm6.406-11.845c-.796 0-1.441.645-1.441 1.44s.645 1.44 1.441 1.44c.795 0 1.439-.645 1.439-1.44s-.644-1.44-1.439-1.44z\"\/>\n       <\/svg>\n              <\/a>\n\n    \n<\/div>\n<\/div><\/div>\n<\/section>","protected":false},"excerpt":{"rendered":"<p>S\u0103 ne \u00eent\u00e2lnim Contacta\u021bi-ne cu \u00eentreb\u0103ri sau trece\u021bi pe la noi! Address Vierambachtsstraat 27A, 3022AC Rotterdam Call 010-3410105 Mail Info@flexservicescare.nl Nume \u0219i prenume* Email* Num\u0103r de telefon alegere Sunt angajat Sunt angajator Mesaj* Trimite Urm\u0103ri\u021bi-ne pe socialmedia @flexservicescare<\/p>","protected":false},"author":1,"featured_media":0,"parent":0,"menu_order":0,"comment_status":"closed","ping_status":"closed","template":"","meta":{"_breakdance_hide_in_design_set":false,"_breakdance_tags":"","footnotes":""},"class_list":["post-20","page","type-page","status-publish","hentry"],"_links":{"self":[{"href":"https:\/\/flexservicescare.nl\/ro\/wp-json\/wp\/v2\/pages\/20","targetHints":{"allow":["GET"]}}],"collection":[{"href":"https:\/\/flexservicescare.nl\/ro\/wp-json\/wp\/v2\/pages"}],"about":[{"href":"https:\/\/flexservicescare.nl\/ro\/wp-json\/wp\/v2\/types\/page"}],"author":[{"embeddable":true,"href":"https:\/\/flexservicescare.nl\/ro\/wp-json\/wp\/v2\/users\/1"}],"replies":[{"embeddable":true,"href":"https:\/\/flexservicescare.nl\/ro\/wp-json\/wp\/v2\/comments?post=20"}],"version-history":[{"count":0,"href":"https:\/\/flexservicescare.nl\/ro\/wp-json\/wp\/v2\/pages\/20\/revisions"}],"wp:attachment":[{"href":"https:\/\/flexservicescare.nl\/ro\/wp-json\/wp\/v2\/media?parent=20"}],"curies":[{"name":"wp","href":"https:\/\/api.w.org\/{rel}","templated":true}]}}