{"id":21,"date":"2025-01-24T09:46:49","date_gmt":"2025-01-24T09:46:49","guid":{"rendered":"http:\/\/flexservicescare.nl\/about\/"},"modified":"2025-12-16T15:14:33","modified_gmt":"2025-12-16T15:14:33","slug":"over-ons","status":"publish","type":"page","link":"https:\/\/flexservicescare.nl\/ro\/over-ons\/","title":{"rendered":"Despre noi"},"content":{"rendered":"<section id=\"bd-fancy-section2\" class=\"bde-section-21-243 bde-section\">\n  \n  \n\t\n\n\n\n<div class=\"section-container\"><h1 class=\"bde-dual-heading-21-244 bde-dual-heading\">\n\n\n            <span data-style=\"primary\" class=\"dual-heading--primary\">Partenerul t\u0103u pentru<\/span>\n\n            <span data-style=\"secondary\" class=\"dual-heading--secondary\">munc\u0103 temporar\u0103<\/span>\n\n            <span data-style=\"primary\" class=\"dual-heading--primary\">f\u0103r\u0103 grani\u021be \u0219i g\u0103sirea locului de munc\u0103 potrivit.<\/span>\n\n\n\n<\/h1><div class=\"bde-button-21-245 bde-button\">\n    \n                                    \n    \n    \n    \n    \n            \n                    \n            \n            \n\n    \n    \n    \n    \n    \n    <a class=\"breakdance-link button-atom button-atom--secondary bde-button__button\" href=\"mailto:info@flexservicescare.nl?subject=&body=\" target=\"_self\" data-type=\"contact\"  >\n\n    \n        <span class=\"button-atom__text\">Lua\u021bi leg\u0103tura<\/span>\n\n        \n        \n                <\/a>\n\n    \n\n\n<\/div><\/div>\n<\/section><section class=\"bde-section-21-226 bde-section\">\n  \n  \n\t\n\n\n\n<div class=\"section-container\"><div class=\"bde-columns-21-227 bde-columns\"><div class=\"bde-column-21-228 bde-column\">\n  \n  \n\t\n\n\n\n<div class=\"bde-text-21-229 bde-text\">\nFlex Services este specializat\u0103 \u00een furnizarea de lucr\u0103tori temporari profesioni\u0219ti \u0219i cu experien\u021b\u0103 pentru diverse sectoare. Oferim solu\u021bii de lucru flexibile care r\u0103spund perfect nevoilor organiza\u021biei dumneavoastr\u0103.\n<\/div>\n<\/div><div class=\"bde-column-21-230 bde-column\">\n  \n  \n\t\n\n\n\n<div class=\"bde-text-21-231 bde-text\">\nCredem \u00eentr-o abordare eficient\u0103 \u0219i transparent\u0103 \u00een care privim nu numai pozi\u021bia, ci \u0219i cultura \u0219i valorile organiza\u021biei dumneavoastr\u0103. Prin procedura de selec\u021bie \u0219i implicare atent\u0103, cre\u0103m rela\u021bii de lucru pe termen lung care contribuie la succesul companiei dumneavoastr\u0103. Fie c\u0103 sunte\u021bi \u00een c\u0103utarea unei \u00eent\u0103riri temporare sau a unui sprijin pe termen lung, oferim angaja\u021bii potrivi\u021bi la locul potrivit.\n<\/div>\n<\/div><\/div><div class=\"bde-columns-21-232 bde-columns\"><div class=\"bde-column-21-233 bde-column\">\n  \n  \n\t\n\n\n\n<h3 class=\"bde-heading-21-234 bde-heading\">\nCe facem\n<\/h3><div class=\"bde-text-21-235 bde-text\">\nFlex Services furnizeaz\u0103 personal care r\u0103spunde nevoilor angajatorilor. Datorit\u0103 anilor no\u0219tri de experien\u021b\u0103, am ajutat mul\u021bi solicitan\u021bi de locuri de munc\u0103 s\u0103 g\u0103seasc\u0103 un loc de munc\u0103 potrivit \u0219i am sprijinit angajatorii \u00een g\u0103sirea angaja\u021bilor potrivi\u021bi. Echipa noastr\u0103 lucreaz\u0103 rapid \u0219i inten\u021bionat, av\u00e2nd \u00een vedere at\u00e2t nevoile angajatorului, c\u00e2t \u0219i ale angajatului. \u00cen acest fel am creat deja multe meciuri de succes \u0219i ne asigur\u0103m c\u0103 ambele p\u0103r\u021bi beneficiaz\u0103 \u00een mod optim de colaborare.\n<\/div>\n<\/div><div class=\"bde-column-21-237 bde-column\">\n  \n  \n\t\n\n\n\n<h3 class=\"bde-heading-21-238 bde-heading\">\nOrientat spre client\n<\/h3><div class=\"bde-text-21-239 bde-text\">\nO echip\u0103 entuziast\u0103 \u0219i profesionist\u0103 este preg\u0103tit\u0103 s\u0103 v\u0103 consilieze, s\u0103 v\u0103 sprijine \u0219i s\u0103 v\u0103 scuteasc\u0103 de grijile legate de personal.<br><br>Clientul este prioritatea noastr\u0103. Ne bucur\u0103m c\u0103 at\u00e2t clien\u021bii, c\u00e2t \u0219i angaja\u021bii ne recomand\u0103 cu \u00eencredere. <br><br>Flex Services este partenerul t\u0103u de \u00eencredere \u00een angajarea temporar\u0103 f\u0103r\u0103 frontiere \u0219i g\u0103sirea locului de munc\u0103 potrivit.\n<\/div>\n<\/div><div class=\"bde-column-21-240 bde-column\">\n  \n  \n\t\n\n\n\n<h3 class=\"bde-heading-21-241 bde-heading\">\nIndustrii\n<\/h3><div class=\"bde-text-21-242 bde-text\">\n\u00cen fiecare zi, furniz\u0103m cu succes personal calificat companiilor din urm\u0103toarele sectoare: cur\u0103\u021bare, horticultur\u0103, construc\u021bii, metal \u0219i tehnologie \u0219i logistic\u0103 \u0219i produc\u021bie.<br><br>Cauti un loc de munca permanent sau temporar cu sau fara diploma? <br><br>Atunci alege Flex Services!\n<\/div><div class=\"bde-button-21-236 bde-button\">\n    \n                                    \n    \n    \n    \n    \n            \n                    \n            \n            \n\n    \n    \n    \n    \n    \n    <a class=\"breakdance-link button-atom button-atom--secondary bde-button__button\" href=\"https:\/\/flexservicescare.nl\/ro\/vacatures\/\" target=\"_self\" data-type=\"url\"  >\n\n    \n        <span class=\"button-atom__text\">Locuri vacante<\/span>\n\n        \n        \n                <\/a>\n\n    \n\n\n<\/div>\n<\/div><\/div><\/div>\n<\/section><section class=\"bde-section-21-170 bde-section\">\n  \n  \n\t\n\n\n\n<div class=\"section-container\"><div class=\"bde-columns-21-171 bde-columns\"><div class=\"bde-column-21-172 bde-column\">\n  \n  \n\t\n\n\n\n<h4 class=\"bde-dual-heading-21-174 bde-dual-heading\">\n\n\n            <span data-style=\"primary\" class=\"dual-heading--primary\">Asiguram un<\/span>\n\n            <span data-style=\"secondary\" class=\"dual-heading--secondary\">meci reusit!<\/span>\n\n\n\n<\/h4><div class=\"bde-text-21-175 bde-text\">\nCu o abordare personal\u0103, asigur\u0103m potrivirea ideal\u0103 \u00eentre companii \u0219i angaja\u021bi, astfel \u00eenc\u00e2t s\u0103 realiz\u0103m o cooperare valoroas\u0103 \u0219i eficient\u0103 pentru ambele p\u0103r\u021bi.\n<\/div><div class=\"bde-div-21-173 bde-div\">\n  \n  \n\t\n\n\n\n<div class=\"bde-div-21-199 bde-div\">\n  \n  \n\t\n\n\n\n<div class=\"bde-simple-counter-21-200 bde-simple-counter\">\n<div class=\"bde-simple-counter__wrapper\">\n  <p class=\"bde-simple-counter__number bde-h6\">\n    <span class=\"bde-simple-counter__prefix\"><\/span>\n    <span class=\"bde-simple-counter__digit js-digit\"><\/span>\n    <span class=\"bde-simple-counter__suffix\"><\/span>\n  <\/p>\n    \t<div class=\"bde-simple-counter__title\" >Angajatii<\/div>\n  <\/div>\n\n<\/div><div class=\"bde-simple-counter-21-202 bde-simple-counter\">\n<div class=\"bde-simple-counter__wrapper\">\n  <p class=\"bde-simple-counter__number bde-h6\">\n    <span class=\"bde-simple-counter__prefix\">+-<\/span>\n    <span class=\"bde-simple-counter__digit js-digit\"><\/span>\n    <span class=\"bde-simple-counter__suffix\"><\/span>\n  <\/p>\n    \t<div class=\"bde-simple-counter__title\" >Locuri vacante<\/div>\n  <\/div>\n\n<\/div>\n<\/div>\n<\/div>\n<\/div><div class=\"bde-column-21-179 bde-column\">\n  \n  \n\t\n\n\n\n<div class=\"bde-image-21-180 bde-image\">\n<figure class=\"breakdance-image breakdance-image--238\">\n\t<div class=\"breakdance-image-container\">\n\t\t<div class=\"breakdance-image-clip\"><img loading=\"lazy\" decoding=\"async\" class=\"breakdance-image-object\" src=\"https:\/\/flexservicescare.nl\/wp-content\/uploads\/2025\/02\/Handen-schudden-flexcare.png\" width=\"1377\" height=\"979\" srcset=\"https:\/\/flexservicescare.nl\/wp-content\/uploads\/2025\/02\/Handen-schudden-flexcare.png 1377w, https:\/\/flexservicescare.nl\/wp-content\/uploads\/2025\/02\/Handen-schudden-flexcare-300x213.png 300w, https:\/\/flexservicescare.nl\/wp-content\/uploads\/2025\/02\/Handen-schudden-flexcare-1024x728.png 1024w, https:\/\/flexservicescare.nl\/wp-content\/uploads\/2025\/02\/Handen-schudden-flexcare-768x546.png 768w\" sizes=\"auto, (max-width: 1377px) 100vw, 1377px\"><\/div>\n\t<\/div><\/figure>\n\n<\/div><div class=\"bde-button-21-181 bde-button\">\n    \n                                    \n    \n    \n    \n    \n            \n                    \n            \n            \n\n    \n    \n    \n    \n    \n    <a class=\"breakdance-link button-atom button-atom--primary bde-button__button\" href=\"mailto:info@flexservicescare.nl?subject=Afspraak maken&body=\" target=\"_self\" data-type=\"contact\"  >\n\n    \n        <span class=\"button-atom__text\">Face\u021bi o programare<\/span>\n\n        \n        \n                <\/a>\n\n    \n\n\n<\/div>\n<\/div><\/div><\/div>\n<\/section>","protected":false},"excerpt":{"rendered":"<p>Partenerul dvs. \u00een munca temporar\u0103 f\u0103r\u0103 limite \u0219i g\u0103sirea unui loc de munc\u0103 adecvat Intra\u021bi \u00een contact Flex Services este specializat\u0103 \u00een furnizarea de lucr\u0103tori temporari profesioni\u0219ti \u0219i experimenta\u021bi pentru diverse sectoare. Oferim solu\u021bii de lucru flexibile care se potrivesc perfect cu nevoile organiza\u021biei dumneavoastr\u0103. Credem \u00eentr-o abordare eficient\u0103 \u0219i transparent\u0103 \u00een care nu doar [...]<\/p>","protected":false},"author":1,"featured_media":0,"parent":0,"menu_order":0,"comment_status":"closed","ping_status":"closed","template":"","meta":{"_breakdance_hide_in_design_set":false,"_breakdance_tags":"","footnotes":""},"class_list":["post-21","page","type-page","status-publish","hentry"],"_links":{"self":[{"href":"https:\/\/flexservicescare.nl\/ro\/wp-json\/wp\/v2\/pages\/21","targetHints":{"allow":["GET"]}}],"collection":[{"href":"https:\/\/flexservicescare.nl\/ro\/wp-json\/wp\/v2\/pages"}],"about":[{"href":"https:\/\/flexservicescare.nl\/ro\/wp-json\/wp\/v2\/types\/page"}],"author":[{"embeddable":true,"href":"https:\/\/flexservicescare.nl\/ro\/wp-json\/wp\/v2\/users\/1"}],"replies":[{"embeddable":true,"href":"https:\/\/flexservicescare.nl\/ro\/wp-json\/wp\/v2\/comments?post=21"}],"version-history":[{"count":0,"href":"https:\/\/flexservicescare.nl\/ro\/wp-json\/wp\/v2\/pages\/21\/revisions"}],"wp:attachment":[{"href":"https:\/\/flexservicescare.nl\/ro\/wp-json\/wp\/v2\/media?parent=21"}],"curies":[{"name":"wp","href":"https:\/\/api.w.org\/{rel}","templated":true}]}}