{"id":345,"date":"2025-02-05T15:01:55","date_gmt":"2025-02-05T15:01:55","guid":{"rendered":"http:\/\/flexservicescare.nl\/?page_id=345"},"modified":"2025-04-07T07:40:59","modified_gmt":"2025-04-07T07:40:59","slug":"werkgevers","status":"publish","type":"page","link":"https:\/\/flexservicescare.nl\/ro\/werkgevers\/","title":{"rendered":"Angajatorii"},"content":{"rendered":"<section id=\"bd-fancy-section2\" class=\"bde-section-345-150 bde-section\">\n  \n  \n\t\n\n\n\n<div class=\"section-container\"><h1 class=\"bde-dual-heading-345-151 bde-dual-heading\">\n\n\n            <span data-style=\"primary\" class=\"dual-heading--primary\">Furniz\u0103m cu<\/span>\n\n            <span data-style=\"secondary\" class=\"dual-heading--secondary\">succes personal<\/span>\n\n            <span data-style=\"primary\" class=\"dual-heading--primary\">calificat companiilor \u00een fiecare zi<\/span>\n\n\n\n<\/h1><div class=\"bde-button-345-152 bde-button\">\n    \n                                    \n    \n    \n    \n    \n            \n                    \n            \n            \n\n    \n    \n    \n    \n    \n    <a class=\"breakdance-link button-atom button-atom--secondary bde-button__button\" href=\"mailto:info@flexservicescare.nl?subject=&body=\" target=\"_self\" data-type=\"contact\"  >\n\n    \n        <span class=\"button-atom__text\">Trimite un e-mail<\/span>\n\n        \n        \n                <\/a>\n\n    \n\n\n<\/div><\/div>\n<\/section><section class=\"bde-section-345-128 bde-section\">\n  \n  \n\t\n\n\n\n<div class=\"section-container\"><div class=\"bde-columns-345-124 bde-columns\"><div class=\"bde-column-345-125 bde-column\">\n  \n  \n\t\n\n\n\n<div class=\"bde-text-345-123 bde-text\">\nLa Flex Services furniz\u0103m angaja\u021bi care se potrivesc exact nevoilor companiei dumneavoastr\u0103. Indiferent dac\u0103 este vorba de suport temporar sau pe termen lung, oferim potrivirea potrivit\u0103, rapid \u0219i eficient!\n<\/div>\n<\/div><div class=\"bde-column-345-126 bde-column\">\n  \n  \n\t\n\n\n\n<div class=\"bde-text-345-127 bde-text\">\n\u00cen\u021belegem nevoile specifice ale organiza\u021biei dumneavoastr\u0103 \u0219i ne asigur\u0103m c\u0103 candida\u021bii nu numai c\u0103 au abilit\u0103\u021bile potrivite, ci \u0219i se potrivesc bine \u00een echipa dumneavoastr\u0103. Cu serviciul nostru personal \u0219i flexibil ne asigur\u0103m c\u0103 ave\u021bi \u00eentotdeauna angaja\u021bii potrivi\u021bi la locul potrivit. Suntem aici pentru a v\u0103 oferi lucr\u0103torii potrivi\u021bi rapid, cu o calitate constant\u0103 \u0219i servicii de \u00eencredere.\n<\/div>\n<\/div><\/div><div class=\"bde-columns-345-129 bde-columns\"><div class=\"bde-column-345-130 bde-column\">\n  \n  \n\t\n\n\n\n<h3 class=\"bde-heading-345-131 bde-heading\">\nComunicare transparent\u0103\n<\/h3><div class=\"bde-text-345-132 bde-text\">\nLa Flex Services credem \u00een comunicarea deschis\u0103, sincer\u0103 \u0219i clar\u0103. <br><br>V\u0103 \u021binem mereu la curent cu evolu\u021bia proceselor de recrutare, astfel \u00eenc\u00e2t s\u0103 \u0219ti\u021bi exact unde v\u0103 afla\u021bi. Pentru noi, transparen\u021ba este cheia unei colabor\u0103ri de succes.\n<\/div>\n<\/div><div class=\"bde-column-345-134 bde-column\">\n  \n  \n\t\n\n\n\n<h3 class=\"bde-heading-345-135 bde-heading\">\nRapid \u0219i eficient\n<\/h3><div class=\"bde-text-345-136 bde-text\">\nTimpul este crucial atunci c\u00e2nd se ocup\u0103 posturile vacante. La Flex Services asigur\u0103m o procedur\u0103 de recrutare rapid\u0103 \u0219i eficient\u0103, astfel \u00eenc\u00e2t s\u0103 pute\u021bi primi rapid candida\u021bii potrivi\u021bi. \u00cen\u021belegem importan\u021ba unui timp de r\u0103spuns f\u0103r\u0103 probleme \u0219i ne str\u0103duim s\u0103 v\u0103 satisfacem nevoile de personal c\u00e2t mai repede posibil.\n<\/div>\n<\/div><div class=\"bde-column-345-138 bde-column\">\n  \n  \n\t\n\n\n\n<h3 class=\"bde-heading-345-139 bde-heading\">\nRecrutare \u0219i selec\u021bie personalizate\n<\/h3><div class=\"bde-text-345-140 bde-text\">\nOferim solu\u021bii flexibile, personalizate, care se potrivesc perfect nevoilor companiei dumneavoastr\u0103. <br><br>Fie c\u0103 este vorba despre implementare temporar\u0103 sau pe termen lung, ne asigur\u0103m c\u0103 angaja\u021bii potrivi\u021bi ajung exact acolo unde pot face cel mai mult pentru organiza\u021bia dvs.\n<\/div>\n<\/div><\/div><\/div>\n<\/section><section class=\"bde-section-345-116 bde-section\">\n  \n  \n\t\n\n\n\n<div class=\"section-container\"><div class=\"bde-div-345-117 bde-div\">\n  \n  \n\t\n\n\n\n<h1 class=\"bde-heading-345-118 bde-heading\">\nPutem face ceva pentru compania ta?\n<\/h1><div class=\"bde-text-345-119 bde-text\">\nFace\u021bi o cerere\n<\/div>\n<\/div><div class=\"bde-div-345-120 bde-div\">\n  \n  \n\t\n\n\n\n<div class=\"bde-form-builder-345-121 bde-form-builder\">\n\n\n<form id=\"formulier-werkgevers121\" class=\"breakdance-form breakdance-form--vertical\" data-options=\"{&quot;slug&quot;:&quot;custom&quot;,&quot;name&quot;:&quot;formulier Werkgevers&quot;,&quot;ajaxUrl&quot;:&quot;https:\\\/\\\/flexservicescare.nl\\\/wp-admin\\\/admin-ajax.php&quot;,&quot;clearOnSuccess&quot;:true,&quot;hideOnSuccess&quot;:false,&quot;successMessage&quot;:&quot;We hebben je bericht ontvangen!&quot;,&quot;errorMessage&quot;:&quot;Er is iets mis gegaan&quot;,&quot;redirect&quot;:false,&quot;redirectUrl&quot;:&quot;&quot;,&quot;customJavaScript&quot;:&quot;&quot;,&quot;recaptcha&quot;:{&quot;key&quot;:&quot;&quot;,&quot;enabled&quot;:false},&quot;honeypot_enabled&quot;:false,&quot;popupsOnSuccess&quot;:[],&quot;popupsOnError&quot;:[]}\" data-steps=\"0\" action=\"\" >\n  \n  \n  \n<div class=\"breakdance-form-field breakdance-form-field--text\" >\n    \n    \n            <label class=\"breakdance-form-field__label\" for=\"name\">\n            Nume \u0219i prenume<span class=\"breakdance-form-field__required\">*<\/span>\n        <\/label>\n    \n    <input\n    class=\"breakdance-form-field__input\"\n    id=\"name\"\n    aria-describedby=\"name\"\n    type=\"text\"\n    name=\"fields[name]\"\n    placeholder=\"Nume \u0219i prenume\"\n    value=\"\"\n                \n        \n        \n    required\n>\n\n\n    \n    \n<\/div>\n\n\n<div class=\"breakdance-form-field breakdance-form-field--text\" >\n    \n    \n            <label class=\"breakdance-form-field__label\" for=\"Bedrijfsnaam\">\n            Numele companiei<span class=\"breakdance-form-field__required\">*<\/span>\n        <\/label>\n    \n    <input\n    class=\"breakdance-form-field__input\"\n    id=\"Bedrijfsnaam\"\n    aria-describedby=\"Bedrijfsnaam\"\n    type=\"text\"\n    name=\"fields[Bedrijfsnaam]\"\n    placeholder=\"Numele companiei\"\n    value=\"\"\n                \n        \n        \n    required\n>\n\n\n    \n    \n<\/div>\n\n\n<div class=\"breakdance-form-field breakdance-form-field--text\" >\n    \n    \n            <label class=\"breakdance-form-field__label\" for=\"vgkzql\">\n            E-mail<span class=\"breakdance-form-field__required\">*<\/span>\n        <\/label>\n    \n    <input\n    class=\"breakdance-form-field__input\"\n    id=\"vgkzql\"\n    aria-describedby=\"vgkzql\"\n    type=\"text\"\n    name=\"fields[vgkzql]\"\n    placeholder=\"E-mail\"\n    value=\"\"\n                \n        \n        \n    required\n>\n\n\n    \n    \n<\/div>\n\n\n<div class=\"breakdance-form-field breakdance-form-field--text\" >\n    \n    \n            <label class=\"breakdance-form-field__label\" for=\"email\">\n            Num\u0103r de telefon<span class=\"breakdance-form-field__required\">*<\/span>\n        <\/label>\n    \n    <input\n    class=\"breakdance-form-field__input\"\n    id=\"email\"\n    aria-describedby=\"email\"\n    type=\"text\"\n    name=\"fields[email]\"\n    placeholder=\"Num\u0103r de telefon\"\n    value=\"\"\n                \n        \n        \n    required\n>\n\n\n    \n    \n<\/div>\n\n\n<div class=\"breakdance-form-field breakdance-form-field--text\" >\n    \n    \n            <label class=\"breakdance-form-field__label\" for=\"yrxivl\">\n            Loca\u0163ie<span class=\"breakdance-form-field__required\">*<\/span>\n        <\/label>\n    \n    <input\n    class=\"breakdance-form-field__input\"\n    id=\"yrxivl\"\n    aria-describedby=\"yrxivl\"\n    type=\"text\"\n    name=\"fields[yrxivl]\"\n    placeholder=\"Loca\u0163ie\"\n    value=\"\"\n                \n        \n        \n    required\n>\n\n\n    \n    \n<\/div>\n\n\n<div class=\"breakdance-form-field breakdance-form-field--select\" >\n    \n    \n            <label class=\"breakdance-form-field__label\" for=\"branche\">\n            Industrie<span class=\"breakdance-form-field__required\">*<\/span>\n        <\/label>\n    \n    <select\n    class=\"breakdance-form-field__input\"\n    id=\"branche\"\n    name=\"fields[branche]\"\n    required\n>\n      <option value=\"\">Industrie<\/option>\n          <option value=\"Schoonmaak\" >Curatenie<\/option>\n        <option value=\"Tuinbouw\" >Horticultur\u0103<\/option>\n        <option value=\"Bouw\" >Construc\u021bii<\/option>\n        <option value=\"Metaal & Techniek\" >Metal \u0219i tehnologie<\/option>\n        <option value=\" Productie & logistiek\" > Productie si logistica<\/option>\n        <option value=\"Overig\" >Alte<\/option>\n  <\/select>\n\n\n    \n    \n<\/div>\n\n\n<div class=\"breakdance-form-field breakdance-form-field--textarea\" >\n    \n    \n            <label class=\"breakdance-form-field__label\" for=\"Bericht\">\n            Mesaj\n        <\/label>\n    \n    <textarea\n    class=\"breakdance-form-field__input\"\n    id=\"Bericht\"\n    aria-describedby=\"Bericht\"\n    type=\"textarea\"\n    name=\"fields[Bericht]\"\n        placeholder=\"Mesaj\"\n    \n    >\n<\/textarea>\n\n\n    \n    \n<\/div>\n\n\n  \n\n<div class=\"breakdance-form-field breakdance-form-footer\">\n    \n    \n                                    \n    \n    \n    \n    \n            \n            <button type=\"submit\" class=\"button-atom button-atom--primary breakdance-form-button breakdance-form-button__submit\"  >\n    \n        <span class=\"button-atom__text\">Trimite<\/span>\n\n        \n        \n            <\/button>\n    \n    <input type=\"hidden\" name=\"form_id\" value=\"121\">\n    <input type=\"hidden\" name=\"post_id\" value=\"345\">\n<\/div>\n\n  \n<input type=\"hidden\" name=\"trp-form-language\" value=\"ro\"\/><\/form>\n\n\n\n<\/div>\n<\/div><\/div>\n<\/section>","protected":false},"excerpt":{"rendered":"<p>\u00cen fiecare zi, furniz\u0103m cu succes personal calificat companiilor Trimite un e-mail La Flex Services, furniz\u0103m personal care corespunde exact nevoilor companiei dumneavoastr\u0103. Fie c\u0103 ave\u021bi nevoie de sprijin temporar sau pe termen lung, noi v\u0103 oferim potrivirea potrivit\u0103, rapid \u0219i eficient! \u00cen\u021belegem nevoile specifice ale organiza\u021biei dvs. \u0219i ne asigur\u0103m [...]<\/p>","protected":false},"author":1,"featured_media":0,"parent":0,"menu_order":0,"comment_status":"closed","ping_status":"closed","template":"","meta":{"_breakdance_hide_in_design_set":false,"_breakdance_tags":"","footnotes":""},"class_list":["post-345","page","type-page","status-publish","hentry"],"_links":{"self":[{"href":"https:\/\/flexservicescare.nl\/ro\/wp-json\/wp\/v2\/pages\/345","targetHints":{"allow":["GET"]}}],"collection":[{"href":"https:\/\/flexservicescare.nl\/ro\/wp-json\/wp\/v2\/pages"}],"about":[{"href":"https:\/\/flexservicescare.nl\/ro\/wp-json\/wp\/v2\/types\/page"}],"author":[{"embeddable":true,"href":"https:\/\/flexservicescare.nl\/ro\/wp-json\/wp\/v2\/users\/1"}],"replies":[{"embeddable":true,"href":"https:\/\/flexservicescare.nl\/ro\/wp-json\/wp\/v2\/comments?post=345"}],"version-history":[{"count":0,"href":"https:\/\/flexservicescare.nl\/ro\/wp-json\/wp\/v2\/pages\/345\/revisions"}],"wp:attachment":[{"href":"https:\/\/flexservicescare.nl\/ro\/wp-json\/wp\/v2\/media?parent=345"}],"curies":[{"name":"wp","href":"https:\/\/api.w.org\/{rel}","templated":true}]}}