{"id":378,"date":"2025-02-19T09:41:20","date_gmt":"2025-02-19T09:41:20","guid":{"rendered":"http:\/\/flexservicescare.nl\/?page_id=378"},"modified":"2026-04-10T12:32:22","modified_gmt":"2026-04-10T12:32:22","slug":"werknemers","status":"publish","type":"page","link":"https:\/\/flexservicescare.nl\/ro\/werknemers\/","title":{"rendered":"Angajatii"},"content":{"rendered":"<section id=\"bd-fancy-section2\" class=\"bde-section-378-182 bde-section\">\n  \n  \n\t\n\n\n\n<div class=\"section-container\"><h1 class=\"bde-dual-heading-378-183 bde-dual-heading\">\n\n\n            <span data-style=\"primary\" class=\"dual-heading--primary\">Mai mult dec\u00e2t un loc de munc\u0103: O oportunitate de a <\/span>\n\n            <span data-style=\"secondary\" class=\"dual-heading--secondary\">cre\u0219te<\/span>\n\n\n\n<\/h1><\/div>\n<\/section><section class=\"bde-section-378-138 bde-section\">\n  \n  \n\t\n\n\n\n<div class=\"section-container\"><div class=\"bde-columns-378-139 bde-columns\"><div class=\"bde-column-378-140 bde-column\">\n  \n  \n\t\n\n\n\n<div class=\"bde-text-378-141 bde-text\">\nLa Flex Services v\u0103 oferim mai mult dec\u00e2t un simplu loc de munc\u0103. V\u0103 ajut\u0103m s\u0103 g\u0103si\u021bi un job potrivit experien\u021bei voastre, unde s\u0103 v\u0103 pute\u021bi dezvolta \u0219i atinge ambi\u021biile. \n<\/div>\n<\/div><div class=\"bde-column-378-142 bde-column\">\n  \n  \n\t\n\n\n\n<div class=\"bde-text-378-143 bde-text\">\n\u00ce\u021bi ascult\u0103m dorin\u021bele \u0219i ne asigur\u0103m c\u0103 ajungi \u00eentr-un loc care se potrive\u0219te abilit\u0103\u021bilor tale \u0219i unde \u00ee\u021bi po\u021bi valorifica \u00eentregul poten\u021bial.\n<\/div>\n<\/div><\/div><div class=\"bde-columns-378-144 bde-columns\"><div class=\"bde-column-378-145 bde-column\">\n  \n  \n\t\n\n\n\n<h3 class=\"bde-heading-378-146 bde-heading\">\nTreci repede la treab\u0103\n<\/h3><div class=\"bde-text-378-147 bde-text\">\nNe asigur\u0103m c\u0103 g\u0103si\u021bi rapid locul de munc\u0103 potrivit. V\u0103 ascult\u0103m dorin\u021bele \u0219i v\u0103 punem \u00een leg\u0103tur\u0103 cu angajatorul ideal, astfel \u00eenc\u00e2t s\u0103 pute\u021bi \u00eencepe imediat cu un job care vi se potrive\u0219te!\n<\/div><div class=\"bde-button-378-154 bde-button\">\n    \n                                    \n    \n    \n    \n    \n            \n                    \n            \n            \n\n    \n    \n    \n    \n    \n    <a class=\"breakdance-link button-atom button-atom--secondary bde-button__button\" href=\"https:\/\/flexservicescare.nl\/ro\/vacatures\/\" target=\"_self\" data-type=\"url\"  >\n\n    \n        <span class=\"button-atom__text\">Locuri vacante<\/span>\n\n        \n        \n                <\/a>\n\n    \n\n\n<\/div>\n<\/div><div class=\"bde-column-378-148 bde-column\">\n  \n  \n\t\n\n\n\n<h3 class=\"bde-heading-378-149 bde-heading\">\nDiferite zone de lucru\n<\/h3><div class=\"bde-text-378-150 bde-text\">\nLa Flex Services oferim oportunit\u0103\u021bi \u00een diverse domenii, cum ar fi cur\u0103\u021benia, sp\u0103larea geamurilor, agricultura deschis\u0103 \u0219i construc\u021biile. <br><br>Indiferent dac\u0103 ave\u021bi experien\u021b\u0103 \u00eentr-un anumit sector sau c\u0103uta\u021bi noi provoc\u0103ri, v\u0103 vom ajuta s\u0103 g\u0103si\u021bi jobul potrivit!\n<\/div>\n<\/div><div class=\"bde-column-378-151 bde-column\">\n  \n  \n\t\n\n\n\n<h3 class=\"bde-heading-378-152 bde-heading\">\nCre\u0219tere \u0219i dezvoltare\n<\/h3><div class=\"bde-text-378-153 bde-text\">\nCredem \u00een puterea dezvolt\u0103rii personale. La Flex Services ai ocazia s\u0103 \u00eenve\u021bi noi abilit\u0103\u021bi, s\u0103 evoluezi \u0219i s\u0103 cre\u0219ti \u00een carier\u0103. <br><br>\u00cempreun\u0103 vom analiza cele mai bune op\u021biuni pentru viitorul t\u0103u!\n<\/div>\n<\/div><\/div><\/div>\n<\/section><section class=\"bde-section-378-191 bde-section\">\n  \n  \n\t\n\n\n\n<div class=\"section-container\"><div class=\"bde-div-378-192 bde-div\">\n  \n  \n\t\n\n\n\n<h1 class=\"bde-heading-378-193 bde-heading\">\nAplica pentru un loc de munca\n<\/h1><div class=\"bde-text-378-194 bde-text\">\nAplica\u021bi imediat!\n<\/div>\n<\/div><div class=\"bde-div-378-195 bde-div\">\n  \n  \n\t\n\n\n\n<div class=\"bde-form-builder-378-196 bde-form-builder\">\n\n\n<form id=\"formulier-werknemers196\" class=\"breakdance-form breakdance-form--vertical\" data-options=\"{&quot;slug&quot;:&quot;custom&quot;,&quot;name&quot;:&quot;formulier Werknemers&quot;,&quot;ajaxUrl&quot;:&quot;https:\\\/\\\/flexservicescare.nl\\\/wp-admin\\\/admin-ajax.php&quot;,&quot;clearOnSuccess&quot;:true,&quot;hideOnSuccess&quot;:false,&quot;successMessage&quot;:&quot;We hebben je bericht ontvangen!&quot;,&quot;errorMessage&quot;:&quot;Er is iets mis gegaan&quot;,&quot;redirect&quot;:false,&quot;redirectUrl&quot;:&quot;&quot;,&quot;customJavaScript&quot;:&quot;&quot;,&quot;recaptcha&quot;:{&quot;key&quot;:&quot;&quot;,&quot;enabled&quot;:false},&quot;honeypot_enabled&quot;:false,&quot;popupsOnSuccess&quot;:[],&quot;popupsOnError&quot;:[]}\" data-steps=\"0\" action=\"\" >\n  \n  \n  \n<div class=\"breakdance-form-field breakdance-form-field--text\" >\n    \n    \n            <label class=\"breakdance-form-field__label\" for=\"name\">\n            Nume \u0219i prenume<span class=\"breakdance-form-field__required\">*<\/span>\n        <\/label>\n    \n    <input\n    class=\"breakdance-form-field__input\"\n    id=\"name\"\n    aria-describedby=\"name\"\n    type=\"text\"\n    name=\"fields[name]\"\n    placeholder=\"Nume \u0219i prenume\"\n    value=\"\"\n                \n        \n        \n    required\n>\n\n\n    \n    \n<\/div>\n\n\n<div class=\"breakdance-form-field breakdance-form-field--text\" >\n    \n    \n            <label class=\"breakdance-form-field__label\" for=\"email\">\n            E-mail<span class=\"breakdance-form-field__required\">*<\/span>\n        <\/label>\n    \n    <input\n    class=\"breakdance-form-field__input\"\n    id=\"email\"\n    aria-describedby=\"email\"\n    type=\"text\"\n    name=\"fields[email]\"\n    placeholder=\"E-mail\"\n    value=\"\"\n                \n        \n        \n    required\n>\n\n\n    \n    \n<\/div>\n\n\n<div class=\"breakdance-form-field breakdance-form-field--text\" >\n    \n    \n            <label class=\"breakdance-form-field__label\" for=\"telefoon\">\n            Num\u0103r de telefon<span class=\"breakdance-form-field__required\">*<\/span>\n        <\/label>\n    \n    <input\n    class=\"breakdance-form-field__input\"\n    id=\"telefoon\"\n    aria-describedby=\"telefoon\"\n    type=\"text\"\n    name=\"fields[telefoon]\"\n    placeholder=\"Num\u0103r de telefon\"\n    value=\"\"\n                \n        \n        \n    required\n>\n\n\n    \n    \n<\/div>\n\n\n<div class=\"breakdance-form-field breakdance-form-field--text\" >\n    \n    \n            <label class=\"breakdance-form-field__label\" for=\"woonplaats\">\n            Locul de resedinta<span class=\"breakdance-form-field__required\">*<\/span>\n        <\/label>\n    \n    <input\n    class=\"breakdance-form-field__input\"\n    id=\"woonplaats\"\n    aria-describedby=\"woonplaats\"\n    type=\"text\"\n    name=\"fields[woonplaats]\"\n    placeholder=\"Locul de resedinta\"\n    value=\"\"\n                \n        \n        \n    required\n>\n\n\n    \n    \n<\/div>\n\n\n<div class=\"breakdance-form-field breakdance-form-field--select\" >\n    \n    \n            <label class=\"breakdance-form-field__label\" for=\"geslacht\">\n            Gen\n        <\/label>\n    \n    <select\n    class=\"breakdance-form-field__input\"\n    id=\"geslacht\"\n    name=\"fields[geslacht]\"\n    \n    \n        >\n      <option value=\"\">Gen<\/option>\n          <option value=\"Man\" >B\u0103rbat<\/option>\n        <option value=\"Vrouw\" >Femeie<\/option>\n        <option value=\"Anders\" >\u00cen caz contrar<\/option>\n  <\/select>\n\n\n    \n    \n<\/div>\n\n\n<div class=\"breakdance-form-field breakdance-form-field--text\" >\n    \n    \n            <label class=\"breakdance-form-field__label\" for=\"zpvgkr\">\n            V\u00e2rsta\n        <\/label>\n    \n    <input\n    class=\"breakdance-form-field__input\"\n    id=\"zpvgkr\"\n    aria-describedby=\"zpvgkr\"\n    type=\"text\"\n    name=\"fields[zpvgkr]\"\n    placeholder=\"V\u00e2rsta\"\n    value=\"\"\n                \n        \n        \n    \n    \n    \n>\n\n\n    \n    \n<\/div>\n\n\n<div class=\"breakdance-form-field breakdance-form-field--select\" >\n    \n    \n            <label class=\"breakdance-form-field__label\" for=\"branche\">\n            Industrie<span class=\"breakdance-form-field__required\">*<\/span>\n        <\/label>\n    \n    <select\n    class=\"breakdance-form-field__input\"\n    id=\"branche\"\n    name=\"fields[branche]\"\n    required\n>\n      <option value=\"\">Industrie<\/option>\n          <option value=\"Schoonmaak\" >Curatenie<\/option>\n        <option value=\"Tuinbouw\" >Horticultur\u0103<\/option>\n        <option value=\"Bouw\" >Construc\u021bii<\/option>\n        <option value=\"Metaal & Techniek\" >Metal \u0219i tehnologie<\/option>\n        <option value=\" Productie & logistiek\" > Productie si logistica<\/option>\n        <option value=\"Overig\" >Alte<\/option>\n  <\/select>\n\n\n    \n    \n<\/div>\n\n\n<div class=\"breakdance-form-field breakdance-form-field--select\" >\n    \n    \n            <label class=\"breakdance-form-field__label\" for=\"Taal\">\n            Limba<span class=\"breakdance-form-field__required\">*<\/span>\n        <\/label>\n    \n    <select\n    class=\"breakdance-form-field__input\"\n    id=\"Taal\"\n    name=\"fields[Taal]\"\n    required\n>\n      <option value=\"\">Limba<\/option>\n          <option value=\"Nederlands\" >olandez\u0103<\/option>\n        <option value=\"Engels\" >Englez\u0103<\/option>\n        <option value=\"Pools\" >polonez\u0103<\/option>\n        <option value=\"Anders\" >\u00cen caz contrar<\/option>\n  <\/select>\n\n\n    \n    \n<\/div>\n\n\n<div class=\"breakdance-form-field breakdance-form-field--select\" >\n    \n    \n            <label class=\"breakdance-form-field__label\" for=\"rijbewijs\">\n            Ai permis de conducere?<span class=\"breakdance-form-field__required\">*<\/span>\n        <\/label>\n    \n    <select\n    class=\"breakdance-form-field__input\"\n    id=\"rijbewijs\"\n    name=\"fields[rijbewijs]\"\n    required\n>\n      <option value=\"\">Ai permis de conducere?<\/option>\n          <option value=\"Ja\" >Da<\/option>\n        <option value=\"Nee\" >Nu<\/option>\n  <\/select>\n\n\n    \n    \n<\/div>\n\n\n<div class=\"breakdance-form-field breakdance-form-field--select\" >\n    \n    \n            <label class=\"breakdance-form-field__label\" for=\"auto\">\n            Ave\u021bi o ma\u0219in\u0103?<span class=\"breakdance-form-field__required\">*<\/span>\n        <\/label>\n    \n    <select\n    class=\"breakdance-form-field__input\"\n    id=\"auto\"\n    name=\"fields[auto]\"\n    required\n>\n      <option value=\"\">Ave\u021bi o ma\u0219in\u0103?<\/option>\n          <option value=\"Ja\" >Da<\/option>\n        <option value=\"Nee\" >Nu<\/option>\n  <\/select>\n\n\n    \n    \n<\/div>\n\n\n<div class=\"breakdance-form-field breakdance-form-field--file\" >\n    \n    \n            <label class=\"breakdance-form-field__label\" for=\"cv\">\n            \u00cenc\u0103rca\u021bi CV-ul\n        <\/label>\n    \n    <label for=\"cv\" class=\"breakdance-form-file-upload breakdance-form-file-upload--draggable\">\n\n            <span class=\"breakdance-form-dropzone\" tabindex=\"0\">\n            <svg class=\"breakdance-form-dropzone__icon\" width=\"48\" stroke=\"currentColor\" fill=\"none\" viewbox=\"0 0 48 48\" aria-hidden=\"true\">\n                <path d=\"M28 8H12a4 4 0 00-4 4v20m32-12v8m0 0v8a4 4 0 01-4 4H12a4 4 0 01-4-4v-4m32-4l-3.172-3.172a4 4 0 00-5.656 0L28 28M8 32l9.172-9.172a4 4 0 015.656 0L28 28m0 0l4 4m4-24h8m-4-4v8m-12 4h.02\" stroke-width=\"2\" stroke-linecap=\"round\" stroke-linejoin=\"round\"><\/path>\n            <\/svg>\n\n            <span class=\"breakdance-form-dropzone__title\">\n                <span>\u00cenc\u0103rca\u021bi un fi\u0219ier<\/span> sau glisa\u021bi \u0219i fixa\u021bi.\n            <\/span>\n            <span class=\"breakdance-form-dropzone__accepts\">\n                            p\u00e2n\u0103 la 10MB\n            <\/span>\n        <\/span>\n    \n    <input\n        id=\"cv\"\n        name=\"fields[cv][]\"\n        type=\"file\"\n        class=\"breakdance-form-file-upload__input\"\n        accept=\"\"\n        \n        \n                data-max-files=\"\"\n        data-i18n-empty-text=\"No file chosen\"\n        data-i18n-filled-text=\"%n files\"\n        data-i18n-error-text=\"Only %n file(s) allowed.\"\n    >\n<\/label>\n\n    <ul class=\"breakdance-form-files-list\"><\/ul>\n\n\n    \n    \n<\/div>\n\n\n  \n\n<div class=\"breakdance-form-field breakdance-form-footer\">\n    \n    \n                                    \n    \n    \n    \n    \n            \n            <button type=\"submit\" class=\"button-atom button-atom--primary breakdance-form-button breakdance-form-button__submit\"  >\n    \n        <span class=\"button-atom__text\">Trimite<\/span>\n\n        \n        \n            <\/button>\n    \n    <input type=\"hidden\" name=\"form_id\" value=\"196\">\n    <input type=\"hidden\" name=\"post_id\" value=\"378\">\n<\/div>\n\n  \n<input type=\"hidden\" name=\"trp-form-language\" value=\"ro\"\/><\/form>\n\n\n\n<\/div>\n<\/div><\/div>\n<\/section>","protected":false},"excerpt":{"rendered":"<p>Mai mult dec\u00e2t un loc de munc\u0103: o \u0219ans\u0103 de a cre\u0219te La Flex Services, v\u0103 oferim mai mult dec\u00e2t un simplu loc de munc\u0103. V\u0103 ajut\u0103m s\u0103 g\u0103si\u021bi locul de munc\u0103 care vi se potrive\u0219te, unde pute\u021bi cre\u0219te, v\u0103 pute\u021bi dezvolta \u0219i v\u0103 pute\u021bi \u00eendeplini ambi\u021biile. V\u0103 ascult\u0103m nevoile \u0219i ne asigur\u0103m c\u0103 ajunge\u021bi la un [...]<\/p>","protected":false},"author":1,"featured_media":0,"parent":0,"menu_order":0,"comment_status":"closed","ping_status":"closed","template":"","meta":{"_breakdance_hide_in_design_set":false,"_breakdance_tags":"","footnotes":""},"class_list":["post-378","page","type-page","status-publish","hentry"],"_links":{"self":[{"href":"https:\/\/flexservicescare.nl\/ro\/wp-json\/wp\/v2\/pages\/378","targetHints":{"allow":["GET"]}}],"collection":[{"href":"https:\/\/flexservicescare.nl\/ro\/wp-json\/wp\/v2\/pages"}],"about":[{"href":"https:\/\/flexservicescare.nl\/ro\/wp-json\/wp\/v2\/types\/page"}],"author":[{"embeddable":true,"href":"https:\/\/flexservicescare.nl\/ro\/wp-json\/wp\/v2\/users\/1"}],"replies":[{"embeddable":true,"href":"https:\/\/flexservicescare.nl\/ro\/wp-json\/wp\/v2\/comments?post=378"}],"version-history":[{"count":0,"href":"https:\/\/flexservicescare.nl\/ro\/wp-json\/wp\/v2\/pages\/378\/revisions"}],"wp:attachment":[{"href":"https:\/\/flexservicescare.nl\/ro\/wp-json\/wp\/v2\/media?parent=378"}],"curies":[{"name":"wp","href":"https:\/\/api.w.org\/{rel}","templated":true}]}}