{"id":499,"date":"2025-02-27T11:34:47","date_gmt":"2025-02-27T11:34:47","guid":{"rendered":"http:\/\/flexservicescare.nl\/?page_id=499"},"modified":"2025-03-03T15:53:31","modified_gmt":"2025-03-03T15:53:31","slug":"betonzager","status":"publish","type":"page","link":"https:\/\/flexservicescare.nl\/ro\/betonzager\/","title":{"rendered":"Fier\u0103str\u0103u de beton"},"content":{"rendered":"<section id=\"bd-fancy-section2\" class=\"bde-section-499-168 bde-section\">\n              \n  \n  \n\t\n\n  <div class=\"section-background-overlay\"><\/div>\n\n\n<div class=\"section-container\"><h1 class=\"bde-dual-heading-499-169 bde-dual-heading\">\n\n\n            <span data-style=\"primary\" class=\"dual-heading--primary\">R\u0103spunde la posturile noastre <\/span>\n\n            <span data-style=\"secondary\" class=\"dual-heading--secondary\">ofertele noastre de munc\u0103<\/span>\n\n            <span data-style=\"primary\" class=\"dual-heading--primary\">\u0219i g\u0103se\u0219te-\u021bi jobul de vis!<\/span>\n\n\n\n<\/h1><\/div>\n<\/section><section class=\"bde-section-499-102 bde-section\">\n  \n  \n\t\n\n\n\n<div class=\"section-container\"><div class=\"bde-columns-499-103 bde-columns\"><div class=\"bde-column-499-104 bde-column\">\n  \n  \n\t\n\n\n\n<h2 class=\"bde-heading-499-105 bde-heading\">\nFier\u0103str\u0103u de beton\n<\/h2><div class=\"bde-text-499-106 bde-text\">\nC\u0103ut\u0103m un fer\u0103str\u0103u de beton cu experien\u021b\u0103 care s\u0103 se al\u0103ture echipei noastre. \u00cen calitate de fer\u0103str\u0103u de beton, ve\u021bi fi responsabil cu t\u0103ierea betonului pe diverse \u0219antiere. Ve\u021bi lucra cu utilaje profesionale \u0219i ve\u021bi asigura executarea lucr\u0103rilor de fer\u0103str\u0103u cu un grad ridicat de precizie.\n<\/div><div class=\"bde-text-499-167 bde-text\">\nNieuwerkerk aan den IJssel\n<\/div>\n<\/div><div class=\"bde-column-499-107 bde-column\">\n  \n  \n\t\n\n\n\n<div class=\"bde-button-499-108 bde-button\">\n    \n                                    \n    \n    \n    \n    \n            \n                    \n            \n            \n\n    \n    \n    \n    \n    \n    <a class=\"breakdance-link button-atom button-atom--custom bde-button__button\" href=\"https:\/\/flexservicescare.nl\/ro\/solliciteren\/\" target=\"_blank\" data-type=\"url\"  >\n\n    \n        <span class=\"button-atom__text\">Aplica\u021bi direct<\/span>\n\n        \n        \n                <\/a>\n\n    \n\n\n<\/div><div class=\"bde-button-499-109 bde-button\">\n    \n                                    \n    \n    \n    \n    \n            \n                    \n            \n            \n\n    \n    \n    \n    \n    \n    <a class=\"breakdance-link button-atom button-atom--custom bde-button__button\" href=\"https:\/\/flexservicescare.nl\/ro\/vacatures\/\" target=\"_self\" data-type=\"url\"  >\n\n    \n        <span class=\"button-atom__text\">Toate posturile vacante<\/span>\n\n        \n        \n                <\/a>\n\n    \n\n\n<\/div>\n<\/div><\/div><div class=\"bde-columns-499-110 bde-columns\"><div class=\"bde-column-499-111 bde-column\">\n  \n  \n\t\n\n\n\n<h3 class=\"bde-heading-499-112 bde-heading\">\nCe vei face?\n<\/h3><ul class=\"bde-basic-list-499-113 bde-basic-list\">\n  <li  >    \n          Efectuarea de lucr\u0103ri de fer\u0103str\u0103u \u00een principal \u00een beton<br>\n      <\/li>\n  <li  >    \n          Operarea ma\u0219inilor de t\u0103iat beton \u0219i asigurarea \u00eentre\u021binerii echipamentelor\n      <\/li>\n  <li  >    \n          Respectarea tuturor normelor de siguran\u021b\u0103\n      <\/li>\n  <li  >    \n          Verificarea calit\u0103\u021bii lucr\u0103rilor de fer\u0103str\u0103u \u0219i asigurarea preciziei\n      <\/li>\n  <li  >    \n          s\u0103 ajute la men\u021binerea cur\u0103\u021beniei la locul de munc\u0103 \u0219i la eliminarea materialelor\n      <\/li>\n<\/ul>\n<\/div><div class=\"bde-column-499-153 bde-column\">\n  \n  \n\t\n\n\n\n<h3 class=\"bde-heading-499-154 bde-heading\">\nCine e\u0219ti tu?\n<\/h3><ul class=\"bde-basic-list-499-155 bde-basic-list\">\n  <li  >    \n          Ave\u021bi experien\u021b\u0103 ca fer\u0103str\u0103u de beton\u00a0\n      <\/li>\n  <li  >    \n          Ave\u021bi cuno\u0219tin\u021be privind t\u0103ierea betonului \u0219i lucrul cu diverse ma\u0219ini de t\u0103iat\n      <\/li>\n  <li  >    \n          Sunte\u021bi responsabil \u0219i pute\u021bi lucra bine independent\n      <\/li>\n  <li  >    \n          Siguran\u021ba este important\u0103 pentru dvs. \u0219i respecta\u021bi \u00eentotdeauna reglement\u0103rile aplicabile\n      <\/li>\n  <li  >    \n          Sunte\u021bi flexibil, orientat c\u0103tre solu\u021bii \u0219i pute\u021bi lucra bine \u00eempreun\u0103\n      <\/li>\n<\/ul>\n<\/div><\/div><\/div>\n<\/section><section class=\"bde-section-499-170 bde-section\">\n  \n  \n\t\n\n\n\n<div class=\"section-container\"><div class=\"bde-columns-499-171 bde-columns\"><div class=\"bde-column-499-172 bde-column\">\n  \n  \n\t\n\n\n\n<h3 class=\"bde-heading-499-173 bde-heading\">\nCe oferim\n<\/h3>\n<\/div><\/div><div class=\"bde-columns-499-174 bde-columns\"><div class=\"bde-column-499-175 bde-column\">\n  \n  \n\t\n\n\n\n<div class=\"bde-icon-box-499-123 bde-icon-box\">\n\n    \n            <div class=\"ee-iconbox-icon breakdance-icon-atom\" >\n    \n                    <svg xmlns=\"http:\/\/www.w3.org\/2000\/svg\" viewbox=\"0 0 512 512\"><!-- Font Awesome Free 5.15.1 by @fontawesome - https:\/\/fontawesome.com License - https:\/\/fontawesome.com\/license\/free (Icons: CC BY 4.0, Fonts: SIL OFL 1.1, Code: MIT License) --><path d=\"M173.898 439.404l-166.4-166.4c-9.997-9.997-9.997-26.206 0-36.204l36.203-36.204c9.997-9.998 26.207-9.998 36.204 0L192 312.69 432.095 72.596c9.997-9.997 26.207-9.997 36.204 0l36.203 36.204c9.997 9.997 9.997 26.206 0 36.204l-294.4 294.401c-9.998 9.997-26.207 9.997-36.204-.001z\"\/><\/svg>\n        \n        \n        \n            <\/div>\n    \n\n<div class=\"ee-iconbox-content\">\n      <p class=\"ee-iconbox-title bde-h3\" >Un salariu competitiv \u00een func\u021bie de experien\u021b\u0103<\/p>\n      <\/div>\n\n<\/div><div class=\"bde-icon-box-499-124 bde-icon-box\">\n\n    \n            <div class=\"ee-iconbox-icon breakdance-icon-atom\" >\n    \n                    <svg xmlns=\"http:\/\/www.w3.org\/2000\/svg\" viewbox=\"0 0 512 512\"><!-- Font Awesome Free 5.15.1 by @fontawesome - https:\/\/fontawesome.com License - https:\/\/fontawesome.com\/license\/free (Icons: CC BY 4.0, Fonts: SIL OFL 1.1, Code: MIT License) --><path d=\"M173.898 439.404l-166.4-166.4c-9.997-9.997-9.997-26.206 0-36.204l36.203-36.204c9.997-9.998 26.207-9.998 36.204 0L192 312.69 432.095 72.596c9.997-9.997 26.207-9.997 36.204 0l36.203 36.204c9.997 9.997 9.997 26.206 0 36.204l-294.4 294.401c-9.998 9.997-26.207 9.997-36.204-.001z\"\/><\/svg>\n        \n        \n        \n            <\/div>\n    \n\n<div class=\"ee-iconbox-content\">\n      <p class=\"ee-iconbox-title bde-h3\" >Munc\u0103 cu norm\u0103 \u00eentreag\u0103, cu program de lucru fix<\/p>\n      <\/div>\n\n<\/div><div class=\"bde-icon-box-499-125 bde-icon-box\">\n\n    \n            <div class=\"ee-iconbox-icon breakdance-icon-atom\" >\n    \n                    <svg xmlns=\"http:\/\/www.w3.org\/2000\/svg\" viewbox=\"0 0 512 512\"><!-- Font Awesome Free 5.15.1 by @fontawesome - https:\/\/fontawesome.com License - https:\/\/fontawesome.com\/license\/free (Icons: CC BY 4.0, Fonts: SIL OFL 1.1, Code: MIT License) --><path d=\"M173.898 439.404l-166.4-166.4c-9.997-9.997-9.997-26.206 0-36.204l36.203-36.204c9.997-9.998 26.207-9.998 36.204 0L192 312.69 432.095 72.596c9.997-9.997 26.207-9.997 36.204 0l36.203 36.204c9.997 9.997 9.997 26.206 0 36.204l-294.4 294.401c-9.998 9.997-26.207 9.997-36.204-.001z\"\/><\/svg>\n        \n        \n        \n            <\/div>\n    \n\n<div class=\"ee-iconbox-content\">\n      <p class=\"ee-iconbox-title bde-h3\" >O pozi\u021bie variat\u0103 \u00een cadrul diferitelor proiecte<\/p>\n      <\/div>\n\n<\/div>\n<\/div><div class=\"bde-column-499-179 bde-column\">\n  \n  \n\t\n\n\n\n<div class=\"bde-icon-box-499-127 bde-icon-box\">\n\n    \n            <div class=\"ee-iconbox-icon breakdance-icon-atom\" >\n    \n                    <svg xmlns=\"http:\/\/www.w3.org\/2000\/svg\" viewbox=\"0 0 512 512\"><!-- Font Awesome Free 5.15.1 by @fontawesome - https:\/\/fontawesome.com License - https:\/\/fontawesome.com\/license\/free (Icons: CC BY 4.0, Fonts: SIL OFL 1.1, Code: MIT License) --><path d=\"M173.898 439.404l-166.4-166.4c-9.997-9.997-9.997-26.206 0-36.204l36.203-36.204c9.997-9.998 26.207-9.998 36.204 0L192 312.69 432.095 72.596c9.997-9.997 26.207-9.997 36.204 0l36.203 36.204c9.997 9.997 9.997 26.206 0 36.204l-294.4 294.401c-9.998 9.997-26.207 9.997-36.204-.001z\"\/><\/svg>\n        \n        \n        \n            <\/div>\n    \n\n<div class=\"ee-iconbox-content\">\n      <p class=\"ee-iconbox-title bde-h3\" >Spa\u021biu pentru cre\u0219tere \u0219i dezvoltare personal\u0103<\/p>\n      <\/div>\n\n<\/div><div class=\"bde-icon-box-499-128 bde-icon-box\">\n\n    \n            <div class=\"ee-iconbox-icon breakdance-icon-atom\" >\n    \n                    <svg xmlns=\"http:\/\/www.w3.org\/2000\/svg\" viewbox=\"0 0 512 512\"><!-- Font Awesome Free 5.15.1 by @fontawesome - https:\/\/fontawesome.com License - https:\/\/fontawesome.com\/license\/free (Icons: CC BY 4.0, Fonts: SIL OFL 1.1, Code: MIT License) --><path d=\"M173.898 439.404l-166.4-166.4c-9.997-9.997-9.997-26.206 0-36.204l36.203-36.204c9.997-9.998 26.207-9.998 36.204 0L192 312.69 432.095 72.596c9.997-9.997 26.207-9.997 36.204 0l36.203 36.204c9.997 9.997 9.997 26.206 0 36.204l-294.4 294.401c-9.998 9.997-26.207 9.997-36.204-.001z\"\/><\/svg>\n        \n        \n        \n            <\/div>\n    \n\n<div class=\"ee-iconbox-content\">\n      <p class=\"ee-iconbox-title bde-h3\" >Un mediu de lucru pl\u0103cut, cu colegi motiva\u021bi<\/p>\n      <\/div>\n\n<\/div>\n<\/div><\/div><\/div>\n<\/section><section class=\"bde-section-499-130 bde-section\">\n  \n  \n\t\n\n\n\n<div class=\"section-container\"><div class=\"bde-text-499-131 bde-text\">\nSunte\u021bi fer\u0103str\u0103ul de beton pe care \u00eel c\u0103ut\u0103m?<br> Aplica\u021bi rapid \u0219i al\u0103tura\u021bi-v\u0103 echipei noastre!<br>\n<\/div><div class=\"bde-button-499-132 bde-button\">\n    \n                                    \n    \n    \n    \n    \n            \n                    \n            \n            \n\n    \n    \n    \n    \n    \n    <a class=\"breakdance-link button-atom button-atom--custom bde-button__button\" href=\"https:\/\/flexservicescare.nl\/ro\/solliciteren\/\" target=\"_blank\" data-type=\"url\"  >\n\n    \n        <span class=\"button-atom__text\">Aplica\u021bi direct<\/span>\n\n        \n        \n                <\/a>\n\n    \n\n\n<\/div><\/div>\n<\/section>","protected":false},"excerpt":{"rendered":"<p>Reageer op onze vacatures en vind jouw droom baan! Betonzager Wij zijn op zoek naar een ervaren betonzager die ons team komt versterken. Als betonzager ben je verantwoordelijk voor het zagen van beton verschillende bouwlocaties. Je werkt met professionele machines en zorgt voor de uitvoering van zaagwerkzaamheden met een hoge mate van precisie. Nieuwerkerk aan [&hellip;]<\/p>","protected":false},"author":1,"featured_media":0,"parent":0,"menu_order":0,"comment_status":"closed","ping_status":"closed","template":"","meta":{"_breakdance_hide_in_design_set":false,"_breakdance_tags":"","footnotes":""},"class_list":["post-499","page","type-page","status-publish","hentry"],"_links":{"self":[{"href":"https:\/\/flexservicescare.nl\/ro\/wp-json\/wp\/v2\/pages\/499","targetHints":{"allow":["GET"]}}],"collection":[{"href":"https:\/\/flexservicescare.nl\/ro\/wp-json\/wp\/v2\/pages"}],"about":[{"href":"https:\/\/flexservicescare.nl\/ro\/wp-json\/wp\/v2\/types\/page"}],"author":[{"embeddable":true,"href":"https:\/\/flexservicescare.nl\/ro\/wp-json\/wp\/v2\/users\/1"}],"replies":[{"embeddable":true,"href":"https:\/\/flexservicescare.nl\/ro\/wp-json\/wp\/v2\/comments?post=499"}],"version-history":[{"count":0,"href":"https:\/\/flexservicescare.nl\/ro\/wp-json\/wp\/v2\/pages\/499\/revisions"}],"wp:attachment":[{"href":"https:\/\/flexservicescare.nl\/ro\/wp-json\/wp\/v2\/media?parent=499"}],"curies":[{"name":"wp","href":"https:\/\/api.w.org\/{rel}","templated":true}]}}