{"id":533,"date":"2025-02-27T13:07:08","date_gmt":"2025-02-27T13:07:08","guid":{"rendered":"http:\/\/flexservicescare.nl\/?page_id=533"},"modified":"2025-03-03T15:50:18","modified_gmt":"2025-03-03T15:50:18","slug":"diamantboorder","status":"publish","type":"page","link":"https:\/\/flexservicescare.nl\/ro\/diamantboorder\/","title":{"rendered":"Burghiu diamantat"},"content":{"rendered":"<section id=\"bd-fancy-section2\" class=\"bde-section-533-135 bde-section\">\n              \n  \n  \n\t\n\n  <div class=\"section-background-overlay\"><\/div>\n\n\n<div class=\"section-container\"><h1 class=\"bde-dual-heading-533-136 bde-dual-heading\">\n\n\n            <span data-style=\"primary\" class=\"dual-heading--primary\">R\u0103spunde la posturile noastre <\/span>\n\n            <span data-style=\"secondary\" class=\"dual-heading--secondary\">ofertele noastre de munc\u0103<\/span>\n\n            <span data-style=\"primary\" class=\"dual-heading--primary\">\u0219i g\u0103se\u0219te-\u021bi jobul de vis!<\/span>\n\n\n\n<\/h1><\/div>\n<\/section><section class=\"bde-section-533-102 bde-section\">\n  \n  \n\t\n\n\n\n<div class=\"section-container\"><div class=\"bde-columns-533-103 bde-columns\"><div class=\"bde-column-533-104 bde-column\">\n  \n  \n\t\n\n\n\n<h2 class=\"bde-heading-533-105 bde-heading\">\nBurghiu diamantat \n<\/h2><div class=\"bde-text-533-106 bde-text\">\nC\u0103ut\u0103m un perforator diamantat cu experien\u021b\u0103 care s\u0103 se al\u0103ture echipei noastre. \u00cen acest rol, ve\u021bi fi responsabil de efectuarea lucr\u0103rilor de foraj cu diamant, \u00een principal \u00een beton. \u00cen calitate de burghiu diamantat, ve\u021bi lucra at\u00e2t independent, c\u00e2t \u0219i ca parte a unei echipe \u0219i v\u0103 ve\u021bi asigura c\u0103 lucr\u0103rile de g\u0103urire sunt efectuate \u00een siguran\u021b\u0103 \u0219i cu acurate\u021be.\n<\/div><div class=\"bde-text-533-132 bde-text\">\nNieuwerkerk aan den IJssel\n<\/div>\n<\/div><div class=\"bde-column-533-107 bde-column\">\n  \n  \n\t\n\n\n\n<div class=\"bde-button-533-108 bde-button\">\n    \n                                    \n    \n    \n    \n    \n            \n                    \n            \n            \n\n    \n    \n    \n    \n    \n    <a class=\"breakdance-link button-atom button-atom--custom bde-button__button\" href=\"https:\/\/flexservicescare.nl\/ro\/solliciteren\/\" target=\"_blank\" data-type=\"url\"  >\n\n    \n        <span class=\"button-atom__text\">Aplica\u021bi direct<\/span>\n\n        \n        \n                <\/a>\n\n    \n\n\n<\/div><div class=\"bde-button-533-109 bde-button\">\n    \n                                    \n    \n    \n    \n    \n            \n                    \n            \n            \n\n    \n    \n    \n    \n    \n    <a class=\"breakdance-link button-atom button-atom--custom bde-button__button\" href=\"https:\/\/flexservicescare.nl\/ro\/vacatures\/\" target=\"_self\" data-type=\"url\"  >\n\n    \n        <span class=\"button-atom__text\">Toate posturile vacante<\/span>\n\n        \n        \n                <\/a>\n\n    \n\n\n<\/div>\n<\/div><\/div><div class=\"bde-columns-533-110 bde-columns\"><div class=\"bde-column-533-111 bde-column\">\n  \n  \n\t\n\n\n\n<h3 class=\"bde-heading-533-112 bde-heading\">\nCe vei face?\n<\/h3><ul class=\"bde-basic-list-533-113 bde-basic-list\">\n  <li  >    \n          Efectuarea de foraje cu diamant \u00een principal \u00een beton\n      <\/li>\n  <li  >    \n          Asigurarea unui mediu de lucru sigur prin respectarea normelor de siguran\u021b\u0103\n      <\/li>\n  <li  >    \n          Verificarea calit\u0103\u021bii muncii dvs.\n      <\/li>\n  <li  >    \n          Asisten\u021b\u0103 la eliminarea materialelor \u0219i la cur\u0103\u021barea locului de munc\u0103\n      <\/li>\n<\/ul>\n<\/div><div class=\"bde-column-533-114 bde-column\">\n  \n  \n\t\n\n\n\n<h3 class=\"bde-heading-533-115 bde-heading\">\nCine e\u0219ti tu?\n<\/h3><ul class=\"bde-basic-list-533-116 bde-basic-list\">\n  <li  >    \n          Ave\u021bi experien\u021b\u0103 ca t\u0103ietor de diamante\n      <\/li>\n  <li  >    \n          Cunoa\u0219te\u021bi burghiurile diamantate \u0219i modul de utilizare a acestora\n      <\/li>\n  <li  >    \n          Ave\u021bi un ochi pentru detalii \u0219i lucra\u021bi cu precizie\n      <\/li>\n  <li  >    \n          Lucrul \u00een siguran\u021b\u0103 este \u00eentotdeauna o prioritate absolut\u0103 pentru dvs.\n      <\/li>\n  <li  >    \n          Sunte\u021bi flexibil \u0219i pute\u021bi lucra independent\n      <\/li>\n  <li  >    \n          Locuin\u021ba \u00een regiunea Nieuwerkerk a.d. Ijssel constituie un avantaj\n      <\/li>\n<\/ul>\n<\/div><\/div><\/div>\n<\/section><section class=\"bde-section-533-137 bde-section\">\n  \n  \n\t\n\n\n\n<div class=\"section-container\"><div class=\"bde-columns-533-138 bde-columns\"><div class=\"bde-column-533-139 bde-column\">\n  \n  \n\t\n\n\n\n<h3 class=\"bde-heading-533-140 bde-heading\">\nCe oferim\n<\/h3>\n<\/div><\/div><div class=\"bde-columns-533-141 bde-columns\"><div class=\"bde-column-533-142 bde-column\">\n  \n  \n\t\n\n\n\n<div class=\"bde-icon-box-533-123 bde-icon-box\">\n\n    \n            <div class=\"ee-iconbox-icon breakdance-icon-atom\" >\n    \n                    <svg xmlns=\"http:\/\/www.w3.org\/2000\/svg\" viewbox=\"0 0 512 512\"><!-- Font Awesome Free 5.15.1 by @fontawesome - https:\/\/fontawesome.com License - https:\/\/fontawesome.com\/license\/free (Icons: CC BY 4.0, Fonts: SIL OFL 1.1, Code: MIT License) --><path d=\"M173.898 439.404l-166.4-166.4c-9.997-9.997-9.997-26.206 0-36.204l36.203-36.204c9.997-9.998 26.207-9.998 36.204 0L192 312.69 432.095 72.596c9.997-9.997 26.207-9.997 36.204 0l36.203 36.204c9.997 9.997 9.997 26.206 0 36.204l-294.4 294.401c-9.998 9.997-26.207 9.997-36.204-.001z\"\/><\/svg>\n        \n        \n        \n            <\/div>\n    \n\n<div class=\"ee-iconbox-content\">\n      <p class=\"ee-iconbox-title bde-h3\" >Un salariu competitiv \u00een func\u021bie de experien\u021b\u0103<\/p>\n      <\/div>\n\n<\/div><div class=\"bde-icon-box-533-124 bde-icon-box\">\n\n    \n            <div class=\"ee-iconbox-icon breakdance-icon-atom\" >\n    \n                    <svg xmlns=\"http:\/\/www.w3.org\/2000\/svg\" viewbox=\"0 0 512 512\"><!-- Font Awesome Free 5.15.1 by @fontawesome - https:\/\/fontawesome.com License - https:\/\/fontawesome.com\/license\/free (Icons: CC BY 4.0, Fonts: SIL OFL 1.1, Code: MIT License) --><path d=\"M173.898 439.404l-166.4-166.4c-9.997-9.997-9.997-26.206 0-36.204l36.203-36.204c9.997-9.998 26.207-9.998 36.204 0L192 312.69 432.095 72.596c9.997-9.997 26.207-9.997 36.204 0l36.203 36.204c9.997 9.997 9.997 26.206 0 36.204l-294.4 294.401c-9.998 9.997-26.207 9.997-36.204-.001z\"\/><\/svg>\n        \n        \n        \n            <\/div>\n    \n\n<div class=\"ee-iconbox-content\">\n      <p class=\"ee-iconbox-title bde-h3\" >Munc\u0103 cu norm\u0103 \u00eentreag\u0103 de luni p\u00e2n\u0103 vineri<\/p>\n      <\/div>\n\n<\/div><div class=\"bde-icon-box-533-125 bde-icon-box\">\n\n    \n            <div class=\"ee-iconbox-icon breakdance-icon-atom\" >\n    \n                    <svg xmlns=\"http:\/\/www.w3.org\/2000\/svg\" viewbox=\"0 0 512 512\"><!-- Font Awesome Free 5.15.1 by @fontawesome - https:\/\/fontawesome.com License - https:\/\/fontawesome.com\/license\/free (Icons: CC BY 4.0, Fonts: SIL OFL 1.1, Code: MIT License) --><path d=\"M173.898 439.404l-166.4-166.4c-9.997-9.997-9.997-26.206 0-36.204l36.203-36.204c9.997-9.998 26.207-9.998 36.204 0L192 312.69 432.095 72.596c9.997-9.997 26.207-9.997 36.204 0l36.203 36.204c9.997 9.997 9.997 26.206 0 36.204l-294.4 294.401c-9.998 9.997-26.207 9.997-36.204-.001z\"\/><\/svg>\n        \n        \n        \n            <\/div>\n    \n\n<div class=\"ee-iconbox-content\">\n      <p class=\"ee-iconbox-title bde-h3\" >Oportunit\u0103\u021bi de cre\u0219tere \u0219i dezvoltare \u00een cadrul companiei<\/p>\n      <\/div>\n\n<\/div>\n<\/div><div class=\"bde-column-533-146 bde-column\">\n  \n  \n\t\n\n\n\n<div class=\"bde-icon-box-533-126 bde-icon-box\">\n\n    \n            <div class=\"ee-iconbox-icon breakdance-icon-atom\" >\n    \n                    <svg xmlns=\"http:\/\/www.w3.org\/2000\/svg\" viewbox=\"0 0 512 512\"><!-- Font Awesome Free 5.15.1 by @fontawesome - https:\/\/fontawesome.com License - https:\/\/fontawesome.com\/license\/free (Icons: CC BY 4.0, Fonts: SIL OFL 1.1, Code: MIT License) --><path d=\"M173.898 439.404l-166.4-166.4c-9.997-9.997-9.997-26.206 0-36.204l36.203-36.204c9.997-9.998 26.207-9.998 36.204 0L192 312.69 432.095 72.596c9.997-9.997 26.207-9.997 36.204 0l36.203 36.204c9.997 9.997 9.997 26.206 0 36.204l-294.4 294.401c-9.998 9.997-26.207 9.997-36.204-.001z\"\/><\/svg>\n        \n        \n        \n            <\/div>\n    \n\n<div class=\"ee-iconbox-content\">\n      <p class=\"ee-iconbox-title bde-h3\" >Un mediu de lucru pl\u0103cut, cu o echip\u0103 de colegi motiva\u021bi<\/p>\n      <\/div>\n\n<\/div><div class=\"bde-icon-box-533-127 bde-icon-box\">\n\n    \n            <div class=\"ee-iconbox-icon breakdance-icon-atom\" >\n    \n                    <svg xmlns=\"http:\/\/www.w3.org\/2000\/svg\" viewbox=\"0 0 512 512\"><!-- Font Awesome Free 5.15.1 by @fontawesome - https:\/\/fontawesome.com License - https:\/\/fontawesome.com\/license\/free (Icons: CC BY 4.0, Fonts: SIL OFL 1.1, Code: MIT License) --><path d=\"M173.898 439.404l-166.4-166.4c-9.997-9.997-9.997-26.206 0-36.204l36.203-36.204c9.997-9.998 26.207-9.998 36.204 0L192 312.69 432.095 72.596c9.997-9.997 26.207-9.997 36.204 0l36.203 36.204c9.997 9.997 9.997 26.206 0 36.204l-294.4 294.401c-9.998 9.997-26.207 9.997-36.204-.001z\"\/><\/svg>\n        \n        \n        \n            <\/div>\n    \n\n<div class=\"ee-iconbox-content\">\n      <p class=\"ee-iconbox-title bde-h3\" >Proiecte variate care ofer\u0103 varietate \u00een munca dumneavoastr\u0103<\/p>\n      <\/div>\n\n<\/div>\n<\/div><\/div><\/div>\n<\/section><section class=\"bde-section-533-128 bde-section\">\n  \n  \n\t\n\n\n\n<div class=\"section-container\"><div class=\"bde-text-533-129 bde-text\">\nSunte\u021bi foratorul de diamante pe care \u00eel c\u0103ut\u0103m?<br>Atunci aplic\u0103 rapid \u0219i al\u0103tur\u0103-te echipei noastre!\n<\/div><div class=\"bde-button-533-130 bde-button\">\n    \n                                    \n    \n    \n    \n    \n            \n                    \n            \n            \n\n    \n    \n    \n    \n    \n    <a class=\"breakdance-link button-atom button-atom--custom bde-button__button\" href=\"https:\/\/flexservicescare.nl\/ro\/solliciteren\/\" target=\"_blank\" data-type=\"url\"  >\n\n    \n        <span class=\"button-atom__text\">Aplica\u021bi direct<\/span>\n\n        \n        \n                <\/a>\n\n    \n\n\n<\/div><\/div>\n<\/section>","protected":false},"excerpt":{"rendered":"<p>Reageer op onze vacatures en vind jouw droom baan! Diamantboorder Wij zijn op zoek naar een ervaren diamantboorder\u00a0om ons team te versterken. In deze rol ben je verantwoordelijk voor het uitvoeren van diamantboorwerkzaamheden in voornamelijk beton. Als diamantboorder werk je zowel zelfstandig als in teamverband en zorg je ervoor dat de boorwerkzaamheden veilig en nauwkeurig [&hellip;]<\/p>","protected":false},"author":1,"featured_media":0,"parent":0,"menu_order":0,"comment_status":"closed","ping_status":"closed","template":"","meta":{"_breakdance_hide_in_design_set":false,"_breakdance_tags":"","footnotes":""},"class_list":["post-533","page","type-page","status-publish","hentry"],"_links":{"self":[{"href":"https:\/\/flexservicescare.nl\/ro\/wp-json\/wp\/v2\/pages\/533","targetHints":{"allow":["GET"]}}],"collection":[{"href":"https:\/\/flexservicescare.nl\/ro\/wp-json\/wp\/v2\/pages"}],"about":[{"href":"https:\/\/flexservicescare.nl\/ro\/wp-json\/wp\/v2\/types\/page"}],"author":[{"embeddable":true,"href":"https:\/\/flexservicescare.nl\/ro\/wp-json\/wp\/v2\/users\/1"}],"replies":[{"embeddable":true,"href":"https:\/\/flexservicescare.nl\/ro\/wp-json\/wp\/v2\/comments?post=533"}],"version-history":[{"count":0,"href":"https:\/\/flexservicescare.nl\/ro\/wp-json\/wp\/v2\/pages\/533\/revisions"}],"wp:attachment":[{"href":"https:\/\/flexservicescare.nl\/ro\/wp-json\/wp\/v2\/media?parent=533"}],"curies":[{"name":"wp","href":"https:\/\/api.w.org\/{rel}","templated":true}]}}