{"id":536,"date":"2025-02-27T13:07:44","date_gmt":"2025-02-27T13:07:44","guid":{"rendered":"http:\/\/flexservicescare.nl\/?page_id=536"},"modified":"2025-03-03T15:49:01","modified_gmt":"2025-03-03T15:49:01","slug":"kwaliteitsmedewerker","status":"publish","type":"page","link":"https:\/\/flexservicescare.nl\/ro\/kwaliteitsmedewerker\/","title":{"rendered":"Responsabil cu calitatea"},"content":{"rendered":"<section id=\"bd-fancy-section2\" class=\"bde-section-536-134 bde-section\">\n              \n  \n  \n\t\n\n  <div class=\"section-background-overlay\"><\/div>\n\n\n<div class=\"section-container\"><h1 class=\"bde-dual-heading-536-135 bde-dual-heading\">\n\n\n            <span data-style=\"primary\" class=\"dual-heading--primary\">R\u0103spunde la posturile noastre <\/span>\n\n            <span data-style=\"secondary\" class=\"dual-heading--secondary\">ofertele noastre de munc\u0103<\/span>\n\n            <span data-style=\"primary\" class=\"dual-heading--primary\">\u0219i g\u0103se\u0219te-\u021bi jobul de vis!<\/span>\n\n\n\n<\/h1><\/div>\n<\/section><section class=\"bde-section-536-100 bde-section\">\n  \n  \n\t\n\n\n\n<div class=\"section-container\"><div class=\"bde-columns-536-101 bde-columns\"><div class=\"bde-column-536-102 bde-column\">\n  \n  \n\t\n\n\n\n<h2 class=\"bde-heading-536-103 bde-heading\">\nResponsabil cu calitatea\n<\/h2><div class=\"bde-text-536-104 bde-text\">\nC\u0103ut\u0103m un angajat de calitate pentru fabrica noastr\u0103 metalurgic\u0103 din Sliedrecht. \u00cen acest rol, ve\u021bi fi responsabil pentru asigurarea calit\u0103\u021bii produselor pe care le producem. Efectua\u021bi controale de calitate, recunoa\u0219te\u021bi orice abateri \u0219i v\u0103 asigura\u021bi c\u0103 toate produsele \u00eendeplinesc cerin\u021bele stabilite.\n<\/div><div class=\"bde-text-536-129 bde-text\">\nSliedrecht\n<\/div>\n<\/div><div class=\"bde-column-536-105 bde-column\">\n  \n  \n\t\n\n\n\n<div class=\"bde-button-536-106 bde-button\">\n    \n                                    \n    \n    \n    \n    \n            \n                    \n            \n            \n\n    \n    \n    \n    \n    \n    <a class=\"breakdance-link button-atom button-atom--custom bde-button__button\" href=\"https:\/\/flexservicescare.nl\/ro\/solliciteren\/\" target=\"_blank\" data-type=\"url\"  >\n\n    \n        <span class=\"button-atom__text\">Aplica\u021bi direct<\/span>\n\n        \n        \n                <\/a>\n\n    \n\n\n<\/div><div class=\"bde-button-536-107 bde-button\">\n    \n                                    \n    \n    \n    \n    \n            \n                    \n            \n            \n\n    \n    \n    \n    \n    \n    <a class=\"breakdance-link button-atom button-atom--custom bde-button__button\" href=\"https:\/\/flexservicescare.nl\/ro\/vacatures\/\" target=\"_self\" data-type=\"url\"  >\n\n    \n        <span class=\"button-atom__text\">Toate posturile vacante<\/span>\n\n        \n        \n                <\/a>\n\n    \n\n\n<\/div>\n<\/div><\/div><div class=\"bde-columns-536-108 bde-columns\"><div class=\"bde-column-536-109 bde-column\">\n  \n  \n\t\n\n\n\n<h3 class=\"bde-heading-536-110 bde-heading\">\nCe vei face?\n<\/h3><ul class=\"bde-basic-list-536-111 bde-basic-list\">\n  <li  >    \n          Efectuarea de inspec\u021bii de calitate a produselor\n      <\/li>\n  <li  >    \n          Identificarea problemelor de calitate\n      <\/li>\n  <li  >    \n          Aderarea la liniile directoare privind siguran\u021ba \u0219i calitatea\n      <\/li>\n<\/ul>\n<\/div><div class=\"bde-column-536-112 bde-column\">\n  \n  \n\t\n\n\n\n<h3 class=\"bde-heading-536-113 bde-heading\">\nCine e\u0219ti tu?\n<\/h3><ul class=\"bde-basic-list-536-114 bde-basic-list\">\n  <li  >    \n          Ave\u021bi o bun\u0103 cunoa\u0219tere a limbii olandeze\n      <\/li>\n  <li  >    \n          Ave\u021bi un ochi pentru detalii \u0219i lucra\u021bi cu precizie\n      <\/li>\n  <li  >    \n          Pute\u021bi lucra bine independent \u0219i v\u0103 pute\u021bi asuma responsabilit\u0103\u021bi\n      <\/li>\n  <li  >    \n          Locuin\u021ba \u00een regiunea Sliedrecht sau \u00een \u00eemprejurimi constituie un avantaj\n      <\/li>\n<\/ul>\n<\/div><\/div><\/div>\n<\/section><section class=\"bde-section-536-136 bde-section\">\n  \n  \n\t\n\n\n\n<div class=\"section-container\"><div class=\"bde-columns-536-137 bde-columns\"><div class=\"bde-column-536-138 bde-column\">\n  \n  \n\t\n\n\n\n<h3 class=\"bde-heading-536-139 bde-heading\">\nCe oferim\n<\/h3>\n<\/div><\/div><div class=\"bde-columns-536-140 bde-columns\"><div class=\"bde-column-536-141 bde-column\">\n  \n  \n\t\n\n\n\n<div class=\"bde-icon-box-536-121 bde-icon-box\">\n\n    \n            <div class=\"ee-iconbox-icon breakdance-icon-atom\" >\n    \n                    <svg xmlns=\"http:\/\/www.w3.org\/2000\/svg\" viewbox=\"0 0 512 512\"><!-- Font Awesome Free 5.15.1 by @fontawesome - https:\/\/fontawesome.com License - https:\/\/fontawesome.com\/license\/free (Icons: CC BY 4.0, Fonts: SIL OFL 1.1, Code: MIT License) --><path d=\"M173.898 439.404l-166.4-166.4c-9.997-9.997-9.997-26.206 0-36.204l36.203-36.204c9.997-9.998 26.207-9.998 36.204 0L192 312.69 432.095 72.596c9.997-9.997 26.207-9.997 36.204 0l36.203 36.204c9.997 9.997 9.997 26.206 0 36.204l-294.4 294.401c-9.998 9.997-26.207 9.997-36.204-.001z\"\/><\/svg>\n        \n        \n        \n            <\/div>\n    \n\n<div class=\"ee-iconbox-content\">\n      <p class=\"ee-iconbox-title bde-h3\" >Un salariu de 14,91 EUR pe or\u0103<\/p>\n      <\/div>\n\n<\/div><div class=\"bde-icon-box-536-122 bde-icon-box\">\n\n    \n            <div class=\"ee-iconbox-icon breakdance-icon-atom\" >\n    \n                    <svg xmlns=\"http:\/\/www.w3.org\/2000\/svg\" viewbox=\"0 0 512 512\"><!-- Font Awesome Free 5.15.1 by @fontawesome - https:\/\/fontawesome.com License - https:\/\/fontawesome.com\/license\/free (Icons: CC BY 4.0, Fonts: SIL OFL 1.1, Code: MIT License) --><path d=\"M173.898 439.404l-166.4-166.4c-9.997-9.997-9.997-26.206 0-36.204l36.203-36.204c9.997-9.998 26.207-9.998 36.204 0L192 312.69 432.095 72.596c9.997-9.997 26.207-9.997 36.204 0l36.203 36.204c9.997 9.997 9.997 26.206 0 36.204l-294.4 294.401c-9.998 9.997-26.207 9.997-36.204-.001z\"\/><\/svg>\n        \n        \n        \n            <\/div>\n    \n\n<div class=\"ee-iconbox-content\">\n      <p class=\"ee-iconbox-title bde-h3\" >Munc\u0103 cu norm\u0103 \u00eentreag\u0103, cu o gam\u0103 variat\u0103 de sarcini<\/p>\n      <\/div>\n\n<\/div><div class=\"bde-icon-box-536-123 bde-icon-box\">\n\n    \n            <div class=\"ee-iconbox-icon breakdance-icon-atom\" >\n    \n                    <svg xmlns=\"http:\/\/www.w3.org\/2000\/svg\" viewbox=\"0 0 512 512\"><!-- Font Awesome Free 5.15.1 by @fontawesome - https:\/\/fontawesome.com License - https:\/\/fontawesome.com\/license\/free (Icons: CC BY 4.0, Fonts: SIL OFL 1.1, Code: MIT License) --><path d=\"M173.898 439.404l-166.4-166.4c-9.997-9.997-9.997-26.206 0-36.204l36.203-36.204c9.997-9.998 26.207-9.998 36.204 0L192 312.69 432.095 72.596c9.997-9.997 26.207-9.997 36.204 0l36.203 36.204c9.997 9.997 9.997 26.206 0 36.204l-294.4 294.401c-9.998 9.997-26.207 9.997-36.204-.001z\"\/><\/svg>\n        \n        \n        \n            <\/div>\n    \n\n<div class=\"ee-iconbox-content\">\n      <p class=\"ee-iconbox-title bde-h3\" >Lucrul \u00eentr-un mediu de lucru profesional<\/p>\n      <\/div>\n\n<\/div>\n<\/div><div class=\"bde-column-536-145 bde-column\">\n  \n  \n\t\n\n\n\n<div class=\"bde-icon-box-536-124 bde-icon-box\">\n\n    \n            <div class=\"ee-iconbox-icon breakdance-icon-atom\" >\n    \n                    <svg xmlns=\"http:\/\/www.w3.org\/2000\/svg\" viewbox=\"0 0 512 512\"><!-- Font Awesome Free 5.15.1 by @fontawesome - https:\/\/fontawesome.com License - https:\/\/fontawesome.com\/license\/free (Icons: CC BY 4.0, Fonts: SIL OFL 1.1, Code: MIT License) --><path d=\"M173.898 439.404l-166.4-166.4c-9.997-9.997-9.997-26.206 0-36.204l36.203-36.204c9.997-9.998 26.207-9.998 36.204 0L192 312.69 432.095 72.596c9.997-9.997 26.207-9.997 36.204 0l36.203 36.204c9.997 9.997 9.997 26.206 0 36.204l-294.4 294.401c-9.998 9.997-26.207 9.997-36.204-.001z\"\/><\/svg>\n        \n        \n        \n            <\/div>\n    \n\n<div class=\"ee-iconbox-content\">\n      <p class=\"ee-iconbox-title bde-h3\" >Spa\u021biu pentru cre\u0219tere \u0219i dezvoltare personal\u0103<\/p>\n      <\/div>\n\n<\/div><div class=\"bde-icon-box-536-125 bde-icon-box\">\n\n    \n            <div class=\"ee-iconbox-icon breakdance-icon-atom\" >\n    \n                    <svg xmlns=\"http:\/\/www.w3.org\/2000\/svg\" viewbox=\"0 0 512 512\"><!-- Font Awesome Free 5.15.1 by @fontawesome - https:\/\/fontawesome.com License - https:\/\/fontawesome.com\/license\/free (Icons: CC BY 4.0, Fonts: SIL OFL 1.1, Code: MIT License) --><path d=\"M173.898 439.404l-166.4-166.4c-9.997-9.997-9.997-26.206 0-36.204l36.203-36.204c9.997-9.998 26.207-9.998 36.204 0L192 312.69 432.095 72.596c9.997-9.997 26.207-9.997 36.204 0l36.203 36.204c9.997 9.997 9.997 26.206 0 36.204l-294.4 294.401c-9.998 9.997-26.207 9.997-36.204-.001z\"\/><\/svg>\n        \n        \n        \n            <\/div>\n    \n\n<div class=\"ee-iconbox-content\">\n      <p class=\"ee-iconbox-title bde-h3\" >O echip\u0103 colegial\u0103 \u0219i un loc de munc\u0103 pl\u0103cut<\/p>\n      <\/div>\n\n<\/div>\n<\/div><\/div><\/div>\n<\/section><section class=\"bde-section-536-126 bde-section\">\n  \n  \n\t\n\n\n\n<div class=\"section-container\"><div class=\"bde-text-536-127 bde-text\">\nSunte\u021bi responsabilul cu calitatea pe care \u00eel c\u0103ut\u0103m? <br>Atunci aplica\u021bi rapid \u0219i veni\u021bi s\u0103 lucra\u021bi \u00een fabrica noastr\u0103 de metal din Sliedrecht!\u00a0\n<\/div><div class=\"bde-button-536-128 bde-button\">\n    \n                                    \n    \n    \n    \n    \n            \n                    \n            \n            \n\n    \n    \n    \n    \n    \n    <a class=\"breakdance-link button-atom button-atom--custom bde-button__button\" href=\"https:\/\/flexservicescare.nl\/ro\/solliciteren\/\" target=\"_blank\" data-type=\"url\"  >\n\n    \n        <span class=\"button-atom__text\">Aplica\u021bi direct<\/span>\n\n        \n        \n                <\/a>\n\n    \n\n\n<\/div><\/div>\n<\/section>","protected":false},"excerpt":{"rendered":"<p>Reageer op onze vacatures en vind jouw droom baan! Kwaliteitsmedewerker Wij zijn op zoek naar een kwaliteitsmedewerker voor onze metaalfabriek in Sliedrecht. In deze rol ben je verantwoordelijk voor het waarborgen van de kwaliteit van de producten die wij produceren. Je voert kwaliteitscontroles uit, herkent eventuele afwijkingen en zorgt ervoor dat alle producten voldoen aan [&hellip;]<\/p>","protected":false},"author":1,"featured_media":0,"parent":0,"menu_order":0,"comment_status":"closed","ping_status":"closed","template":"","meta":{"_breakdance_hide_in_design_set":false,"_breakdance_tags":"","footnotes":""},"class_list":["post-536","page","type-page","status-publish","hentry"],"_links":{"self":[{"href":"https:\/\/flexservicescare.nl\/ro\/wp-json\/wp\/v2\/pages\/536","targetHints":{"allow":["GET"]}}],"collection":[{"href":"https:\/\/flexservicescare.nl\/ro\/wp-json\/wp\/v2\/pages"}],"about":[{"href":"https:\/\/flexservicescare.nl\/ro\/wp-json\/wp\/v2\/types\/page"}],"author":[{"embeddable":true,"href":"https:\/\/flexservicescare.nl\/ro\/wp-json\/wp\/v2\/users\/1"}],"replies":[{"embeddable":true,"href":"https:\/\/flexservicescare.nl\/ro\/wp-json\/wp\/v2\/comments?post=536"}],"version-history":[{"count":0,"href":"https:\/\/flexservicescare.nl\/ro\/wp-json\/wp\/v2\/pages\/536\/revisions"}],"wp:attachment":[{"href":"https:\/\/flexservicescare.nl\/ro\/wp-json\/wp\/v2\/media?parent=536"}],"curies":[{"name":"wp","href":"https:\/\/api.w.org\/{rel}","templated":true}]}}