{"id":581,"date":"2025-02-27T14:43:06","date_gmt":"2025-02-27T14:43:06","guid":{"rendered":"http:\/\/flexservicescare.nl\/?page_id=581"},"modified":"2025-03-03T16:13:28","modified_gmt":"2025-03-03T16:13:28","slug":"assemblage","status":"publish","type":"page","link":"https:\/\/flexservicescare.nl\/ro\/assemblage\/","title":{"rendered":"Ansamblu"},"content":{"rendered":"<section id=\"bd-fancy-section2\" class=\"bde-section-581-132 bde-section\">\n              \n  \n  \n\t\n\n  <div class=\"section-background-overlay\"><\/div>\n\n\n<div class=\"section-container\"><h1 class=\"bde-dual-heading-581-133 bde-dual-heading\">\n\n\n            <span data-style=\"primary\" class=\"dual-heading--primary\">R\u0103spunde la posturile noastre <\/span>\n\n            <span data-style=\"secondary\" class=\"dual-heading--secondary\">ofertele noastre de munc\u0103<\/span>\n\n            <span data-style=\"primary\" class=\"dual-heading--primary\">\u0219i g\u0103se\u0219te-\u021bi jobul de vis!<\/span>\n\n\n\n<\/h1><\/div>\n<\/section><section class=\"bde-section-581-102 bde-section\">\n  \n  \n\t\n\n\n\n<div class=\"section-container\"><div class=\"bde-columns-581-103 bde-columns\"><div class=\"bde-column-581-104 bde-column\">\n  \n  \n\t\n\n\n\n<h2 class=\"bde-heading-581-105 bde-heading\">\nAngajat al ansamblului \/ Compozitor\n<\/h2><div class=\"bde-text-581-106 bde-text\">\nC\u0103ut\u0103m un lucr\u0103tor la asamblare\/compozi\u021bie pentru fabrica noastr\u0103 metalurgic\u0103 din Sliedrecht. \u00cen acest rol, ve\u021bi fi responsabil de asamblarea, montarea \u0219i asamblarea pieselor metalice. Ve\u021bi lucra cu diverse tehnici de \u00eembinare \u0219i finisare a pieselor metalice. De asemenea, v\u0103 ve\u021bi asigura c\u0103 produsele \u00eendeplinesc cerin\u021bele specificate \u0219i standardele de calitate.\n<\/div><div class=\"bde-text-581-107 bde-text\">\nSliedrecht\n<\/div>\n<\/div><div class=\"bde-column-581-108 bde-column\">\n  \n  \n\t\n\n\n\n<div class=\"bde-button-581-109 bde-button\">\n    \n                                    \n    \n    \n    \n    \n            \n                    \n            \n            \n\n    \n    \n    \n    \n    \n    <a class=\"breakdance-link button-atom button-atom--custom bde-button__button\" href=\"https:\/\/flexservicescare.nl\/ro\/solliciteren\/\" target=\"_blank\" data-type=\"url\"  >\n\n    \n        <span class=\"button-atom__text\">Aplica\u021bi direct<\/span>\n\n        \n        \n                <\/a>\n\n    \n\n\n<\/div><div class=\"bde-button-581-110 bde-button\">\n    \n                                    \n    \n    \n    \n    \n            \n                    \n            \n            \n\n    \n    \n    \n    \n    \n    <a class=\"breakdance-link button-atom button-atom--custom bde-button__button\" href=\"https:\/\/flexservicescare.nl\/ro\/vacatures\/\" target=\"_self\" data-type=\"url\"  >\n\n    \n        <span class=\"button-atom__text\">Toate posturile vacante<\/span>\n\n        \n        \n                <\/a>\n\n    \n\n\n<\/div>\n<\/div><\/div><div class=\"bde-columns-581-111 bde-columns\"><div class=\"bde-column-581-112 bde-column\">\n  \n  \n\t\n\n\n\n<h3 class=\"bde-heading-581-113 bde-heading\">\nCe vei face?\n<\/h3><ul class=\"bde-basic-list-581-114 bde-basic-list\">\n  <li  >    \n          Asamblarea \u0219i montarea pieselor metalice \u00een conformitate cu desenele \u0219i specifica\u021biile tehnice\n      <\/li>\n  <li  >    \n          Identificarea oric\u0103ror probleme \u00een timpul procesului de asamblare \u0219i efectuarea ajust\u0103rilor corespunz\u0103toare\n      <\/li>\n  <li  >    \n          Asigurarea unui loc de munc\u0103 sigur prin respectarea tuturor procedurilor de siguran\u021b\u0103\n      <\/li>\n<\/ul>\n<\/div><div class=\"bde-column-581-115 bde-column\">\n  \n  \n\t\n\n\n\n<h3 class=\"bde-heading-581-116 bde-heading\">\nCine e\u0219ti tu?\n<\/h3><ul class=\"bde-basic-list-581-117 bde-basic-list\">\n  <li  >    \n          Ave\u021bi o bun\u0103 cunoa\u0219tere a limbii olandeze \u0219i\/sau engleze\n      <\/li>\n  <li  >    \n          Ave\u021bi ochi pentru detalii \u0219i lucra\u021bi cu precizie la asamblarea \u0219i montarea pieselor metalice\n      <\/li>\n  <li  >    \n          Pute\u021bi lucra bine independent, dar \u0219i s\u0103 colabora\u021bi eficient \u00een echip\u0103 atunci c\u00e2nd este necesar\n      <\/li>\n  <li  >    \n          Locuin\u021ba \u00een regiunea Sliedrecht sau \u00een \u00eemprejurimi constituie un avantaj\n      <\/li>\n<\/ul>\n<\/div><\/div><\/div>\n<\/section><section class=\"bde-section-581-134 bde-section\">\n  \n  \n\t\n\n\n\n<div class=\"section-container\"><div class=\"bde-columns-581-135 bde-columns\"><div class=\"bde-column-581-136 bde-column\">\n  \n  \n\t\n\n\n\n<h3 class=\"bde-heading-581-137 bde-heading\">\nCe oferim\n<\/h3>\n<\/div><\/div><div class=\"bde-columns-581-138 bde-columns\"><div class=\"bde-column-581-139 bde-column\">\n  \n  \n\t\n\n\n\n<div class=\"bde-icon-box-581-124 bde-icon-box\">\n\n    \n            <div class=\"ee-iconbox-icon breakdance-icon-atom\" >\n    \n                    <svg xmlns=\"http:\/\/www.w3.org\/2000\/svg\" viewbox=\"0 0 512 512\"><!-- Font Awesome Free 5.15.1 by @fontawesome - https:\/\/fontawesome.com License - https:\/\/fontawesome.com\/license\/free (Icons: CC BY 4.0, Fonts: SIL OFL 1.1, Code: MIT License) --><path d=\"M173.898 439.404l-166.4-166.4c-9.997-9.997-9.997-26.206 0-36.204l36.203-36.204c9.997-9.998 26.207-9.998 36.204 0L192 312.69 432.095 72.596c9.997-9.997 26.207-9.997 36.204 0l36.203 36.204c9.997 9.997 9.997 26.206 0 36.204l-294.4 294.401c-9.998 9.997-26.207 9.997-36.204-.001z\"\/><\/svg>\n        \n        \n        \n            <\/div>\n    \n\n<div class=\"ee-iconbox-content\">\n      <p class=\"ee-iconbox-title bde-h3\" >Un salariu de 17,15 EUR pe or\u0103 (inclusiv bonusul de tur\u0103) <\/p>\n      <\/div>\n\n<\/div><div class=\"bde-icon-box-581-125 bde-icon-box\">\n\n    \n            <div class=\"ee-iconbox-icon breakdance-icon-atom\" >\n    \n                    <svg xmlns=\"http:\/\/www.w3.org\/2000\/svg\" viewbox=\"0 0 512 512\"><!-- Font Awesome Free 5.15.1 by @fontawesome - https:\/\/fontawesome.com License - https:\/\/fontawesome.com\/license\/free (Icons: CC BY 4.0, Fonts: SIL OFL 1.1, Code: MIT License) --><path d=\"M173.898 439.404l-166.4-166.4c-9.997-9.997-9.997-26.206 0-36.204l36.203-36.204c9.997-9.998 26.207-9.998 36.204 0L192 312.69 432.095 72.596c9.997-9.997 26.207-9.997 36.204 0l36.203 36.204c9.997 9.997 9.997 26.206 0 36.204l-294.4 294.401c-9.998 9.997-26.207 9.997-36.204-.001z\"\/><\/svg>\n        \n        \n        \n            <\/div>\n    \n\n<div class=\"ee-iconbox-content\">\n      <p class=\"ee-iconbox-title bde-h3\" >Lucrul \u00eentr-un mediu de lucru profesionist \u0219i bine dotat<\/p>\n      <\/div>\n\n<\/div><div class=\"bde-icon-box-581-126 bde-icon-box\">\n\n    \n            <div class=\"ee-iconbox-icon breakdance-icon-atom\" >\n    \n                    <svg xmlns=\"http:\/\/www.w3.org\/2000\/svg\" viewbox=\"0 0 512 512\"><!-- Font Awesome Free 5.15.1 by @fontawesome - https:\/\/fontawesome.com License - https:\/\/fontawesome.com\/license\/free (Icons: CC BY 4.0, Fonts: SIL OFL 1.1, Code: MIT License) --><path d=\"M173.898 439.404l-166.4-166.4c-9.997-9.997-9.997-26.206 0-36.204l36.203-36.204c9.997-9.998 26.207-9.998 36.204 0L192 312.69 432.095 72.596c9.997-9.997 26.207-9.997 36.204 0l36.203 36.204c9.997 9.997 9.997 26.206 0 36.204l-294.4 294.401c-9.998 9.997-26.207 9.997-36.204-.001z\"\/><\/svg>\n        \n        \n        \n            <\/div>\n    \n\n<div class=\"ee-iconbox-content\">\n      <p class=\"ee-iconbox-title bde-h3\" >Spa\u021biu pentru cre\u0219tere \u0219i dezvoltare personal\u0103<\/p>\n      <\/div>\n\n<\/div>\n<\/div><div class=\"bde-column-581-143 bde-column\">\n  \n  \n\t\n\n\n\n<div class=\"bde-icon-box-581-127 bde-icon-box\">\n\n    \n            <div class=\"ee-iconbox-icon breakdance-icon-atom\" >\n    \n                    <svg xmlns=\"http:\/\/www.w3.org\/2000\/svg\" viewbox=\"0 0 512 512\"><!-- Font Awesome Free 5.15.1 by @fontawesome - https:\/\/fontawesome.com License - https:\/\/fontawesome.com\/license\/free (Icons: CC BY 4.0, Fonts: SIL OFL 1.1, Code: MIT License) --><path d=\"M173.898 439.404l-166.4-166.4c-9.997-9.997-9.997-26.206 0-36.204l36.203-36.204c9.997-9.998 26.207-9.998 36.204 0L192 312.69 432.095 72.596c9.997-9.997 26.207-9.997 36.204 0l36.203 36.204c9.997 9.997 9.997 26.206 0 36.204l-294.4 294.401c-9.998 9.997-26.207 9.997-36.204-.001z\"\/><\/svg>\n        \n        \n        \n            <\/div>\n    \n\n<div class=\"ee-iconbox-content\">\n      <p class=\"ee-iconbox-title bde-h3\" >Oportunitatea de a v\u0103 dezvolta abilit\u0103\u021bile de asamblare \u0219i compozi\u021bie \u0219i de a cre\u0219te \u00een cadrul profesiei<\/p>\n      <\/div>\n\n<\/div><div class=\"bde-icon-box-581-128 bde-icon-box\">\n\n    \n            <div class=\"ee-iconbox-icon breakdance-icon-atom\" >\n    \n                    <svg xmlns=\"http:\/\/www.w3.org\/2000\/svg\" viewbox=\"0 0 512 512\"><!-- Font Awesome Free 5.15.1 by @fontawesome - https:\/\/fontawesome.com License - https:\/\/fontawesome.com\/license\/free (Icons: CC BY 4.0, Fonts: SIL OFL 1.1, Code: MIT License) --><path d=\"M173.898 439.404l-166.4-166.4c-9.997-9.997-9.997-26.206 0-36.204l36.203-36.204c9.997-9.998 26.207-9.998 36.204 0L192 312.69 432.095 72.596c9.997-9.997 26.207-9.997 36.204 0l36.203 36.204c9.997 9.997 9.997 26.206 0 36.204l-294.4 294.401c-9.998 9.997-26.207 9.997-36.204-.001z\"\/><\/svg>\n        \n        \n        \n            <\/div>\n    \n\n<div class=\"ee-iconbox-content\">\n      <p class=\"ee-iconbox-title bde-h3\" >Munc\u0103 \u00een schimburi<\/p>\n      <\/div>\n\n<\/div>\n<\/div><\/div><\/div>\n<\/section><section class=\"bde-section-581-129 bde-section\">\n  \n  \n\t\n\n\n\n<div class=\"section-container\"><div class=\"bde-text-581-130 bde-text\">\nSunte\u021bi muncitorul\/compozitorul de asamblare pe care \u00eel c\u0103ut\u0103m? <br>Atunci aplica\u021bi rapid \u0219i veni\u021bi s\u0103 lucra\u021bi \u00een fabrica noastr\u0103 de metal din Sliedrecht!\n<\/div><div class=\"bde-button-581-131 bde-button\">\n    \n                                    \n    \n    \n    \n    \n            \n                    \n            \n            \n\n    \n    \n    \n    \n    \n    <a class=\"breakdance-link button-atom button-atom--custom bde-button__button\" href=\"https:\/\/flexservicescare.nl\/ro\/solliciteren\/\" target=\"_blank\" data-type=\"url\"  >\n\n    \n        <span class=\"button-atom__text\">Aplica\u021bi direct<\/span>\n\n        \n        \n                <\/a>\n\n    \n\n\n<\/div><\/div>\n<\/section>","protected":false},"excerpt":{"rendered":"<p>Reageer op onze vacatures en vind jouw droom baan! Assemblage Medewerker \/ Samensteller Wij zijn op zoek naar een assemblage medewerker \/ samensteller voor onze metaalfabriek in Sliedrecht. In deze rol ben je verantwoordelijk voor het assembleren, monteren en samenstellen van metalen onderdelen. Je werkt met verschillende technieken om metalen onderdelen te verbinden en af [&hellip;]<\/p>","protected":false},"author":1,"featured_media":0,"parent":0,"menu_order":0,"comment_status":"closed","ping_status":"closed","template":"","meta":{"_breakdance_hide_in_design_set":false,"_breakdance_tags":"","footnotes":""},"class_list":["post-581","page","type-page","status-publish","hentry"],"_links":{"self":[{"href":"https:\/\/flexservicescare.nl\/ro\/wp-json\/wp\/v2\/pages\/581","targetHints":{"allow":["GET"]}}],"collection":[{"href":"https:\/\/flexservicescare.nl\/ro\/wp-json\/wp\/v2\/pages"}],"about":[{"href":"https:\/\/flexservicescare.nl\/ro\/wp-json\/wp\/v2\/types\/page"}],"author":[{"embeddable":true,"href":"https:\/\/flexservicescare.nl\/ro\/wp-json\/wp\/v2\/users\/1"}],"replies":[{"embeddable":true,"href":"https:\/\/flexservicescare.nl\/ro\/wp-json\/wp\/v2\/comments?post=581"}],"version-history":[{"count":0,"href":"https:\/\/flexservicescare.nl\/ro\/wp-json\/wp\/v2\/pages\/581\/revisions"}],"wp:attachment":[{"href":"https:\/\/flexservicescare.nl\/ro\/wp-json\/wp\/v2\/media?parent=581"}],"curies":[{"name":"wp","href":"https:\/\/api.w.org\/{rel}","templated":true}]}}