{"id":584,"date":"2025-02-28T08:48:12","date_gmt":"2025-02-28T08:48:12","guid":{"rendered":"http:\/\/flexservicescare.nl\/?page_id=584"},"modified":"2025-03-03T16:22:52","modified_gmt":"2025-03-03T16:22:52","slug":"productiemedewerker","status":"publish","type":"page","link":"https:\/\/flexservicescare.nl\/ro\/productiemedewerker\/","title":{"rendered":"Lucr\u0103tor \u00een produc\u021bie"},"content":{"rendered":"<section id=\"bd-fancy-section2\" class=\"bde-section-584-132 bde-section\">\n              \n  \n  \n\t\n\n  <div class=\"section-background-overlay\"><\/div>\n\n\n<div class=\"section-container\"><h1 class=\"bde-dual-heading-584-133 bde-dual-heading\">\n\n\n            <span data-style=\"primary\" class=\"dual-heading--primary\">R\u0103spunde la posturile noastre <\/span>\n\n            <span data-style=\"secondary\" class=\"dual-heading--secondary\">ofertele noastre de munc\u0103<\/span>\n\n            <span data-style=\"primary\" class=\"dual-heading--primary\">\u0219i g\u0103se\u0219te-\u021bi jobul de vis!<\/span>\n\n\n\n<\/h1><\/div>\n<\/section><section class=\"bde-section-584-102 bde-section\">\n  \n  \n\t\n\n\n\n<div class=\"section-container\"><div class=\"bde-columns-584-103 bde-columns\"><div class=\"bde-column-584-104 bde-column\">\n  \n  \n\t\n\n\n\n<h2 class=\"bde-heading-584-105 bde-heading\">\nLucr\u0103tor \u00een produc\u021bie\n<\/h2><div class=\"bde-text-584-106 bde-text\">\nC\u0103ut\u0103m un lucr\u0103tor \u00een produc\u021bie pentru uzina noastr\u0103 metalurgic\u0103 din Sliedrecht. \u00cen acest rol, ve\u021bi fi responsabil de producerea, prelucrarea \u0219i asamblarea pieselor metalice. Ve\u021bi lucra cu diverse tehnici de produc\u021bie \u0219i ma\u0219ini pentru a fabrica produsele dorite \u0219i pentru a v\u0103 asigura c\u0103 totul \u00eendepline\u0219te cerin\u021bele \u0219i standardele de calitate stabilite.\n<\/div><div class=\"bde-text-584-107 bde-text\">\nSliedrecht\n<\/div>\n<\/div><div class=\"bde-column-584-108 bde-column\">\n  \n  \n\t\n\n\n\n<div class=\"bde-button-584-109 bde-button\">\n    \n                                    \n    \n    \n    \n    \n            \n                    \n            \n            \n\n    \n    \n    \n    \n    \n    <a class=\"breakdance-link button-atom button-atom--custom bde-button__button\" href=\"https:\/\/flexservicescare.nl\/ro\/solliciteren\/\" target=\"_blank\" data-type=\"url\"  >\n\n    \n        <span class=\"button-atom__text\">Aplica\u021bi direct<\/span>\n\n        \n        \n                <\/a>\n\n    \n\n\n<\/div><div class=\"bde-button-584-110 bde-button\">\n    \n                                    \n    \n    \n    \n    \n            \n                    \n            \n            \n\n    \n    \n    \n    \n    \n    <a class=\"breakdance-link button-atom button-atom--custom bde-button__button\" href=\"https:\/\/flexservicescare.nl\/ro\/vacatures\/\" target=\"_self\" data-type=\"url\"  >\n\n    \n        <span class=\"button-atom__text\">Toate posturile vacante<\/span>\n\n        \n        \n                <\/a>\n\n    \n\n\n<\/div>\n<\/div><\/div><div class=\"bde-columns-584-111 bde-columns\"><div class=\"bde-column-584-112 bde-column\">\n  \n  \n\t\n\n\n\n<h3 class=\"bde-heading-584-113 bde-heading\">\nCe vei face?\n<\/h3><ul class=\"bde-basic-list-584-114 bde-basic-list\">\n  <li  >    \n          Efectuarea de sarcini de produc\u021bie \u0219i prelucrare a pieselor metalice\n      <\/li>\n  <li  >    \n          Operarea ma\u0219inilor pentru prelucrarea \u0219i fabricarea pieselor metalice\n      <\/li>\n  <li  >    \n          Identificarea oric\u0103ror probleme \u00een timpul procesului de produc\u021bie \u0219i efectuarea ajust\u0103rilor corespunz\u0103toare\n      <\/li>\n  <li  >    \n          Asigurarea unui loc de munc\u0103 sigur prin respectarea tuturor procedurilor de siguran\u021b\u0103\n      <\/li>\n<\/ul>\n<\/div><div class=\"bde-column-584-115 bde-column\">\n  \n  \n\t\n\n\n\n<h3 class=\"bde-heading-584-116 bde-heading\">\nCine e\u0219ti tu?\n<\/h3><ul class=\"bde-basic-list-584-117 bde-basic-list\">\n  <li  >    \n          Ave\u021bi o bun\u0103 cunoa\u0219tere a limbii olandeze \u0219i\/sau engleze\n      <\/li>\n  <li  >    \n          Sunte\u021bi atent la detalii \u0219i lucra\u021bi cu acurate\u021be atunci c\u00e2nd \u00eendeplini\u021bi sarcini de produc\u021bie\n      <\/li>\n  <li  >    \n          Pute\u021bi lucra bine independent, dar \u0219i s\u0103 colabora\u021bi eficient \u00een echip\u0103 atunci c\u00e2nd este necesar\n      <\/li>\n  <li  >    \n          Locuin\u021ba \u00een regiunea Sliedrecht sau \u00een \u00eemprejurimi constituie un avantaj\n      <\/li>\n<\/ul>\n<\/div><\/div><\/div>\n<\/section><section class=\"bde-section-584-134 bde-section\">\n  \n  \n\t\n\n\n\n<div class=\"section-container\"><div class=\"bde-columns-584-135 bde-columns\"><div class=\"bde-column-584-136 bde-column\">\n  \n  \n\t\n\n\n\n<h3 class=\"bde-heading-584-137 bde-heading\">\nCe oferim\n<\/h3>\n<\/div><\/div><div class=\"bde-columns-584-138 bde-columns\"><div class=\"bde-column-584-139 bde-column\">\n  \n  \n\t\n\n\n\n<div class=\"bde-icon-box-584-124 bde-icon-box\">\n\n    \n            <div class=\"ee-iconbox-icon breakdance-icon-atom\" >\n    \n                    <svg xmlns=\"http:\/\/www.w3.org\/2000\/svg\" viewbox=\"0 0 512 512\"><!-- Font Awesome Free 5.15.1 by @fontawesome - https:\/\/fontawesome.com License - https:\/\/fontawesome.com\/license\/free (Icons: CC BY 4.0, Fonts: SIL OFL 1.1, Code: MIT License) --><path d=\"M173.898 439.404l-166.4-166.4c-9.997-9.997-9.997-26.206 0-36.204l36.203-36.204c9.997-9.998 26.207-9.998 36.204 0L192 312.69 432.095 72.596c9.997-9.997 26.207-9.997 36.204 0l36.203 36.204c9.997 9.997 9.997 26.206 0 36.204l-294.4 294.401c-9.998 9.997-26.207 9.997-36.204-.001z\"\/><\/svg>\n        \n        \n        \n            <\/div>\n    \n\n<div class=\"ee-iconbox-content\">\n      <p class=\"ee-iconbox-title bde-h3\" >Un salariu de 17,83 \u20ac pe or\u0103 (inclusiv bonusul de tur\u0103) <\/p>\n      <\/div>\n\n<\/div><div class=\"bde-icon-box-584-125 bde-icon-box\">\n\n    \n            <div class=\"ee-iconbox-icon breakdance-icon-atom\" >\n    \n                    <svg xmlns=\"http:\/\/www.w3.org\/2000\/svg\" viewbox=\"0 0 512 512\"><!-- Font Awesome Free 5.15.1 by @fontawesome - https:\/\/fontawesome.com License - https:\/\/fontawesome.com\/license\/free (Icons: CC BY 4.0, Fonts: SIL OFL 1.1, Code: MIT License) --><path d=\"M173.898 439.404l-166.4-166.4c-9.997-9.997-9.997-26.206 0-36.204l36.203-36.204c9.997-9.998 26.207-9.998 36.204 0L192 312.69 432.095 72.596c9.997-9.997 26.207-9.997 36.204 0l36.203 36.204c9.997 9.997 9.997 26.206 0 36.204l-294.4 294.401c-9.998 9.997-26.207 9.997-36.204-.001z\"\/><\/svg>\n        \n        \n        \n            <\/div>\n    \n\n<div class=\"ee-iconbox-content\">\n      <p class=\"ee-iconbox-title bde-h3\" >Lucrul \u00eentr-un mediu de lucru profesionist \u0219i bine dotat<\/p>\n      <\/div>\n\n<\/div><div class=\"bde-icon-box-584-126 bde-icon-box\">\n\n    \n            <div class=\"ee-iconbox-icon breakdance-icon-atom\" >\n    \n                    <svg xmlns=\"http:\/\/www.w3.org\/2000\/svg\" viewbox=\"0 0 512 512\"><!-- Font Awesome Free 5.15.1 by @fontawesome - https:\/\/fontawesome.com License - https:\/\/fontawesome.com\/license\/free (Icons: CC BY 4.0, Fonts: SIL OFL 1.1, Code: MIT License) --><path d=\"M173.898 439.404l-166.4-166.4c-9.997-9.997-9.997-26.206 0-36.204l36.203-36.204c9.997-9.998 26.207-9.998 36.204 0L192 312.69 432.095 72.596c9.997-9.997 26.207-9.997 36.204 0l36.203 36.204c9.997 9.997 9.997 26.206 0 36.204l-294.4 294.401c-9.998 9.997-26.207 9.997-36.204-.001z\"\/><\/svg>\n        \n        \n        \n            <\/div>\n    \n\n<div class=\"ee-iconbox-content\">\n      <p class=\"ee-iconbox-title bde-h3\" >Spa\u021biu pentru cre\u0219tere \u0219i dezvoltare personal\u0103<\/p>\n      <\/div>\n\n<\/div>\n<\/div><div class=\"bde-column-584-143 bde-column\">\n  \n  \n\t\n\n\n\n<div class=\"bde-icon-box-584-127 bde-icon-box\">\n\n    \n            <div class=\"ee-iconbox-icon breakdance-icon-atom\" >\n    \n                    <svg xmlns=\"http:\/\/www.w3.org\/2000\/svg\" viewbox=\"0 0 512 512\"><!-- Font Awesome Free 5.15.1 by @fontawesome - https:\/\/fontawesome.com License - https:\/\/fontawesome.com\/license\/free (Icons: CC BY 4.0, Fonts: SIL OFL 1.1, Code: MIT License) --><path d=\"M173.898 439.404l-166.4-166.4c-9.997-9.997-9.997-26.206 0-36.204l36.203-36.204c9.997-9.998 26.207-9.998 36.204 0L192 312.69 432.095 72.596c9.997-9.997 26.207-9.997 36.204 0l36.203 36.204c9.997 9.997 9.997 26.206 0 36.204l-294.4 294.401c-9.998 9.997-26.207 9.997-36.204-.001z\"\/><\/svg>\n        \n        \n        \n            <\/div>\n    \n\n<div class=\"ee-iconbox-content\">\n      <p class=\"ee-iconbox-title bde-h3\" >Oportunitatea de a v\u0103 dezvolta abilit\u0103\u021bile \u00een produc\u021bie \u0219i prelucrarea metalelor \u0219i de a cre\u0219te \u00een cadrul profesiei<\/p>\n      <\/div>\n\n<\/div><div class=\"bde-icon-box-584-128 bde-icon-box\">\n\n    \n            <div class=\"ee-iconbox-icon breakdance-icon-atom\" >\n    \n                    <svg xmlns=\"http:\/\/www.w3.org\/2000\/svg\" viewbox=\"0 0 512 512\"><!-- Font Awesome Free 5.15.1 by @fontawesome - https:\/\/fontawesome.com License - https:\/\/fontawesome.com\/license\/free (Icons: CC BY 4.0, Fonts: SIL OFL 1.1, Code: MIT License) --><path d=\"M173.898 439.404l-166.4-166.4c-9.997-9.997-9.997-26.206 0-36.204l36.203-36.204c9.997-9.998 26.207-9.998 36.204 0L192 312.69 432.095 72.596c9.997-9.997 26.207-9.997 36.204 0l36.203 36.204c9.997 9.997 9.997 26.206 0 36.204l-294.4 294.401c-9.998 9.997-26.207 9.997-36.204-.001z\"\/><\/svg>\n        \n        \n        \n            <\/div>\n    \n\n<div class=\"ee-iconbox-content\">\n      <p class=\"ee-iconbox-title bde-h3\" >Munc\u0103 \u00een schimburi<\/p>\n      <\/div>\n\n<\/div>\n<\/div><\/div><\/div>\n<\/section><section class=\"bde-section-584-129 bde-section\">\n  \n  \n\t\n\n\n\n<div class=\"section-container\"><div class=\"bde-text-584-130 bde-text\">\nSunte\u021bi lucr\u0103torul \u00een produc\u021bie pe care \u00eel c\u0103ut\u0103m?<br>Atunci aplica\u021bi rapid \u0219i veni\u021bi s\u0103 lucra\u021bi \u00een fabrica noastr\u0103 de metal din Sliedrecht!\n<\/div><div class=\"bde-button-584-131 bde-button\">\n    \n                                    \n    \n    \n    \n    \n            \n                    \n            \n            \n\n    \n    \n    \n    \n    \n    <a class=\"breakdance-link button-atom button-atom--custom bde-button__button\" href=\"https:\/\/flexservicescare.nl\/ro\/solliciteren\/\" target=\"_blank\" data-type=\"url\"  >\n\n    \n        <span class=\"button-atom__text\">Aplica\u021bi direct<\/span>\n\n        \n        \n                <\/a>\n\n    \n\n\n<\/div><\/div>\n<\/section>","protected":false},"excerpt":{"rendered":"<p>R\u0103spunde\u021bi la posturile noastre vacante \u0219i g\u0103si\u021bi-v\u0103 slujba de vis! Lucr\u0103tor \u00een produc\u021bie C\u0103ut\u0103m un lucr\u0103tor \u00een produc\u021bie pentru fabrica noastr\u0103 de metal din Sliedrecht. \u00cen acest rol, ve\u021bi fi responsabil de producerea, prelucrarea \u0219i asamblarea pieselor metalice. Ve\u021bi lucra cu diverse tehnici de produc\u021bie \u0219i ma\u0219ini pentru a fabrica produsele dorite \u0219i v\u0103 ve\u021bi asigura c\u0103 totul [...]<\/p>","protected":false},"author":1,"featured_media":0,"parent":0,"menu_order":0,"comment_status":"closed","ping_status":"closed","template":"","meta":{"_breakdance_hide_in_design_set":false,"_breakdance_tags":"","footnotes":""},"class_list":["post-584","page","type-page","status-publish","hentry"],"_links":{"self":[{"href":"https:\/\/flexservicescare.nl\/ro\/wp-json\/wp\/v2\/pages\/584","targetHints":{"allow":["GET"]}}],"collection":[{"href":"https:\/\/flexservicescare.nl\/ro\/wp-json\/wp\/v2\/pages"}],"about":[{"href":"https:\/\/flexservicescare.nl\/ro\/wp-json\/wp\/v2\/types\/page"}],"author":[{"embeddable":true,"href":"https:\/\/flexservicescare.nl\/ro\/wp-json\/wp\/v2\/users\/1"}],"replies":[{"embeddable":true,"href":"https:\/\/flexservicescare.nl\/ro\/wp-json\/wp\/v2\/comments?post=584"}],"version-history":[{"count":0,"href":"https:\/\/flexservicescare.nl\/ro\/wp-json\/wp\/v2\/pages\/584\/revisions"}],"wp:attachment":[{"href":"https:\/\/flexservicescare.nl\/ro\/wp-json\/wp\/v2\/media?parent=584"}],"curies":[{"name":"wp","href":"https:\/\/api.w.org\/{rel}","templated":true}]}}