{"id":588,"date":"2025-02-28T08:47:58","date_gmt":"2025-02-28T08:47:58","guid":{"rendered":"http:\/\/flexservicescare.nl\/?page_id=588"},"modified":"2025-03-03T15:43:40","modified_gmt":"2025-03-03T15:43:40","slug":"schoonmaker-parttime","status":"publish","type":"page","link":"https:\/\/flexservicescare.nl\/ro\/schoonmaker-parttime\/","title":{"rendered":"Personal de cur\u0103\u021benie cu jum\u0103tate de norm\u0103\u00a0"},"content":{"rendered":"<section id=\"bd-fancy-section2\" class=\"bde-section-588-133 bde-section\">\n              \n  \n  \n\t\n\n  <div class=\"section-background-overlay\"><\/div>\n\n\n<div class=\"section-container\"><h1 class=\"bde-dual-heading-588-134 bde-dual-heading\">\n\n\n            <span data-style=\"primary\" class=\"dual-heading--primary\">R\u0103spunde la posturile noastre <\/span>\n\n            <span data-style=\"secondary\" class=\"dual-heading--secondary\">ofertele noastre de munc\u0103<\/span>\n\n            <span data-style=\"primary\" class=\"dual-heading--primary\">\u0219i g\u0103se\u0219te-\u021bi jobul de vis!<\/span>\n\n\n\n<\/h1><\/div>\n<\/section><section class=\"bde-section-588-102 bde-section\">\n  \n  \n\t\n\n\n\n<div class=\"section-container\"><div class=\"bde-columns-588-103 bde-columns\"><div class=\"bde-column-588-104 bde-column\">\n  \n  \n\t\n\n\n\n<h2 class=\"bde-heading-588-105 bde-heading\">\nLucr\u0103tor \u00een Cur\u0103\u021benie \u2013 Part-time \n<\/h2><div class=\"bde-text-588-106 bde-text\">\nC\u0103ut\u0103m un angajat de \u00eencredere \u0219i motivat pentru activit\u0103\u021bi de cur\u0103\u021benie variate \u00een regiunile Gouda, Drechtsteden, Gorinchem, Rotterdam \u0219i zonele \u00eenconjur\u0103toare. Vei lucra \u00een diverse loca\u021bii precum \u0219coli, birouri, companii \u0219i alte spa\u021bii publice. \u00cen acest rol, vei fi responsabil pentru men\u021binerea cur\u0103\u021beniei \u0219i igienei \u00een mediile de lucru \u0219i de \u00eenv\u0103\u021bare.\n<\/div><div class=\"bde-text-588-107 bde-text\">\nGouda, Drechtsteden, Gorinchem, Rotterdam \u0219i \u00eemprejurimi\n<\/div>\n<\/div><div class=\"bde-column-588-108 bde-column\">\n  \n  \n\t\n\n\n\n<div class=\"bde-button-588-109 bde-button\">\n    \n                                    \n    \n    \n    \n    \n            \n                    \n            \n            \n\n    \n    \n    \n    \n    \n    <a class=\"breakdance-link button-atom button-atom--custom bde-button__button\" href=\"https:\/\/flexservicescare.nl\/ro\/solliciteren\/\" target=\"_blank\" data-type=\"url\"  >\n\n    \n        <span class=\"button-atom__text\">Aplica\u021bi direct<\/span>\n\n        \n        \n                <\/a>\n\n    \n\n\n<\/div><div class=\"bde-button-588-110 bde-button\">\n    \n                                    \n    \n    \n    \n    \n            \n                    \n            \n            \n\n    \n    \n    \n    \n    \n    <a class=\"breakdance-link button-atom button-atom--custom bde-button__button\" href=\"https:\/\/flexservicescare.nl\/ro\/vacatures\/\" target=\"_self\" data-type=\"url\"  >\n\n    \n        <span class=\"button-atom__text\">Toate posturile vacante<\/span>\n\n        \n        \n                <\/a>\n\n    \n\n\n<\/div>\n<\/div><\/div><div class=\"bde-columns-588-111 bde-columns\"><div class=\"bde-column-588-112 bde-column\">\n  \n  \n\t\n\n\n\n<h3 class=\"bde-heading-588-113 bde-heading\">\nCe vei face?\n<\/h3><div class=\"bde-text-588-132 bde-text\">\nCa lucr\u0103tor \u00een cur\u0103\u021benie, e\u0219ti responsabil pentru cur\u0103\u021barea diferitelor locuri de munc\u0103, precum \u0219coli, birouri \u0219i alte loca\u021bii. Deoarece fiecare loc este unic, \u00ee\u021bi adaptezi munca \u00een func\u021bie de cerin\u021bele specifice ale fiec\u0103rui spa\u021biu. Te asiguri c\u0103 mediul este mereu curat, igienic \u0219i sigur, respect\u00e2nd regulile de igien\u0103 \u0219i siguran\u021b\u0103 \u00een vigoare.\n<\/div>\n<\/div><div class=\"bde-column-588-115 bde-column\">\n  \n  \n\t\n\n\n\n<h3 class=\"bde-heading-588-116 bde-heading\">\nCine e\u0219ti tu?\n<\/h3><ul class=\"bde-basic-list-588-117 bde-basic-list\">\n  <li  >    \n          Ave\u021bi experien\u021b\u0103 \u00een munca de cur\u0103\u021benie\n      <\/li>\n  <li  >    \n          Sunte\u021bi de \u00eencredere, precis \u0219i ave\u021bi un ochi pentru detalii\n      <\/li>\n  <li  >    \n          Pute\u021bi lucra independent, dar \u0219i s\u0103 colabora\u021bi bine \u00een echip\u0103\n      <\/li>\n  <li  >    \n          Ave\u021bi o atitudine de lucru flexibil\u0103 \u0219i sunte\u021bi dispus s\u0103 lucra\u021bi \u00een diferite regiuni\n      <\/li>\n  <li  >    \n          Vorbi\u021bi fluent olandeza \u0219i\/sau engleza\n      <\/li>\n  <li  >    \n          Locuin\u021ba \u00een Gouda, Drechtsteden, Gorinchem, Rotterdam sau \u00een zona \u00eenconjur\u0103toare constituie un avantaj\n      <\/li>\n<\/ul>\n<\/div><\/div><\/div>\n<\/section><section class=\"bde-section-588-118 bde-section\">\n  \n  \n\t\n\n\n\n<div class=\"section-container\"><div class=\"bde-columns-588-119 bde-columns\"><div class=\"bde-column-588-122 bde-column\">\n  \n  \n\t\n\n\n\n<h3 class=\"bde-heading-588-123 bde-heading\">\nCe oferim\n<\/h3>\n<\/div><\/div><div class=\"bde-columns-588-135 bde-columns\"><div class=\"bde-column-588-136 bde-column\">\n  \n  \n\t\n\n\n\n<div class=\"bde-icon-box-588-138 bde-icon-box\">\n\n    \n            <div class=\"ee-iconbox-icon breakdance-icon-atom\" >\n    \n                    <svg xmlns=\"http:\/\/www.w3.org\/2000\/svg\" viewbox=\"0 0 512 512\"><!-- Font Awesome Free 5.15.1 by @fontawesome - https:\/\/fontawesome.com License - https:\/\/fontawesome.com\/license\/free (Icons: CC BY 4.0, Fonts: SIL OFL 1.1, Code: MIT License) --><path d=\"M173.898 439.404l-166.4-166.4c-9.997-9.997-9.997-26.206 0-36.204l36.203-36.204c9.997-9.998 26.207-9.998 36.204 0L192 312.69 432.095 72.596c9.997-9.997 26.207-9.997 36.204 0l36.203 36.204c9.997 9.997 9.997 26.206 0 36.204l-294.4 294.401c-9.998 9.997-26.207 9.997-36.204-.001z\"\/><\/svg>\n        \n        \n        \n            <\/div>\n    \n\n<div class=\"ee-iconbox-content\">\n      <p class=\"ee-iconbox-title bde-h3\" >Un post part-time cu program de lucru flexibil<\/p>\n      <\/div>\n\n<\/div><div class=\"bde-icon-box-588-139 bde-icon-box\">\n\n    \n            <div class=\"ee-iconbox-icon breakdance-icon-atom\" >\n    \n                    <svg xmlns=\"http:\/\/www.w3.org\/2000\/svg\" viewbox=\"0 0 512 512\"><!-- Font Awesome Free 5.15.1 by @fontawesome - https:\/\/fontawesome.com License - https:\/\/fontawesome.com\/license\/free (Icons: CC BY 4.0, Fonts: SIL OFL 1.1, Code: MIT License) --><path d=\"M173.898 439.404l-166.4-166.4c-9.997-9.997-9.997-26.206 0-36.204l36.203-36.204c9.997-9.998 26.207-9.998 36.204 0L192 312.69 432.095 72.596c9.997-9.997 26.207-9.997 36.204 0l36.203 36.204c9.997 9.997 9.997 26.206 0 36.204l-294.4 294.401c-9.998 9.997-26.207 9.997-36.204-.001z\"\/><\/svg>\n        \n        \n        \n            <\/div>\n    \n\n<div class=\"ee-iconbox-content\">\n      <p class=\"ee-iconbox-title bde-h3\" >Un salariu de 14,58 EUR pe or\u0103<\/p>\n      <\/div>\n\n<\/div><div class=\"bde-icon-box-588-140 bde-icon-box\">\n\n    \n            <div class=\"ee-iconbox-icon breakdance-icon-atom\" >\n    \n                    <svg xmlns=\"http:\/\/www.w3.org\/2000\/svg\" viewbox=\"0 0 512 512\"><!-- Font Awesome Free 5.15.1 by @fontawesome - https:\/\/fontawesome.com License - https:\/\/fontawesome.com\/license\/free (Icons: CC BY 4.0, Fonts: SIL OFL 1.1, Code: MIT License) --><path d=\"M173.898 439.404l-166.4-166.4c-9.997-9.997-9.997-26.206 0-36.204l36.203-36.204c9.997-9.998 26.207-9.998 36.204 0L192 312.69 432.095 72.596c9.997-9.997 26.207-9.997 36.204 0l36.203 36.204c9.997 9.997 9.997 26.206 0 36.204l-294.4 294.401c-9.998 9.997-26.207 9.997-36.204-.001z\"\/><\/svg>\n        \n        \n        \n            <\/div>\n    \n\n<div class=\"ee-iconbox-content\">\n      <p class=\"ee-iconbox-title bde-h3\" >Lucrul \u00eentr-un mediu de lucru pl\u0103cut, cu loca\u021bii diverse<\/p>\n      <\/div>\n\n<\/div>\n<\/div><div class=\"bde-column-588-143 bde-column\">\n  \n  \n\t\n\n\n\n<div class=\"bde-icon-box-588-148 bde-icon-box\">\n\n    \n            <div class=\"ee-iconbox-icon breakdance-icon-atom\" >\n    \n                    <svg xmlns=\"http:\/\/www.w3.org\/2000\/svg\" viewbox=\"0 0 512 512\"><!-- Font Awesome Free 5.15.1 by @fontawesome - https:\/\/fontawesome.com License - https:\/\/fontawesome.com\/license\/free (Icons: CC BY 4.0, Fonts: SIL OFL 1.1, Code: MIT License) --><path d=\"M173.898 439.404l-166.4-166.4c-9.997-9.997-9.997-26.206 0-36.204l36.203-36.204c9.997-9.998 26.207-9.998 36.204 0L192 312.69 432.095 72.596c9.997-9.997 26.207-9.997 36.204 0l36.203 36.204c9.997 9.997 9.997 26.206 0 36.204l-294.4 294.401c-9.998 9.997-26.207 9.997-36.204-.001z\"\/><\/svg>\n        \n        \n        \n            <\/div>\n    \n\n<div class=\"ee-iconbox-content\">\n      <p class=\"ee-iconbox-title bde-h3\" >Oportunit\u0103\u021bi de cre\u0219tere \u0219i dezvoltare personal\u0103<\/p>\n      <\/div>\n\n<\/div><div class=\"bde-icon-box-588-149 bde-icon-box\">\n\n    \n            <div class=\"ee-iconbox-icon breakdance-icon-atom\" >\n    \n                    <svg xmlns=\"http:\/\/www.w3.org\/2000\/svg\" viewbox=\"0 0 512 512\"><!-- Font Awesome Free 5.15.1 by @fontawesome - https:\/\/fontawesome.com License - https:\/\/fontawesome.com\/license\/free (Icons: CC BY 4.0, Fonts: SIL OFL 1.1, Code: MIT License) --><path d=\"M173.898 439.404l-166.4-166.4c-9.997-9.997-9.997-26.206 0-36.204l36.203-36.204c9.997-9.998 26.207-9.998 36.204 0L192 312.69 432.095 72.596c9.997-9.997 26.207-9.997 36.204 0l36.203 36.204c9.997 9.997 9.997 26.206 0 36.204l-294.4 294.401c-9.998 9.997-26.207 9.997-36.204-.001z\"\/><\/svg>\n        \n        \n        \n            <\/div>\n    \n\n<div class=\"ee-iconbox-content\">\n      <p class=\"ee-iconbox-title bde-h3\" >Munc\u0103 variat\u0103 \u00een diferite tipuri de loca\u021bii de cur\u0103\u021benie, cum ar fi \u0219coli, birouri \u0219i spa\u021bii publice<\/p>\n      <\/div>\n\n<\/div>\n<\/div><\/div><\/div>\n<\/section><section class=\"bde-section-588-129 bde-section\">\n  \n  \n\t\n\n\n\n<div class=\"section-container\"><div class=\"bde-text-588-130 bde-text\">\nE\u0219ti angajatul de cur\u0103\u021benie pe care \u00eel c\u0103ut\u0103m?<br>Atunci aplica\u021bi rapid \u0219i al\u0103tura\u021bi-v\u0103 nou\u0103 \u00een regiune!\n<\/div><div class=\"bde-button-588-131 bde-button\">\n    \n                                    \n    \n    \n    \n    \n            \n                    \n            \n            \n\n    \n    \n    \n    \n    \n    <a class=\"breakdance-link button-atom button-atom--custom bde-button__button\" href=\"https:\/\/flexservicescare.nl\/ro\/solliciteren\/\" target=\"_blank\" data-type=\"url\"  >\n\n    \n        <span class=\"button-atom__text\">Aplica\u021bi direct<\/span>\n\n        \n        \n                <\/a>\n\n    \n\n\n<\/div><\/div>\n<\/section>","protected":false},"excerpt":{"rendered":"<p>Reageer op onze vacatures en vind jouw droom baan! Schoonmaakmedewerker Parttime Wij zijn op zoek naar een betrouwbare en gemotiveerde schoonmaakmedewerker voor diverse schoonmaakwerkzaamheden in de regio Gouda, Drechtsteden, Gorinchem, Rotterdam en omliggende gebieden. Je zult werken op verschillende locaties zoals scholen, kantoren, bedrijven en andere openbare ruimtes. In deze functie ben je verantwoordelijk voor [&hellip;]<\/p>","protected":false},"author":1,"featured_media":0,"parent":0,"menu_order":0,"comment_status":"closed","ping_status":"closed","template":"","meta":{"_breakdance_hide_in_design_set":false,"_breakdance_tags":"","footnotes":""},"class_list":["post-588","page","type-page","status-publish","hentry"],"_links":{"self":[{"href":"https:\/\/flexservicescare.nl\/ro\/wp-json\/wp\/v2\/pages\/588","targetHints":{"allow":["GET"]}}],"collection":[{"href":"https:\/\/flexservicescare.nl\/ro\/wp-json\/wp\/v2\/pages"}],"about":[{"href":"https:\/\/flexservicescare.nl\/ro\/wp-json\/wp\/v2\/types\/page"}],"author":[{"embeddable":true,"href":"https:\/\/flexservicescare.nl\/ro\/wp-json\/wp\/v2\/users\/1"}],"replies":[{"embeddable":true,"href":"https:\/\/flexservicescare.nl\/ro\/wp-json\/wp\/v2\/comments?post=588"}],"version-history":[{"count":0,"href":"https:\/\/flexservicescare.nl\/ro\/wp-json\/wp\/v2\/pages\/588\/revisions"}],"wp:attachment":[{"href":"https:\/\/flexservicescare.nl\/ro\/wp-json\/wp\/v2\/media?parent=588"}],"curies":[{"name":"wp","href":"https:\/\/api.w.org\/{rel}","templated":true}]}}