{"id":614,"date":"2025-02-28T08:47:53","date_gmt":"2025-02-28T08:47:53","guid":{"rendered":"http:\/\/flexservicescare.nl\/?page_id=614"},"modified":"2025-03-03T16:01:42","modified_gmt":"2025-03-03T16:01:42","slug":"schoonmaker-fulltime","status":"publish","type":"page","link":"https:\/\/flexservicescare.nl\/ro\/schoonmaker-fulltime\/","title":{"rendered":"Schoonmaker Fulltime"},"content":{"rendered":"<section id=\"bd-fancy-section2\" class=\"bde-section-614-100 bde-section\">\n              \n  \n  \n\t\n\n  <div class=\"section-background-overlay\"><\/div>\n\n\n<div class=\"section-container\"><h1 class=\"bde-dual-heading-614-101 bde-dual-heading\">\n\n\n            <span data-style=\"primary\" class=\"dual-heading--primary\">R\u0103spunde la posturile noastre <\/span>\n\n            <span data-style=\"secondary\" class=\"dual-heading--secondary\">ofertele noastre de munc\u0103<\/span>\n\n            <span data-style=\"primary\" class=\"dual-heading--primary\">\u0219i g\u0103se\u0219te-\u021bi jobul de vis!<\/span>\n\n\n\n<\/h1><\/div>\n<\/section><section class=\"bde-section-614-102 bde-section\">\n  \n  \n\t\n\n\n\n<div class=\"section-container\"><div class=\"bde-columns-614-103 bde-columns\"><div class=\"bde-column-614-104 bde-column\">\n  \n  \n\t\n\n\n\n<h2 class=\"bde-heading-614-105 bde-heading\">\nAngajat pentru cur\u0103\u021benie Full-time \n<\/h2><div class=\"bde-text-614-106 bde-text\">\nC\u0103ut\u0103m un angajat motivat cu norm\u0103 \u00eentreag\u0103 pentru diverse locuri de munc\u0103 \u00een domeniul cur\u0103\u021beniei \u00een zonele Gouda, Drechtsteden, Gorinchem, Rotterdam \u0219i \u00eemprejurimi. Ve\u021bi lucra \u00een diverse loca\u021bii, cum ar fi \u0219coli, birouri \u0219i alte zone publice. Deoarece fiecare loc de munc\u0103 este diferit, v\u0103 ve\u021bi adapta munca de cur\u0103\u021benie la cerin\u021bele specifice ale loca\u021biei \u0219i v\u0103 ve\u021bi asigura c\u0103 locul de munc\u0103 este \u00eentotdeauna ordonat, igienic \u0219i sigur.\n<\/div><div class=\"bde-text-614-107 bde-text\">\nGouda, Drechtsteden, Gorinchem, Rotterdam \u0219i \u00eemprejurimi\n<\/div>\n<\/div><div class=\"bde-column-614-108 bde-column\">\n  \n  \n\t\n\n\n\n<div class=\"bde-button-614-109 bde-button\">\n    \n                                    \n    \n    \n    \n    \n            \n                    \n            \n            \n\n    \n    \n    \n    \n    \n    <a class=\"breakdance-link button-atom button-atom--custom bde-button__button\" href=\"https:\/\/flexservicescare.nl\/ro\/solliciteren\/\" target=\"_blank\" data-type=\"url\"  >\n\n    \n        <span class=\"button-atom__text\">Aplica\u021bi direct<\/span>\n\n        \n        \n                <\/a>\n\n    \n\n\n<\/div><div class=\"bde-button-614-110 bde-button\">\n    \n                                    \n    \n    \n    \n    \n            \n                    \n            \n            \n\n    \n    \n    \n    \n    \n    <a class=\"breakdance-link button-atom button-atom--custom bde-button__button\" href=\"https:\/\/flexservicescare.nl\/ro\/vacatures\/\" target=\"_self\" data-type=\"url\"  >\n\n    \n        <span class=\"button-atom__text\">Toate posturile vacante<\/span>\n\n        \n        \n                <\/a>\n\n    \n\n\n<\/div>\n<\/div><\/div><div class=\"bde-columns-614-111 bde-columns\"><div class=\"bde-column-614-112 bde-column\">\n  \n  \n\t\n\n\n\n<h3 class=\"bde-heading-614-113 bde-heading\">\nCe vei face?\n<\/h3><div class=\"bde-text-614-114 bde-text\">\n\u00cen calitate de angajat cu norm\u0103 \u00eentreag\u0103 \u00een domeniul cur\u0103\u021beniei, ve\u021bi fi responsabil de cur\u0103\u021barea diferitelor locuri de munc\u0103, cum ar fi \u0219coli, birouri \u0219i alte loca\u021bii. Deoarece fiecare loc de munc\u0103 este unic, v\u0103 ve\u021bi adapta activitatea de cur\u0103\u021benie la cerin\u021bele specifice ale loca\u021biei. V\u0103 ve\u021bi asigura c\u0103 mediul este \u00eentotdeauna ordonat, igienic \u0219i sigur \u0219i ve\u021bi respecta orient\u0103rile aplicabile \u00een materie de igien\u0103 \u0219i siguran\u021b\u0103.\n<\/div>\n<\/div><div class=\"bde-column-614-115 bde-column\">\n  \n  \n\t\n\n\n\n<h3 class=\"bde-heading-614-116 bde-heading\">\nCine e\u0219ti tu?\n<\/h3><ul class=\"bde-basic-list-614-117 bde-basic-list\">\n  <li  >    \n          Ave\u021bi experien\u021b\u0103 \u00een activit\u0103\u021bi de cur\u0103\u021benie, dar aceasta nu este o cerin\u021b\u0103\n      <\/li>\n  <li  >    \n          Lucra\u021bi cu acurate\u021be \u0219i ave\u021bi un ochi pentru detalii\n      <\/li>\n  <li  >    \n          Pute\u021bi lucra independent \u0219i ave\u021bi o atitudine de lucru flexibil\u0103\n      <\/li>\n  <li  >    \n          Pute\u021bi lucra bine \u00eempreun\u0103 \u0219i ave\u021bi o atitudine proactiv\u0103 fa\u021b\u0103 de munc\u0103\n      <\/li>\n  <li  >    \n          Vorbi\u021bi fluent olandeza \u0219i\/sau engleza\n      <\/li>\n  <li  >    \n          Locuin\u021ba \u00een Gouda, Drechtsteden, Gorinchem, Rotterdam sau \u00een zona \u00eenconjur\u0103toare constituie un avantaj\n      <\/li>\n<\/ul>\n<\/div><\/div><\/div>\n<\/section><section class=\"bde-section-614-133 bde-section\">\n  \n  \n\t\n\n\n\n<div class=\"section-container\"><div class=\"bde-columns-614-134 bde-columns\"><div class=\"bde-column-614-135 bde-column\">\n  \n  \n\t\n\n\n\n<h3 class=\"bde-heading-614-136 bde-heading\">\nCe oferim\n<\/h3>\n<\/div><\/div><div class=\"bde-columns-614-137 bde-columns\"><div class=\"bde-column-614-138 bde-column\">\n  \n  \n\t\n\n\n\n<div class=\"bde-icon-box-614-124 bde-icon-box\">\n\n    \n            <div class=\"ee-iconbox-icon breakdance-icon-atom\" >\n    \n                    <svg xmlns=\"http:\/\/www.w3.org\/2000\/svg\" viewbox=\"0 0 512 512\"><!-- Font Awesome Free 5.15.1 by @fontawesome - https:\/\/fontawesome.com License - https:\/\/fontawesome.com\/license\/free (Icons: CC BY 4.0, Fonts: SIL OFL 1.1, Code: MIT License) --><path d=\"M173.898 439.404l-166.4-166.4c-9.997-9.997-9.997-26.206 0-36.204l36.203-36.204c9.997-9.998 26.207-9.998 36.204 0L192 312.69 432.095 72.596c9.997-9.997 26.207-9.997 36.204 0l36.203 36.204c9.997 9.997 9.997 26.206 0 36.204l-294.4 294.401c-9.998 9.997-26.207 9.997-36.204-.001z\"\/><\/svg>\n        \n        \n        \n            <\/div>\n    \n\n<div class=\"ee-iconbox-content\">\n      <p class=\"ee-iconbox-title bde-h3\" >Un post cu norm\u0103 \u00eentreag\u0103, cu program de lucru fix<\/p>\n      <\/div>\n\n<\/div><div class=\"bde-icon-box-614-125 bde-icon-box\">\n\n    \n            <div class=\"ee-iconbox-icon breakdance-icon-atom\" >\n    \n                    <svg xmlns=\"http:\/\/www.w3.org\/2000\/svg\" viewbox=\"0 0 512 512\"><!-- Font Awesome Free 5.15.1 by @fontawesome - https:\/\/fontawesome.com License - https:\/\/fontawesome.com\/license\/free (Icons: CC BY 4.0, Fonts: SIL OFL 1.1, Code: MIT License) --><path d=\"M173.898 439.404l-166.4-166.4c-9.997-9.997-9.997-26.206 0-36.204l36.203-36.204c9.997-9.998 26.207-9.998 36.204 0L192 312.69 432.095 72.596c9.997-9.997 26.207-9.997 36.204 0l36.203 36.204c9.997 9.997 9.997 26.206 0 36.204l-294.4 294.401c-9.998 9.997-26.207 9.997-36.204-.001z\"\/><\/svg>\n        \n        \n        \n            <\/div>\n    \n\n<div class=\"ee-iconbox-content\">\n      <p class=\"ee-iconbox-title bde-h3\" >Un salariu de 14,58 EUR pe or\u0103<\/p>\n      <\/div>\n\n<\/div><div class=\"bde-icon-box-614-126 bde-icon-box\">\n\n    \n            <div class=\"ee-iconbox-icon breakdance-icon-atom\" >\n    \n                    <svg xmlns=\"http:\/\/www.w3.org\/2000\/svg\" viewbox=\"0 0 512 512\"><!-- Font Awesome Free 5.15.1 by @fontawesome - https:\/\/fontawesome.com License - https:\/\/fontawesome.com\/license\/free (Icons: CC BY 4.0, Fonts: SIL OFL 1.1, Code: MIT License) --><path d=\"M173.898 439.404l-166.4-166.4c-9.997-9.997-9.997-26.206 0-36.204l36.203-36.204c9.997-9.998 26.207-9.998 36.204 0L192 312.69 432.095 72.596c9.997-9.997 26.207-9.997 36.204 0l36.203 36.204c9.997 9.997 9.997 26.206 0 36.204l-294.4 294.401c-9.998 9.997-26.207 9.997-36.204-.001z\"\/><\/svg>\n        \n        \n        \n            <\/div>\n    \n\n<div class=\"ee-iconbox-content\">\n      <p class=\"ee-iconbox-title bde-h3\" >Lucrul \u00eentr-un mediu de lucru pl\u0103cut, cu loca\u021bii diverse<\/p>\n      <\/div>\n\n<\/div>\n<\/div><div class=\"bde-column-614-142 bde-column\">\n  \n  \n\t\n\n\n\n<div class=\"bde-icon-box-614-127 bde-icon-box\">\n\n    \n            <div class=\"ee-iconbox-icon breakdance-icon-atom\" >\n    \n                    <svg xmlns=\"http:\/\/www.w3.org\/2000\/svg\" viewbox=\"0 0 512 512\"><!-- Font Awesome Free 5.15.1 by @fontawesome - https:\/\/fontawesome.com License - https:\/\/fontawesome.com\/license\/free (Icons: CC BY 4.0, Fonts: SIL OFL 1.1, Code: MIT License) --><path d=\"M173.898 439.404l-166.4-166.4c-9.997-9.997-9.997-26.206 0-36.204l36.203-36.204c9.997-9.998 26.207-9.998 36.204 0L192 312.69 432.095 72.596c9.997-9.997 26.207-9.997 36.204 0l36.203 36.204c9.997 9.997 9.997 26.206 0 36.204l-294.4 294.401c-9.998 9.997-26.207 9.997-36.204-.001z\"\/><\/svg>\n        \n        \n        \n            <\/div>\n    \n\n<div class=\"ee-iconbox-content\">\n      <p class=\"ee-iconbox-title bde-h3\" >Oportunit\u0103\u021bi de cre\u0219tere \u0219i dezvoltare personal\u0103<\/p>\n      <\/div>\n\n<\/div><div class=\"bde-icon-box-614-128 bde-icon-box\">\n\n    \n            <div class=\"ee-iconbox-icon breakdance-icon-atom\" >\n    \n                    <svg xmlns=\"http:\/\/www.w3.org\/2000\/svg\" viewbox=\"0 0 512 512\"><!-- Font Awesome Free 5.15.1 by @fontawesome - https:\/\/fontawesome.com License - https:\/\/fontawesome.com\/license\/free (Icons: CC BY 4.0, Fonts: SIL OFL 1.1, Code: MIT License) --><path d=\"M173.898 439.404l-166.4-166.4c-9.997-9.997-9.997-26.206 0-36.204l36.203-36.204c9.997-9.998 26.207-9.998 36.204 0L192 312.69 432.095 72.596c9.997-9.997 26.207-9.997 36.204 0l36.203 36.204c9.997 9.997 9.997 26.206 0 36.204l-294.4 294.401c-9.998 9.997-26.207 9.997-36.204-.001z\"\/><\/svg>\n        \n        \n        \n            <\/div>\n    \n\n<div class=\"ee-iconbox-content\">\n      <p class=\"ee-iconbox-title bde-h3\" >Munc\u0103 variat\u0103 \u00een diferite tipuri de loca\u021bii de cur\u0103\u021benie, cum ar fi \u0219coli, birouri \u0219i spa\u021bii publice<\/p>\n      <\/div>\n\n<\/div><div class=\"bde-icon-box-614-132 bde-icon-box\">\n\n    \n            <div class=\"ee-iconbox-icon breakdance-icon-atom\" >\n    \n                    <svg xmlns=\"http:\/\/www.w3.org\/2000\/svg\" viewbox=\"0 0 512 512\"><!-- Font Awesome Free 5.15.1 by @fontawesome - https:\/\/fontawesome.com License - https:\/\/fontawesome.com\/license\/free (Icons: CC BY 4.0, Fonts: SIL OFL 1.1, Code: MIT License) --><path d=\"M173.898 439.404l-166.4-166.4c-9.997-9.997-9.997-26.206 0-36.204l36.203-36.204c9.997-9.998 26.207-9.998 36.204 0L192 312.69 432.095 72.596c9.997-9.997 26.207-9.997 36.204 0l36.203 36.204c9.997 9.997 9.997 26.206 0 36.204l-294.4 294.401c-9.998 9.997-26.207 9.997-36.204-.001z\"\/><\/svg>\n        \n        \n        \n            <\/div>\n    \n\n<div class=\"ee-iconbox-content\">\n      <p class=\"ee-iconbox-title bde-h3\" >Rambursarea cheltuielilor de c\u0103l\u0103torie<\/p>\n      <\/div>\n\n<\/div>\n<\/div><\/div><\/div>\n<\/section><section class=\"bde-section-614-129 bde-section\">\n  \n  \n\t\n\n\n\n<div class=\"section-container\"><div class=\"bde-text-614-130 bde-text\">\nE\u0219ti angajatul de cur\u0103\u021benie cu norm\u0103 \u00eentreag\u0103 pe care \u00eel c\u0103ut\u0103m?<br>Atunci aplica\u021bi rapid \u0219i al\u0103tura\u021bi-v\u0103 nou\u0103 \u00een regiune!\n<\/div><div class=\"bde-button-614-131 bde-button\">\n    \n                                    \n    \n    \n    \n    \n            \n                    \n            \n            \n\n    \n    \n    \n    \n    \n    <a class=\"breakdance-link button-atom button-atom--custom bde-button__button\" href=\"https:\/\/flexservicescare.nl\/ro\/solliciteren\/\" target=\"_blank\" data-type=\"url\"  >\n\n    \n        <span class=\"button-atom__text\">Aplica\u021bi direct<\/span>\n\n        \n        \n                <\/a>\n\n    \n\n\n<\/div><\/div>\n<\/section>","protected":false},"excerpt":{"rendered":"<p>Reageer op onze vacatures en vind jouw droom baan! Schoonmaakmedewerker Fulltime Wij zijn op zoek naar een gemotiveerde fulltime schoonmaakmedewerker voor diverse schoonmaakwerkzaamheden in de regio Gouda, Drechtsteden, Gorinchem, Rotterdam en omliggende gebieden. Je zult werken op verschillende locaties zoals scholen, kantoren en andere openbare ruimtes. Omdat elke werkplek anders is, pas je je schoonmaakwerk [&hellip;]<\/p>","protected":false},"author":1,"featured_media":0,"parent":0,"menu_order":0,"comment_status":"closed","ping_status":"closed","template":"","meta":{"_breakdance_hide_in_design_set":false,"_breakdance_tags":"","footnotes":""},"class_list":["post-614","page","type-page","status-publish","hentry"],"_links":{"self":[{"href":"https:\/\/flexservicescare.nl\/ro\/wp-json\/wp\/v2\/pages\/614","targetHints":{"allow":["GET"]}}],"collection":[{"href":"https:\/\/flexservicescare.nl\/ro\/wp-json\/wp\/v2\/pages"}],"about":[{"href":"https:\/\/flexservicescare.nl\/ro\/wp-json\/wp\/v2\/types\/page"}],"author":[{"embeddable":true,"href":"https:\/\/flexservicescare.nl\/ro\/wp-json\/wp\/v2\/users\/1"}],"replies":[{"embeddable":true,"href":"https:\/\/flexservicescare.nl\/ro\/wp-json\/wp\/v2\/comments?post=614"}],"version-history":[{"count":0,"href":"https:\/\/flexservicescare.nl\/ro\/wp-json\/wp\/v2\/pages\/614\/revisions"}],"wp:attachment":[{"href":"https:\/\/flexservicescare.nl\/ro\/wp-json\/wp\/v2\/media?parent=614"}],"curies":[{"name":"wp","href":"https:\/\/api.w.org\/{rel}","templated":true}]}}