{"id":619,"date":"2025-02-28T08:49:59","date_gmt":"2025-02-28T08:49:59","guid":{"rendered":"http:\/\/flexservicescare.nl\/?page_id=619"},"modified":"2025-03-03T16:07:48","modified_gmt":"2025-03-03T16:07:48","slug":"glazenwasser","status":"publish","type":"page","link":"https:\/\/flexservicescare.nl\/ro\/glazenwasser\/","title":{"rendered":"Cur\u0103\u021b\u0103tor de ferestre"},"content":{"rendered":"<section id=\"bd-fancy-section2\" class=\"bde-section-619-100 bde-section\">\n              \n  \n  \n\t\n\n  <div class=\"section-background-overlay\"><\/div>\n\n\n<div class=\"section-container\"><h1 class=\"bde-dual-heading-619-101 bde-dual-heading\">\n\n\n            <span data-style=\"primary\" class=\"dual-heading--primary\">R\u0103spunde la posturile noastre <\/span>\n\n            <span data-style=\"secondary\" class=\"dual-heading--secondary\">ofertele noastre de munc\u0103<\/span>\n\n            <span data-style=\"primary\" class=\"dual-heading--primary\">\u0219i g\u0103se\u0219te-\u021bi jobul de vis!<\/span>\n\n\n\n<\/h1><\/div>\n<\/section><section class=\"bde-section-619-102 bde-section\">\n  \n  \n\t\n\n\n\n<div class=\"section-container\"><div class=\"bde-columns-619-103 bde-columns\"><div class=\"bde-column-619-104 bde-column\">\n  \n  \n\t\n\n\n\n<h2 class=\"bde-heading-619-105 bde-heading\">\nCur\u0103\u021b\u0103tor de geamuri Full-time\n<\/h2><div class=\"bde-text-619-106 bde-text\">\nC\u0103ut\u0103m un \u00eengrijitor de geamuri cu norm\u0103 \u00eentreag\u0103, de \u00eencredere \u0219i motivat, pentru diverse loca\u021bii din Olanda de Sud. \u00cen acest rol, ve\u021bi fi responsabil de cur\u0103\u021barea ferestrelor \u0219i a altor suprafe\u021be de sticl\u0103 \u00een diverse loca\u021bii, cum ar fi birouri, magazine, \u0219coli \u0219i locuin\u021be. Ve\u021bi lucra cu echipamente profesionale \u0219i v\u0103 ve\u021bi asigura c\u0103 ferestrele \u0219i suprafe\u021bele de sticl\u0103 sunt \u00eentotdeauna perfect curate.\n<\/div><div class=\"bde-text-619-107 bde-text\">\nOlanda de Sud\n<\/div>\n<\/div><div class=\"bde-column-619-108 bde-column\">\n  \n  \n\t\n\n\n\n<div class=\"bde-button-619-109 bde-button\">\n    \n                                    \n    \n    \n    \n    \n            \n                    \n            \n            \n\n    \n    \n    \n    \n    \n    <a class=\"breakdance-link button-atom button-atom--custom bde-button__button\" href=\"https:\/\/flexservicescare.nl\/ro\/solliciteren\/\" target=\"_blank\" data-type=\"url\"  >\n\n    \n        <span class=\"button-atom__text\">Aplica\u021bi direct<\/span>\n\n        \n        \n                <\/a>\n\n    \n\n\n<\/div><div class=\"bde-button-619-110 bde-button\">\n    \n                                    \n    \n    \n    \n    \n            \n                    \n            \n            \n\n    \n    \n    \n    \n    \n    <a class=\"breakdance-link button-atom button-atom--custom bde-button__button\" href=\"https:\/\/flexservicescare.nl\/ro\/vacatures\/\" target=\"_self\" data-type=\"url\"  >\n\n    \n        <span class=\"button-atom__text\">Toate posturile vacante<\/span>\n\n        \n        \n                <\/a>\n\n    \n\n\n<\/div>\n<\/div><\/div><div class=\"bde-columns-619-111 bde-columns\"><div class=\"bde-column-619-112 bde-column\">\n  \n  \n\t\n\n\n\n<h3 class=\"bde-heading-619-113 bde-heading\">\nCe vei face?\n<\/h3><div class=\"bde-text-619-133 bde-text\">\n\u00cen calitate de sp\u0103l\u0103tor de geamuri cu norm\u0103 \u00eentreag\u0103, ve\u021bi fi responsabil de cur\u0103\u021barea geamurilor \u0219i a altor suprafe\u021be de sticl\u0103 \u00een diverse loca\u021bii din South Holland. Ve\u021bi utiliza echipamente profesionale de sp\u0103lare a geamurilor \u0219i agen\u021bi de cur\u0103\u021bare pentru a v\u0103 asigura c\u0103 totul este bine cur\u0103\u021bat \u0219i f\u0103r\u0103 dungi. Lucra\u021bi \u00een conformitate cu normele de siguran\u021b\u0103 aplicabile \u0219i asigura\u021bi \u00eentotdeauna un loc de munc\u0103 ordonat dup\u0103 aceea. De asemenea, sunte\u021bi atent la orice deteriorare \u0219i raporta\u021bi acest lucru clientului.\n<\/div>\n<\/div><div class=\"bde-column-619-115 bde-column\">\n  \n  \n\t\n\n\n\n<h3 class=\"bde-heading-619-116 bde-heading\">\nCine e\u0219ti tu?\n<\/h3><ul class=\"bde-basic-list-619-117 bde-basic-list\">\n  <li  >    \n          Ave\u021bi experien\u021b\u0103 ca sp\u0103l\u0103tor de geamuri, dar aceasta nu este o cerin\u021b\u0103\n      <\/li>\n  <li  >    \n          Ave\u021bi un ochi pentru detalii \u0219i lucra\u021bi cu precizie\n      <\/li>\n  <li  >    \n          Pute\u021bi lucra independent \u0219i ave\u021bi o atitudine de lucru flexibil\u0103\n      <\/li>\n  <li  >    \n          Nu v\u0103 teme\u021bi de \u00een\u0103l\u021bimi \u0219i sunte\u021bi fizic capabil s\u0103 lucra\u021bi la \u00een\u0103l\u021bime\n      <\/li>\n  <li  >    \n          Vorbi\u021bi fluent olandeza \u0219i\/sau engleza\n      <\/li>\n  <li  >    \n          Locuin\u021ba \u00een Olanda de Sud sau \u00een zona \u00eenconjur\u0103toare constituie un avantaj\n      <\/li>\n<\/ul>\n<\/div><\/div><\/div>\n<\/section><section class=\"bde-section-619-134 bde-section\">\n  \n  \n\t\n\n\n\n<div class=\"section-container\"><div class=\"bde-columns-619-135 bde-columns\"><div class=\"bde-column-619-136 bde-column\">\n  \n  \n\t\n\n\n\n<h3 class=\"bde-heading-619-137 bde-heading\">\nCe oferim\n<\/h3>\n<\/div><\/div><div class=\"bde-columns-619-138 bde-columns\"><div class=\"bde-column-619-139 bde-column\">\n  \n  \n\t\n\n\n\n<div class=\"bde-icon-box-619-124 bde-icon-box\">\n\n    \n            <div class=\"ee-iconbox-icon breakdance-icon-atom\" >\n    \n                    <svg xmlns=\"http:\/\/www.w3.org\/2000\/svg\" viewbox=\"0 0 512 512\"><!-- Font Awesome Free 5.15.1 by @fontawesome - https:\/\/fontawesome.com License - https:\/\/fontawesome.com\/license\/free (Icons: CC BY 4.0, Fonts: SIL OFL 1.1, Code: MIT License) --><path d=\"M173.898 439.404l-166.4-166.4c-9.997-9.997-9.997-26.206 0-36.204l36.203-36.204c9.997-9.998 26.207-9.998 36.204 0L192 312.69 432.095 72.596c9.997-9.997 26.207-9.997 36.204 0l36.203 36.204c9.997 9.997 9.997 26.206 0 36.204l-294.4 294.401c-9.998 9.997-26.207 9.997-36.204-.001z\"\/><\/svg>\n        \n        \n        \n            <\/div>\n    \n\n<div class=\"ee-iconbox-content\">\n      <p class=\"ee-iconbox-title bde-h3\" >Un post cu norm\u0103 \u00eentreag\u0103, cu program de lucru fix<\/p>\n      <\/div>\n\n<\/div><div class=\"bde-icon-box-619-125 bde-icon-box\">\n\n    \n            <div class=\"ee-iconbox-icon breakdance-icon-atom\" >\n    \n                    <svg xmlns=\"http:\/\/www.w3.org\/2000\/svg\" viewbox=\"0 0 512 512\"><!-- Font Awesome Free 5.15.1 by @fontawesome - https:\/\/fontawesome.com License - https:\/\/fontawesome.com\/license\/free (Icons: CC BY 4.0, Fonts: SIL OFL 1.1, Code: MIT License) --><path d=\"M173.898 439.404l-166.4-166.4c-9.997-9.997-9.997-26.206 0-36.204l36.203-36.204c9.997-9.998 26.207-9.998 36.204 0L192 312.69 432.095 72.596c9.997-9.997 26.207-9.997 36.204 0l36.203 36.204c9.997 9.997 9.997 26.206 0 36.204l-294.4 294.401c-9.998 9.997-26.207 9.997-36.204-.001z\"\/><\/svg>\n        \n        \n        \n            <\/div>\n    \n\n<div class=\"ee-iconbox-content\">\n      <p class=\"ee-iconbox-title bde-h3\" >Un salariu competitiv \u00een func\u021bie de experien\u021b\u0103<\/p>\n      <\/div>\n\n<\/div><div class=\"bde-icon-box-619-126 bde-icon-box\">\n\n    \n            <div class=\"ee-iconbox-icon breakdance-icon-atom\" >\n    \n                    <svg xmlns=\"http:\/\/www.w3.org\/2000\/svg\" viewbox=\"0 0 512 512\"><!-- Font Awesome Free 5.15.1 by @fontawesome - https:\/\/fontawesome.com License - https:\/\/fontawesome.com\/license\/free (Icons: CC BY 4.0, Fonts: SIL OFL 1.1, Code: MIT License) --><path d=\"M173.898 439.404l-166.4-166.4c-9.997-9.997-9.997-26.206 0-36.204l36.203-36.204c9.997-9.998 26.207-9.998 36.204 0L192 312.69 432.095 72.596c9.997-9.997 26.207-9.997 36.204 0l36.203 36.204c9.997 9.997 9.997 26.206 0 36.204l-294.4 294.401c-9.998 9.997-26.207 9.997-36.204-.001z\"\/><\/svg>\n        \n        \n        \n            <\/div>\n    \n\n<div class=\"ee-iconbox-content\">\n      <p class=\"ee-iconbox-title bde-h3\" >Lucrul \u00eentr-un mediu de lucru profesionist \u0219i bine dotat<\/p>\n      <\/div>\n\n<\/div>\n<\/div><div class=\"bde-column-619-143 bde-column\">\n  \n  \n\t\n\n\n\n<div class=\"bde-icon-box-619-127 bde-icon-box\">\n\n    \n            <div class=\"ee-iconbox-icon breakdance-icon-atom\" >\n    \n                    <svg xmlns=\"http:\/\/www.w3.org\/2000\/svg\" viewbox=\"0 0 512 512\"><!-- Font Awesome Free 5.15.1 by @fontawesome - https:\/\/fontawesome.com License - https:\/\/fontawesome.com\/license\/free (Icons: CC BY 4.0, Fonts: SIL OFL 1.1, Code: MIT License) --><path d=\"M173.898 439.404l-166.4-166.4c-9.997-9.997-9.997-26.206 0-36.204l36.203-36.204c9.997-9.998 26.207-9.998 36.204 0L192 312.69 432.095 72.596c9.997-9.997 26.207-9.997 36.204 0l36.203 36.204c9.997 9.997 9.997 26.206 0 36.204l-294.4 294.401c-9.998 9.997-26.207 9.997-36.204-.001z\"\/><\/svg>\n        \n        \n        \n            <\/div>\n    \n\n<div class=\"ee-iconbox-content\">\n      <p class=\"ee-iconbox-title bde-h3\" >Spa\u021biu pentru cre\u0219tere \u0219i dezvoltare personal\u0103<\/p>\n      <\/div>\n\n<\/div><div class=\"bde-icon-box-619-128 bde-icon-box\">\n\n    \n            <div class=\"ee-iconbox-icon breakdance-icon-atom\" >\n    \n                    <svg xmlns=\"http:\/\/www.w3.org\/2000\/svg\" viewbox=\"0 0 512 512\"><!-- Font Awesome Free 5.15.1 by @fontawesome - https:\/\/fontawesome.com License - https:\/\/fontawesome.com\/license\/free (Icons: CC BY 4.0, Fonts: SIL OFL 1.1, Code: MIT License) --><path d=\"M173.898 439.404l-166.4-166.4c-9.997-9.997-9.997-26.206 0-36.204l36.203-36.204c9.997-9.998 26.207-9.998 36.204 0L192 312.69 432.095 72.596c9.997-9.997 26.207-9.997 36.204 0l36.203 36.204c9.997 9.997 9.997 26.206 0 36.204l-294.4 294.401c-9.998 9.997-26.207 9.997-36.204-.001z\"\/><\/svg>\n        \n        \n        \n            <\/div>\n    \n\n<div class=\"ee-iconbox-content\">\n      <p class=\"ee-iconbox-title bde-h3\" >Munc\u0103 variat\u0103 \u00een diverse loca\u021bii din Olanda de Sud<\/p>\n      <\/div>\n\n<\/div>\n<\/div><\/div><\/div>\n<\/section><section class=\"bde-section-619-130 bde-section\">\n  \n  \n\t\n\n\n\n<div class=\"section-container\"><div class=\"bde-text-619-131 bde-text\">\nE\u0219ti persoana pe care o c\u0103ut\u0103m pentru cur\u0103\u021barea geamurilor cu norm\u0103 \u00eentreag\u0103? <br>Atunci aplica\u021bi rapid \u0219i al\u0103tura\u021bi-v\u0103 nou\u0103 \u00een Olanda de Sud!\n<\/div><div class=\"bde-button-619-132 bde-button\">\n    \n                                    \n    \n    \n    \n    \n            \n                    \n            \n            \n\n    \n    \n    \n    \n    \n    <a class=\"breakdance-link button-atom button-atom--custom bde-button__button\" href=\"https:\/\/flexservicescare.nl\/ro\/solliciteren\/\" target=\"_blank\" data-type=\"url\"  >\n\n    \n        <span class=\"button-atom__text\">Aplica\u021bi direct<\/span>\n\n        \n        \n                <\/a>\n\n    \n\n\n<\/div><\/div>\n<\/section>","protected":false},"excerpt":{"rendered":"<p>Reageer op onze vacatures en vind jouw droom baan! Glazenwasser Fulltime Wij zijn op zoek naar een betrouwbare en gemotiveerde fulltime glazenwasser voor diverse locaties door heel Zuid-Holland. In deze rol ben je verantwoordelijk voor het reinigen van ramen en andere glasoppervlakken op verschillende locaties, zoals kantoren, winkels, scholen en woningen. Je werkt met professionele [&hellip;]<\/p>","protected":false},"author":1,"featured_media":0,"parent":0,"menu_order":0,"comment_status":"closed","ping_status":"closed","template":"","meta":{"_breakdance_hide_in_design_set":false,"_breakdance_tags":"","footnotes":""},"class_list":["post-619","page","type-page","status-publish","hentry"],"_links":{"self":[{"href":"https:\/\/flexservicescare.nl\/ro\/wp-json\/wp\/v2\/pages\/619","targetHints":{"allow":["GET"]}}],"collection":[{"href":"https:\/\/flexservicescare.nl\/ro\/wp-json\/wp\/v2\/pages"}],"about":[{"href":"https:\/\/flexservicescare.nl\/ro\/wp-json\/wp\/v2\/types\/page"}],"author":[{"embeddable":true,"href":"https:\/\/flexservicescare.nl\/ro\/wp-json\/wp\/v2\/users\/1"}],"replies":[{"embeddable":true,"href":"https:\/\/flexservicescare.nl\/ro\/wp-json\/wp\/v2\/comments?post=619"}],"version-history":[{"count":0,"href":"https:\/\/flexservicescare.nl\/ro\/wp-json\/wp\/v2\/pages\/619\/revisions"}],"wp:attachment":[{"href":"https:\/\/flexservicescare.nl\/ro\/wp-json\/wp\/v2\/media?parent=619"}],"curies":[{"name":"wp","href":"https:\/\/api.w.org\/{rel}","templated":true}]}}