{"id":628,"date":"2025-02-27T16:22:53","date_gmt":"2025-02-27T16:22:53","guid":{"rendered":"http:\/\/flexservicescare.nl\/?page_id=628"},"modified":"2025-03-03T16:14:37","modified_gmt":"2025-03-03T16:14:37","slug":"orderpicker","status":"publish","type":"page","link":"https:\/\/flexservicescare.nl\/ro\/orderpicker\/","title":{"rendered":"Picker de comenzi"},"content":{"rendered":"<section id=\"bd-fancy-section2\" class=\"bde-section-628-100 bde-section\">\n              \n  \n  \n\t\n\n  <div class=\"section-background-overlay\"><\/div>\n\n\n<div class=\"section-container\"><h1 class=\"bde-dual-heading-628-101 bde-dual-heading\">\n\n\n            <span data-style=\"primary\" class=\"dual-heading--primary\">R\u0103spunde la posturile noastre <\/span>\n\n            <span data-style=\"secondary\" class=\"dual-heading--secondary\">ofertele noastre de munc\u0103<\/span>\n\n            <span data-style=\"primary\" class=\"dual-heading--primary\">\u0219i g\u0103se\u0219te-\u021bi jobul de vis!<\/span>\n\n\n\n<\/h1><\/div>\n<\/section><section class=\"bde-section-628-118 bde-section\">\n  \n  \n\t\n\n\n\n<div class=\"section-container\"><div class=\"bde-columns-628-119 bde-columns\"><div class=\"bde-column-628-120 bde-column\">\n  \n  \n\t\n\n\n\n<h2 class=\"bde-heading-628-121 bde-heading\">\nAsistent depozit \/ Preg\u0103titor de comenzi Full-time\n<\/h2><div class=\"bde-text-628-122 bde-text\">\nC\u0103ut\u0103m un angajat cu experien\u021b\u0103 pentru un depozit dinamic din South Holland. \u00cen acest rol, ve\u021bi fi responsabil de preluarea comenzilor, de rezervarea bunurilor la intrare \u0219i la ie\u0219ire \u0219i de men\u021binerea unui depozit ordonat. V\u0103 ve\u021bi asigura c\u0103 produsele potrivite ajung la timp \u0219i la locul potrivit, preg\u0103tite pentru expediere sau procesare. Experien\u021ba \u00een munca de depozit \u0219i preg\u0103tirea comenzilor este o cerin\u021b\u0103, iar experien\u021ba cu stivuitorul este un avantaj.\n<\/div><div class=\"bde-text-628-123 bde-text\">\nOlanda de Sud\n<\/div>\n<\/div><div class=\"bde-column-628-124 bde-column\">\n  \n  \n\t\n\n\n\n<div class=\"bde-button-628-125 bde-button\">\n    \n                                    \n    \n    \n    \n    \n            \n                    \n            \n            \n\n    \n    \n    \n    \n    \n    <a class=\"breakdance-link button-atom button-atom--custom bde-button__button\" href=\"https:\/\/flexservicescare.nl\/ro\/solliciteren\/\" target=\"_blank\" data-type=\"url\"  >\n\n    \n        <span class=\"button-atom__text\">Aplica\u021bi direct<\/span>\n\n        \n        \n                <\/a>\n\n    \n\n\n<\/div><div class=\"bde-button-628-126 bde-button\">\n    \n                                    \n    \n    \n    \n    \n            \n                    \n            \n            \n\n    \n    \n    \n    \n    \n    <a class=\"breakdance-link button-atom button-atom--custom bde-button__button\" href=\"https:\/\/flexservicescare.nl\/ro\/vacatures\/\" target=\"_self\" data-type=\"url\"  >\n\n    \n        <span class=\"button-atom__text\">Toate posturile vacante<\/span>\n\n        \n        \n                <\/a>\n\n    \n\n\n<\/div>\n<\/div><\/div><div class=\"bde-columns-628-127 bde-columns\"><div class=\"bde-column-628-128 bde-column\">\n  \n  \n\t\n\n\n\n<h3 class=\"bde-heading-628-129 bde-heading\">\nCe vei face?\n<\/h3><div class=\"bde-text-628-130 bde-text\">\n\u00cen calitate de angajat al depozitului\/preg\u0103titor de comenzi, sunte\u021bi responsabil cu preluarea \u0219i colectarea m\u0103rfurilor \u00een conformitate cu comenzile specificate. \u00cenregistra\u021bi intr\u0103rile \u0219i ie\u0219irile de m\u0103rfuri \u00een sistem \u0219i v\u0103 asigura\u021bi c\u0103 depozitul r\u0103m\u00e2ne \u00eentotdeauna curat \u0219i organizat. De asemenea, \u00eenc\u0103rca\u021bi \u0219i desc\u0103rca\u021bi camioane \u0219i containere, iar dac\u0103 de\u021bine\u021bi un certificat de stivuitorist, folosi\u021bi stivuitorul pentru a muta produsele. Identifica\u021bi lipsurile de stoc \u0219i le raporta\u021bi \u00een timp util superiorului dumneavoastr\u0103 pentru a men\u021bine depozitul bine aprovizionat.\n<\/div>\n<\/div><div class=\"bde-column-628-131 bde-column\">\n  \n  \n\t\n\n\n\n<h3 class=\"bde-heading-628-132 bde-heading\">\nCine e\u0219ti tu?\n<\/h3><ul class=\"bde-basic-list-628-133 bde-basic-list\">\n  <li  >    \n          Vorbi\u021bi \u0219i \u00een\u021belege\u021bi bine limba olandez\u0103\n      <\/li>\n  <li  >    \n          Ave\u021bi experien\u021b\u0103 ca lucr\u0103tor \u00een depozit sau ca operator la preluarea comenzilor\n      <\/li>\n  <li  >    \n          Experien\u021ba cu stivuitorul este un avantaj (certificatul este un avantaj)\n      <\/li>\n  <li  >    \n          Lucra\u021bi cu exactitate, rapid \u0219i ave\u021bi un ochi pentru detalii\n      <\/li>\n  <li  >    \n          Sunte\u021bi capabil din punct de vedere fizic s\u0103 efectua\u021bi munca \u0219i pute\u021bi lucra bine independent\n      <\/li>\n  <li  >    \n          Locuin\u021ba \u00een Olanda de Sud sau \u00een zona \u00eenconjur\u0103toare constituie un avantaj\n      <\/li>\n<\/ul>\n<\/div><\/div><\/div>\n<\/section><section class=\"bde-section-628-148 bde-section\">\n  \n  \n\t\n\n\n\n<div class=\"section-container\"><div class=\"bde-columns-628-149 bde-columns\"><div class=\"bde-column-628-150 bde-column\">\n  \n  \n\t\n\n\n\n<h3 class=\"bde-heading-628-151 bde-heading\">\nCe oferim\n<\/h3>\n<\/div><\/div><div class=\"bde-columns-628-152 bde-columns\"><div class=\"bde-column-628-153 bde-column\">\n  \n  \n\t\n\n\n\n<div class=\"bde-icon-box-628-140 bde-icon-box\">\n\n    \n            <div class=\"ee-iconbox-icon breakdance-icon-atom\" >\n    \n                    <svg xmlns=\"http:\/\/www.w3.org\/2000\/svg\" viewbox=\"0 0 512 512\"><!-- Font Awesome Free 5.15.1 by @fontawesome - https:\/\/fontawesome.com License - https:\/\/fontawesome.com\/license\/free (Icons: CC BY 4.0, Fonts: SIL OFL 1.1, Code: MIT License) --><path d=\"M173.898 439.404l-166.4-166.4c-9.997-9.997-9.997-26.206 0-36.204l36.203-36.204c9.997-9.998 26.207-9.998 36.204 0L192 312.69 432.095 72.596c9.997-9.997 26.207-9.997 36.204 0l36.203 36.204c9.997 9.997 9.997 26.206 0 36.204l-294.4 294.401c-9.998 9.997-26.207 9.997-36.204-.001z\"\/><\/svg>\n        \n        \n        \n            <\/div>\n    \n\n<div class=\"ee-iconbox-content\">\n      <p class=\"ee-iconbox-title bde-h3\" >Un post cu norm\u0103 \u00eentreag\u0103, cu un salariu competitiv, \u00een func\u021bie de experien\u021b\u0103<\/p>\n      <\/div>\n\n<\/div><div class=\"bde-icon-box-628-142 bde-icon-box\">\n\n    \n            <div class=\"ee-iconbox-icon breakdance-icon-atom\" >\n    \n                    <svg xmlns=\"http:\/\/www.w3.org\/2000\/svg\" viewbox=\"0 0 512 512\"><!-- Font Awesome Free 5.15.1 by @fontawesome - https:\/\/fontawesome.com License - https:\/\/fontawesome.com\/license\/free (Icons: CC BY 4.0, Fonts: SIL OFL 1.1, Code: MIT License) --><path d=\"M173.898 439.404l-166.4-166.4c-9.997-9.997-9.997-26.206 0-36.204l36.203-36.204c9.997-9.998 26.207-9.998 36.204 0L192 312.69 432.095 72.596c9.997-9.997 26.207-9.997 36.204 0l36.203 36.204c9.997 9.997 9.997 26.206 0 36.204l-294.4 294.401c-9.998 9.997-26.207 9.997-36.204-.001z\"\/><\/svg>\n        \n        \n        \n            <\/div>\n    \n\n<div class=\"ee-iconbox-content\">\n      <p class=\"ee-iconbox-title bde-h3\" >Lucrul \u00eentr-un mediu de lucru profesionist \u0219i bine dotat<\/p>\n      <\/div>\n\n<\/div><div class=\"bde-icon-box-628-143 bde-icon-box\">\n\n    \n            <div class=\"ee-iconbox-icon breakdance-icon-atom\" >\n    \n                    <svg xmlns=\"http:\/\/www.w3.org\/2000\/svg\" viewbox=\"0 0 512 512\"><!-- Font Awesome Free 5.15.1 by @fontawesome - https:\/\/fontawesome.com License - https:\/\/fontawesome.com\/license\/free (Icons: CC BY 4.0, Fonts: SIL OFL 1.1, Code: MIT License) --><path d=\"M173.898 439.404l-166.4-166.4c-9.997-9.997-9.997-26.206 0-36.204l36.203-36.204c9.997-9.998 26.207-9.998 36.204 0L192 312.69 432.095 72.596c9.997-9.997 26.207-9.997 36.204 0l36.203 36.204c9.997 9.997 9.997 26.206 0 36.204l-294.4 294.401c-9.998 9.997-26.207 9.997-36.204-.001z\"\/><\/svg>\n        \n        \n        \n            <\/div>\n    \n\n<div class=\"ee-iconbox-content\">\n      <p class=\"ee-iconbox-title bde-h3\" >Spa\u021biu pentru cre\u0219tere \u0219i dezvoltare personal\u0103<\/p>\n      <\/div>\n\n<\/div>\n<\/div><div class=\"bde-column-628-156 bde-column\">\n  \n  \n\t\n\n\n\n<div class=\"bde-icon-box-628-144 bde-icon-box\">\n\n    \n            <div class=\"ee-iconbox-icon breakdance-icon-atom\" >\n    \n                    <svg xmlns=\"http:\/\/www.w3.org\/2000\/svg\" viewbox=\"0 0 512 512\"><!-- Font Awesome Free 5.15.1 by @fontawesome - https:\/\/fontawesome.com License - https:\/\/fontawesome.com\/license\/free (Icons: CC BY 4.0, Fonts: SIL OFL 1.1, Code: MIT License) --><path d=\"M173.898 439.404l-166.4-166.4c-9.997-9.997-9.997-26.206 0-36.204l36.203-36.204c9.997-9.998 26.207-9.998 36.204 0L192 312.69 432.095 72.596c9.997-9.997 26.207-9.997 36.204 0l36.203 36.204c9.997 9.997 9.997 26.206 0 36.204l-294.4 294.401c-9.998 9.997-26.207 9.997-36.204-.001z\"\/><\/svg>\n        \n        \n        \n            <\/div>\n    \n\n<div class=\"ee-iconbox-content\">\n      <p class=\"ee-iconbox-title bde-h3\" >O echip\u0103 colegial\u0103 \u0219i un loc de munc\u0103 pl\u0103cut<\/p>\n      <\/div>\n\n<\/div><div class=\"bde-icon-box-628-141 bde-icon-box\">\n\n    \n            <div class=\"ee-iconbox-icon breakdance-icon-atom\" >\n    \n                    <svg xmlns=\"http:\/\/www.w3.org\/2000\/svg\" viewbox=\"0 0 512 512\"><!-- Font Awesome Free 5.15.1 by @fontawesome - https:\/\/fontawesome.com License - https:\/\/fontawesome.com\/license\/free (Icons: CC BY 4.0, Fonts: SIL OFL 1.1, Code: MIT License) --><path d=\"M173.898 439.404l-166.4-166.4c-9.997-9.997-9.997-26.206 0-36.204l36.203-36.204c9.997-9.998 26.207-9.998 36.204 0L192 312.69 432.095 72.596c9.997-9.997 26.207-9.997 36.204 0l36.203 36.204c9.997 9.997 9.997 26.206 0 36.204l-294.4 294.401c-9.998 9.997-26.207 9.997-36.204-.001z\"\/><\/svg>\n        \n        \n        \n            <\/div>\n    \n\n<div class=\"ee-iconbox-content\">\n      <p class=\"ee-iconbox-title bde-h3\" >Posibilitatea de a ob\u021bine certificatul de stivuitorist (dac\u0103 nu \u00eel de\u021bine\u021bi deja)<\/p>\n      <\/div>\n\n<\/div>\n<\/div><\/div><\/div>\n<\/section><section class=\"bde-section-628-145 bde-section\">\n  \n  \n\t\n\n\n\n<div class=\"section-container\"><div class=\"bde-text-628-146 bde-text\">\nE\u0219ti lucr\u0103torul de depozit\/preg\u0103titorul de comenzi pe care \u00eel c\u0103ut\u0103m? <br>Atunci aplica\u021bi rapid \u0219i veni\u021bi s\u0103 lucra\u021bi \u00een depozitul nostru din South Holland!\n<\/div><div class=\"bde-button-628-147 bde-button\">\n    \n                                    \n    \n    \n    \n    \n            \n                    \n            \n            \n\n    \n    \n    \n    \n    \n    <a class=\"breakdance-link button-atom button-atom--custom bde-button__button\" href=\"https:\/\/flexservicescare.nl\/ro\/solliciteren\/\" target=\"_blank\" data-type=\"url\"  >\n\n    \n        <span class=\"button-atom__text\">Aplica\u021bi direct<\/span>\n\n        \n        \n                <\/a>\n\n    \n\n\n<\/div><\/div>\n<\/section>","protected":false},"excerpt":{"rendered":"<p>Reageer op onze vacatures en vind jouw droom baan! Magazijnmedewerker \/ Orderpicker Fulltime Wij zijn op zoek naar een ervaren magazijnmedewerker \/ orderpicker voor een dynamisch magazijn in Zuid-Holland. In deze rol ben je verantwoordelijk voor het verzamelen van orders, het in- en uitboeken van goederen en het onderhouden van een ordelijk magazijn. Je zorgt [&hellip;]<\/p>","protected":false},"author":1,"featured_media":0,"parent":0,"menu_order":0,"comment_status":"closed","ping_status":"closed","template":"","meta":{"_breakdance_hide_in_design_set":false,"_breakdance_tags":"","footnotes":""},"class_list":["post-628","page","type-page","status-publish","hentry"],"_links":{"self":[{"href":"https:\/\/flexservicescare.nl\/ro\/wp-json\/wp\/v2\/pages\/628","targetHints":{"allow":["GET"]}}],"collection":[{"href":"https:\/\/flexservicescare.nl\/ro\/wp-json\/wp\/v2\/pages"}],"about":[{"href":"https:\/\/flexservicescare.nl\/ro\/wp-json\/wp\/v2\/types\/page"}],"author":[{"embeddable":true,"href":"https:\/\/flexservicescare.nl\/ro\/wp-json\/wp\/v2\/users\/1"}],"replies":[{"embeddable":true,"href":"https:\/\/flexservicescare.nl\/ro\/wp-json\/wp\/v2\/comments?post=628"}],"version-history":[{"count":0,"href":"https:\/\/flexservicescare.nl\/ro\/wp-json\/wp\/v2\/pages\/628\/revisions"}],"wp:attachment":[{"href":"https:\/\/flexservicescare.nl\/ro\/wp-json\/wp\/v2\/media?parent=628"}],"curies":[{"name":"wp","href":"https:\/\/api.w.org\/{rel}","templated":true}]}}