{"id":632,"date":"2025-02-28T08:12:50","date_gmt":"2025-02-28T08:12:50","guid":{"rendered":"http:\/\/flexservicescare.nl\/?page_id=632"},"modified":"2025-03-03T15:58:02","modified_gmt":"2025-03-03T15:58:02","slug":"schilder","status":"publish","type":"page","link":"https:\/\/flexservicescare.nl\/ro\/schilder\/","title":{"rendered":"Pictor"},"content":{"rendered":"<section id=\"bd-fancy-section2\" class=\"bde-section-632-100 bde-section\">\n              \n  \n  \n\t\n\n  <div class=\"section-background-overlay\"><\/div>\n\n\n<div class=\"section-container\"><h1 class=\"bde-dual-heading-632-101 bde-dual-heading\">\n\n\n            <span data-style=\"primary\" class=\"dual-heading--primary\">R\u0103spunde la posturile noastre <\/span>\n\n            <span data-style=\"secondary\" class=\"dual-heading--secondary\">ofertele noastre de munc\u0103<\/span>\n\n            <span data-style=\"primary\" class=\"dual-heading--primary\">\u0219i g\u0103se\u0219te-\u021bi jobul de vis!<\/span>\n\n\n\n<\/h1><\/div>\n<\/section><section class=\"bde-section-632-102 bde-section\">\n  \n  \n\t\n\n\n\n<div class=\"section-container\"><div class=\"bde-columns-632-103 bde-columns\"><div class=\"bde-column-632-104 bde-column\">\n  \n  \n\t\n\n\n\n<h2 class=\"bde-heading-632-105 bde-heading\">\nPictor cu norm\u0103 \u00eentreag\u0103\n<\/h2><div class=\"bde-text-632-106 bde-text\">\nC\u0103ut\u0103m un pictor care \u0219tie s\u0103 se apuce de treab\u0103 \u0219i care st\u0103p\u00e2ne\u0219te bine arta picturii. \u00cen cadrul acestui post cu norm\u0103 \u00eentreag\u0103, ve\u021bi lucra la diverse proiecte, at\u00e2t \u00een interior, c\u00e2t \u0219i \u00een exterior, pentru diferi\u021bi clien\u021bi. V\u0103 ve\u021bi asigura c\u0103 lucr\u0103rile de pictur\u0103 sunt efectuate cu cea mai \u00eenalt\u0103 calitate \u0219i acurate\u021be; ve\u021bi asigura un rezultat final perfect!\n<\/div><div class=\"bde-text-632-107 bde-text\">\nOlanda de Sud\n<\/div>\n<\/div><div class=\"bde-column-632-108 bde-column\">\n  \n  \n\t\n\n\n\n<div class=\"bde-button-632-109 bde-button\">\n    \n                                    \n    \n    \n    \n    \n            \n                    \n            \n            \n\n    \n    \n    \n    \n    \n    <a class=\"breakdance-link button-atom button-atom--custom bde-button__button\" href=\"https:\/\/flexservicescare.nl\/ro\/solliciteren\/\" target=\"_blank\" data-type=\"url\"  >\n\n    \n        <span class=\"button-atom__text\">Aplica\u021bi direct<\/span>\n\n        \n        \n                <\/a>\n\n    \n\n\n<\/div><div class=\"bde-button-632-110 bde-button\">\n    \n                                    \n    \n    \n    \n    \n            \n                    \n            \n            \n\n    \n    \n    \n    \n    \n    <a class=\"breakdance-link button-atom button-atom--custom bde-button__button\" href=\"https:\/\/flexservicescare.nl\/ro\/vacatures\/\" target=\"_self\" data-type=\"url\"  >\n\n    \n        <span class=\"button-atom__text\">Toate posturile vacante<\/span>\n\n        \n        \n                <\/a>\n\n    \n\n\n<\/div>\n<\/div><\/div><div class=\"bde-columns-632-111 bde-columns\"><div class=\"bde-column-632-112 bde-column\">\n  \n  \n\t\n\n\n\n<h3 class=\"bde-heading-632-113 bde-heading\">\nCe vei face?\n<\/h3><div class=\"bde-text-632-114 bde-text\">\n\u00cen calitate de vopsitor, ve\u021bi fi responsabil de efectuarea diferitelor lucr\u0103ri de vopsire, at\u00e2t \u00een interior, c\u00e2t \u0219i \u00een exterior. V\u0103 asigura\u021bi c\u0103 toate suprafe\u021bele sunt vopsite \u0219i finisate \u00eentr-o manier\u0103 profesional\u0103, av\u00e2nd grij\u0103 pentru detalii \u0219i calitate. Lucra\u021bi independent sau ca parte a unei echipe, \u00een func\u021bie de proiect, \u0219i p\u0103stra\u021bi \u00eentotdeauna locul de munc\u0103 curat \u0219i sigur. V\u0103 asigura\u021bi c\u0103 lucr\u0103rile de vopsire sunt \u00eengrijite \u0219i durabile, iar rezultatul final respect\u0103 standardele stabilite.\n<\/div>\n<\/div><div class=\"bde-column-632-115 bde-column\">\n  \n  \n\t\n\n\n\n<h3 class=\"bde-heading-632-116 bde-heading\">\nCine e\u0219ti tu?\n<\/h3><ul class=\"bde-basic-list-632-117 bde-basic-list\">\n  <li  >    \n          \tAve\u021bi experien\u021b\u0103 ca pictor \n      <\/li>\n  <li  >    \n          \tSunte\u021bi capabil s\u0103 lucra\u021bi at\u00e2t independent, c\u00e2t \u0219i ca parte a unei echipe\n      <\/li>\n  <li  >    \n          Ave\u021bi un ochi pentru detalii \u0219i lucra\u021bi cu precizie\n      <\/li>\n  <li  >    \n          Sunte\u021bi flexibil \u0219i nu ave\u021bi probleme cu alternarea locului de munc\u0103\n      <\/li>\n  <li  >    \n          Ave\u021bi o bun\u0103 cunoa\u0219tere a limbii olandeze \u0219i\/sau engleze\n      <\/li>\n  <li  >    \n          Locuin\u021ba \u00een regiunea Rotterdam constituie un avantaj\n      <\/li>\n<\/ul>\n<\/div><\/div><\/div>\n<\/section><section class=\"bde-section-632-132 bde-section\">\n  \n  \n\t\n\n\n\n<div class=\"section-container\"><div class=\"bde-columns-632-133 bde-columns\"><div class=\"bde-column-632-134 bde-column\">\n  \n  \n\t\n\n\n\n<h3 class=\"bde-heading-632-135 bde-heading\">\nCe oferim\n<\/h3>\n<\/div><\/div><div class=\"bde-columns-632-136 bde-columns\"><div class=\"bde-column-632-137 bde-column\">\n  \n  \n\t\n\n\n\n<div class=\"bde-icon-box-632-124 bde-icon-box\">\n\n    \n            <div class=\"ee-iconbox-icon breakdance-icon-atom\" >\n    \n                    <svg xmlns=\"http:\/\/www.w3.org\/2000\/svg\" viewbox=\"0 0 512 512\"><!-- Font Awesome Free 5.15.1 by @fontawesome - https:\/\/fontawesome.com License - https:\/\/fontawesome.com\/license\/free (Icons: CC BY 4.0, Fonts: SIL OFL 1.1, Code: MIT License) --><path d=\"M173.898 439.404l-166.4-166.4c-9.997-9.997-9.997-26.206 0-36.204l36.203-36.204c9.997-9.998 26.207-9.998 36.204 0L192 312.69 432.095 72.596c9.997-9.997 26.207-9.997 36.204 0l36.203 36.204c9.997 9.997 9.997 26.206 0 36.204l-294.4 294.401c-9.998 9.997-26.207 9.997-36.204-.001z\"\/><\/svg>\n        \n        \n        \n            <\/div>\n    \n\n<div class=\"ee-iconbox-content\">\n      <p class=\"ee-iconbox-title bde-h3\" >\tUn salariu competitiv \u00een func\u021bie de experien\u021b\u0103<\/p>\n      <\/div>\n\n<\/div><div class=\"bde-icon-box-632-125 bde-icon-box\">\n\n    \n            <div class=\"ee-iconbox-icon breakdance-icon-atom\" >\n    \n                    <svg xmlns=\"http:\/\/www.w3.org\/2000\/svg\" viewbox=\"0 0 512 512\"><!-- Font Awesome Free 5.15.1 by @fontawesome - https:\/\/fontawesome.com License - https:\/\/fontawesome.com\/license\/free (Icons: CC BY 4.0, Fonts: SIL OFL 1.1, Code: MIT License) --><path d=\"M173.898 439.404l-166.4-166.4c-9.997-9.997-9.997-26.206 0-36.204l36.203-36.204c9.997-9.998 26.207-9.998 36.204 0L192 312.69 432.095 72.596c9.997-9.997 26.207-9.997 36.204 0l36.203 36.204c9.997 9.997 9.997 26.206 0 36.204l-294.4 294.401c-9.998 9.997-26.207 9.997-36.204-.001z\"\/><\/svg>\n        \n        \n        \n            <\/div>\n    \n\n<div class=\"ee-iconbox-content\">\n      <p class=\"ee-iconbox-title bde-h3\" >Lucrul \u00eentr-un mediu de lucru profesional cu sarcini variate de pictur\u0103<\/p>\n      <\/div>\n\n<\/div>\n<\/div><div class=\"bde-column-632-141 bde-column\">\n  \n  \n\t\n\n\n\n<div class=\"bde-icon-box-632-126 bde-icon-box\">\n\n    \n            <div class=\"ee-iconbox-icon breakdance-icon-atom\" >\n    \n                    <svg xmlns=\"http:\/\/www.w3.org\/2000\/svg\" viewbox=\"0 0 512 512\"><!-- Font Awesome Free 5.15.1 by @fontawesome - https:\/\/fontawesome.com License - https:\/\/fontawesome.com\/license\/free (Icons: CC BY 4.0, Fonts: SIL OFL 1.1, Code: MIT License) --><path d=\"M173.898 439.404l-166.4-166.4c-9.997-9.997-9.997-26.206 0-36.204l36.203-36.204c9.997-9.998 26.207-9.998 36.204 0L192 312.69 432.095 72.596c9.997-9.997 26.207-9.997 36.204 0l36.203 36.204c9.997 9.997 9.997 26.206 0 36.204l-294.4 294.401c-9.998 9.997-26.207 9.997-36.204-.001z\"\/><\/svg>\n        \n        \n        \n            <\/div>\n    \n\n<div class=\"ee-iconbox-content\">\n      <p class=\"ee-iconbox-title bde-h3\" >Spa\u021biu pentru cre\u0219tere \u0219i dezvoltare personal\u0103<\/p>\n      <\/div>\n\n<\/div><div class=\"bde-icon-box-632-127 bde-icon-box\">\n\n    \n            <div class=\"ee-iconbox-icon breakdance-icon-atom\" >\n    \n                    <svg xmlns=\"http:\/\/www.w3.org\/2000\/svg\" viewbox=\"0 0 512 512\"><!-- Font Awesome Free 5.15.1 by @fontawesome - https:\/\/fontawesome.com License - https:\/\/fontawesome.com\/license\/free (Icons: CC BY 4.0, Fonts: SIL OFL 1.1, Code: MIT License) --><path d=\"M173.898 439.404l-166.4-166.4c-9.997-9.997-9.997-26.206 0-36.204l36.203-36.204c9.997-9.998 26.207-9.998 36.204 0L192 312.69 432.095 72.596c9.997-9.997 26.207-9.997 36.204 0l36.203 36.204c9.997 9.997 9.997 26.206 0 36.204l-294.4 294.401c-9.998 9.997-26.207 9.997-36.204-.001z\"\/><\/svg>\n        \n        \n        \n            <\/div>\n    \n\n<div class=\"ee-iconbox-content\">\n      <p class=\"ee-iconbox-title bde-h3\" >O atmosfer\u0103 de lucru pl\u0103cut\u0103 \u0219i un mediu de echip\u0103 colegial<\/p>\n      <\/div>\n\n<\/div>\n<\/div><\/div><\/div>\n<\/section><section class=\"bde-section-632-129 bde-section\">\n  \n  \n\t\n\n\n\n<div class=\"section-container\"><div class=\"bde-text-632-130 bde-text\">\nSunte\u021bi pictorul pe care \u00eel c\u0103ut\u0103m?<br> Atunci aplic\u0103 rapid \u0219i al\u0103tur\u0103-te nou\u0103!\n<\/div><div class=\"bde-button-632-131 bde-button\">\n    \n                                    \n    \n    \n    \n    \n            \n                    \n            \n            \n\n    \n    \n    \n    \n    \n    <a class=\"breakdance-link button-atom button-atom--custom bde-button__button\" href=\"https:\/\/flexservicescare.nl\/ro\/solliciteren\/\" target=\"_blank\" data-type=\"url\"  >\n\n    \n        <span class=\"button-atom__text\">Aplica\u021bi direct<\/span>\n\n        \n        \n                <\/a>\n\n    \n\n\n<\/div><\/div>\n<\/section>","protected":false},"excerpt":{"rendered":"<p>Reageer op onze vacatures en vind jouw droom baan! Schilder Fulltime Wij zijn op zoek naar een schilder die van aanpakken weet en die het vak van schilderen goed beheerst. In deze fulltime functie werk je aan diverse projecten, zowel binnen als buiten, voor verschillende klanten. Je zorgt ervoor dat de schilderwerkzaamheden met de hoogste [&hellip;]<\/p>","protected":false},"author":1,"featured_media":0,"parent":0,"menu_order":0,"comment_status":"closed","ping_status":"closed","template":"","meta":{"_breakdance_hide_in_design_set":false,"_breakdance_tags":"","footnotes":""},"class_list":["post-632","page","type-page","status-publish","hentry"],"_links":{"self":[{"href":"https:\/\/flexservicescare.nl\/ro\/wp-json\/wp\/v2\/pages\/632","targetHints":{"allow":["GET"]}}],"collection":[{"href":"https:\/\/flexservicescare.nl\/ro\/wp-json\/wp\/v2\/pages"}],"about":[{"href":"https:\/\/flexservicescare.nl\/ro\/wp-json\/wp\/v2\/types\/page"}],"author":[{"embeddable":true,"href":"https:\/\/flexservicescare.nl\/ro\/wp-json\/wp\/v2\/users\/1"}],"replies":[{"embeddable":true,"href":"https:\/\/flexservicescare.nl\/ro\/wp-json\/wp\/v2\/comments?post=632"}],"version-history":[{"count":0,"href":"https:\/\/flexservicescare.nl\/ro\/wp-json\/wp\/v2\/pages\/632\/revisions"}],"wp:attachment":[{"href":"https:\/\/flexservicescare.nl\/ro\/wp-json\/wp\/v2\/media?parent=632"}],"curies":[{"name":"wp","href":"https:\/\/api.w.org\/{rel}","templated":true}]}}